{"id":9914,"date":"2020-12-17T13:09:33","date_gmt":"2020-12-17T06:09:33","guid":{"rendered":"https:\/\/kimmyfarm.com\/?post_type=product&#038;p=9914"},"modified":"2020-12-28T18:32:02","modified_gmt":"2020-12-28T11:32:02","slug":"phan-bon-tu-xac-ruoi-linh-den","status":"publish","type":"product","link":"https:\/\/kimmyfarm.com\/en\/product\/phan-bon-tu-xac-ruoi-linh-den","title":{"rendered":"Ph\u00e2n B\u00f3n T\u1eeb X\u00e1c Ru\u1ed3i L\u00ednh \u0110en"},"content":{"rendered":"<p><strong>Kimmy&#8217;s Farm Nh\u00e0 Cung C\u1ea5p S\u1ea3n Ph\u1ea9m V\u1ec1 Ru\u1ed3i L\u00ednh \u0110en Ch\u1ea5t L\u01b0\u1ee3ng T\u1ea1i Ph\u00eda Nam &#8211;<\/strong> \u00a0N\u00f4ng tr\u1ea1i Kimmy\u2019s Farm chuy\u00ean cung c\u1ea5p c\u00e1c s\u1ea3n ph\u1ea9m li\u00ean quan t\u1edbi ru\u1ed3i l\u00ednh \u0111en nh\u01b0: Tr\u1ee9ng ru\u1ed3i, \u1ea5u tr\u00f9ng ru\u1ed3i, nh\u1ed9ng ru\u1ed3i, ru\u1ed3i l\u00ednh \u0111en tr\u01b0\u1edfng th\u00e0nh, k\u00e9n y\u00ean, ph\u00e2n b\u00f3n h\u1eefu c\u01a1 t\u1eeb ru\u1ed3i l\u00ednh \u0111en\u2026\u2026 v\u00e0 nhi\u1ec1u s\u1ea3n ph\u1ea9m n\u00f4ng nghi\u1ec7p s\u1ea1ch kh\u00e1c. Ch\u00fang t\u00f4i c\u00f3 trang tr\u1ea1i ru\u1ed3i l\u00ednh \u0111en t\u1ea1i T\u00e2y Ninh v\u00e0 v\u00f9ng tr\u1ed3ng tr\u1ecdt n\u00f4ng nghi\u1ec7p s\u1ea1ch \u1edf B\u00ecnh Ph\u01b0\u1edbc, v\u0103n ph\u00f2ng \u0111\u1ea1i di\u1ec7n t\u1ea1i tphcm \u0111\u1ec3 cho c\u00e1c b\u1ea1n ti\u1ec7n li\u00ean l\u1ea1c. <span id=\"mtc-2250686318670\"> <\/span>Kimmy farm l\u00e0 n\u00f4ng tr\u1ea1i n\u00f4ng nghi\u1ec7p s\u1ea1ch v\u00e0 hi\u1ec7n \u0111\u1ea1i v\u1edbi mong mu\u1ed1n chia s\u1ebb \u0111i\u1ec1u t\u1ed1t nh\u1ea5t \u0111\u1ebfn nhi\u1ec1u ng\u01b0\u1eddi v\u00e0 ph\u00e1t tri\u1ec3n h\u1ec7 sinh th\u00e1i n\u00f4ng nghi\u1ec7p S\u1ea1ch c\u1ee7a Vi\u1ec7t Nam. H\u00e3y li\u00ean h\u1ec7 v\u1edbi ch\u00fang t\u00f4i n\u1ebfu c\u00e1c b\u1ea1n \u0111ang c\u00f3 nhu c\u1ea7u ngu\u1ed3n h\u00e0ng v\u1ec1 ru\u1ed3i l\u00ednh \u0111en.<\/p>\n","protected":false},"excerpt":{"rendered":"<p>Kimmy&#8217;s Farm Nh\u00e0 Cung C\u1ea5p S\u1ea3n Ph\u1ea9m V\u1ec1 Ru\u1ed3i L\u00ednh \u0110en Ch\u1ea5t L\u01b0\u1ee3ng T\u1ea1i Ph\u00eda Nam &#8211; \u00a0N\u00f4ng tr\u1ea1i Kimmy\u2019s<\/p>\n","protected":false},"featured_media":9298,"template":"","meta":[],"product_brand":[],"product_cat":[64,19],"product_tag":[123,121],"class_list":{"0":"post-9914","1":"product","2":"type-product","3":"status-publish","4":"has-post-thumbnail","6":"product_cat-phan-bon","7":"product_cat-ruoi-linh-den","8":"product_tag-phan-bon","9":"product_tag-ruoi-linh-den","11":"first","12":"instock","13":"shipping-taxable","14":"product-type-simple"},"_links":{"self":[{"href":"https:\/\/kimmyfarm.com\/en\/wp-json\/wp\/v2\/product\/9914","targetHints":{"allow":["GET"]}}],"collection":[{"href":"https:\/\/kimmyfarm.com\/en\/wp-json\/wp\/v2\/product"}],"about":[{"href":"https:\/\/kimmyfarm.com\/en\/wp-json\/wp\/v2\/types\/product"}],"version-history":[{"count":0,"href":"https:\/\/kimmyfarm.com\/en\/wp-json\/wp\/v2\/product\/9914\/revisions"}],"wp:featuredmedia":[{"embeddable":true,"href":"https:\/\/kimmyfarm.com\/en\/wp-json\/wp\/v2\/media\/9298"}],"wp:attachment":[{"href":"https:\/\/kimmyfarm.com\/en\/wp-json\/wp\/v2\/media?parent=9914"}],"wp:term":[{"taxonomy":"product_brand","embeddable":true,"href":"https:\/\/kimmyfarm.com\/en\/wp-json\/wp\/v2\/product_brand?post=9914"},{"taxonomy":"product_cat","embeddable":true,"href":"https:\/\/kimmyfarm.com\/en\/wp-json\/wp\/v2\/product_cat?post=9914"},{"taxonomy":"product_tag","embeddable":true,"href":"https:\/\/kimmyfarm.com\/en\/wp-json\/wp\/v2\/product_tag?post=9914"}],"curies":[{"name":"wp","href":"https:\/\/api.w.org\/{rel}","templated":true}]}}