{"id":9597,"date":"2020-12-14T08:34:42","date_gmt":"2020-12-14T01:34:42","guid":{"rendered":"https:\/\/kimmyfarm.com\/?post_type=product&#038;p=9597"},"modified":"2022-07-20T14:26:58","modified_gmt":"2022-07-20T07:26:58","slug":"dau-hat-dieu","status":"publish","type":"product","link":"https:\/\/kimmyfarm.com\/en\/product\/dau-hat-dieu","title":{"rendered":"D\u1ea7u H\u1ea1t \u0110i\u1ec1u"},"content":{"rendered":"<p><strong>D\u1ea7u h\u1ea1t \u0111i\u1ec1u<\/strong><em>\u00a0(ti\u1ebfng Anh: Cashew Kernel Oil, CKO)<\/em>\u00a0l\u00e0 m\u1ed9t lo\u1ea1i d\u1ea7u \u0103n \u0111\u01b0\u1ee3c l\u00e0m t\u1eeb h\u1ea1t \u0111i\u1ec1u. Lo\u1ea1i h\u1ea1t nhi\u1ec7t \u0111\u1edbi n\u00e0y l\u1ea7n \u0111\u1ea7u ti\u00ean \u0111\u01b0\u1ee3c t\u00e1ch v\u1ecf v\u00e0 s\u1ea5y kh\u00f4. V\u1ecf \u0111i\u1ec1u \u0111\u01b0\u1ee3c lo\u1ea1i b\u1ecf sau \u0111\u00f3<strong>\u00a0h\u1ea1t nh\u00e2n \u0111i\u1ec1u \u0111\u01b0\u1ee3c \u00e9p th\u1ee7y<\/strong>\u00a0l\u1ef1c \u0111\u1ec3 ti\u1ebft ra d\u1ea7u.\u00a0<strong>D\u1ea7u \u0111i\u1ec1u<\/strong>\u00a0\u0111\u01b0\u1ee3c coi l\u00e0 m\u1ed9t lo\u1ea1i d\u1ea7u \u0103n r\u1ea5t ch\u1ea5t l\u01b0\u1ee3ng t\u1ed1t cho s\u1ee9c kh\u1ecfe h\u01a1n c\u00e1c lo\u1ea1i d\u1ea7u \u0103n kh\u00e1c.<\/p>\n<div id=\"attachment_16753\" class=\"wp-caption aligncenter\">\n<div id=\"attachment_16753\" style=\"width: 1120px\" class=\"wp-caption aligncenter\"><img decoding=\"async\" aria-describedby=\"caption-attachment-16753\" class=\"wp-image-16753 size-full\" src=\"https:\/\/vinanuts.com.vn\/wp-content\/uploads\/2022\/07\/dau-hat-dieu-la-gi-loi-ich-dau-hat-dieu-doi-voi-suc-khoe-con-nguoi.webp\" sizes=\"(max-width: 1110px) 100vw, 1110px\" srcset=\"https:\/\/vinanuts.com.vn\/wp-content\/uploads\/2022\/07\/dau-hat-dieu-la-gi-loi-ich-dau-hat-dieu-doi-voi-suc-khoe-con-nguoi.webp 1110w, https:\/\/vinanuts.com.vn\/wp-content\/uploads\/2022\/07\/dau-hat-dieu-la-gi-loi-ich-dau-hat-dieu-doi-voi-suc-khoe-con-nguoi-150x54.webp 150w\" alt=\"D\u1ea7u \u0111i\u1ec1u \u0111\u01b0\u1ee3c coi l\u00e0 m\u1ed9t lo\u1ea1i d\u1ea7u \u0103n r\u1ea5t ch\u1ea5t l\u01b0\u1ee3ng t\u1ed1t cho s\u1ee9c kh\u1ecfe h\u01a1n c\u00e1c lo\u1ea1i d\u1ea7u \u0103n kh\u00e1c.\u00a0\" width=\"1110\" height=\"400\" aria-describedby=\"caption-attachment-16753\" \/><p id=\"caption-attachment-16753\" class=\"wp-caption-text\">D\u1ea7u \u0111i\u1ec1u \u0111\u01b0\u1ee3c coi l\u00e0 m\u1ed9t lo\u1ea1i d\u1ea7u \u0103n r\u1ea5t ch\u1ea5t l\u01b0\u1ee3ng t\u1ed1t cho s\u1ee9c kh\u1ecfe h\u01a1n c\u00e1c lo\u1ea1i d\u1ea7u \u0103n kh\u00e1c.<\/p><\/div>\n<\/div>\n<h2 id=\"qua-trinh-chiet-xuat-dau-hat-dieu\" class=\"ftwp-heading\">Qu\u00e1 Tr\u00ecnh Chi\u1ebft Xu\u1ea5t D\u1ea7u H\u1ea1t \u0110i\u1ec1u<\/h2>\n<p><strong>D\u1ea7u h\u1ea1t \u0111i\u1ec1u<\/strong>\u00a0chi\u1ebft xu\u1ea5t t\u1eeb \u200b\u200bnh\u00e2n\u00a0<strong>h\u1ea1t \u0111i\u1ec1u c\u00f3 t\u1ef7 l\u1ec7 l\u00e0 11,8% d\u1ea7u<\/strong>. K\u1ebft qu\u1ea3 ph\u00e2n t\u00edch v\u1eadt l\u00fd cho th\u1ea5y<strong>\u00a0d\u1ea7u nh\u00e2n h\u1ea1t \u0111i\u1ec1u<\/strong>\u00a0<em>(CKO)<\/em>\u00a0c\u00f3 m\u00e0u v\u00e0ng nh\u1ea1t.\u00a0<strong>Chi\u1ebft xu\u1ea5t d\u1ea7u h\u1ea1t \u0111i\u1ec1u<\/strong>\u00a0l\u00e0 m\u1ed9t qu\u00e1 tr\u00ecnh r\u1ea5t t\u1ed1n th\u01a1i gian, v\u00ec h\u1ea7u h\u1ebft \u0111\u01b0\u1ee3c th\u1ef1c hi\u1ec7n b\u1eb1ng ph\u01b0\u01a1ng ph\u00e1p th\u1ee7 c\u00f4ng. Tr\u01b0\u1edbc ti\u00ean, ph\u1ea7n h\u1ea1t \u0111i\u1ec1u s\u1ebd \u0111\u01b0\u1ee3c t\u00e1ch t\u1eeb c\u00e1c<a href=\"https:\/\/kimmyfarm.com\/trai-dieu-la-gi-loi-ich-va-ung-dung-trong-san-xuat\" target=\"_blank\" rel=\"noopener\">\u00a0tr\u00e1i \u0111i\u1ec1u<\/a>\u00a0<em>(t\u00e1o \u0111i\u1ec1u)<\/em>. Ti\u1ebfp \u0111\u1ebfn,\u00a0<a href=\"https:\/\/kimmyfarm.com\/hat-dieu-tho-va-hat-dieu-nhan-la-gi-chung-khac-nhau-ra-sao\" target=\"_blank\" rel=\"noopener\"><strong>h\u1ea1t \u0111i\u1ec1u th\u00f4<\/strong><\/a>\u00a0\u0111\u01b0\u1ee3c n\u1ea5u v\u00e0 rang nh\u1eb1m gi\u00fap gi\u1ea3m ph\u1ea7n d\u1ea7u v\u1ecf h\u1ea1t \u0111i\u1ec1u g\u00e2y \u0111\u1ed9c h\u1ea1i d\u1ec5 bay h\u01a1i. B\u01b0\u1edbc \u0111\u1ea7u ti\u00ean khi ti\u1ebfn h\u00e0nh thu \u0111\u01b0\u1ee3c d\u1ea7u h\u1ea1t \u0111i\u1ec1u l\u00e0 ph\u1ea3i lo\u1ea1i b\u1ecf v\u1ecf th\u00f4 c\u1ee9ng c\u1ee7a n\u00f3.\u00a0\u0110a ph\u1ea7n,\u00a0<a href=\"https:\/\/kimmyfarm.com\/san-pham\/dau-vo-hat-dieu\" target=\"_blank\" rel=\"noopener\"><strong>d\u1ea7u v\u1ecf h\u1ea1t \u0111i\u1ec1u\u00a0<\/strong><\/a><em>(CNSL)<\/em>\u00a0ch\u1ee9a m\u1ed9t lo\u1ea1i ch\u1ea5t urushiol g\u00e2y b\u1ecfng da cho con ng\u01b0\u1eddi.\u00a0\u0110\u1ec3 \u0111\u1ea3m b\u1ea3o vi\u1ec7c t\u00e1ch v\u1ecf h\u1ea1t \u0111i\u1ec1u tr\u1edf n\u00ean an to\u00e0n, ng\u01b0\u1eddi th\u1ee7 c\u00f4ng ph\u1ea3i \u0111\u01b0\u1ee3c trang b\u1ecb c\u00e1c b\u1ea3o h\u1ed9 c\u01a1 th\u1ec3 v\u00e0 m\u1ed9t s\u1ed1 c\u00f4ng c\u1ee5 chuy\u00ean d\u1ee5ng t\u00e1ch h\u1ea1t \u0111i\u1ec1u nhanh ch\u00f3ng.<\/p>\n<p>Sau khi t\u00e1ch b\u1ecf v\u1ecf,\u00a0<a href=\"https:\/\/vinanuts.com.vn\/hat-dieu\/nhan-trang\" rel=\"nofollow noopener\" target=\"_blank\"><strong>h\u1ea1t \u0111i\u1ec1u nh\u00e2n<\/strong><\/a>\u00a0s\u1ebd \u0111\u01b0\u1ee3c rang l\u1ea1i. Qu\u00e1 tr\u00ecnh n\u00e0y gi\u00fap l\u00e0m kh\u00f4 l\u1edbp v\u1ecf l\u1ee5a xung quanh h\u1ea1t. Sau \u0111\u00f3, c\u00f3 th\u1ec3 d\u1ec5 d\u00e0ng lo\u1ea1i b\u1ecf da b\u1eb1ng c\u00e1ch ch\u00e0 x\u00e1t h\u1ea1t gi\u1eefa c\u00e1c ng\u00f3n tay.\u00a0<strong>D\u1ea7u h\u1ea1t \u0111i\u1ec1u<\/strong>\u00a0sau \u0111\u00f3 c\u00f3 th\u1ec3 \u0111\u01b0\u1ee3c chi\u1ebft xu\u1ea5t t\u1eeb \u200b\u200bh\u1ea1t \u0111i\u1ec1u sau khi lo\u1ea1i b\u1ecf v\u1ecf. H\u1ea1t \u0111i\u1ec1u \u0111\u01b0\u1ee3c xay n\u00e1t v\u00e0 \u0111\u01b0\u1ee3c \u00e9p th\u1ee7y l\u1ef1c \u0111\u1ec3 t\u1ea1o ra d\u1ea7u h\u1ea1t \u0111i\u1ec1u.<\/p>\n<p><strong>=&gt; Xem th\u00eam:<\/strong>\u00a0<a href=\"https:\/\/kimmyfarm.com\/hat-dieu-tho-va-hat-dieu-nhan-la-gi-chung-khac-nhau-ra-sao\" target=\"_blank\" rel=\"noopener\">Ph\u00e2n bi\u1ec7t H\u1ea1t \u0110i\u1ec1u Th\u00f4 V\u00e0 H\u1ea1t \u0110i\u1ec1u Nh\u00e2n L\u00e0 G\u00ec?<\/a><\/p>\n<div id=\"attachment_16715\" class=\"wp-caption aligncenter\">\n<div id=\"attachment_16715\" style=\"width: 1572px\" class=\"wp-caption aligncenter\"><img decoding=\"async\" aria-describedby=\"caption-attachment-16715\" class=\"wp-image-16715 size-full\" src=\"https:\/\/vinanuts.com.vn\/wp-content\/uploads\/2022\/03\/dau-hat-dieu-chua-rat-nhieu-chat-dinh-duong.jpg\" sizes=\"(max-width: 1562px) 100vw, 1562px\" srcset=\"https:\/\/vinanuts.com.vn\/wp-content\/uploads\/2022\/03\/dau-hat-dieu-chua-rat-nhieu-chat-dinh-duong.jpg 1562w, https:\/\/vinanuts.com.vn\/wp-content\/uploads\/2022\/03\/dau-hat-dieu-chua-rat-nhieu-chat-dinh-duong-1200x675.jpg 1200w, https:\/\/vinanuts.com.vn\/wp-content\/uploads\/2022\/03\/dau-hat-dieu-chua-rat-nhieu-chat-dinh-duong-150x84.jpg 150w\" alt=\"Chi\u1ebft xu\u1ea5t d\u1ea7u h\u1ea1t \u0111i\u1ec1u l\u00e0 m\u1ed9t qu\u00e1 tr\u00ecnh r\u1ea5t t\u1ed1n th\u01a1i gian, v\u00ec h\u1ea7u h\u1ebft \u0111\u01b0\u1ee3c th\u1ef1c hi\u1ec7n b\u1eb1ng ph\u01b0\u01a1ng ph\u00e1p th\u1ee7 c\u00f4ng. N\u00ean d\u1ea7u \u0111i\u1ec1u r\u1ea5t \u0111\u1eaft ti\u1ec1n.\" width=\"1562\" height=\"879\" aria-describedby=\"caption-attachment-16715\" \/><p id=\"caption-attachment-16715\" class=\"wp-caption-text\">Chi\u1ebft xu\u1ea5t d\u1ea7u h\u1ea1t \u0111i\u1ec1u l\u00e0 m\u1ed9t qu\u00e1 tr\u00ecnh r\u1ea5t t\u1ed1n th\u01a1i gian, v\u00ec h\u1ea7u h\u1ebft \u0111\u01b0\u1ee3c th\u1ef1c hi\u1ec7n b\u1eb1ng ph\u01b0\u01a1ng ph\u00e1p th\u1ee7 c\u00f4ng. N\u00ean d\u1ea7u \u0111i\u1ec1u r\u1ea5t \u0111\u1eaft ti\u1ec1n.<\/p><\/div>\n<\/div>\n","protected":false},"excerpt":{"rendered":"<p>D\u1ea7u h\u1ea1t \u0111i\u1ec1u\u00a0(ti\u1ebfng Anh: Cashew Kernel Oil, CKO)\u00a0l\u00e0 m\u1ed9t lo\u1ea1i d\u1ea7u \u0103n \u0111\u01b0\u1ee3c l\u00e0m t\u1eeb h\u1ea1t \u0111i\u1ec1u. Lo\u1ea1i h\u1ea1t nhi\u1ec7t<\/p>\n","protected":false},"featured_media":9601,"template":"","meta":[],"product_brand":[],"product_cat":[70,26],"product_tag":[127],"class_list":{"0":"post-9597","1":"product","2":"type-product","3":"status-publish","4":"has-post-thumbnail","6":"product_cat-ep-dau","7":"product_cat-hat-dieu","8":"product_tag-dau-dieu","10":"first","11":"instock","12":"shipping-taxable","13":"product-type-simple"},"_links":{"self":[{"href":"https:\/\/kimmyfarm.com\/en\/wp-json\/wp\/v2\/product\/9597","targetHints":{"allow":["GET"]}}],"collection":[{"href":"https:\/\/kimmyfarm.com\/en\/wp-json\/wp\/v2\/product"}],"about":[{"href":"https:\/\/kimmyfarm.com\/en\/wp-json\/wp\/v2\/types\/product"}],"version-history":[{"count":0,"href":"https:\/\/kimmyfarm.com\/en\/wp-json\/wp\/v2\/product\/9597\/revisions"}],"wp:featuredmedia":[{"embeddable":true,"href":"https:\/\/kimmyfarm.com\/en\/wp-json\/wp\/v2\/media\/9601"}],"wp:attachment":[{"href":"https:\/\/kimmyfarm.com\/en\/wp-json\/wp\/v2\/media?parent=9597"}],"wp:term":[{"taxonomy":"product_brand","embeddable":true,"href":"https:\/\/kimmyfarm.com\/en\/wp-json\/wp\/v2\/product_brand?post=9597"},{"taxonomy":"product_cat","embeddable":true,"href":"https:\/\/kimmyfarm.com\/en\/wp-json\/wp\/v2\/product_cat?post=9597"},{"taxonomy":"product_tag","embeddable":true,"href":"https:\/\/kimmyfarm.com\/en\/wp-json\/wp\/v2\/product_tag?post=9597"}],"curies":[{"name":"wp","href":"https:\/\/api.w.org\/{rel}","templated":true}]}}