{"id":34780,"date":"2020-12-17T13:09:33","date_gmt":"2020-12-17T06:09:33","guid":{"rendered":"https:\/\/kimmyfarm.com\/product\/dunger-aus-schwarzen-soldatenfliegen"},"modified":"2020-12-17T13:09:33","modified_gmt":"2020-12-17T06:09:33","slug":"dunger-aus-schwarzen-soldatenfliegen","status":"publish","type":"product","link":"https:\/\/kimmyfarm.com\/en\/product\/dunger-aus-schwarzen-soldatenfliegen","title":{"rendered":"D\u00fcnger aus Schwarzen Soldatenfliegen"},"content":{"rendered":"<p><strong>Kimmy Farm ist ein Anbieter hochwertiger Produkte rund um die Schwarze Soldatenfliege im S\u00fcden Vietnams.<\/strong> Unsere Farm liefert verschiedene Produkte aus der Schwarzen Soldatenfliege, darunter Fliegeneier, Larven, Puppen, ausgewachsene Schwarze Soldatenfliegen, leere Puppenh\u00fcllen, organischen D\u00fcnger aus Schwarzen Soldatenfliegen und weitere Produkte f\u00fcr eine saubere Landwirtschaft.<\/p>\n<p>Wir betreiben eine Farm f\u00fcr Schwarze Soldatenfliegen in Tay Ninh sowie Anbaufl\u00e4chen f\u00fcr saubere Landwirtschaft in Binh Phuoc. Au\u00dferdem haben wir ein Vertretungsb\u00fcro in Ho-Chi-Minh-Stadt, damit Kunden uns leichter kontaktieren k\u00f6nnen.<\/p>\n<p><strong>Kimmy Farm<\/strong> ist eine moderne Farm f\u00fcr saubere Landwirtschaft. Unser Ziel ist es, hochwertige landwirtschaftliche L\u00f6sungen zu teilen und zur Entwicklung eines nachhaltigen, sauberen Agrar\u00f6kosystems in Vietnam beizutragen.<\/p>\n<p>Bitte kontaktieren Sie uns, wenn Sie eine zuverl\u00e4ssige Bezugsquelle f\u00fcr Produkte aus Schwarzen Soldatenfliegen suchen.<\/p>\n","protected":false},"excerpt":{"rendered":"<p>Kimmy Farm ist ein Anbieter hochwertiger Produkte rund um die Schwarze Soldatenfliege im S\u00fcden Vietnams. Unsere Farm liefert verschiedene Produkte<\/p>\n","protected":false},"featured_media":12125,"template":"","meta":[],"product_brand":[],"product_cat":[170,457],"product_tag":[354,530],"class_list":{"0":"post-34780","1":"product","2":"type-product","3":"status-publish","4":"has-post-thumbnail","6":"product_cat-black-soldier-fly","7":"product_cat-bsfl-fertilizer","8":"product_tag-black-soldier-fly","9":"product_tag-dunger","11":"first","12":"instock","13":"shipping-taxable","14":"product-type-simple"},"_links":{"self":[{"href":"https:\/\/kimmyfarm.com\/en\/wp-json\/wp\/v2\/product\/34780","targetHints":{"allow":["GET"]}}],"collection":[{"href":"https:\/\/kimmyfarm.com\/en\/wp-json\/wp\/v2\/product"}],"about":[{"href":"https:\/\/kimmyfarm.com\/en\/wp-json\/wp\/v2\/types\/product"}],"version-history":[{"count":0,"href":"https:\/\/kimmyfarm.com\/en\/wp-json\/wp\/v2\/product\/34780\/revisions"}],"wp:featuredmedia":[{"embeddable":true,"href":"https:\/\/kimmyfarm.com\/en\/wp-json\/wp\/v2\/media\/12125"}],"wp:attachment":[{"href":"https:\/\/kimmyfarm.com\/en\/wp-json\/wp\/v2\/media?parent=34780"}],"wp:term":[{"taxonomy":"product_brand","embeddable":true,"href":"https:\/\/kimmyfarm.com\/en\/wp-json\/wp\/v2\/product_brand?post=34780"},{"taxonomy":"product_cat","embeddable":true,"href":"https:\/\/kimmyfarm.com\/en\/wp-json\/wp\/v2\/product_cat?post=34780"},{"taxonomy":"product_tag","embeddable":true,"href":"https:\/\/kimmyfarm.com\/en\/wp-json\/wp\/v2\/product_tag?post=34780"}],"curies":[{"name":"wp","href":"https:\/\/api.w.org\/{rel}","templated":true}]}}