{"id":32144,"date":"2021-10-21T16:51:04","date_gmt":"2021-10-21T09:51:04","guid":{"rendered":"https:\/\/kimmyfarm.com\/product\/pangasius-red-meat-crumbs-red-meat-shredded-used-to-make-fish-silk-rolls"},"modified":"2023-08-04T18:17:55","modified_gmt":"2023-08-04T11:17:55","slug":"pangasius-red-meat-crumbs-red-meat-shredded-used-to-make-fish-silk-rolls","status":"publish","type":"product","link":"https:\/\/kimmyfarm.com\/en\/product\/pangasius-red-meat-crumbs-red-meat-shredded-used-to-make-fish-silk-rolls","title":{"rendered":"Pangasius Red Meat Crumbs (Red Meat Shredded) Used to Make Fish Silk Rolls"},"content":{"rendered":"<h2>Detailed Product Information:<\/h2>\n<p>Pangasius red crumbs (also known as: pangasius red meat, pangasius red meat, fish crumbs, red meat crumbs) is the meat of pangasius that is filtered out during the process of cutting pangasius fillets of processing factories. export pangasius. People often use the red meat of pangasius as the main raw material in the production of products such as fish cakes, spring rolls, pork rolls, pork rolls, sausages, beef balls, fish balls, fried gourds&#8230;. Pangasius red meat is a product containing many nutrients such as: protein, lipid, vitamins, Dha&#8230; good for the brain, human digestive system, preventing many cardiovascular diseases.<\/p>\n<p><strong>Real Picture Of Pangasius Red Meat!:<\/strong><\/p>\n<p><img decoding=\"async\" class=\"wp-image-20629 \" src=\"https:\/\/kimmyfarm.com\/wp-content\/uploads\/2021\/10\/vun-do-ca-tra-dung-de-lam-cha-ca.jpg\" alt=\"V\u1ee5n \u0110\u1ecf C\u00e1 Tra (Th\u1ecbt \u0110\u1ecf V\u1ee5n) D\u00f9ng \u0110\u1ec3 L\u00e0m C\u00e1c S\u1ea3n Ph\u1ea9m Nh\u01b0: ch\u1ea3 c\u00e1, ch\u1ea3 l\u1ee5a, gi\u00f2 l\u1ee5a, gi\u00f2 th\u1ee7, x\u00fac x\u00edch, b\u00f2 vi\u00ean, c\u00e1 vi\u00ean, h\u1ed3 l\u00f4 chi\u00ean....\" width=\"879\" height=\"608\" srcset=\"https:\/\/kimmyfarm.com\/wp-content\/uploads\/2021\/10\/vun-do-ca-tra-dung-de-lam-cha-ca.jpg 1000w, https:\/\/kimmyfarm.com\/wp-content\/uploads\/2021\/10\/vun-do-ca-tra-dung-de-lam-cha-ca-150x104.jpg 150w\" sizes=\"(max-width: 879px) 100vw, 879px\" \/><\/p>\n<p><img decoding=\"async\" class=\"wp-image-20634\" src=\"https:\/\/kimmyfarm.com\/wp-content\/uploads\/2021\/10\/vun-do-ca-tra-dung-de-lam-cha-ca-1.jpg\" alt=\"V\u1ee5n \u0110\u1ecf C\u00e1 Tra (Th\u1ecbt \u0110\u1ecf V\u1ee5n) D\u00f9ng \u0110\u1ec3 L\u00e0m Ch\u1ea3 Block 5kg\" width=\"860\" height=\"644\" srcset=\"https:\/\/kimmyfarm.com\/wp-content\/uploads\/2021\/10\/vun-do-ca-tra-dung-de-lam-cha-ca-1.jpg 999w, https:\/\/kimmyfarm.com\/wp-content\/uploads\/2021\/10\/vun-do-ca-tra-dung-de-lam-cha-ca-1-150x112.jpg 150w\" sizes=\"(max-width: 860px) 100vw, 860px\" \/><\/p>\n<p>&nbsp;<\/p>\n","protected":false},"excerpt":{"rendered":"<p>Pangasius red crumbs (also known as: pangasius red meat, pangasius red shreds) is the meat of pangasius that is filtered out during the process of cutting pangasius fillets of pangasius processing factories for export. People often use the red meat of pangasius as the main raw material in the production of products such as fish cakes, spring rolls, pork rolls, pork rolls, sausages, beef balls, fish balls, fried gourds&#8230;.<\/p>\n<ul>\n<li><strong>Product name:<\/strong> Pangasius crumbs <em>(hay c\u00f2n g\u1ecdi l\u00e0: th\u1ecbt \u0111\u1ecf c\u00e1 tra v\u1ee5n )<\/em><\/li>\n<li><strong>About Product:<\/strong> 100% Pangasius Fish<\/li>\n<li><b>Orgin: <\/b>V\u0129nh Long, \u0110\u1ed3ng Th\u00e1p, Vi\u1ec7t Nam<\/li>\n<\/ul>\n","protected":false},"featured_media":20629,"template":"","meta":[],"product_brand":[],"product_cat":[179,180],"product_tag":[],"class_list":{"0":"post-32144","1":"product","2":"type-product","3":"status-publish","4":"has-post-thumbnail","6":"product_cat-frozen-seafood","7":"product_cat-pangasius-catfish","9":"first","10":"instock","11":"shipping-taxable","12":"product-type-simple"},"_links":{"self":[{"href":"https:\/\/kimmyfarm.com\/en\/wp-json\/wp\/v2\/product\/32144","targetHints":{"allow":["GET"]}}],"collection":[{"href":"https:\/\/kimmyfarm.com\/en\/wp-json\/wp\/v2\/product"}],"about":[{"href":"https:\/\/kimmyfarm.com\/en\/wp-json\/wp\/v2\/types\/product"}],"version-history":[{"count":0,"href":"https:\/\/kimmyfarm.com\/en\/wp-json\/wp\/v2\/product\/32144\/revisions"}],"wp:featuredmedia":[{"embeddable":true,"href":"https:\/\/kimmyfarm.com\/en\/wp-json\/wp\/v2\/media\/20629"}],"wp:attachment":[{"href":"https:\/\/kimmyfarm.com\/en\/wp-json\/wp\/v2\/media?parent=32144"}],"wp:term":[{"taxonomy":"product_brand","embeddable":true,"href":"https:\/\/kimmyfarm.com\/en\/wp-json\/wp\/v2\/product_brand?post=32144"},{"taxonomy":"product_cat","embeddable":true,"href":"https:\/\/kimmyfarm.com\/en\/wp-json\/wp\/v2\/product_cat?post=32144"},{"taxonomy":"product_tag","embeddable":true,"href":"https:\/\/kimmyfarm.com\/en\/wp-json\/wp\/v2\/product_tag?post=32144"}],"curies":[{"name":"wp","href":"https:\/\/api.w.org\/{rel}","templated":true}]}}