{"id":20589,"date":"2021-10-21T13:33:19","date_gmt":"2021-10-21T06:33:19","guid":{"rendered":"https:\/\/kimmyfarm.com\/?post_type=product&#038;p=20589"},"modified":"2022-03-09T13:10:39","modified_gmt":"2022-03-09T06:10:39","slug":"de-nac-ca-tra-95-nac-dung-de-lam-cha-ca","status":"publish","type":"product","link":"https:\/\/kimmyfarm.com\/en\/product\/de-nac-ca-tra-95-nac-dung-de-lam-cha-ca","title":{"rendered":"D\u00e8 N\u1ea1c C\u00e1 Tra (95% N\u1ea1c) D\u00f9ng \u0110\u1ec3 L\u00e0m Ch\u1ea3 C\u00e1"},"content":{"rendered":"<h2 id=\"thong-tin-chi-tiet-san-pham-ca-tra-phi-le-cat-khuc-vuong-dong-lanh\" class=\"ftwp-heading\">Th\u00f4ng Tin Chi Ti\u1ebft S\u1ea3n Ph\u1ea9m D\u00e8 N\u1ea1c C\u00e1 Tra<\/h2>\n<p><strong>D\u00e8 n\u1ea1c <\/strong><em>(hay c\u00f2n g\u1ecdi l\u00e0: v\u00e8 n\u1ea1c c\u00e1 tra, d\u00e8 n\u1ea1c th\u1ecbt c\u00e1 tra)<\/em> <strong>l\u00e0 ph\u1ea7n th\u1ecbt c\u1ee7a c\u00e1 tra<\/strong> b\u1ecb d\u01b0 ra sau khi tr\u1ea3i qua qu\u00e1 tr\u00ecnh phi l\u00ea c\u00e1 tra c\u1ee7a c\u00e1c nh\u00e0 m\u00e1y ch\u1ebf bi\u1ebfn c\u00e1 xu\u1ea5t kh\u1ea9u. Ng\u01b0\u1eddi ta th\u01b0\u1eddng d\u00f9ng nh\u1eefng <strong>d\u00e8 n\u1ea1c c\u00e1 tra<\/strong> \u0111\u1ec3 l\u00e0m nguy\u00ean li\u1ec7u ch\u00ednh trong <strong>s\u1ea3n xu\u1ea5t<\/strong> c\u00e1c s\u1ea3n ph\u1ea9m nh\u01b0:<strong> ch\u1ea3 c\u00e1, ch\u1ea3 l\u1ee5a, gi\u00f2 l\u1ee5a, x\u00fac x\u00edch, b\u00f2 vi\u00ean, c\u00e1 vi\u00ean&#8230;.<\/strong> D\u00e8 n\u1ea1c c\u00e1 tra l\u00e0 m\u1ed9t s\u1ea3n ph\u1ea9m ch\u1ee9a nhi\u1ec1u ch\u1ea5t dinh d\u01b0\u1ee1ng nh\u01b0:<strong> protein, lipid, vitamin, Dha&#8230;<\/strong> t\u1ed1t cho tr\u00ed n\u00e3o, h\u1ec7 ti\u00eau h\u00f3a c\u1ee7a con ng\u01b0\u1eddi, ph\u00f2ng ng\u1eeba nhi\u1ec1u b\u1ec7nh tim m\u1ea1ch.<\/p>\n<ul>\n<li>T\u1ef7 l\u1ec7 th\u1ecbt d\u00e8 n\u1ea1c h\u01a1n 95%, s\u1ea1ch da, s\u1ea1ch x\u01b0\u01a1ng.<\/li>\n<li>H\u00e0ng \u0111\u00f4ng ch\u1ea5t l\u01b0\u1ee3ng t\u01b0\u01a1ng \u0111\u01b0\u01a1ng h\u00e0ng t\u01b0\u01a1i.<\/li>\n<li>H\u00e0ng s\u1ea1ch kh\u00f4ng t\u1ea1p ch\u1ea5t, \u0111\u01b0\u1ee3c b\u1ea3o qu\u1ea3n c\u1ea9n th\u1eadn.<\/li>\n<li>Kh\u00f4ng h\u00f3a ch\u1ea5t, ch\u1ea5t b\u1ea3o qu\u1ea3n, ch\u1ea5t t\u0103ng tr\u1ecdng.<\/li>\n<li>Ngu\u1ed3n h\u00e0ng s\u1ed1 l\u01b0\u1ee3ng l\u1edbn, \u1ed5n \u0111\u1ecbnh &#8211; Gi\u00e1 c\u1ea1nh tranh.<\/li>\n<\/ul>\n<h2>H\u00ecnh \u1ea2nh Th\u1eadt C\u1ee7a D\u00e8 N\u1ea1c C\u00e1 Tra!<\/h2>\n<p><img decoding=\"async\" class=\"size-full wp-image-20590 aligncenter\" src=\"https:\/\/kimmyfarm.com\/wp-content\/uploads\/2021\/10\/de-nac-ca-tra-thit-do-dung-de-lam-cha-ca.jpg\" alt=\"\" width=\"960\" height=\"1280\" srcset=\"https:\/\/kimmyfarm.com\/wp-content\/uploads\/2021\/10\/de-nac-ca-tra-thit-do-dung-de-lam-cha-ca.jpg 960w, https:\/\/kimmyfarm.com\/wp-content\/uploads\/2021\/10\/de-nac-ca-tra-thit-do-dung-de-lam-cha-ca-150x200.jpg 150w\" sizes=\"(max-width: 960px) 100vw, 960px\" \/><\/p>\n<p><img decoding=\"async\" class=\"size-full wp-image-20596 aligncenter\" src=\"https:\/\/kimmyfarm.com\/wp-content\/uploads\/2021\/10\/de-nac-ca-tra-thit-do-dung-de-lam-cha-ca-dong-thanh-block.jpg\" alt=\"\" width=\"960\" height=\"1280\" srcset=\"https:\/\/kimmyfarm.com\/wp-content\/uploads\/2021\/10\/de-nac-ca-tra-thit-do-dung-de-lam-cha-ca-dong-thanh-block.jpg 960w, https:\/\/kimmyfarm.com\/wp-content\/uploads\/2021\/10\/de-nac-ca-tra-thit-do-dung-de-lam-cha-ca-dong-thanh-block-150x200.jpg 150w\" sizes=\"(max-width: 960px) 100vw, 960px\" \/><\/p>\n<p><strong>Tham kh\u1ea3o c\u00e1c s\u1ea3n ph\u1ea9m v\u1ec1 C\u00e1 Tra c\u1ee7a Kimmy Farm:<\/strong>\u00a0<a href=\"https:\/\/kimmyfarm.com\/en\/frozen-seafood\/pangasius-catfish\">https:\/\/kimmyfarm.com\/thuy-san-dong-lanh\/ca-tra<\/a><\/p>\n<p><strong>=&gt; Xem th\u00eam c\u00e1c s\u1ea3n ph\u1ea9m li\u00ean quan:\u00a0\u00a0<\/strong><\/p>\n<blockquote class=\"wp-embedded-content\" data-secret=\"G9YjaSnDnu\"><p><a href=\"https:\/\/kimmyfarm.com\/en\/san-pham\/phe-pham-ca-tra-ruot-ca-tra-phe-phu-pham-tu-ca\">Ph\u1ebf Ph\u1ea9m C\u00e1 Tra, Ru\u1ed9t C\u00e1 Tra Ph\u1ebf Ph\u1ee5 Ph\u1ea9m T\u1eeb C\u00e1<\/a><\/p><\/blockquote>\n<p><iframe class=\"wp-embedded-content\" sandbox=\"allow-scripts\" security=\"restricted\" style=\"position: absolute; clip: rect(1px, 1px, 1px, 1px);\" title=\"&#8220;Ph\u1ebf Ph\u1ea9m C\u00e1 Tra, Ru\u1ed9t C\u00e1 Tra Ph\u1ebf Ph\u1ee5 Ph\u1ea9m T\u1eeb C\u00e1&#8221; &#8212; Kimmy Farm\" src=\"https:\/\/kimmyfarm.com\/en\/san-pham\/phe-pham-ca-tra-ruot-ca-tra-phe-phu-pham-tu-ca\/embed#?secret=e6YmjslMpk#?secret=G9YjaSnDnu\" data-secret=\"G9YjaSnDnu\" width=\"500\" height=\"282\" frameborder=\"0\" marginwidth=\"0\" marginheight=\"0\" scrolling=\"no\"><\/iframe><\/p>\n<blockquote class=\"wp-embedded-content\" data-secret=\"MTqcfcudJN\"><p><a href=\"https:\/\/kimmyfarm.com\/san-pham\/vun-do-ca-tra-dung-de-lam-cha-ca\">V\u1ee5n Th\u1ecbt \u0110\u1ecf C\u00e1 Tra (Th\u1ecbt \u0110\u1ecf V\u1ee5n) D\u00f9ng \u0110\u1ec3 L\u00e0m Ch\u1ea3 L\u1ee5a C\u00e1<\/a><\/p><\/blockquote>\n<p><iframe class=\"wp-embedded-content\" sandbox=\"allow-scripts\" security=\"restricted\" style=\"position: absolute; clip: rect(1px, 1px, 1px, 1px);\" title=\"&#8220;V\u1ee5n Th\u1ecbt \u0110\u1ecf C\u00e1 Tra (Th\u1ecbt \u0110\u1ecf V\u1ee5n) D\u00f9ng \u0110\u1ec3 L\u00e0m Ch\u1ea3 L\u1ee5a C\u00e1&#8221; &#8212; Kimmy Farm\" src=\"https:\/\/kimmyfarm.com\/san-pham\/vun-do-ca-tra-dung-de-lam-cha-ca\/embed#?secret=yrRfVtmDPC#?secret=MTqcfcudJN\" data-secret=\"MTqcfcudJN\" width=\"500\" height=\"282\" frameborder=\"0\" marginwidth=\"0\" marginheight=\"0\" scrolling=\"no\"><\/iframe><\/p>\n<blockquote class=\"wp-embedded-content\" data-secret=\"zc8Poe73Ig\"><p><a href=\"https:\/\/kimmyfarm.com\/san-pham\/phe-pham-dau-tom-vo-tom-duoi-tom\">Ph\u1ebf Ph\u1ea9m T\u00f4m, \u0110\u1ea7u T\u00f4m, V\u1ecf T\u00f4m, \u0110u\u00f4i T\u00f4m<\/a><\/p><\/blockquote>\n<p><iframe class=\"wp-embedded-content\" sandbox=\"allow-scripts\" security=\"restricted\" style=\"position: absolute; clip: rect(1px, 1px, 1px, 1px);\" title=\"&#8220;Ph\u1ebf Ph\u1ea9m T\u00f4m, \u0110\u1ea7u T\u00f4m, V\u1ecf T\u00f4m, \u0110u\u00f4i T\u00f4m&#8221; &#8212; Kimmy Farm\" src=\"https:\/\/kimmyfarm.com\/san-pham\/phe-pham-dau-tom-vo-tom-duoi-tom\/embed#?secret=TLjREwCZlp#?secret=zc8Poe73Ig\" data-secret=\"zc8Poe73Ig\" width=\"500\" height=\"282\" frameborder=\"0\" marginwidth=\"0\" marginheight=\"0\" scrolling=\"no\"><\/iframe><\/p>\n","protected":false},"excerpt":{"rendered":"<p><strong>D\u00e8 n\u1ea1c l\u00e0 ph\u1ea7n th\u1ecbt c\u1ee7a c\u00e1 tra<\/strong> <em>(hay c\u00f2n g\u1ecdi l\u00e0: v\u00e8 n\u1ea1c c\u00e1 tra)<\/em> b\u1ecb d\u01b0 ra sau khi tr\u1ea3i qua qu\u00e1 tr\u00ecnh phi l\u00ea c\u00e1 tra c\u1ee7a c\u00e1c nh\u00e0 m\u00e1y ch\u1ebf bi\u1ebfn c\u00e1 xu\u1ea5t kh\u1ea9u. Ng\u01b0\u1eddi ta th\u01b0\u1eddng d\u00f9ng nh\u1eefng <strong>d\u00e8 n\u1ea1c c\u00e1 tra<\/strong> \u0111\u1ec3 l\u00e0m nguy\u00ean li\u1ec7u ch\u00ednh trong <strong>s\u1ea3n xu\u1ea5t<\/strong> c\u00e1c s\u1ea3n ph\u1ea9m nh\u01b0:<strong> ch\u1ea3 c\u00e1, ch\u1ea3 l\u1ee5a, gi\u00f2 l\u1ee5a, x\u00fac x\u00edch, b\u00f2 vi\u00ean, c\u00e1 vi\u00ean&#8230;.\u00a0<\/strong><\/p>\n<ul>\n<li><strong>T\u00ean S\u1ea3n ph\u1ea9m:<\/strong> D\u00e8 n\u1ea1c c\u00e1 tra <em>(hay c\u00f2n g\u1ecdi l\u00e0: v\u00e8 n\u1ea1c c\u00e1 tra)<\/em><\/li>\n<li><strong>Th\u00e0nh Ph\u1ea7n:<\/strong> 100% C\u00e1 Tra<\/li>\n<li><b>T\u1ef7 L\u1ec7 N\u1ea1c: <\/b>95% d\u00e8 n\u1ea1c, s\u1ea1ch da, s\u1ea1ch x\u01b0\u01a1ng.<\/li>\n<li><strong>B\u1ea3o Qu\u1ea3n:<\/strong> Nhi\u1ec7t \u0111\u1ed9 d\u01b0\u1edbi -18 \u0111\u1ed9 C.<\/li>\n<li><strong>\u0110\u00f3ng G\u00f3i:<\/strong> Th\u00e0nh Block 5kg, Block 10kg<\/li>\n<li><strong>Xu\u1ea5t x\u1ee9:<\/strong>\u00a0\u0110\u1ed3ng Th\u00e1p, Vi\u1ec7t Nam<\/li>\n<li><strong>Ch\u1ea5t L\u01b0\u1ee3ng:<\/strong> H\u00e0ng s\u1ea1ch kh\u00f4ng t\u1ea1p ch\u1ea5t, \u0111\u01b0\u1ee3c b\u1ea3o qu\u1ea3n c\u1ea9n th\u1eadn.<\/li>\n<li><strong>H\u00f3a Ch\u1ea5t B\u1ea3o Qu\u1ea3n:<\/strong> Kh\u00f4ng h\u00f3a ch\u1ea5t, ch\u1ea5t b\u1ea3o qu\u1ea3n, ch\u1ea5t t\u0103ng tr\u1ecdng.<\/li>\n<\/ul>\n","protected":false},"featured_media":20593,"template":"","meta":[],"product_brand":[],"product_cat":[141,62],"product_tag":[241],"class_list":{"0":"post-20589","1":"product","2":"type-product","3":"status-publish","4":"has-post-thumbnail","6":"product_cat-ca-tra","7":"product_cat-thuy-san-dong-lanh","8":"product_tag-thuy-san-dong-lanh","10":"first","11":"instock","12":"shipping-taxable","13":"product-type-simple"},"_links":{"self":[{"href":"https:\/\/kimmyfarm.com\/en\/wp-json\/wp\/v2\/product\/20589","targetHints":{"allow":["GET"]}}],"collection":[{"href":"https:\/\/kimmyfarm.com\/en\/wp-json\/wp\/v2\/product"}],"about":[{"href":"https:\/\/kimmyfarm.com\/en\/wp-json\/wp\/v2\/types\/product"}],"version-history":[{"count":0,"href":"https:\/\/kimmyfarm.com\/en\/wp-json\/wp\/v2\/product\/20589\/revisions"}],"wp:featuredmedia":[{"embeddable":true,"href":"https:\/\/kimmyfarm.com\/en\/wp-json\/wp\/v2\/media\/20593"}],"wp:attachment":[{"href":"https:\/\/kimmyfarm.com\/en\/wp-json\/wp\/v2\/media?parent=20589"}],"wp:term":[{"taxonomy":"product_brand","embeddable":true,"href":"https:\/\/kimmyfarm.com\/en\/wp-json\/wp\/v2\/product_brand?post=20589"},{"taxonomy":"product_cat","embeddable":true,"href":"https:\/\/kimmyfarm.com\/en\/wp-json\/wp\/v2\/product_cat?post=20589"},{"taxonomy":"product_tag","embeddable":true,"href":"https:\/\/kimmyfarm.com\/en\/wp-json\/wp\/v2\/product_tag?post=20589"}],"curies":[{"name":"wp","href":"https:\/\/api.w.org\/{rel}","templated":true}]}}