{"id":12516,"date":"2020-12-15T04:58:07","date_gmt":"2020-12-14T21:58:07","guid":{"rendered":"https:\/\/kimmyfarm.com\/product\/12516"},"modified":"2021-09-12T15:03:49","modified_gmt":"2021-09-12T08:03:49","slug":"dw-cashew-nut-vietnam","status":"publish","type":"product","link":"https:\/\/kimmyfarm.com\/en\/product\/dw-cashew-nut-vietnam","title":{"rendered":"DW Cashew Nut Vietnam Dessert\u00a0Wholes Cashew"},"content":{"rendered":"<p>Scientifically, Cashew nuts are an excellent source of protein and fiber. They are rich in monounsaturated fat which may help protect the heart too. Cashews are also a good source of potassium, a variety of B vitamins, and folate. They contain useful amounts of magnesium, phosphorous, selenium, and copper. Here, we would like to introduce to you the product Cashew DW &#8211; Pure Vietnam Cashew Nuts.<\/p>\n<p><strong>=&gt; More Info About&gt;&gt;&gt; <a href=\"https:\/\/kimmyfarm.com\/en\/vietnam-cashew-nuts\" data-mil=\"12385\">Vietnam Cashew nuts<\/a> &lt;&lt;&lt;Click Here<\/strong><\/p>\n<h2>DW Cashew Nut Product Description<\/h2>\n<p>Cashew nut DW grade <em>(or: <strong>Dessert\u00a0<\/strong>wholes cashew)<\/em> is a cashew nut that may be slightly shriveled, immature, or maybe brown speckled or blemished on the surface, provided that not more than 60 percent of the kernels are affected and is known internationally as <strong>Dessert\u00a0wholes cashew<\/strong>.<\/p>\n<p><img decoding=\"async\" class=\"size-full wp-image-12169 aligncenter\" src=\"https:\/\/kimmyfarm.com\/wp-content\/uploads\/2020\/12\/hat-dieu-nhan-trang-nam-nhat-dw-cashew-dw-viet-nam-hang-xuat-khau.jpg\" alt=\"\" width=\"800\" height=\"800\" srcset=\"https:\/\/kimmyfarm.com\/wp-content\/uploads\/2020\/12\/hat-dieu-nhan-trang-nam-nhat-dw-cashew-dw-viet-nam-hang-xuat-khau.jpg 800w, https:\/\/kimmyfarm.com\/wp-content\/uploads\/2020\/12\/hat-dieu-nhan-trang-nam-nhat-dw-cashew-dw-viet-nam-hang-xuat-khau-600x600.jpg 600w, https:\/\/kimmyfarm.com\/wp-content\/uploads\/2020\/12\/hat-dieu-nhan-trang-nam-nhat-dw-cashew-dw-viet-nam-hang-xuat-khau-150x150.jpg 150w\" sizes=\"(max-width: 800px) 100vw, 800px\" \/><\/p>\n<h2>Process of Producing Cashew DW In Vietnam<\/h2>\n<ul>\n<li><strong>Steam Roasting:<\/strong> The outer shell of the raw cashew nuts has to be removed to produce the edible cashew kernel. The outer shell of the cashew is very hard and it contains a corrosive oil that is harmful for human consumption. The process of steam roasting helps in the removal of this hardshell with minimal effort. The raw cashew nuts are put in a drum connected to a mini boiler. The steam from this mini boiler is passed over the cashew nuts placed in the drum for a period of 10 -15 minutes. These cashew nuts are left in the drum for 20 minutes for proper roasting. The roasted cashew nuts are then taken out of the drum and placed in the open air for a period of around 12 hours to let them cool down and help in the removal of the cashew shells.<\/li>\n<li><strong>Shell Cutting:<\/strong> After Steam Roasting is complete, the cashew nuts are peeled off quickly to remove the outer shell to get the inner kernel. This is a very difficult stage, requiring skilled workers to separate the shell without breaking the inner core. After the peeling process, we will get 3 products: raw cashew shell, <em>cashew husk (testa)<\/em>, and cashew kernel nuts. In which, the Raw Cashew Kernels are passed through the classification &amp; grading department to consider their level.<\/li>\n<li class=\"ddict_sentence\"><strong>Grading:<\/strong> The cashew nut classification process is designed to classify cashew nuts kernel nuts into different grades for export. Kernel nuts are divided into two main categories: &#8220;Whole Nuts&#8221; and &#8220;Broken Nuts&#8221;. In the export of whole cashew nuts kernel, whole nuts are divided into 15 different grades and broken nuts are divided into 9 levels.<\/li>\n<\/ul>\n<p><strong>=&gt;For More: <\/strong><a href=\"https:\/\/kimmyfarm.com\/en\/what-are-the-different-grades-of-cashews-kernels-in-vietnam\">Cashews Grades List, Types Of Cashew Nuts in Vietnam<\/a><\/p>\n<h2>Nutrition In Cashew DW<\/h2>\n<p>Many studies have shown that regular daily intake of cashew nuts can have a variety of health benefits, in the long term improving overall human health. Cashew nuts help prevent cardiovascular diseases, reduce the risk of diabetes, help prevent cancer, promote the formation of RBC, enhance bone and dental health, reduce the risk of anemia. , prevent gallstones, strengthen the immune system &#8230; Because of the great benefits that cashew nuts bring, they are being consumed a lot.<\/p>\n<h2>Packing Of\u00a0 DW Cashew Nuts Ship<\/h2>\n<table style=\"border-collapse: collapse; width: 100%;\">\n<tbody>\n<tr>\n<td style=\"width: 60.7067%;\"><strong>Type of Packing<\/strong><\/td>\n<td style=\"width: 39.2933%;\"><strong>In 20&#8242; Full Load Containers<\/strong><\/td>\n<\/tr>\n<tr>\n<td style=\"width: 60.7067%;\">In 2 x 10 kgs vacuumed tins in cartons<\/td>\n<td style=\"width: 39.2933%;\">700 cartons<\/td>\n<\/tr>\n<tr>\n<td style=\"width: 60.7067%;\">In 2 x 25 lbs (11.34 kgs) vacuumed tins in cartons<\/td>\n<td style=\"width: 39.2933%;\">700 cartons<\/td>\n<\/tr>\n<tr>\n<td style=\"width: 60.7067%;\">In 1 x 50 lbs (22.68 kgs) vacuum flexy pouches in cartons<\/td>\n<td style=\"width: 39.2933%;\">700 cartons<\/td>\n<\/tr>\n<tr>\n<td style=\"width: 60.7067%;\">In 2 x 25 lbs (11.34 kgs) Vaccum flexy pouches in cartons<\/td>\n<td style=\"width: 39.2933%;\">700 cartons<\/td>\n<\/tr>\n<\/tbody>\n<\/table>\n<h2>DW Cashew Nuts Vietnam Price &#8211; Contact US<\/h2>\n<p class=\"ddict_sentence\">Kimmy Farm &#8211; is a brand specializing in the production and export of agricultural products in Vietnam. We have a black soldier fly farm in Tay Ninh and a cashew growing area in Binh Phuoc. The main export products of the company are products from <strong>cashew nuts, raw cashew nuts, cashew shell, cashew testa, cashew shell oil, black soldier fly,&#8230;<\/strong> We are a supply partner for several customers from Spain, France, Germany, Netherlands, Poland, Greece, Turkey, Russia, Switzerland, USA, Australia, South Africa, UAE, India, Singapore, Japan, and many others. Besides, we also have a team of staff with many years of experience working in large processing factories in Vietnam. Please contact us if you need a premium source of cashew nuts. <strong>Exporter\/manufacturer\u00a0of\u00a0cashew nuts in Vietnam<\/strong><\/p>\n<p><strong>=&gt; More Product From &gt;&gt;&gt;<a href=\"https:\/\/kimmyfarm.com\/en\/vietnam-cashew-nuts\/kernel\" data-mil=\"12385\">Vietnam Cashew Nuts Kernel<\/a> &lt;&lt;&lt;Click Here\u00a0<\/strong><\/p>\n<p><strong>=&gt; Customers Also Viewed:<\/strong><\/p>\n<blockquote class=\"wp-embedded-content\" data-secret=\"6vNR6Aj5Kz\"><p><a href=\"https:\/\/kimmyfarm.com\/san-pham\/hat-dieu-nhan-trang-vo-doc-ws\">H\u1ea1t \u0110i\u1ec1u V\u1ee1 H\u1ea1t \u0110i\u1ec1u Nh\u00e2n Tr\u1eafng WS V\u1ee1 D\u1ecdc<\/a><\/p><\/blockquote>\n<p><iframe class=\"wp-embedded-content\" sandbox=\"allow-scripts\" security=\"restricted\" style=\"position: absolute; clip: rect(1px, 1px, 1px, 1px);\" title=\"&#8220;H\u1ea1t \u0110i\u1ec1u V\u1ee1 H\u1ea1t \u0110i\u1ec1u Nh\u00e2n Tr\u1eafng WS V\u1ee1 D\u1ecdc&#8221; &#8212; Kimmy Farm\" src=\"https:\/\/kimmyfarm.com\/san-pham\/hat-dieu-nhan-trang-vo-doc-ws\/embed#?secret=5UVerMuFDB#?secret=6vNR6Aj5Kz\" data-secret=\"6vNR6Aj5Kz\" width=\"500\" height=\"282\" frameborder=\"0\" marginwidth=\"0\" marginheight=\"0\" scrolling=\"no\"><\/iframe><\/p>\n<blockquote class=\"wp-embedded-content\" data-secret=\"SZ8TS4Xl2s\"><p><a href=\"https:\/\/kimmyfarm.com\/san-pham\/hat-dieu-nhan-nau-nam-nhat-lbw240\">H\u1ea1t \u0110i\u1ec1u Nh\u00e2n N\u00e2u N\u00e1m Nh\u1ea1t LBW240<\/a><\/p><\/blockquote>\n<p><iframe class=\"wp-embedded-content\" sandbox=\"allow-scripts\" security=\"restricted\" style=\"position: absolute; clip: rect(1px, 1px, 1px, 1px);\" title=\"&#8220;H\u1ea1t \u0110i\u1ec1u Nh\u00e2n N\u00e2u N\u00e1m Nh\u1ea1t LBW240&#8221; &#8212; Kimmy Farm\" src=\"https:\/\/kimmyfarm.com\/san-pham\/hat-dieu-nhan-nau-nam-nhat-lbw240\/embed#?secret=EgsEXroFn6#?secret=SZ8TS4Xl2s\" data-secret=\"SZ8TS4Xl2s\" width=\"500\" height=\"282\" frameborder=\"0\" marginwidth=\"0\" marginheight=\"0\" scrolling=\"no\"><\/iframe><\/p>\n<blockquote class=\"wp-embedded-content\" data-secret=\"62rDAGfFqL\"><p><a href=\"https:\/\/kimmyfarm.com\/san-pham\/vo-cung-hat-dieu-tho\">V\u1ecf H\u1ea1t \u0110i\u1ec1u Th\u00f4 (Ch\u01b0a \u00c9p D\u1ea7u)<\/a><\/p><\/blockquote>\n<p><iframe class=\"wp-embedded-content\" sandbox=\"allow-scripts\" security=\"restricted\" style=\"position: absolute; clip: rect(1px, 1px, 1px, 1px);\" title=\"&#8220;V\u1ecf H\u1ea1t \u0110i\u1ec1u Th\u00f4 (Ch\u01b0a \u00c9p D\u1ea7u)&#8221; &#8212; Kimmy Farm\" src=\"https:\/\/kimmyfarm.com\/san-pham\/vo-cung-hat-dieu-tho\/embed#?secret=CYxkQrQayk#?secret=62rDAGfFqL\" data-secret=\"62rDAGfFqL\" width=\"500\" height=\"282\" frameborder=\"0\" marginwidth=\"0\" marginheight=\"0\" scrolling=\"no\"><\/iframe><\/p>\n","protected":false},"excerpt":{"rendered":"<p>Cashew nuts are very nutritious and perfect for making premium food for everyone. It is a great source of protein and essential minerals, including copper, calcium, magnesium, iron, phosphorus, potassium, and zinc\u2026and contains 0% Cholesterol.<strong>\u00a0 Cashew nuts Grade DW Exporter in Vietnam<\/strong><\/p>\n<p><strong>Product Specification:<\/strong><\/p>\n<ul>\n<li class=\"ddict_sentence\"><strong>Color: <\/strong>Deep yellow \/ Brown \/ Amber \/ Deep blue<\/li>\n<li class=\"ddict_sentence\"><strong>Condition:<\/strong> Whole Cashew Nuts Kernel<\/li>\n<li><strong>Grade: <\/strong>DW<em>\u00a0(AFI standard)<\/em><\/li>\n<li class=\"ddict_sentence\"><strong>Moisture:<\/strong> Max 5% <em>(as customer\u2019s request)<\/em><\/li>\n<li class=\"ddict_sentence\"><strong>Broken:<\/strong> Max 10% <em>(as customer\u2019s request)<\/em><\/li>\n<li class=\"ddict_sentence\"><strong>Lower Size Grade: <\/strong>Max 10% <em>(as customer\u2019s request)<\/em><\/li>\n<li class=\"ddict_sentence\"><strong>Defects: <\/strong>Max 14% <em>(as customer\u2019s request)<\/em><\/li>\n<li><strong>Origin:<\/strong>\u00a0Binh Phuoc, Vietnam<\/li>\n<li><strong>Certificate:\u00a0<\/strong>ISO 9001:2015, HACCP Code 2003, FSPCA, Vietnam\u2019s food safety certificate \u2026.\u00a0<em>(Contact us for more detail)<\/em><\/li>\n<li><strong>Packing:<\/strong>In 1 x 50 lbs (22.68 kgs) vacuum flexy pouches in cartons <strong>or<\/strong>&#8230;.., 700 cartons in 20&#8242; Full Load Containers <em>(Please read more detail below or custom made on request )<\/em><\/li>\n<\/ul>\n","protected":false},"featured_media":12169,"template":"","meta":[],"product_brand":[],"product_cat":[157,156],"product_tag":[159,210,160],"class_list":{"0":"post-12516","1":"product","2":"type-product","3":"status-publish","4":"has-post-thumbnail","6":"product_cat-kernel","7":"product_cat-vietnam-cashew-nuts","8":"product_tag-cashew-nut","9":"product_tag-dessert-cashew-nut","10":"product_tag-whole-cashew-nut","12":"first","13":"instock","14":"shipping-taxable","15":"product-type-simple"},"_links":{"self":[{"href":"https:\/\/kimmyfarm.com\/en\/wp-json\/wp\/v2\/product\/12516","targetHints":{"allow":["GET"]}}],"collection":[{"href":"https:\/\/kimmyfarm.com\/en\/wp-json\/wp\/v2\/product"}],"about":[{"href":"https:\/\/kimmyfarm.com\/en\/wp-json\/wp\/v2\/types\/product"}],"version-history":[{"count":0,"href":"https:\/\/kimmyfarm.com\/en\/wp-json\/wp\/v2\/product\/12516\/revisions"}],"wp:featuredmedia":[{"embeddable":true,"href":"https:\/\/kimmyfarm.com\/en\/wp-json\/wp\/v2\/media\/12169"}],"wp:attachment":[{"href":"https:\/\/kimmyfarm.com\/en\/wp-json\/wp\/v2\/media?parent=12516"}],"wp:term":[{"taxonomy":"product_brand","embeddable":true,"href":"https:\/\/kimmyfarm.com\/en\/wp-json\/wp\/v2\/product_brand?post=12516"},{"taxonomy":"product_cat","embeddable":true,"href":"https:\/\/kimmyfarm.com\/en\/wp-json\/wp\/v2\/product_cat?post=12516"},{"taxonomy":"product_tag","embeddable":true,"href":"https:\/\/kimmyfarm.com\/en\/wp-json\/wp\/v2\/product_tag?post=12516"}],"curies":[{"name":"wp","href":"https:\/\/api.w.org\/{rel}","templated":true}]}}