{"id":11587,"date":"2020-12-28T17:05:25","date_gmt":"2020-12-28T10:05:25","guid":{"rendered":"https:\/\/kimmyfarm.com\/?post_type=product&#038;p=11587"},"modified":"2022-10-18T09:44:51","modified_gmt":"2022-10-18T02:44:51","slug":"phan-bon-tu-phan-au-trung","status":"publish","type":"product","link":"https:\/\/kimmyfarm.com\/en\/product\/phan-bon-tu-phan-au-trung","title":{"rendered":"Ph\u00e2n B\u00f3n H\u1eefu C\u01a1 T\u1eeb Ph\u00e2n \u00c2u Tr\u00f9ng Ru\u1ed3i L\u00ednh \u0110en"},"content":{"rendered":"<h2>Gi\u1edbi Thi\u1ec7u Ph\u00e2n Ru\u1ed3i L\u00ednh \u0110en \u1ea4u Tr\u00f9ng Ru\u1ed3i L\u00ednh \u0110en<\/h2>\n<p><a href=\"https:\/\/kimmyfarm.com\/san-pham\/phan-bon-tu-phan-au-trung\"><strong>Ph\u00e2n ru\u1ed3i l\u00ednh \u0111en<\/strong><\/a> <em>(hay c\u00f2n g\u1ecdi l\u00e0: ph\u00e2n s\u00e2u canxi, c\u1ee9t s\u00e2u)<\/em> l\u00e0 t\u00ean g\u1ecdi \u0111\u1ec3 ch\u1ec9 ph\u00e2n c\u1ee7a<a href=\"https:\/\/kimmyfarm.com\/ruoi-linh-den\/au-trung-ruoi\"><strong> \u1ea5u tr\u00f9ng ru\u1ed3i l\u00ednh \u0111en<\/strong><\/a> \u0111\u00e0o th\u1ea3i ra kh\u1ecfi c\u01a1 th\u1ec3 c\u1ee7a ch\u00fang sau khi ch\u00fang ti\u00eau h\u00f3a th\u1ee9c \u0103n, ch\u1ee9 kh\u00f4ng ph\u1ea3i l\u00e0 ph\u00e2n c\u1ee7a ru\u1ed3i l\u00ednh \u0111en tr\u01b0\u1edfng th\u00e0nh. Ph\u00e2n c\u1ee7a \u1ea5u tr\u00f9ng ru\u1ed3i sau khi thu ho\u1eb7c ch\u00fang s\u1ebd \u0111\u01b0\u1ee3c ph\u01a1i kh\u00f4. L\u00fac n\u00e0y ph\u1ea7n c\u1ee7a \u1ea5u tr\u00f9ng c\u00f3 d\u1ea1ng s\u1ebd gi\u1ed1ng nh\u01b0 \u0111\u1ea5t v\u1ee5n, c\u00f3 th\u1ec3 \u0111\u01b0\u1ee3c s\u1eed d\u1ee5ng trong trang tr\u1ea1i trong v\u01b0\u1eddn nh\u00e0 b\u00f3n cho c\u00e2y tr\u1ed3ng trong nh\u00e0 \u0111i\u1ec1u \u0111\u01b0\u1ee3c. <strong>Ph\u00e2n c\u1ee7a \u1ea5u tr\u00f9ng ru\u1ed3i l\u00ednh \u0111en<\/strong> <em>(gi\u1ed1ng nh\u01b0 ph\u00e2n tr\u00f9n qu\u1ebf) <\/em>l\u00e0 m\u1ed9t lo\u1ea1i ph\u00e2n b\u00f3n h\u1eefu c\u01a1, ph\u00e2n s\u1ea1ch, r\u1ea5t \u00edt ho\u1eb7c kh\u00f4ng c\u00f3 m\u00f9i h\u00f4i, c\u00f3 r\u1ea5t nhi\u1ec1u d\u01b0\u1ee1ng ch\u1ea5t t\u1ed1t cho \u0111\u1ea5t, \u0111\u01b0\u1ee3c s\u1eed d\u1ee5ng nhi\u1ec1u trong c\u00e1c trang tr\u1ea1i rau s\u1ea1ch, rau h\u1eefu c\u01a1 tr\u00ean kh\u1eafp c\u1ea3 n\u01b0\u1edbc. Sau khi<strong> s\u1eed d\u1ee5ng ph\u00e2n ru\u1ed3i l\u00ednh \u0111en \u0111i b\u00f3n cho \u0111\u1ea5t,<\/strong> ch\u00fang ta c\u00f3 th\u1ec3 th\u1ea5y lo\u1ea1i ph\u00e2n h\u1eefu c\u01a1 ph\u1ed1i tr\u1ed9n \u0111\u01b0\u1ee3c s\u1ea3n xu\u1ea5t t\u1eeb ph\u00e2n ru\u1ed3i l\u00ednh \u0111en <strong>c\u00f3 t\u00e1c d\u1ee5ng c\u1ea3i thi\u1ec7n \u0111\u1ed9 pH v\u00e0 \u0111\u1ed9 \u1ea9m c\u1ee7a \u0111\u1ea5t x\u00e1m b\u1ea1c m\u00e0u cao h\u01a1n so v\u1edbi ph\u00e2n g\u00e0 v\u00e0 ph\u00e2n tr\u00f9n qu\u1ebf.<\/strong> \u0110\u1ed3ng th\u1eddi, kh\u1ea3 n\u0103ng gi\u1eef \u1ea9m cho \u0111\u1ea5t c\u0169ng t\u1ed1t h\u01a1n so v\u1edbi ph\u00e2n tr\u00f9n qu\u1ebf. \u0110i\u1ec1u n\u00e0y cho ta th\u1ea5y r\u1eb1ng: <strong><em>Ph\u00e2n ru\u1ed3i l\u00ednh \u0111en l\u00e0 t\u1ed1t h\u01a1n ph\u00e2n g\u00e0, ph\u00e2n heo, ph\u1ea7n tr\u00f9ng qu\u1ebf\u2026.<\/em><\/strong>v\u00e0 c\u00e1c lo\u1ea1i ph\u00e2n truy\u1ec1n th\u00f4ng kh\u00e1c, r\u1ea5t th\u00edch h\u1ee3p \u0111\u1ec3 s\u1eed d\u1ee5ng l\u00e0m ph\u00e2n b\u00f3n h\u1eefu c\u01a1 cho c\u00e1c v\u00f9ng n\u00f4ng nghi\u1ec7p s\u1ea1ch t\u1ea1i Vi\u1ec7t Nam.<\/p>\n<p><strong>=&gt; Xem th\u00eam: <\/strong><a href=\"https:\/\/kimmyfarm.com\/ruoi-linh-den\">Mua B\u00e1n Ru\u1ed3i L\u00ednh \u0110en C\u00e1c Lo\u1ea1i Gi\u00e1 G\u1ed1c Ch\u1ea5t L\u01b0\u1ee3ng Cao<\/a><\/p>\n<div id=\"attachment_11591\" style=\"width: 763px\" class=\"wp-caption aligncenter\"><img decoding=\"async\" aria-describedby=\"caption-attachment-11591\" class=\"wp-image-11591 size-full\" src=\"https:\/\/kimmyfarm.com\/wp-content\/uploads\/2020\/12\/phan-huu-co-tu-ruoi-linh-den-co-gia-tri-di-duong-rat-cao-phu-hop-cho-nhieu-nong-trai-trong-rau-sach-2.jpg\" alt=\"h\u00e2n c\u1ee7a \u1ea5u tr\u00f9ng ru\u1ed3i l\u00ednh \u0111en (gi\u1ed1ng nh\u01b0 ph\u00e2n tr\u00f9n qu\u1ebf) l\u00e0 m\u1ed9t lo\u1ea1i ph\u00e2n b\u00f3n h\u1eefu c\u01a1, ph\u00e2n s\u1ea1ch, r\u1ea5t \u00edt ho\u1eb7c kh\u00f4ng c\u00f3 m\u00f9i h\u00f4i, c\u00f3 r\u1ea5t nhi\u1ec1u d\u01b0\u1ee1ng ch\u1ea5t t\u1ed1t cho \u0111\u1ea5t\" width=\"753\" height=\"500\" srcset=\"https:\/\/kimmyfarm.com\/wp-content\/uploads\/2020\/12\/phan-huu-co-tu-ruoi-linh-den-co-gia-tri-di-duong-rat-cao-phu-hop-cho-nhieu-nong-trai-trong-rau-sach-2.jpg 753w, https:\/\/kimmyfarm.com\/wp-content\/uploads\/2020\/12\/phan-huu-co-tu-ruoi-linh-den-co-gia-tri-di-duong-rat-cao-phu-hop-cho-nhieu-nong-trai-trong-rau-sach-2-150x100.jpg 150w\" sizes=\"(max-width: 753px) 100vw, 753px\" \/><p id=\"caption-attachment-11591\" class=\"wp-caption-text\"><strong>Ph\u00e2n c\u1ee7a \u1ea5u tr\u00f9ng ru\u1ed3i l\u00ednh \u0111en<\/strong> l\u00e0 m\u1ed9t lo\u1ea1i ph\u00e2n b\u00f3n h\u1eefu c\u01a1, ph\u00e2n s\u1ea1ch, r\u1ea5t \u00edt ho\u1eb7c kh\u00f4ng c\u00f3 m\u00f9i h\u00f4i, c\u00f3 r\u1ea5t nhi\u1ec1u d\u01b0\u1ee1ng ch\u1ea5t t\u1ed1t cho \u0111\u1ea5t<\/p><\/div>\n<h2>D\u01b0\u1ee1ng Ch\u1ea5t C\u00f3 Trong Ph\u00e2n \u1ea4u Tr\u00f9ng Ru\u1ed3i L\u00ednh \u0110en<\/h2>\n<p><a href=\"https:\/\/kimmyfarm.com\/ky-hieu-viet-tat-npk-co-tren-phan-bon-la-gi-chung-quan-trong-ra-sao-cho-cay-trong\"><strong>Gi\u00e1 tr\u1ecb N-P-K<\/strong><\/a> l\u00e0 m\u1ed9t c\u00e1ch ph\u1ed5 bi\u1ebfn \u0111\u1ec3 hi\u1ec3n th\u1ecb m\u1ee9c \u0111\u1ed9 dinh d\u01b0\u1ee1ng c\u1ee7a c\u00e1c lo\u1ea1i ph\u00e2n b\u00f3n kh\u00e1c nhau. <strong>Gi\u00e1 tr\u1ecb N-P-K<\/strong> c\u1ee7a m\u1ed9t lo\u1ea1i ph\u00e2n b\u00f3n m\u00f4 t\u1ea3 m\u1ee9c \u0111\u1ed9 t\u1eadp trung c\u1ee7a c\u00e1c ch\u1ea5t dinh d\u01b0\u1ee1ng c\u00f3 trong ph\u00e2n b\u00f3n g\u1ed3m:<strong><em> nit\u01a1 (N), ph\u1ed1t pho (P), kali (K).<\/em><\/strong><\/p>\n<p><strong>=&gt; Xem th\u00eam: <\/strong><a href=\"https:\/\/kimmyfarm.com\/ky-hieu-viet-tat-npk-co-tren-phan-bon-la-gi-chung-quan-trong-ra-sao-cho-cay-trong\">K\u00fd Hi\u1ec7u Vi\u1ebft T\u1eaft NPK Tr\u00ean Ph\u00e2n B\u00f3n L\u00e0 G\u00ec?<\/a><\/p>\n<div id=\"attachment_10329\" style=\"width: 1184px\" class=\"wp-caption aligncenter\"><img decoding=\"async\" aria-describedby=\"caption-attachment-10329\" class=\"size-full wp-image-10329\" src=\"https:\/\/kimmyfarm.com\/wp-content\/uploads\/2020\/12\/phan-huu-co-tu-ruoi-linh-den-co-gia-tri-di-duong-rat-cao-phu-hop-cho-nhieu-nong-trai-trong-rau-sach.jpg\" alt=\"Ph\u00e2n t\u1eeb ru\u1ed3i l\u00ednh \u0111en \u0111\u01b0\u1ee3c l\u00e0m th\u00e0nh ph\u00e2 b\u00f3n h\u1eefu c\u01a1 ch\u1ea5t l\u01b0\u1ee3ng cao ph\u00f9 h\u1ee3p v\u1edbi nhi\u1ec1u n\u00f4ng tr\u1ea1i tr\u1ed3ng rau s\u1ea1ch.\" width=\"1174\" height=\"376\" srcset=\"https:\/\/kimmyfarm.com\/wp-content\/uploads\/2020\/12\/phan-huu-co-tu-ruoi-linh-den-co-gia-tri-di-duong-rat-cao-phu-hop-cho-nhieu-nong-trai-trong-rau-sach.jpg 1174w, https:\/\/kimmyfarm.com\/wp-content\/uploads\/2020\/12\/phan-huu-co-tu-ruoi-linh-den-co-gia-tri-di-duong-rat-cao-phu-hop-cho-nhieu-nong-trai-trong-rau-sach-150x48.jpg 150w\" sizes=\"(max-width: 1174px) 100vw, 1174px\" \/><p id=\"caption-attachment-10329\" class=\"wp-caption-text\">Ph\u00e2n t\u1eeb ru\u1ed3i l\u00ednh \u0111en \u0111\u01b0\u1ee3c l\u00e0m th\u00e0nh ph\u00e2 b\u00f3n h\u1eefu c\u01a1 ch\u1ea5t l\u01b0\u1ee3ng cao ph\u00f9 h\u1ee3p v\u1edbi nhi\u1ec1u n\u00f4ng tr\u1ea1i tr\u1ed3ng rau s\u1ea1ch.<\/p><\/div>\n<p><strong>\u1ede trong ph\u00e2n ru\u1ed3i l\u00ednh \u0111en th\u00ec gi\u00e1 tr\u1ecb N-P-K bao g\u1ed3m:<\/strong><\/p>\n<ul>\n<li><strong>Nitrogen<\/strong> <em>(t\u00ednh theo &#8211; Nts)<\/em>: 2,1%<\/li>\n<li><strong>Ph\u1ed1tpho<\/strong> <em>(t\u00ednh theo P2O5hh)<\/em>: 2,57%<\/li>\n<li><strong>Kali<\/strong> (<em>t\u00ednh theo K2Ohh)<\/em>: 1,2%<\/li>\n<\/ul>\n<p><strong>C\u1ee5 th\u1ec3, k\u1ebft qu\u1ea3 \u0111\u00e1nh gi\u00e1 h\u00e0m l\u01b0\u1ee3ng c\u00e1c ch\u1ea5t dinh d\u01b0\u1ee1ng c\u00f3 trong ph\u00e2n \u1ea5u tr\u00f9ng ru\u1ed3i l\u00ednh \u0111en ta c\u00f3 k\u1ebft qu\u1ea3 chi ti\u1ebft h\u01a1n nh\u01b0 sau:<\/strong><\/p>\n<ul>\n<li><strong>PH:<\/strong> 5,25<\/li>\n<li><strong>OM:<\/strong> 65,5%<\/li>\n<li><strong>Nts:<\/strong> 2,1%<\/li>\n<li><strong>Axit Humic:<\/strong> 1,93%<\/li>\n<li><strong>Axit Fulvic:<\/strong> 4,61%<\/li>\n<li><strong>K2Ots:<\/strong> 1,2%<\/li>\n<li><strong>P2O5ts:<\/strong> 2,57%<\/li>\n<li><strong>CaO:<\/strong> 3,75%<\/li>\n<li><strong>MgO:<\/strong> 1,28%<\/li>\n<li><strong>Zn:<\/strong> 77,3ppm<\/li>\n<li><strong>Kim lo\u1ea1i n\u0103ng (Cd, Pb, As, Hg):<\/strong> kh\u00f4ng ph\u00e1t hi\u1ec7n.<\/li>\n<\/ul>\n<h2>Ph\u00e2n \u1ea4u Tr\u00f9ng Ru\u1ed3i L\u00ednh \u0110en \u0110\u01b0\u1ee3c D\u00f9ng L\u00e0m G\u00ec?<\/h2>\n<p>Th\u01b0\u1eddng th\u00ec ph\u00e2n \u1ea5u tr\u00f9ng ru\u1ed3i l\u00ednh \u0111en \u0111\u01b0\u1ee3c s\u1eed d\u1ee5ng nhi\u1ec1u trong vi\u1ec7c ph\u1ed1i tr\u1ed9n \u0111\u1ec3 l\u00e0m ph\u00e2n b\u00f3n h\u1eefu c\u01a1, ch\u1ebf ph\u1ea9m ph\u00e2n b\u00f3n cao c\u1ea5p&#8230;&#8230;<\/p>\n<ul>\n<li>S\u1eed d\u1ee5ng tr\u1ef1c ti\u1ebfp cho \u0111\u1ea5t<\/li>\n<li>S\u1eed d\u1ee5ng ph\u1ed1i tr\u1ed9n v\u1edbi nh\u1eefng lo\u1ea1i ph\u00e2n kh\u00e1c.<\/li>\n<li>S\u1eed d\u1ee5ng l\u00e0m ph\u00e2n h\u1eefu c\u01a1 trong n\u00f4ng nghi\u1ec7p s\u1ea1ch.<\/li>\n<li>S\u1eed d\u1ee5ng l\u00e0m ch\u1ebf ph\u1ea9m sinh h\u1ecdc cao c\u1ea5p k\u00edch th\u00edch c\u00e2y tr\u1ed3ng.<\/li>\n<\/ul>\n<div id=\"attachment_10324\" style=\"width: 690px\" class=\"wp-caption aligncenter\"><img decoding=\"async\" aria-describedby=\"caption-attachment-10324\" class=\"size-full wp-image-10324\" src=\"https:\/\/kimmyfarm.com\/wp-content\/uploads\/2020\/12\/phan-bon-npk-neu-duoc-su-dung-dung-cac-se-rat-tot-cho-dat-giup-ich-cho-cay-trong-heu-qua-kinh-te-cao.jpg\" alt=\"Ph\u00e2n b\u00f3n NPK n\u1ebfu \u0111\u01b0\u1ee3c s\u1eed d\u1ee5ng \u0111\u00fang c\u00e1ch thi s\u1ebd r\u1ea5t t\u1ed1t cho \u0111\u1ea5t, gi\u00fap \u00edch cho c\u00e2y tr\u1ed3ng, hi\u1ec7u qu\u1ea3 k\u00ednh t\u1ebf cao.\" width=\"680\" height=\"454\" srcset=\"https:\/\/kimmyfarm.com\/wp-content\/uploads\/2020\/12\/phan-bon-npk-neu-duoc-su-dung-dung-cac-se-rat-tot-cho-dat-giup-ich-cho-cay-trong-heu-qua-kinh-te-cao.jpg 680w, https:\/\/kimmyfarm.com\/wp-content\/uploads\/2020\/12\/phan-bon-npk-neu-duoc-su-dung-dung-cac-se-rat-tot-cho-dat-giup-ich-cho-cay-trong-heu-qua-kinh-te-cao-150x100.jpg 150w\" sizes=\"(max-width: 680px) 100vw, 680px\" \/><p id=\"caption-attachment-10324\" class=\"wp-caption-text\">Ph\u00e2n b\u00f3n t\u1eeb \u1ea5u tr\u00f9ng ru\u1ed3i l\u00ednh \u0111en gi\u00fap \u00edch cho c\u00e2y tr\u1ed3ng, hi\u1ec7u qu\u1ea3 k\u00ednh t\u1ebf cao.<\/p><\/div>\n<h2 id=\"so-sanh-dinh-duong-giua-phan-ruoi-linh-den-phan-huu-co-truyen-thong\" class=\"ftwp-heading\">So S\u00e1nh Dinh D\u01b0\u1ee1ng Gi\u1eefa: Ph\u00e2n Ru\u1ed3i L\u00ednh \u0110en, Ph\u00e2n H\u1eefu C\u01a1 Truy\u1ec1n Th\u1ed1ng<\/h2>\n<p>\u0110\u1ec3 bi\u1ebft \u0111\u01b0\u1ee3c lo\u1ea1i ph\u00e2n b\u00f3n n\u00e0o l\u00e0 t\u1ed1t h\u01a1n chung ta h\u00e3y c\u0169ng ti\u1ebfn h\u00e0nh so s\u00e1nh<a href=\"https:\/\/kimmyfarm.com\/ky-hieu-viet-tat-npk-co-tren-phan-bon-la-gi-chung-quan-trong-ra-sao-cho-cay-trong\"><strong> h\u00e0m l\u01b0\u1ee3ng N, P, K<\/strong> <\/a>c\u1ee7a c\u00fang \u0111\u1ec3 r\u00fat ra k\u1ebft lu\u1eadn.\u00a0<strong>B\u1ea3ng Ph\u00e2n T\u00edch \u0110\u00e1nh Gi\u00e1 h\u00e0m l\u01b0\u1ee3ng dinh d\u01b0\u1ee1ng c\u1ee7a c\u00e1c lo\u1ea1i ph\u00e2n b\u00f3n H\u1eefu C\u01a1:<\/strong><\/p>\n<table style=\"width: 95.4979%; height: 223px;\">\n<tbody>\n<tr>\n<td><\/td>\n<td><strong>\u00a0%N (Nit\u01a1)<\/strong><\/td>\n<td><strong>%P (PhotPho)<\/strong><\/td>\n<td><strong>%K (Kali)<\/strong><\/td>\n<\/tr>\n<tr>\n<td><strong>Ph\u00e2n B\u00f2<\/strong><\/td>\n<td>0,6<\/td>\n<td>0,4<\/td>\n<td>0,5<\/td>\n<\/tr>\n<tr>\n<td><strong>Ph\u00e2n L\u1ee3n<\/strong><\/td>\n<td>0,8<\/td>\n<td>0,7<\/td>\n<td>0,5<\/td>\n<\/tr>\n<tr>\n<td><strong>Ph\u00e2n G\u00e0<\/strong><\/td>\n<td>1,1<\/td>\n<td>0,8<\/td>\n<td>0,5<\/td>\n<\/tr>\n<tr>\n<td><strong>Ph\u00e2n Tr\u1ed9n T\u1eeb B\u00e3<\/strong><\/td>\n<td>0,5<\/td>\n<td>0,2<\/td>\n<td>0,8<\/td>\n<\/tr>\n<tr>\n<td><strong>Ph\u00e2n Ru\u1ed3i L\u00ednh \u0110en<\/strong><\/td>\n<td>2,1<\/td>\n<td>2,5<\/td>\n<td>1,2<\/td>\n<\/tr>\n<\/tbody>\n<\/table>\n<div id=\"attachment_10328\" style=\"width: 630px\" class=\"wp-caption aligncenter\"><img decoding=\"async\" aria-describedby=\"caption-attachment-10328\" class=\"wp-image-10328 size-full\" src=\"https:\/\/kimmyfarm.com\/wp-content\/uploads\/2020\/12\/phan-huu-co-truyen-thong-tu-phan-heo-ga-bo-cac-ba-phe-pham-nong-nghiep.jpg\" sizes=\"(max-width: 620px) 100vw, 620px\" srcset=\"https:\/\/kimmyfarm.com\/wp-content\/uploads\/2020\/12\/phan-huu-co-truyen-thong-tu-phan-heo-ga-bo-cac-ba-phe-pham-nong-nghiep.jpg 620w, https:\/\/kimmyfarm.com\/wp-content\/uploads\/2020\/12\/phan-huu-co-truyen-thong-tu-phan-heo-ga-bo-cac-ba-phe-pham-nong-nghiep-150x94.jpg 150w\" alt=\"Ph\u00e2n h\u1eefu c\u01a1 truy\u1ec1n th\u1ed1ng l\u00e0 lo\u1ea1i ph\u00e2n \u0111\u01b0\u1ee3c \u1ee7 t\u1eeb: ph\u00e2n heo, ph\u00e2n g\u00e0, ph\u00e2n b\u00f2, c\u00e1c b\u00e3 ph\u1ebf ph\u1ea9m n\u00f4ng nghi\u1ec7p\" width=\"620\" height=\"387\" aria-describedby=\"caption-attachment-10328\" \/><p id=\"caption-attachment-10328\" class=\"wp-caption-text\"><strong>Ph\u00e2n h\u1eefu c\u01a1 truy\u1ec1n th\u1ed1ng<\/strong> l\u00e0 lo\u1ea1i ph\u00e2n \u0111\u01b0\u1ee3c \u1ee7 t\u1eeb: <em>ph\u00e2n heo, ph\u00e2n g\u00e0, ph\u00e2n b\u00f2, c\u00e1c b\u00e3 ph\u1ebf ph\u1ea9m n\u00f4ng nghi\u1ec7p&#8230;<\/em><\/p><\/div>\n<h2 id=\"thu-nghiem-su-dung-phan-ruoi-linh-den\" class=\"ftwp-heading\">K\u1ebft Q\u1ee7a Th\u1eadt T\u1ebf Sau Khi S\u1eed D\u1ee5ng Ph\u00e2n Ru\u1ed3i L\u00ednh \u0110en.<\/h2>\n<p>Ngo\u00e0i ra m\u1ed9t s\u1ed1 th\u1eed nghi\u1ec7m kh\u00e1c t\u1ea1i c\u00e1i v\u00f9ng \u0111\u1ea5t \u0111ang tr\u1ed3ng n\u00f4ng nghi\u1ec7p \u0111ang tr\u1ed3ng rau m\u00f9ng t\u01a1i v\u00e0 v\u00f9ng tr\u1ed3ng tr\u00e0 xanh t\u1ea1i Vi\u1ec7t Nam \u0111\u00e3 thu l\u1ea1i nh\u1eefng k\u1ebft qua r\u1ea5t t\u1ed1t. 2 v\u00f9ng \u0111\u01b0\u1ee3c th\u1eed nghi\u1ec7m l\u00e0 v\u00f9ng tr\u1ed3ng rau m\u1ed3ng t\u01a1i v\u00e0 v\u00f9ng trong tr\u00e0 xanh.<\/p>\n<h3 id=\"thu-nghiem-tai-vung-trong-rau-mong-toi-1-hecta\" class=\"ftwp-heading\">Th\u1eed nghi\u1ec7m t\u1ea1i v\u00f9ng tr\u1ed3ng rau m\u1ed3ng t\u01a1i 1 Hecta:<\/h3>\n<ul>\n<li>N\u1ebfu s\u1eed d\u1ee5ng 20 t\u1ea5n ph\u00e2n g\u00e0 \u0111\u1ec3 b\u00f3n cho 1 Hecta rau m\u1ed3ng t\u01a1i cho c\u1ea3 m\u00f9a v\u1ee5. Th\u00ec k\u1ebft qu\u1ea3 thu l\u1ea1i l\u00e0 v\u00f9ng tr\u1ed3ng th\u1eed nghi\u00eam rau m\u1ed3ng t\u01a1i cho n\u0103ng su\u1ea5t \u0111\u1ea1t 3,4 t\u1ea5n, \u0111\u1ea1t doanh thu 269 tri\u1ec7u \u0111\u1ed3ng.<\/li>\n<li>N\u1ebfu s\u1eed d\u1ee5ng 20 t\u1ea5n ph\u00e2n ru\u1ed3i l\u00ednh \u0111en \u0111\u1ec3 b\u00f3n cho 1 Hecta rau m\u1ed3ng t\u01a1i cho c\u1ea3 m\u00f9a v\u1ee5. Th\u00ec k\u1ebft qu\u1ea3 thu l\u1ea1i l\u00e0 v\u00f9ng tr\u1ed3ng th\u1eed nghi\u00eam rau m\u1ed3ng t\u01a1i cho n\u0103ng su\u1ea5t \u0111\u1ea1t\u00a0 4 t\u1ea5n, \u0111\u1ea1t doanh thu 325 tri\u1ec7u \u0111\u1ed3ng.<\/li>\n<\/ul>\n<div id=\"attachment_28248\" style=\"width: 650px\" class=\"wp-caption aligncenter\"><img decoding=\"async\" aria-describedby=\"caption-attachment-28248\" class=\"wp-image-28248 size-full\" src=\"https:\/\/kimmyfarm.com\/wp-content\/uploads\/2020\/12\/vung-trong-mong-toi-su-dung-phan-ruoi-linh-den.jpg\" alt=\"V\u00f9ng tr\u1ed3ng m\u1ed3ng t\u01a1i s\u1eed d\u1ee5ng ph\u00e2n ru\u1ed3i l\u00ednh \u0111en\u00a0\" width=\"640\" height=\"400\" srcset=\"https:\/\/kimmyfarm.com\/wp-content\/uploads\/2020\/12\/vung-trong-mong-toi-su-dung-phan-ruoi-linh-den.jpg 640w, https:\/\/kimmyfarm.com\/wp-content\/uploads\/2020\/12\/vung-trong-mong-toi-su-dung-phan-ruoi-linh-den-150x94.jpg 150w\" sizes=\"(max-width: 640px) 100vw, 640px\" \/><p id=\"caption-attachment-28248\" class=\"wp-caption-text\">V\u00f9ng tr\u1ed3ng m\u1ed3ng t\u01a1i s\u1eed d\u1ee5ng ph\u00e2n ru\u1ed3i l\u00ednh \u0111en<\/p><\/div>\n<h3 id=\"thu-nghiem-tai-vung-trong-tra-xanh-1-hecta\" class=\"ftwp-heading\">Th\u1eed nghi\u1ec7m t\u1ea1i v\u00f9ng tr\u1ed3ng tr\u00e0 xanh 1 Hecta:<\/h3>\n<ul>\n<li>N\u1ebfu s\u1eed d\u1ee5ng 3 t\u1ea5n ph\u00e2n g\u00e0 \u0111\u1ec3 b\u00f3n cho 1 Hecta tr\u00e0 xanh cho c\u1ea3 v\u1ee5 m\u00f9a. Th\u00ec k\u1ebft qu\u1ea3 thu l\u1ea1i l\u00e0 v\u00f9ng tr\u1ed3ng th\u1eed nghi\u00eam tr\u00e0 xanh cho n\u0103ng su\u1ea5t \u0111\u1ea1t 3 t\u1ea5n, \u0111\u1ea1t doanh thu 75 tri\u1ec7u \u0111\u1ed3ng.<\/li>\n<li>N\u1ebfu s\u1eed d\u1ee5ng 3 t\u1ea5n ph\u00e2n ru\u1ed3i l\u00ednh \u0111en \u0111\u1ec3 b\u00f3n cho 1 Hecta tr\u00e0 xanh cho c\u1ea3 v\u1ee5 m\u00f9a. Th\u00ec k\u1ebft qu\u1ea3 thu l\u1ea1i l\u00e0 v\u00f9ng tr\u1ed3ng th\u1eed nghi\u00eam tr\u00e0 xanh cho n\u0103ng su\u1ea5t \u0111\u1ea1t 3,6 t\u1ea5n, \u0111\u1ea1t doanh thu 90 tri\u1ec7u \u0111\u1ed3ng.<\/li>\n<\/ul>\n<div id=\"attachment_28245\" style=\"width: 610px\" class=\"wp-caption aligncenter\"><img decoding=\"async\" aria-describedby=\"caption-attachment-28245\" class=\"size-full wp-image-28245\" src=\"https:\/\/kimmyfarm.com\/wp-content\/uploads\/2020\/12\/vung-trong-tra-xanh-su-dung-phan-ruoi-linh-den.webp\" alt=\"\" width=\"600\" height=\"398\" srcset=\"https:\/\/kimmyfarm.com\/wp-content\/uploads\/2020\/12\/vung-trong-tra-xanh-su-dung-phan-ruoi-linh-den.webp 600w, https:\/\/kimmyfarm.com\/wp-content\/uploads\/2020\/12\/vung-trong-tra-xanh-su-dung-phan-ruoi-linh-den-150x100.webp 150w\" sizes=\"(max-width: 600px) 100vw, 600px\" \/><p id=\"caption-attachment-28245\" class=\"wp-caption-text\">V\u00f9ng tr\u1ed3ng tr\u00e0 xanh s\u1eed d\u1ee5ng <strong>ph\u00e2n ru\u1ed3i l\u00ednh \u0111en<\/strong><\/p><\/div>\n<p><strong>Kimmy&#8217;s Farm Nh\u00e0 Cung C\u1ea5p S\u1ea3n Ph\u1ea9m V\u1ec1 Ru\u1ed3i L\u00ednh \u0110en Ch\u1ea5t L\u01b0\u1ee3ng T\u1ea1i Ph\u00eda Nam &#8211;<\/strong> \u00a0N\u00f4ng tr\u1ea1i Kimmy\u2019s Farm chuy\u00ean cung c\u1ea5p c\u00e1c s\u1ea3n ph\u1ea9m li\u00ean quan t\u1edbi ru\u1ed3i l\u00ednh \u0111en nh\u01b0: Tr\u1ee9ng ru\u1ed3i, \u1ea5u tr\u00f9ng ru\u1ed3i, nh\u1ed9ng ru\u1ed3i, ru\u1ed3i l\u00ednh \u0111en tr\u01b0\u1edfng th\u00e0nh, k\u00e9n y\u00ean, ph\u00e2n b\u00f3n h\u1eefu c\u01a1 t\u1eeb ru\u1ed3i l\u00ednh \u0111en\u2026\u2026 v\u00e0 nhi\u1ec1u s\u1ea3n ph\u1ea9m n\u00f4ng nghi\u1ec7p s\u1ea1ch kh\u00e1c. Ch\u00fang t\u00f4i c\u00f3 trang tr\u1ea1i ru\u1ed3i l\u00ednh \u0111en t\u1ea1i T\u00e2y Ninh v\u00e0 v\u00f9ng tr\u1ed3ng tr\u1ecdt n\u00f4ng nghi\u1ec7p s\u1ea1ch \u1edf B\u00ecnh Ph\u01b0\u1edbc, v\u0103n ph\u00f2ng \u0111\u1ea1i di\u1ec7n t\u1ea1i tphcm \u0111\u1ec3 cho c\u00e1c b\u1ea1n ti\u1ec7n li\u00ean l\u1ea1c. <span id=\"mtc-2250686318670\"> <\/span>Kimmy farm l\u00e0 n\u00f4ng tr\u1ea1i n\u00f4ng nghi\u1ec7p s\u1ea1ch v\u00e0 hi\u1ec7n \u0111\u1ea1i v\u1edbi mong mu\u1ed1n chia s\u1ebb \u0111i\u1ec1u t\u1ed1t nh\u1ea5t \u0111\u1ebfn nhi\u1ec1u ng\u01b0\u1eddi v\u00e0 ph\u00e1t tri\u1ec3n h\u1ec7 sinh th\u00e1i n\u00f4ng nghi\u1ec7p S\u1ea1ch c\u1ee7a Vi\u1ec7t Nam. H\u00e3y li\u00ean h\u1ec7 v\u1edbi ch\u00fang t\u00f4i n\u1ebfu c\u00e1c b\u1ea1n \u0111ang c\u00f3 nhu c\u1ea7u ngu\u1ed3n h\u00e0ng v\u1ec1 ru\u1ed3i l\u00ednh \u0111en.<\/p>\n","protected":false},"excerpt":{"rendered":"<p><strong>Ph\u00e2n b\u00f3n l\u00e0m t\u1eeb ph\u00e2n \u1ea5u tr\u00f9ng ru\u1ed3i l\u00ednh \u0111en<\/strong> l\u00e0 lo\u1ea1i ph\u00e2n cao c\u1ea5p v\u1edbi h\u00e0m l\u01b0\u1ee3ng dinh d\u01b0\u1ee1ng c\u1ef1c k\u1ef3 cao, r\u1ea5t t\u1ed1t cho c\u00e2y tr\u1ed3ng.<a href=\"https:\/\/kimmyfarm.com\/ky-hieu-viet-tat-npk-co-tren-phan-bon-la-gi-chung-quan-trong-ra-sao-cho-cay-trong\"><strong> Gi\u00e1 tr\u1ecb N-P-K<\/strong> <\/a>l\u00e0 m\u1ed9t c\u00e1ch ph\u1ed5 bi\u1ebfn \u0111\u1ec3 hi\u1ec3n th\u1ecb m\u1ee9c \u0111\u1ed9 dinh d\u01b0\u1ee1ng c\u1ee7a c\u00e1c lo\u1ea1i ph\u00e2n b\u00f3n kh\u00e1c nhau. <strong>Gi\u00e1 tr\u1ecb N-P-K<\/strong> c\u1ee7a m\u1ed9t lo\u1ea1i ph\u00e2n b\u00f3n m\u00f4 t\u1ea3 m\u1ee9c \u0111\u1ed9 t\u1eadp trung c\u1ee7a c\u00e1c ch\u1ea5t dinh d\u01b0\u1ee1ng c\u00f3 trong ph\u00e2n b\u00f3n g\u1ed3m:<em><strong> nit\u01a1 (N), ph\u1ed1t pho (P), kali (K).<\/strong><\/em><\/p>\n","protected":false},"featured_media":11590,"template":"","meta":[],"product_brand":[],"product_cat":[64,19],"product_tag":[123,121],"class_list":{"0":"post-11587","1":"product","2":"type-product","3":"status-publish","4":"has-post-thumbnail","6":"product_cat-phan-bon","7":"product_cat-ruoi-linh-den","8":"product_tag-phan-bon","9":"product_tag-ruoi-linh-den","11":"first","12":"instock","13":"shipping-taxable","14":"product-type-simple"},"_links":{"self":[{"href":"https:\/\/kimmyfarm.com\/en\/wp-json\/wp\/v2\/product\/11587","targetHints":{"allow":["GET"]}}],"collection":[{"href":"https:\/\/kimmyfarm.com\/en\/wp-json\/wp\/v2\/product"}],"about":[{"href":"https:\/\/kimmyfarm.com\/en\/wp-json\/wp\/v2\/types\/product"}],"version-history":[{"count":0,"href":"https:\/\/kimmyfarm.com\/en\/wp-json\/wp\/v2\/product\/11587\/revisions"}],"wp:featuredmedia":[{"embeddable":true,"href":"https:\/\/kimmyfarm.com\/en\/wp-json\/wp\/v2\/media\/11590"}],"wp:attachment":[{"href":"https:\/\/kimmyfarm.com\/en\/wp-json\/wp\/v2\/media?parent=11587"}],"wp:term":[{"taxonomy":"product_brand","embeddable":true,"href":"https:\/\/kimmyfarm.com\/en\/wp-json\/wp\/v2\/product_brand?post=11587"},{"taxonomy":"product_cat","embeddable":true,"href":"https:\/\/kimmyfarm.com\/en\/wp-json\/wp\/v2\/product_cat?post=11587"},{"taxonomy":"product_tag","embeddable":true,"href":"https:\/\/kimmyfarm.com\/en\/wp-json\/wp\/v2\/product_tag?post=11587"}],"curies":[{"name":"wp","href":"https:\/\/api.w.org\/{rel}","templated":true}]}}