{"id":34879,"date":"2022-03-08T20:56:53","date_gmt":"2022-03-08T13:56:53","guid":{"rendered":"https:\/\/kimmyfarm.com\/product\/ganze-cashewkerne-mit-butter-und-zucker-in-pet-dose-250g"},"modified":"2022-03-08T20:56:53","modified_gmt":"2022-03-08T13:56:53","slug":"ganze-cashewkerne-mit-butter-und-zucker-in-pet-dose-250g","status":"publish","type":"product","link":"https:\/\/kimmyfarm.com\/de\/produkt\/ganze-cashewkerne-mit-butter-und-zucker-in-pet-dose-250g","title":{"rendered":"Ganze Cashewkerne mit Butter und Zucker in PET-Dose \u2013 250g"},"content":{"rendered":"","protected":false},"excerpt":{"rendered":"<p><strong>Cashewkerne mit Butter und Zucker<\/strong> haben einen nussigen, s\u00fc\u00dfen und cremigen Geschmack. F\u00fcr dieses Produkt werden <strong>hochwertige Cashewkerne mit feinem Salz, wei\u00dfem Zucker und hochwertiger Butter<\/strong> kombiniert. So entsteht ein besonderer Snack mit einem reichen Aroma, das man nicht so schnell vergisst.<\/p>\n<p><strong>Ger\u00f6stete Cashewkerne mit Butter und Zucker<\/strong> sind ideal f\u00fcr alle, die s\u00fc\u00dfe und cremige Snacks m\u00f6gen. Sie eignen sich gut zum direkten Verzehr, als Geschenk oder als Snack f\u00fcr Familie, Freunde und G\u00e4ste.<\/p>\n<p><strong>Produkt\u00fcbersicht: Cashewkerne mit Butter und Zucker \u2013 250g<\/strong><\/p>\n<ul>\n<li><strong>Nettogewicht:<\/strong> 250g<\/li>\n<li><strong>Zutaten:<\/strong> Cashewkerne 92%, Butter &amp; Zucker 5%, Salz 1%<\/li>\n<li><strong>Kerngr\u00f6\u00dfe:<\/strong> Premium-Cashewkerne W240 <em>(395\u2013465 Kerne\/kg \u2013 gro\u00dfe Kerne \u2013 Klasse A)<\/em><\/li>\n<li><strong>Herkunft:<\/strong> Vietnam<\/li>\n<li><strong>Verpackung:<\/strong> Hochwertige PET-Dose<\/li>\n<li><strong>Haltbarkeit:<\/strong> 12 Monate<\/li>\n<li><strong>Beschreibung:<\/strong> Ganze Cashewkerne mit Butter und Zucker, ohne Testa.<\/li>\n<\/ul>\n[su_button url=\"https:\/\/vinanuts.com.vn\/san-pham\/hat-dieu-rang-bo-250g-hu-nhua-tron\" background=\"#6B9F1D\" size=\"10\" center=\"yes\"]PRODUKT HIER KAUFEN[\/su_button]\n","protected":false},"featured_media":26417,"template":"","meta":[],"product_brand":[],"product_cat":[252,514],"product_tag":[294,535,536],"class_list":{"0":"post-34879","1":"product","2":"type-product","3":"status-publish","4":"has-post-thumbnail","6":"product_cat-binh-phuoc-cashewnusse","7":"product_cat-cashewkerne-mit-butter-gerostet","8":"product_tag-cashewnusse","9":"product_tag-gerostete-cashewkerne","10":"product_tag-gerostete-cashewkerne-mit-butter","12":"first","13":"instock","14":"shipping-taxable","15":"product-type-simple"},"_links":{"self":[{"href":"https:\/\/kimmyfarm.com\/de\/wp-json\/wp\/v2\/product\/34879","targetHints":{"allow":["GET"]}}],"collection":[{"href":"https:\/\/kimmyfarm.com\/de\/wp-json\/wp\/v2\/product"}],"about":[{"href":"https:\/\/kimmyfarm.com\/de\/wp-json\/wp\/v2\/types\/product"}],"version-history":[{"count":0,"href":"https:\/\/kimmyfarm.com\/de\/wp-json\/wp\/v2\/product\/34879\/revisions"}],"wp:featuredmedia":[{"embeddable":true,"href":"https:\/\/kimmyfarm.com\/de\/wp-json\/wp\/v2\/media\/26417"}],"wp:attachment":[{"href":"https:\/\/kimmyfarm.com\/de\/wp-json\/wp\/v2\/media?parent=34879"}],"wp:term":[{"taxonomy":"product_brand","embeddable":true,"href":"https:\/\/kimmyfarm.com\/de\/wp-json\/wp\/v2\/product_brand?post=34879"},{"taxonomy":"product_cat","embeddable":true,"href":"https:\/\/kimmyfarm.com\/de\/wp-json\/wp\/v2\/product_cat?post=34879"},{"taxonomy":"product_tag","embeddable":true,"href":"https:\/\/kimmyfarm.com\/de\/wp-json\/wp\/v2\/product_tag?post=34879"}],"curies":[{"name":"wp","href":"https:\/\/api.w.org\/{rel}","templated":true}]}}