{"id":34875,"date":"2022-03-08T17:35:28","date_gmt":"2022-03-08T10:35:28","guid":{"rendered":"https:\/\/kimmyfarm.com\/product\/geroestete-gesalzene-ganze-cashewkerne-w240-in-pet-dose-250g"},"modified":"2022-03-08T17:35:28","modified_gmt":"2022-03-08T10:35:28","slug":"geroestete-gesalzene-ganze-cashewkerne-w240-in-pet-dose-250g","status":"publish","type":"product","link":"https:\/\/kimmyfarm.com\/de\/produkt\/geroestete-gesalzene-ganze-cashewkerne-w240-in-pet-dose-250g","title":{"rendered":"Ger\u00f6stete gesalzene ganze Cashewkerne W240 in PET-Dose \u2013 250g"},"content":{"rendered":"","protected":false},"excerpt":{"rendered":"<p><strong>Ger\u00f6stete gesalzene Cashewkerne<\/strong> von Kimmy Farm werden aus hochwertigen vietnamesischen Cashewkernen ausgew\u00e4hlt. Die Kerne sind ganz, gleichm\u00e4\u00dfig in der Farbe, gro\u00df im Format, nicht \u00f6lig und sicher verpackt.<\/p>\n<p>Dieses Produkt eignet sich ideal zum direkten Verzehr, als Snack, zum Mischen mit anderen Lebensmitteln oder als Geschenk f\u00fcr Familie, Freunde und Kunden. Auch f\u00fcr den Versand ins Ausland ist es gut geeignet.<\/p>\n<p><strong>Produkt\u00fcbersicht: Ger\u00f6stete gesalzene Cashewkerne \u2013 250g<\/strong><\/p>\n<ul>\n<li><strong>Nettogewicht:<\/strong> 250g <em>(ohne Verpackung)<\/em><\/li>\n<li><strong>Zutaten:<\/strong> Cashewkerne 99%, Salz 1\u20130,1%<\/li>\n<li><strong>Kerngr\u00f6\u00dfe:<\/strong> Premium-Cashewkerne W240 <em>(395\u2013465 Kerne\/kg \u2013 gro\u00dfe Kerne \u2013 Klasse A)<\/em><\/li>\n<li><strong>Herkunft:<\/strong> Vietnam<\/li>\n<li><strong>Verpackung:<\/strong> Hochwertige PET-Kunststoffdose<\/li>\n<li><strong>Haltbarkeit:<\/strong> 12 Monate<\/li>\n<li><strong>Beschreibung:<\/strong> Ger\u00f6stete gesalzene Cashewkerne mit Testa, hergestellt nur aus ganzen Kernen.<\/li>\n<\/ul>\n[su_button url=\"https:\/\/vinanuts.com.vn\/san-pham\/hat-dieu-rang-muoi-vo-lua-250g\" background=\"#6B9F1D\" size=\"10\" center=\"yes\"]PRODUKT HIER KAUFEN[\/su_button]\n","protected":false},"featured_media":26365,"template":"","meta":[],"product_brand":[],"product_cat":[252,515],"product_tag":[294,535,534],"class_list":{"0":"post-34875","1":"product","2":"type-product","3":"status-publish","4":"has-post-thumbnail","6":"product_cat-binh-phuoc-cashewnusse","7":"product_cat-gerostete-und-gesalzene-cashewkerne","8":"product_tag-cashewnusse","9":"product_tag-gerostete-cashewkerne","10":"product_tag-gerostete-gesalzene-cashewkerne","12":"first","13":"instock","14":"shipping-taxable","15":"product-type-simple"},"_links":{"self":[{"href":"https:\/\/kimmyfarm.com\/de\/wp-json\/wp\/v2\/product\/34875","targetHints":{"allow":["GET"]}}],"collection":[{"href":"https:\/\/kimmyfarm.com\/de\/wp-json\/wp\/v2\/product"}],"about":[{"href":"https:\/\/kimmyfarm.com\/de\/wp-json\/wp\/v2\/types\/product"}],"version-history":[{"count":0,"href":"https:\/\/kimmyfarm.com\/de\/wp-json\/wp\/v2\/product\/34875\/revisions"}],"wp:featuredmedia":[{"embeddable":true,"href":"https:\/\/kimmyfarm.com\/de\/wp-json\/wp\/v2\/media\/26365"}],"wp:attachment":[{"href":"https:\/\/kimmyfarm.com\/de\/wp-json\/wp\/v2\/media?parent=34875"}],"wp:term":[{"taxonomy":"product_brand","embeddable":true,"href":"https:\/\/kimmyfarm.com\/de\/wp-json\/wp\/v2\/product_brand?post=34875"},{"taxonomy":"product_cat","embeddable":true,"href":"https:\/\/kimmyfarm.com\/de\/wp-json\/wp\/v2\/product_cat?post=34875"},{"taxonomy":"product_tag","embeddable":true,"href":"https:\/\/kimmyfarm.com\/de\/wp-json\/wp\/v2\/product_tag?post=34875"}],"curies":[{"name":"wp","href":"https:\/\/api.w.org\/{rel}","templated":true}]}}