{"id":34874,"date":"2022-03-08T21:04:38","date_gmt":"2022-03-08T14:04:38","guid":{"rendered":"https:\/\/kimmyfarm.com\/product\/ganze-cashewkerne-mit-butter-und-zucker-vakuumverpackt-500g"},"modified":"2022-03-08T21:04:38","modified_gmt":"2022-03-08T14:04:38","slug":"ganze-cashewkerne-mit-butter-und-zucker-vakuumverpackt-500g","status":"publish","type":"product","link":"https:\/\/kimmyfarm.com\/de\/produkt\/ganze-cashewkerne-mit-butter-und-zucker-vakuumverpackt-500g","title":{"rendered":"Ganze Cashewkerne mit Butter und Zucker, vakuumverpackt \u2013 500g"},"content":{"rendered":"","protected":false},"excerpt":{"rendered":"<p><strong>Cashewkerne mit Butter und Zucker<\/strong> haben einen nussigen, s\u00fc\u00dfen und cremigen Geschmack. F\u00fcr dieses Produkt werden <strong>hochwertige Cashewkerne mit feinem Salz, wei\u00dfem Zucker und hochwertiger Butter<\/strong> kombiniert. So entsteht ein besonderer Snack mit einem reichen Aroma, das lange in Erinnerung bleibt.<\/p>\n<p><strong>Ger\u00f6stete Cashewkerne mit Butter und Zucker<\/strong> sind ideal f\u00fcr alle, die gerne s\u00fc\u00dfe und cremige Snacks genie\u00dfen. Sie eignen sich auch gut als Geschenk, als Snack f\u00fcr G\u00e4ste oder zum direkten Verzehr zu Hause.<\/p>\n<p><strong>Produkt\u00fcbersicht: Cashewkerne mit Butter und Zucker \u2013 500g<\/strong><\/p>\n<ul>\n<li><strong>Nettogewicht:<\/strong> 500g<\/li>\n<li><strong>Zutaten:<\/strong> Cashewkerne 92%, Butter &amp; Zucker 5%, Salz 1%<\/li>\n<li><strong>Kerngr\u00f6\u00dfe:<\/strong> Premium-Cashewkerne W240 <em>(395\u2013465 Kerne\/kg \u2013 gro\u00dfe Kerne \u2013 Klasse A)<\/em><\/li>\n<li><strong>Herkunft:<\/strong> Vietnam<\/li>\n<li><strong>Verpackung:<\/strong> Vakuumverpackter Beutel<\/li>\n<li><strong>Haltbarkeit:<\/strong> 12 Monate<\/li>\n<li><strong>Beschreibung:<\/strong> Ganze Cashewkerne mit Butter und Zucker, ohne Testa.<\/li>\n<\/ul>\n[su_button url=\"https:\/\/vinanuts.com.vn\/san-pham\/hat-dieu-rang-bo-500g-tui-hut-chan-khong\" background=\"#6B9F1D\" size=\"10\" center=\"yes\"]PRODUKT HIER KAUFEN[\/su_button]\n","protected":false},"featured_media":26438,"template":"","meta":[],"product_brand":[],"product_cat":[252,514],"product_tag":[294,535,536],"class_list":{"0":"post-34874","1":"product","2":"type-product","3":"status-publish","4":"has-post-thumbnail","6":"product_cat-binh-phuoc-cashewnusse","7":"product_cat-cashewkerne-mit-butter-gerostet","8":"product_tag-cashewnusse","9":"product_tag-gerostete-cashewkerne","10":"product_tag-gerostete-cashewkerne-mit-butter","12":"first","13":"instock","14":"shipping-taxable","15":"product-type-simple"},"_links":{"self":[{"href":"https:\/\/kimmyfarm.com\/de\/wp-json\/wp\/v2\/product\/34874","targetHints":{"allow":["GET"]}}],"collection":[{"href":"https:\/\/kimmyfarm.com\/de\/wp-json\/wp\/v2\/product"}],"about":[{"href":"https:\/\/kimmyfarm.com\/de\/wp-json\/wp\/v2\/types\/product"}],"version-history":[{"count":0,"href":"https:\/\/kimmyfarm.com\/de\/wp-json\/wp\/v2\/product\/34874\/revisions"}],"wp:featuredmedia":[{"embeddable":true,"href":"https:\/\/kimmyfarm.com\/de\/wp-json\/wp\/v2\/media\/26438"}],"wp:attachment":[{"href":"https:\/\/kimmyfarm.com\/de\/wp-json\/wp\/v2\/media?parent=34874"}],"wp:term":[{"taxonomy":"product_brand","embeddable":true,"href":"https:\/\/kimmyfarm.com\/de\/wp-json\/wp\/v2\/product_brand?post=34874"},{"taxonomy":"product_cat","embeddable":true,"href":"https:\/\/kimmyfarm.com\/de\/wp-json\/wp\/v2\/product_cat?post=34874"},{"taxonomy":"product_tag","embeddable":true,"href":"https:\/\/kimmyfarm.com\/de\/wp-json\/wp\/v2\/product_tag?post=34874"}],"curies":[{"name":"wp","href":"https:\/\/api.w.org\/{rel}","templated":true}]}}