{"id":34871,"date":"2022-02-15T18:31:55","date_gmt":"2022-02-15T11:31:55","guid":{"rendered":"https:\/\/kimmyfarm.com\/product\/rohe-cashewnuesse-aus-tansania"},"modified":"2022-02-15T18:31:55","modified_gmt":"2022-02-15T11:31:55","slug":"rohe-cashewnuesse-aus-tansania","status":"publish","type":"product","link":"https:\/\/kimmyfarm.com\/de\/produkt\/rohe-cashewnuesse-aus-tansania","title":{"rendered":"Rohe Cashewn\u00fcsse aus Tansania"},"content":{"rendered":"<h2>Rohe Cashewn\u00fcsse aus Tansania<\/h2>\n<p>Tansania ist ein ostafrikanisches Land, das f\u00fcr seine gro\u00dfen nat\u00fcrlichen Anbaufl\u00e4chen bekannt ist. Die gesamte Cashew-Anbaufl\u00e4che in Tansania betr\u00e4gt rund <strong>695.683 Hektar<\/strong>.<\/p>\n<p>Etwa <strong>90% der Cashew-Anbaufl\u00e4chen<\/strong> befinden sich in den drei Regionen <strong>Mtwara, Lindi und Pwani<\/strong>. Mtwara ist mit rund <strong>327.281 Hektar<\/strong> die gr\u00f6\u00dfte Cashew-Anbauregion und macht etwa <strong>47,0%<\/strong> der gesamten Fl\u00e4che aus. Danach folgen Lindi mit rund <strong>207.951 Hektar<\/strong> <em>(29,9%)<\/em> und Pwani mit rund <strong>91.815 Hektar<\/strong> <em>(13,2%)<\/em>.<\/p>\n<p>Die Cashew-Saison in Tansania dauert jedes Jahr von <strong>Oktober bis Februar<\/strong>.<\/p>\n<p><strong>=&gt; Mehr erfahren:<\/strong> <a href=\"https:\/\/kimmyfarm.com\/hat-dieu-tho-va-hat-dieu-nhan-la-gi-chung-khac-nhau-ra-sao\">Was sind rohe Cashewn\u00fcsse und Cashewkerne? Worin unterscheiden sie sich?<\/a><\/p>\n<p><img decoding=\"async\" class=\"size-full wp-image-17375 aligncenter\" src=\"https:\/\/cdn.statically.io\/img\/kimmyfarm.com\/wp-content\/uploads\/2021\/03\/Raw-cashew-nut-RCN-Cashew-Fruit-1.jpg?f=auto\" sizes=\"(max-width: 1056px) 100vw, 1056px\" srcset=\"https:\/\/cdn.statically.io\/img\/kimmyfarm.com\/wp-content\/uploads\/2021\/03\/Raw-cashew-nut-RCN-Cashew-Fruit-1.jpg?f=auto 1056w, https:\/\/cdn.statically.io\/img\/kimmyfarm.com\/wp-content\/uploads\/2021\/03\/Raw-cashew-nut-RCN-Cashew-Fruit-1-150x60.jpg?f=auto 150w\" alt=\"Cashew\u00e4pfel bestehen zu etwa 90% aus Frucht und zu etwa 10% aus roher Cashewnuss.\" width=\"1056\" height=\"420\" \/><\/p>\n<p id=\"caption-attachment-17375\" class=\"wp-caption-text\">Ein Cashewapfel besteht zu etwa 90% aus Frucht und zu etwa 10% aus roher Cashewnuss.<\/p>\n","protected":false},"excerpt":{"rendered":"<p><strong>Rohe Cashewn\u00fcsse aus Tansania<\/strong> sind gro\u00dfe rohe Cashewn\u00fcsse mit hoher Qualit\u00e4t und guter Ausbeute.<\/p>\n<ul>\n<li><strong>LBS:<\/strong> 50<\/li>\n<li><strong>Nussanzahl:<\/strong> 200<\/li>\n<li><strong>Ausbeute:<\/strong> 28\u201329%<\/li>\n<li><strong>Feuchtigkeit:<\/strong> 10\u201312%<\/li>\n<li><strong>Erntesaison:<\/strong> Neueste Erntesaison<\/li>\n<li><strong>Preis:<\/strong> Bitte kontaktieren Sie uns f\u00fcr ein Angebot.<\/li>\n<\/ul>\n","protected":false},"featured_media":25852,"template":"","meta":[],"product_brand":[],"product_cat":[252,254],"product_tag":[303],"class_list":{"0":"post-34871","1":"product","2":"type-product","3":"status-publish","4":"has-post-thumbnail","6":"product_cat-binh-phuoc-cashewnusse","7":"product_cat-rohes-cashew","8":"product_tag-rohes-cashewnuss","10":"first","11":"instock","12":"shipping-taxable","13":"product-type-simple"},"_links":{"self":[{"href":"https:\/\/kimmyfarm.com\/de\/wp-json\/wp\/v2\/product\/34871","targetHints":{"allow":["GET"]}}],"collection":[{"href":"https:\/\/kimmyfarm.com\/de\/wp-json\/wp\/v2\/product"}],"about":[{"href":"https:\/\/kimmyfarm.com\/de\/wp-json\/wp\/v2\/types\/product"}],"version-history":[{"count":0,"href":"https:\/\/kimmyfarm.com\/de\/wp-json\/wp\/v2\/product\/34871\/revisions"}],"wp:featuredmedia":[{"embeddable":true,"href":"https:\/\/kimmyfarm.com\/de\/wp-json\/wp\/v2\/media\/25852"}],"wp:attachment":[{"href":"https:\/\/kimmyfarm.com\/de\/wp-json\/wp\/v2\/media?parent=34871"}],"wp:term":[{"taxonomy":"product_brand","embeddable":true,"href":"https:\/\/kimmyfarm.com\/de\/wp-json\/wp\/v2\/product_brand?post=34871"},{"taxonomy":"product_cat","embeddable":true,"href":"https:\/\/kimmyfarm.com\/de\/wp-json\/wp\/v2\/product_cat?post=34871"},{"taxonomy":"product_tag","embeddable":true,"href":"https:\/\/kimmyfarm.com\/de\/wp-json\/wp\/v2\/product_tag?post=34871"}],"curies":[{"name":"wp","href":"https:\/\/api.w.org\/{rel}","templated":true}]}}