{"id":34870,"date":"2022-02-15T19:06:38","date_gmt":"2022-02-15T12:06:38","guid":{"rendered":"https:\/\/kimmyfarm.com\/product\/rohe-cashewnuesse-aus-guinea-bissau"},"modified":"2022-02-15T19:06:38","modified_gmt":"2022-02-15T12:06:38","slug":"rohe-cashewnuesse-aus-guinea-bissau","status":"publish","type":"product","link":"https:\/\/kimmyfarm.com\/de\/produkt\/rohe-cashewnuesse-aus-guinea-bissau","title":{"rendered":"Rohe Cashewn\u00fcsse aus Guinea-Bissau"},"content":{"rendered":"<h2>Rohe Cashewn\u00fcsse aus Guinea-Bissau<\/h2>\n<p>Guinea-Bissau liegt in Westafrika und z\u00e4hlt zu den wichtigsten Cashew-Produzenten der Region. Das Land gilt als zweitgr\u00f6\u00dfter Cashew-Produzent Westafrikas und geh\u00f6rt zugleich zu den f\u00fchrenden Herkunftsl\u00e4ndern f\u00fcr rohe Cashewn\u00fcsse weltweit.<\/p>\n<p>Heute ist Guinea-Bissau einer der bedeutenden Produzenten von rohen Cashewn\u00fcssen. Die Cashewbranche spielt eine sehr wichtige Rolle in der Wirtschaft des Landes und ist eine zentrale Einkommensquelle f\u00fcr viele landwirtschaftliche Betriebe und lokale Lieferketten.<\/p>\n","protected":false},"excerpt":{"rendered":"<p><strong>Rohe Cashewn\u00fcsse aus Guinea-Bissau:<\/strong><\/p>\n<ul>\n<li><strong>LBS:<\/strong> 52<\/li>\n<li><strong>Nussanzahl:<\/strong> 220<\/li>\n<li><strong>Ausbeute:<\/strong> 29\u201330%<\/li>\n<li><strong>Feuchtigkeit:<\/strong> 10\u201312%<\/li>\n<li><strong>Erntesaison:<\/strong> Neueste Erntesaison<\/li>\n<li><strong>Preis:<\/strong> Bitte kontaktieren Sie uns f\u00fcr ein Angebot.<\/li>\n<\/ul>\n","protected":false},"featured_media":25848,"template":"","meta":[],"product_brand":[],"product_cat":[252,254],"product_tag":[303],"class_list":{"0":"post-34870","1":"product","2":"type-product","3":"status-publish","4":"has-post-thumbnail","6":"product_cat-binh-phuoc-cashewnusse","7":"product_cat-rohes-cashew","8":"product_tag-rohes-cashewnuss","10":"first","11":"instock","12":"shipping-taxable","13":"product-type-simple"},"_links":{"self":[{"href":"https:\/\/kimmyfarm.com\/de\/wp-json\/wp\/v2\/product\/34870","targetHints":{"allow":["GET"]}}],"collection":[{"href":"https:\/\/kimmyfarm.com\/de\/wp-json\/wp\/v2\/product"}],"about":[{"href":"https:\/\/kimmyfarm.com\/de\/wp-json\/wp\/v2\/types\/product"}],"version-history":[{"count":0,"href":"https:\/\/kimmyfarm.com\/de\/wp-json\/wp\/v2\/product\/34870\/revisions"}],"wp:featuredmedia":[{"embeddable":true,"href":"https:\/\/kimmyfarm.com\/de\/wp-json\/wp\/v2\/media\/25848"}],"wp:attachment":[{"href":"https:\/\/kimmyfarm.com\/de\/wp-json\/wp\/v2\/media?parent=34870"}],"wp:term":[{"taxonomy":"product_brand","embeddable":true,"href":"https:\/\/kimmyfarm.com\/de\/wp-json\/wp\/v2\/product_brand?post=34870"},{"taxonomy":"product_cat","embeddable":true,"href":"https:\/\/kimmyfarm.com\/de\/wp-json\/wp\/v2\/product_cat?post=34870"},{"taxonomy":"product_tag","embeddable":true,"href":"https:\/\/kimmyfarm.com\/de\/wp-json\/wp\/v2\/product_tag?post=34870"}],"curies":[{"name":"wp","href":"https:\/\/api.w.org\/{rel}","templated":true}]}}