{"id":34869,"date":"2022-02-16T08:25:23","date_gmt":"2022-02-16T01:25:23","guid":{"rendered":"https:\/\/kimmyfarm.com\/product\/rohe-cashewnuesse-aus-kambodscha"},"modified":"2022-02-16T08:25:23","modified_gmt":"2022-02-16T01:25:23","slug":"rohe-cashewnuesse-aus-kambodscha","status":"publish","type":"product","link":"https:\/\/kimmyfarm.com\/de\/produkt\/rohe-cashewnuesse-aus-kambodscha","title":{"rendered":"Rohe Cashewn\u00fcsse aus Kambodscha"},"content":{"rendered":"<p>Derzeit verf\u00fcgt <strong>Kambodscha \u00fcber mehr als 500.000 Hektar Cashew-Anbaufl\u00e4che<\/strong>, verteilt auf 10 Provinzen, die sich auf den Anbau von Cashewb\u00e4umen spezialisiert haben.<\/p>\n<p>Zu den vier Provinzen mit der gr\u00f6\u00dften Cashew-Anbaufl\u00e4che geh\u00f6ren <strong>Kampong Thom mit rund 90.959 Hektar, Kratie mit rund 47.858 Hektar, Ratanakiri mit rund 30.459 Hektar<\/strong> und <strong>Kampong Cham mit rund 24.364 Hektar<\/strong>.<\/p>\n<p>Die Cashew-Plantagen in der Provinz Ratanakiri in Kambodscha werden derzeit weiter ausgebaut. Es wird erwartet, dass die Anbaufl\u00e4chen auch in der kommenden Saison weiter wachsen, da die Nachfrage Vietnams nach rohen Cashewn\u00fcssen als Verarbeitungsrohstoff stetig steigt.<\/p>\n<p><img decoding=\"async\" class=\"size-full wp-image-25858 aligncenter\" src=\"https:\/\/kimmyfarm.com\/wp-content\/uploads\/2022\/02\/hat-dieu-tho-campuchia.jpg\" alt=\"Rohe Cashewn\u00fcsse aus Kambodscha\" width=\"500\" height=\"500\" srcset=\"https:\/\/kimmyfarm.com\/wp-content\/uploads\/2022\/02\/hat-dieu-tho-campuchia.jpg 500w, https:\/\/kimmyfarm.com\/wp-content\/uploads\/2022\/02\/hat-dieu-tho-campuchia-150x150.jpg 150w, https:\/\/kimmyfarm.com\/wp-content\/uploads\/2022\/02\/hat-dieu-tho-campuchia-45x45.jpg 45w\" sizes=\"(max-width: 500px) 100vw, 500px\" \/><\/p>\n","protected":false},"excerpt":{"rendered":"<p><strong>Rohe Cashewn\u00fcsse aus Kambodscha<\/strong> sind mittelgro\u00dfe rohe Cashewn\u00fcsse, die h\u00e4ufig nach Vietnam importiert werden, um dort weiterverarbeitet und zu Cashewkernen gesch\u00e4lt zu werden. Diese Sorte unterscheidet sich von den besonders gro\u00dfen kambodschanischen A-Grade-Cashewn\u00fcssen.<\/p>\n<ul>\n<li><strong>LBS:<\/strong> 50<\/li>\n<li><strong>Nussanzahl:<\/strong> 190<\/li>\n<li><strong>Ausbeute:<\/strong> 29%<\/li>\n<li><strong>Feuchtigkeit:<\/strong> 10\u201312%<\/li>\n<li><strong>Erntesaison:<\/strong> Neueste Erntesaison<\/li>\n<li><strong>Preis:<\/strong> Bitte kontaktieren Sie uns f\u00fcr ein Angebot.<\/li>\n<\/ul>\n","protected":false},"featured_media":25860,"template":"","meta":[],"product_brand":[],"product_cat":[252,254],"product_tag":[303],"class_list":{"0":"post-34869","1":"product","2":"type-product","3":"status-publish","4":"has-post-thumbnail","6":"product_cat-binh-phuoc-cashewnusse","7":"product_cat-rohes-cashew","8":"product_tag-rohes-cashewnuss","10":"first","11":"instock","12":"shipping-taxable","13":"product-type-simple"},"_links":{"self":[{"href":"https:\/\/kimmyfarm.com\/de\/wp-json\/wp\/v2\/product\/34869","targetHints":{"allow":["GET"]}}],"collection":[{"href":"https:\/\/kimmyfarm.com\/de\/wp-json\/wp\/v2\/product"}],"about":[{"href":"https:\/\/kimmyfarm.com\/de\/wp-json\/wp\/v2\/types\/product"}],"version-history":[{"count":0,"href":"https:\/\/kimmyfarm.com\/de\/wp-json\/wp\/v2\/product\/34869\/revisions"}],"wp:featuredmedia":[{"embeddable":true,"href":"https:\/\/kimmyfarm.com\/de\/wp-json\/wp\/v2\/media\/25860"}],"wp:attachment":[{"href":"https:\/\/kimmyfarm.com\/de\/wp-json\/wp\/v2\/media?parent=34869"}],"wp:term":[{"taxonomy":"product_brand","embeddable":true,"href":"https:\/\/kimmyfarm.com\/de\/wp-json\/wp\/v2\/product_brand?post=34869"},{"taxonomy":"product_cat","embeddable":true,"href":"https:\/\/kimmyfarm.com\/de\/wp-json\/wp\/v2\/product_cat?post=34869"},{"taxonomy":"product_tag","embeddable":true,"href":"https:\/\/kimmyfarm.com\/de\/wp-json\/wp\/v2\/product_tag?post=34869"}],"curies":[{"name":"wp","href":"https:\/\/api.w.org\/{rel}","templated":true}]}}