{"id":34868,"date":"2022-05-03T10:02:33","date_gmt":"2022-05-03T03:02:33","guid":{"rendered":"https:\/\/kimmyfarm.com\/product\/proteinpulver-aus-larven-der-schwarzen-soldatenfliege-entfettet-10kg"},"modified":"2022-05-03T10:02:33","modified_gmt":"2022-05-03T03:02:33","slug":"proteinpulver-aus-larven-der-schwarzen-soldatenfliege-entfettet-10kg","status":"publish","type":"product","link":"https:\/\/kimmyfarm.com\/de\/produkt\/proteinpulver-aus-larven-der-schwarzen-soldatenfliege-entfettet-10kg","title":{"rendered":"Proteinpulver aus Larven der Schwarzen Soldatenfliege, entfettet \u2013 10kg"},"content":{"rendered":"<h2 id=\"bsfl-proteinpulver-entfettet-10kg\" class=\"ftwp-heading\">Proteinpulver aus Larven der Schwarzen Soldatenfliege, entfettet \u2013 10kg<\/h2>\n<p><strong>Proteinpulver aus Larven der Schwarzen Soldatenfliege<\/strong> <em>(auch bekannt als Calciumwurm-Pulver, BSFL-Pulver oder Black Soldier Fly Larvae Meal)<\/em> wird aus getrockneten Larven der Schwarzen Soldatenfliege hergestellt und fein vermahlen.<\/p>\n<p>F\u00fcr dieses Produkt verwenden wir hochwertige kommerzielle Larven mit wertvollen N\u00e4hrstoffen f\u00fcr Tiere. Das Pulver besteht aus <strong>100% reinen, getrockneten Larven der Schwarzen Soldatenfliege, die bereits entfettet wurden<\/strong>. Alle Larven stammen von unserer Farm in Tay Ninh, Vietnam, wo Klima und Umgebung sehr gut f\u00fcr die Zucht geeignet sind.<\/p>\n<p><strong>Larven der Schwarzen Soldatenfliege<\/strong> <em>(auch Calciumw\u00fcrmer genannt)<\/em> sind eine nat\u00fcrliche, n\u00e4hrstoffreiche Futterquelle. Sie enthalten viel Protein, wertvolle Fette, Calcium und weitere wichtige N\u00e4hrstoffe. BSFL-Proteinmehl ist eine gute Erg\u00e4nzung f\u00fcr die Ern\u00e4hrung vieler Tierarten und kann als nachhaltige Proteinquelle eingesetzt werden.<\/p>\n<table style=\"width: 60.2904%;\" border=\"1\" cellspacing=\"1\" cellpadding=\"1\">\n<tbody>\n<tr style=\"height: 39px;\">\n<td style=\"width: 29.8423%; height: 39px;\"><strong>Produktname<\/strong><\/td>\n<td style=\"width: 100.915%; height: 39px;\">Getrocknetes Proteinpulver aus Larven der Schwarzen Soldatenfliege <em>(rein)<\/em><\/td>\n<\/tr>\n<tr style=\"height: 40px;\">\n<td style=\"width: 29.8423%; height: 40px;\"><strong>Hergestellt aus<\/strong><\/td>\n<td style=\"width: 100.915%; height: 40px;\">100% getrocknete Larven der Schwarzen Soldatenfliege <em>(entfettet)<\/em><\/td>\n<\/tr>\n<tr style=\"height: 40px;\">\n<td style=\"width: 29.8423%; height: 40px;\"><strong>Zustand<\/strong><\/td>\n<td style=\"width: 100.915%; height: 40px;\">Feines, trockenes Pulver, nicht verklumpt<\/td>\n<\/tr>\n<tr style=\"height: 40px;\">\n<td style=\"width: 29.8423%; height: 40px;\"><strong>Geeignet f\u00fcr<\/strong><\/td>\n<td style=\"width: 100.915%; height: 40px;\">Tierfutter f\u00fcr Hunde, Katzen, Fische, Garnelen, Reptilien und weitere Tierarten<\/td>\n<\/tr>\n<\/tbody>\n<\/table>\n<p><strong>=&gt; Mehr erfahren:<\/strong> <a href=\"https:\/\/kimmyfarm.com\/anh-huong-tich-cuc-cua-bot-ruoi-linh-den-cho-he-thong-tieu-hoa-cua-heo-con\">Wie wirkt sich BSFL-Proteinmehl positiv auf das Verdauungssystem von Ferkeln aus?<\/a><\/p>\n<div id=\"attachment_16940\" style=\"width: 810px\" class=\"wp-caption aligncenter\"><img decoding=\"async\" aria-describedby=\"caption-attachment-16940\" class=\"wp-image-16940 size-full\" src=\"https:\/\/kimmyfarm.com\/wp-content\/uploads\/2020\/12\/Black-Soldier-Fly-Larvae-Meal-BSFL-Powder-Raw-Image-4.jpg\" alt=\"Proteinpulver aus Larven der Schwarzen Soldatenfliege wird aus getrockneten und fein gemahlenen BSF-Larven hergestellt.\" width=\"800\" height=\"599\" srcset=\"https:\/\/kimmyfarm.com\/wp-content\/uploads\/2020\/12\/Black-Soldier-Fly-Larvae-Meal-BSFL-Powder-Raw-Image-4.jpg 800w, https:\/\/kimmyfarm.com\/wp-content\/uploads\/2020\/12\/Black-Soldier-Fly-Larvae-Meal-BSFL-Powder-Raw-Image-4-150x112.jpg 150w\" sizes=\"(max-width: 800px) 100vw, 800px\" \/><p id=\"caption-attachment-16940\" class=\"wp-caption-text\"><strong>Proteinpulver aus Larven der Schwarzen Soldatenfliege<\/strong> <em>(BSFL Protein Powder)<\/em> wird aus getrockneten und fein gemahlenen Larven hergestellt und wurde bereits entfettet.<\/p><\/div>\n<p style=\"text-align: center;\"><iframe src=\"\/\/www.youtube.com\/embed\/ndS0iv23wiE\" width=\"860\" height=\"482\" allowfullscreen=\"allowfullscreen\"><\/iframe><\/p>\n<h3 class=\"ftwp-heading\">N\u00e4hrwerte des BSFL-Proteinpulvers<\/h3>\n<table style=\"border-collapse: collapse; width: 100%; height: 144px;\">\n<tbody>\n<tr style=\"height: 24px;\">\n<td style=\"width: 7.00164%; height: 24px; text-align: center;\"><strong>Nr.<\/strong><\/td>\n<td style=\"width: 16.3484%; height: 24px; text-align: left;\"><strong>Parameter<\/strong><\/td>\n<td style=\"width: 76.6499%; height: 24px; text-align: center;\"><strong>Ergebnis<\/strong><\/td>\n<\/tr>\n<tr style=\"height: 24px;\">\n<td style=\"width: 7.00164%; text-align: center; height: 24px;\"><strong>1<\/strong><\/td>\n<td style=\"width: 16.3484%; height: 24px; text-align: left;\">Rohprotein<\/td>\n<td style=\"width: 76.6499%; height: 24px; text-align: center;\">55,6%<\/td>\n<\/tr>\n<tr style=\"height: 24px;\">\n<td style=\"width: 7.00164%; text-align: center; height: 24px;\"><strong>2<\/strong><\/td>\n<td style=\"width: 16.3484%; height: 24px; text-align: left;\">Rohfett<\/td>\n<td style=\"width: 76.6499%; height: 24px; text-align: center;\">18,5%<\/td>\n<\/tr>\n<tr style=\"height: 24px;\">\n<td style=\"width: 7.00164%; text-align: center; height: 24px;\"><strong>3<\/strong><\/td>\n<td style=\"width: 16.3484%; height: 24px; text-align: left;\">Rohfaser<\/td>\n<td style=\"width: 76.6499%; height: 24px; text-align: center;\">6,33%<\/td>\n<\/tr>\n<tr style=\"height: 24px;\">\n<td style=\"width: 7.00164%; text-align: center; height: 24px;\"><strong>4<\/strong><\/td>\n<td style=\"width: 16.3484%; height: 24px; text-align: left;\">Asche<\/td>\n<td style=\"width: 76.6499%; height: 24px; text-align: center;\">18%<\/td>\n<\/tr>\n<tr style=\"height: 24px;\">\n<td style=\"width: 7.00164%; text-align: center; height: 24px;\"><strong>5<\/strong><\/td>\n<td style=\"width: 16.3484%; height: 24px; text-align: left;\">Feuchtigkeit<\/td>\n<td style=\"width: 76.6499%; height: 24px; text-align: center;\">4,49%<\/td>\n<\/tr>\n<\/tbody>\n<\/table>\n<h3>Testbericht zum N\u00e4hrwert des BSFL-Proteinpulvers<\/h3>\n<p><img decoding=\"async\" class=\"alignnone size-full wp-image-27021\" src=\"https:\/\/kimmyfarm.com\/wp-content\/uploads\/2022\/04\/BSF-PROTEINS-TEST-REPORT.jpg\" alt=\"Testbericht f\u00fcr Proteinpulver aus Larven der Schwarzen Soldatenfliege\" width=\"1190\" height=\"1684\" srcset=\"https:\/\/kimmyfarm.com\/wp-content\/uploads\/2022\/04\/BSF-PROTEINS-TEST-REPORT.jpg 1190w, https:\/\/kimmyfarm.com\/wp-content\/uploads\/2022\/04\/BSF-PROTEINS-TEST-REPORT-150x212.jpg 150w\" sizes=\"(max-width: 1190px) 100vw, 1190px\" \/><\/p>\n<h2 id=\"produktbilder-und-videos\" class=\"ftwp-heading\">Produktbilder und Videos<\/h2>\n<h3 id=\"bsfl-pulver-videos\" class=\"ftwp-heading\">Videos echter BSFL-Pulverproben von Kimmy Farm<\/h3>\n<p style=\"text-align: center;\"><iframe src=\"\/\/www.youtube.com\/embed\/ndS0iv23wiE\" width=\"860\" height=\"482\" allowfullscreen=\"allowfullscreen\"><\/iframe><\/p>\n<p style=\"text-align: center;\"><iframe src=\"\/\/www.youtube.com\/embed\/GhuGj0uHo5I\" width=\"860\" height=\"482\" allowfullscreen=\"allowfullscreen\"><\/iframe><\/p>\n<h3 class=\"ftwp-heading\">Echte Produktbilder von BSFL-Proteinpulver bei Kimmy Farm<\/h3>\n<div id=\"attachment_16940\" style=\"width: 810px\" class=\"wp-caption aligncenter\"><img decoding=\"async\" aria-describedby=\"caption-attachment-16940\" class=\"wp-image-16940 size-full\" src=\"https:\/\/kimmyfarm.com\/wp-content\/uploads\/2020\/12\/Black-Soldier-Fly-Larvae-Meal-BSFL-Powder-Raw-Image-4.jpg\" alt=\"Echtes Bild von BSFL-Proteinpulver aus unserer Farm in Tay Ninh, Vietnam.\" width=\"800\" height=\"599\" srcset=\"https:\/\/kimmyfarm.com\/wp-content\/uploads\/2020\/12\/Black-Soldier-Fly-Larvae-Meal-BSFL-Powder-Raw-Image-4.jpg 800w, https:\/\/kimmyfarm.com\/wp-content\/uploads\/2020\/12\/Black-Soldier-Fly-Larvae-Meal-BSFL-Powder-Raw-Image-4-150x112.jpg 150w\" sizes=\"(max-width: 800px) 100vw, 800px\" \/><p id=\"caption-attachment-16940\" class=\"wp-caption-text\">Echtes Bild von BSFL-Proteinpulver bei Kimmy Farm.<\/p><\/div>\n<div id=\"attachment_16942\" style=\"width: 810px\" class=\"wp-caption aligncenter\"><img decoding=\"async\" aria-describedby=\"caption-attachment-16942\" class=\"wp-image-16942 size-full\" src=\"https:\/\/kimmyfarm.com\/wp-content\/uploads\/2020\/12\/Black-Soldier-Fly-Larvae-Meal-BSFL-Powder-Raw-Image.jpg\" alt=\"Echtes Bild von BSFL-Proteinpulver aus unserer Farm in Tay Ninh, Vietnam \u2013 Bild 1.\" width=\"800\" height=\"599\" srcset=\"https:\/\/kimmyfarm.com\/wp-content\/uploads\/2020\/12\/Black-Soldier-Fly-Larvae-Meal-BSFL-Powder-Raw-Image.jpg 800w, https:\/\/kimmyfarm.com\/wp-content\/uploads\/2020\/12\/Black-Soldier-Fly-Larvae-Meal-BSFL-Powder-Raw-Image-150x112.jpg 150w\" sizes=\"(max-width: 800px) 100vw, 800px\" \/><p id=\"caption-attachment-16942\" class=\"wp-caption-text\">Echtes Bild von BSFL-Proteinpulver bei Kimmy Farm \u2013 Bild 1.<\/p><\/div>\n<div id=\"attachment_16944\" style=\"width: 810px\" class=\"wp-caption aligncenter\"><img decoding=\"async\" aria-describedby=\"caption-attachment-16944\" class=\"wp-image-16944 size-full\" src=\"https:\/\/kimmyfarm.com\/wp-content\/uploads\/2020\/12\/Black-Soldier-Fly-Larvae-Meal-BSFL-Powder-Raw-Image-2.jpg\" alt=\"Echtes Bild von BSFL-Proteinpulver aus unserer Farm in Tay Ninh, Vietnam \u2013 Bild 2.\" width=\"800\" height=\"599\" srcset=\"https:\/\/kimmyfarm.com\/wp-content\/uploads\/2020\/12\/Black-Soldier-Fly-Larvae-Meal-BSFL-Powder-Raw-Image-2.jpg 800w, https:\/\/kimmyfarm.com\/wp-content\/uploads\/2020\/12\/Black-Soldier-Fly-Larvae-Meal-BSFL-Powder-Raw-Image-2-150x112.jpg 150w\" sizes=\"(max-width: 800px) 100vw, 800px\" \/><p id=\"caption-attachment-16944\" class=\"wp-caption-text\">Echtes Bild von BSFL-Proteinpulver bei Kimmy Farm \u2013 Bild 2.<\/p><\/div>\n<div id=\"attachment_16946\" style=\"width: 810px\" class=\"wp-caption aligncenter\"><img decoding=\"async\" aria-describedby=\"caption-attachment-16946\" class=\"wp-image-16946 size-full\" src=\"https:\/\/kimmyfarm.com\/wp-content\/uploads\/2020\/12\/Black-Soldier-Fly-Larvae-Meal-BSFL-Powder-Raw-Image-3.jpg\" alt=\"Echtes Bild von BSFL-Proteinpulver aus unserer Farm in Tay Ninh, Vietnam \u2013 Bild 3.\" width=\"800\" height=\"599\" srcset=\"https:\/\/kimmyfarm.com\/wp-content\/uploads\/2020\/12\/Black-Soldier-Fly-Larvae-Meal-BSFL-Powder-Raw-Image-3.jpg 800w, https:\/\/kimmyfarm.com\/wp-content\/uploads\/2020\/12\/Black-Soldier-Fly-Larvae-Meal-BSFL-Powder-Raw-Image-3-150x112.jpg 150w\" sizes=\"(max-width: 800px) 100vw, 800px\" \/><p id=\"caption-attachment-16946\" class=\"wp-caption-text\">Echtes Bild von BSFL-Proteinpulver bei Kimmy Farm \u2013 Bild 3.<\/p><\/div>\n<h2 id=\"verpackung-und-versand\" class=\"ftwp-heading\">Verpackung<\/h2>\n<div id=\"attachment_16950\" style=\"width: 810px\" class=\"wp-caption aligncenter\"><img decoding=\"async\" aria-describedby=\"caption-attachment-16950\" class=\"wp-image-16950 size-full\" src=\"https:\/\/kimmyfarm.com\/wp-content\/uploads\/2020\/12\/500-gram-per-unit-1.10-lbs-of-Vacuum-Flexy-Pouches-1.jpg\" alt=\"BSFL-Proteinpulver in PE-Vakuumbeuteln, 500g pro Einheit.\" width=\"800\" height=\"599\" srcset=\"https:\/\/kimmyfarm.com\/wp-content\/uploads\/2020\/12\/500-gram-per-unit-1.10-lbs-of-Vacuum-Flexy-Pouches-1.jpg 800w, https:\/\/kimmyfarm.com\/wp-content\/uploads\/2020\/12\/500-gram-per-unit-1.10-lbs-of-Vacuum-Flexy-Pouches-1-150x112.jpg 150w\" sizes=\"(max-width: 800px) 100vw, 800px\" \/><p id=\"caption-attachment-16950\" class=\"wp-caption-text\">BSFL-Proteinpulver von Kimmy Farm wird in dicken PE-Vakuumbeuteln verpackt.<\/p><\/div>\n<div id=\"attachment_16948\" style=\"width: 810px\" class=\"wp-caption aligncenter\"><img decoding=\"async\" aria-describedby=\"caption-attachment-16948\" class=\"wp-image-16948 size-full\" src=\"https:\/\/kimmyfarm.com\/wp-content\/uploads\/2020\/12\/500-gram-per-unit-1.10-lbs-of-Vacuum-Flexy-Pouches.jpg\" alt=\"BSFL-Proteinpulver in PE-Vakuumbeuteln, 500g pro Einheit \u2013 Bild 1.\" width=\"800\" height=\"599\" srcset=\"https:\/\/kimmyfarm.com\/wp-content\/uploads\/2020\/12\/500-gram-per-unit-1.10-lbs-of-Vacuum-Flexy-Pouches.jpg 800w, https:\/\/kimmyfarm.com\/wp-content\/uploads\/2020\/12\/500-gram-per-unit-1.10-lbs-of-Vacuum-Flexy-Pouches-150x112.jpg 150w\" sizes=\"(max-width: 800px) 100vw, 800px\" \/><p id=\"caption-attachment-16948\" class=\"wp-caption-text\">BSFL-Proteinpulver von Kimmy Farm wird in dicken PE-Vakuumbeuteln verpackt \u2013 Bild 1.<\/p><\/div>\n<p id=\"black-soldier-fly-farm-in-vietnam-contact-us-for-prices\" class=\"ftwp-heading\"><strong>Kimmy Farm \u2013 Qualit\u00e4tslieferant f\u00fcr Produkte aus Schwarzen Soldatenfliegen im S\u00fcden Vietnams.<\/strong> Kimmy Farm liefert Produkte rund um die Schwarze Soldatenfliege, darunter Eier, Larven, Puppen, ausgewachsene Fliegen, leere Puppenh\u00fcllen, organischen D\u00fcnger aus Schwarzen Soldatenfliegen und viele weitere Produkte f\u00fcr saubere Landwirtschaft.<\/p>\n<p>Wir betreiben eine Farm f\u00fcr Schwarze Soldatenfliegen in Tay Ninh, verf\u00fcgen \u00fcber Anbaufl\u00e4chen f\u00fcr saubere Landwirtschaft in Binh Phuoc und haben ein Vertretungsb\u00fcro in Ho-Chi-Minh-Stadt. Kimmy Farm ist eine moderne Farm f\u00fcr saubere Landwirtschaft mit dem Ziel, nachhaltige Agrarl\u00f6sungen zu f\u00f6rdern und das saubere Landwirtschafts\u00f6kosystem Vietnams weiterzuentwickeln.<\/p>\n<p>Bitte kontaktieren Sie uns, wenn Sie eine zuverl\u00e4ssige Bezugsquelle f\u00fcr Produkte aus Schwarzen Soldatenfliegen suchen.<\/p>\n<p><strong>Verwandte Produkte:<\/strong><\/p>\n<p><a href=\"https:\/\/kimmyfarm.com\/de\/produkt\/getrocknete-schwarze-soldatenfliegenlarven-pulver-gewicht-5kg\">https:\/\/kimmyfarm.com\/san-pham\/bot-au-trung-ruoi-linh-den-kho-khoi-luong-5kg<\/a><\/p>\n<p><a href=\"https:\/\/kimmyfarm.com\/de\/produkt\/getrocknetes-pulver-der-schwarzen-soldatenfliegenlarven-gewicht-1kg\">https:\/\/kimmyfarm.com\/san-pham\/bot-au-trung-ruoi-linh-den-kho-khoi-luong-1kg<\/a><\/p>\n","protected":false},"excerpt":{"rendered":"<p><strong>Proteinpulver aus Larven der Schwarzen Soldatenfliege<\/strong> <em>(BSFL Protein Powder)<\/em> wird aus fein gemahlenen Larven der Schwarzen Soldatenfliege hergestellt und anschlie\u00dfend entfettet.<\/p>\n<p>F\u00fcr unser <strong>BSFL-Proteinpulver<\/strong> verwenden wir hochwertige Larven aus kommerzieller Zucht. Das Produkt liefert wertvolle N\u00e4hrstoffe f\u00fcr Tiere und eignet sich als nat\u00fcrliche Proteinquelle f\u00fcr verschiedene Futtermittelanwendungen.<\/p>\n<p><strong>Produkt\u00fcbersicht: Proteinpulver aus Larven der Schwarzen Soldatenfliege<\/strong><\/p>\n<ul>\n<li><strong>Feuchtigkeit:<\/strong> 4,49%<\/li>\n<li><strong>Protein:<\/strong> 55,6%<\/li>\n<li><strong>Fett:<\/strong> 18,5%<\/li>\n<li><strong>Rohfaser:<\/strong> 3,28%<\/li>\n<li><strong>Herkunft:<\/strong> Tay Ninh, Vietnam<\/li>\n<li><strong>Verpackung:<\/strong> 500g pro Beutel <em>(1.10 lbs)<\/em>, vakuumverpackt<\/li>\n<li><strong>Geeignet f\u00fcr:<\/strong> Hunde, Katzen, H\u00fchner, Fische, Garnelen, Gefl\u00fcgel, Reptilien, kleine S\u00e4ugetiere und insektenfressende Tiere<\/li>\n<li><strong>Weitere Informationen:<\/strong> Hergestellt aus 100% reinen Larven der Schwarzen Soldatenfliege, die vollst\u00e4ndig entfettet wurden. Dieses Produkt ist ausschlie\u00dflich f\u00fcr Tiere bestimmt.<\/li>\n<\/ul>\n","protected":false},"featured_media":20346,"template":"","meta":[],"product_brand":[],"product_cat":[258,257],"product_tag":[533,287,307],"class_list":{"0":"post-34868","1":"product","2":"type-product","3":"status-publish","4":"has-post-thumbnail","6":"product_cat-pulver-von-soldatenfliegenlarven","7":"product_cat-schwarze-soldatenfliegen","8":"product_tag-proteinpulver","9":"product_tag-pulver-schwarzen-soldatenfliegenlarven","10":"product_tag-schwarze-soldatenfliegen","12":"first","13":"instock","14":"shipping-taxable","15":"product-type-simple"},"_links":{"self":[{"href":"https:\/\/kimmyfarm.com\/de\/wp-json\/wp\/v2\/product\/34868","targetHints":{"allow":["GET"]}}],"collection":[{"href":"https:\/\/kimmyfarm.com\/de\/wp-json\/wp\/v2\/product"}],"about":[{"href":"https:\/\/kimmyfarm.com\/de\/wp-json\/wp\/v2\/types\/product"}],"version-history":[{"count":0,"href":"https:\/\/kimmyfarm.com\/de\/wp-json\/wp\/v2\/product\/34868\/revisions"}],"wp:featuredmedia":[{"embeddable":true,"href":"https:\/\/kimmyfarm.com\/de\/wp-json\/wp\/v2\/media\/20346"}],"wp:attachment":[{"href":"https:\/\/kimmyfarm.com\/de\/wp-json\/wp\/v2\/media?parent=34868"}],"wp:term":[{"taxonomy":"product_brand","embeddable":true,"href":"https:\/\/kimmyfarm.com\/de\/wp-json\/wp\/v2\/product_brand?post=34868"},{"taxonomy":"product_cat","embeddable":true,"href":"https:\/\/kimmyfarm.com\/de\/wp-json\/wp\/v2\/product_cat?post=34868"},{"taxonomy":"product_tag","embeddable":true,"href":"https:\/\/kimmyfarm.com\/de\/wp-json\/wp\/v2\/product_tag?post=34868"}],"curies":[{"name":"wp","href":"https:\/\/api.w.org\/{rel}","templated":true}]}}