{"id":34856,"date":"2021-01-09T13:44:46","date_gmt":"2021-01-09T06:44:46","guid":{"rendered":"https:\/\/kimmyfarm.com\/product\/34856"},"modified":"2026-05-09T09:42:12","modified_gmt":"2026-05-09T02:42:12","slug":"gefrorene-black-tiger-garnelen-geschalt-mit-schwanz","status":"publish","type":"product","link":"https:\/\/kimmyfarm.com\/de\/produkt\/gefrorene-black-tiger-garnelen-geschalt-mit-schwanz","title":{"rendered":"Gefrorene Black-Tiger-Garnelen, gesch\u00e4lt mit Schwanz"},"content":{"rendered":"<h2>Black-Tiger-Garnelen aus Vietnam<\/h2>\n<p><strong>Black-Tiger-Garnelen<\/strong> <em>(Penaeus monodon, auch als Tiger-Garnelen oder asiatische Tiger-Garnelen bekannt)<\/em> sind eine hochwertige Garnelenart, die sowohl wild gefangen als auch in Aquakulturen gez\u00fcchtet wird.<\/p>\n<p><strong>Black-Tiger-Garnelen gelten als Premiumprodukt<\/strong> und sind auf dem heutigen Seafood-Markt sehr gefragt. In Vietnam geh\u00f6ren sie zu den wichtigen Garnelenarten in der Aquakultur. <strong>Die meisten Black-Tiger-Garnelen in Vietnam stammen aus Garnelenfarmen<\/strong>, wobei ein Teil auch aus Wildfang gewonnen wird.<\/p>\n<p><strong>Black-Tiger-Garnelen z\u00e4hlen zu den gr\u00f6\u00dften kommerziell gehandelten Garnelenarten der Welt.<\/strong> Sie k\u00f6nnen bis zu etwa 13 Zoll gro\u00df werden. Die durchschnittliche Erntegr\u00f6\u00dfe liegt meist bei 9 bis 11 Zoll. Zu den wichtigsten Produktionsgebieten in S\u00fcdvietnam geh\u00f6ren <strong>Ca Mau, Bac Lieu und Can Tho<\/strong>.<\/p>\n<p>Heute werden Black-Tiger-Garnelen in Vietnam mit Futtermitteln nach internationalen Standards gez\u00fcchtet. Sie sind bekannt f\u00fcr ihren mild-s\u00fc\u00dfen Geschmack, ihre feste Fleischstruktur und ihre hochwertige Qualit\u00e4t.<\/p>\n<h2 id=\"product-nutrition-facts\" class=\"ftwp-heading\">N\u00e4hrwerte von Black-Tiger-Garnelen<\/h2>\n<p><strong>Black-Tiger-Garnelen<\/strong> haben viel Fleisch, eine feste und saftige Textur sowie einen feinen nat\u00fcrlichen Geschmack. Sie enthalten wichtige N\u00e4hrstoffe wie Selen, Cholin, Vitamin B12, Niacin, Zink, Vitamin E, Vitamin B6 sowie weitere Vitamine und Mineralstoffe.<\/p>\n<p><strong>Black-Tiger-Garnelen aus Vietnam<\/strong> geh\u00f6ren zu den beliebtesten Garnelenprodukten auf internationalen M\u00e4rkten und werden weltweit stark nachgefragt.<\/p>\n<table style=\"width: 97.0367%; height: 248px;\">\n<tbody>\n<tr>\n<td style=\"width: 67.1264%;\"><strong>Kalorien<\/strong><\/td>\n<td style=\"width: 28.046%;\">106<\/td>\n<\/tr>\n<tr>\n<td style=\"width: 67.1264%;\"><strong>Kalorien aus Fett<\/strong><\/td>\n<td style=\"width: 28.046%;\">15.3<\/td>\n<\/tr>\n<tr>\n<td style=\"width: 67.1264%;\"><strong>Gesamtfett<\/strong><\/td>\n<td style=\"width: 28.046%;\">1.7 g<\/td>\n<\/tr>\n<tr>\n<td style=\"width: 67.1264%;\"><strong>Ges\u00e4ttigte Fetts\u00e4uren<\/strong><\/td>\n<td style=\"width: 28.046%;\">0.3 g<\/td>\n<\/tr>\n<tr>\n<td style=\"width: 67.1264%;\"><strong>Cholesterin<\/strong><\/td>\n<td style=\"width: 28.046%;\">152 mg<\/td>\n<\/tr>\n<tr>\n<td style=\"width: 67.1264%;\"><strong>Natrium<\/strong><\/td>\n<td style=\"width: 28.046%;\">148 mg<\/td>\n<\/tr>\n<tr>\n<td style=\"width: 67.1264%;\"><strong>Protein<\/strong><\/td>\n<td style=\"width: 28.046%;\">20.3 g<\/td>\n<\/tr>\n<tr>\n<td style=\"width: 67.1264%;\"><strong>Omega-3<\/strong><\/td>\n<td style=\"width: 28.046%;\">0.53 g<\/td>\n<\/tr>\n<\/tbody>\n<\/table>\n<h2>Verarbeitungsformen von Black-Tiger-Garnelen<\/h2>\n<p>Unsere Black-Tiger-Garnelen k\u00f6nnen in verschiedenen Verarbeitungsformen geliefert werden, darunter HOSO, SO, PTO, PUD, P&amp;D, PDTO und Butterfly Tail-On.<\/p>\n<p><strong>Wichtige Exportformen f\u00fcr gefrorene Black-Tiger-Garnelen aus Vietnam:<\/strong><\/p>\n<ul>\n<li>HOSO: ganz, mit Kopf und Schale<\/li>\n<li>Headless Shell-On: ohne Kopf, mit Schale<\/li>\n<li>PUD: gesch\u00e4lt, nicht entdarmt<\/li>\n<li>P&amp;D: gesch\u00e4lt und entdarmt<\/li>\n<li>PTO: gesch\u00e4lt mit Schwanz<\/li>\n<li>Butterfly PTO: Schmetterlingsschnitt, gesch\u00e4lt mit Schwanz<\/li>\n<li>P&amp;D \/ PUD Tail-On Spie\u00dfprodukte<\/li>\n<\/ul>\n<h2>Preis f\u00fcr gefrorene Black-Tiger-Garnelen aus Vietnam<\/h2>\n<p><strong>Kimmy Farm<\/strong> ist eine vietnamesische Marke, die sich auf die Produktion und den Export landwirtschaftlicher Produkte spezialisiert hat. Wir betreiben eine Farm f\u00fcr Schwarze Soldatenfliegen in Tay Ninh und verf\u00fcgen \u00fcber Cashew-Anbaugebiete in Binh Phuoc.<\/p>\n<p>Zu unseren wichtigsten Exportprodukten geh\u00f6ren Seafood-Produkte aus dem Mekong-Delta, Cashewprodukte und Produkte aus Schwarzen Soldatenfliegen. Wir beliefern Partner in Spanien, Frankreich, Deutschland, den Niederlanden, Polen, Griechenland, der T\u00fcrkei, Russland, der Schweiz, den USA, Australien, S\u00fcdafrika, den Vereinigten Arabischen Emiraten, Indien, Singapur, Japan und vielen weiteren L\u00e4ndern.<\/p>\n<p>Unser Team verf\u00fcgt \u00fcber langj\u00e4hrige Erfahrung in gro\u00dfen Verarbeitungsbetrieben in Vietnam. Bitte kontaktieren Sie uns, wenn Sie hochwertige Seafood-Produkte aus dem Mekong-Delta oder zuverl\u00e4ssige Black-Tiger-Garnelen-Exporteure in Vietnam suchen.<\/p>\n<h2>Verwandte Black-Tiger-Garnelenprodukte<\/h2>\n<p><a href=\"https:\/\/kimmyfarm.com\/de\/produkt\/gefrorene-black-tiger-garnelen-geschaelt-und-ohne-schwanz\">https:\/\/kimmyfarm.com\/san-pham\/tom-su-dong-lanh-boc-vo-bo-duoi<\/a><\/p>\n<p><a href=\"https:\/\/kimmyfarm.com\/de\/produkt\/gefrorene-black-tiger-garnelen-geschaelt-mit-schwanz-gerade-ausgelegt\">https:\/\/kimmyfarm.com\/san-pham\/tom-su-dong-lanh-boc-vo-con-duoi-xep-duoi-thang<\/a><\/p>\n<p><a href=\"https:\/\/kimmyfarm.com\/de?attachment_id=13451\">https:\/\/kimmyfarm.com\/san-pham\/tom-su-dong-lanh-nguyen-con<\/a><\/p>\n<p><a href=\"https:\/\/kimmyfarm.com\/de\/produkt\/geschalte-gefrorene-gedunstete-black-tiger-prawn\">https:\/\/kimmyfarm.com\/san-pham\/tom-su-hap-boc-vo-bo-duoi-dong-lanh<\/a><\/p>\n<p><a href=\"https:\/\/kimmyfarm.com\/de\/produkt\/gekochte-gefrorene-black-tiger-garnelen-geschaelt-mit-schwanz\">https:\/\/kimmyfarm.com\/san-pham\/tom-su-hap-boc-vo-con-duoi-dong-lanh<\/a><\/p>\n","protected":false},"excerpt":{"rendered":"<p><strong>Gefrorene Black-Tiger-Garnelen, gesch\u00e4lt mit Schwanz<\/strong> <em>(wissenschaftlicher Name: Penaeus monodon)<\/em> sind frische, hochwertige Garnelen, die sorgf\u00e4ltig gesch\u00e4lt und mit Schwanz tiefgefroren werden. Anschlie\u00dfend werden sie hygienisch verpackt, um Geschmack, Frische und N\u00e4hrwert bestm\u00f6glich zu bewahren.<\/p>\n<p>Wir liefern hochwertige Black-Tiger-Garnelen in gro\u00dfen Mengen an Restaurants, Gastronomiebetriebe, Superm\u00e4rkte und Kunden im ganzen Land. Wenn Sie eine stabile Bezugsquelle f\u00fcr Premium-Black-Tiger-Garnelen suchen, <strong>kontaktieren Sie bitte Kimmy Farm.<\/strong><\/p>\n<p>Produkt\u00fcbersicht: <strong>Gefrorene Black-Tiger-Garnelen, gesch\u00e4lt mit Schwanz<\/strong>, geeignet f\u00fcr den Export sowie f\u00fcr den Inlandsmarkt.<\/p>\n<ul>\n<li><strong>Produktname:<\/strong> Gefrorene Black-Tiger-Garnelen, gesch\u00e4lt mit Schwanz<\/li>\n<li><strong>Art:<\/strong> Penaeus monodon<\/li>\n<li><strong>Farbe:<\/strong> Nat\u00fcrliche Farbe<\/li>\n<li><strong>Zutaten:<\/strong> 100% Black-Tiger-Garnelen<\/li>\n<li><strong>Produktzustand:<\/strong> Tiefgefroren, gesch\u00e4lt, mit Schwanzschale<\/li>\n<li><strong>Lagerung:<\/strong> Bei Temperaturen unter -18\u00b0C lagern<\/li>\n<li><strong>Herkunft:<\/strong> Can Tho, Vietnam<\/li>\n<li><strong>Zertifikate:<\/strong> HACCP: 2003, ISO 22000: 2018, vietnamesisches Lebensmittelsicherheitszertifikat und weitere Unterlagen auf Anfrage. <em>Bitte kontaktieren Sie uns f\u00fcr genauere Informationen.<\/em><\/li>\n<\/ul>\n","protected":false},"featured_media":20216,"template":"","meta":[],"product_brand":[],"product_cat":[263,266],"product_tag":[309,308,319,317],"class_list":{"0":"post-34856","1":"product","2":"type-product","3":"status-publish","4":"has-post-thumbnail","6":"product_cat-gefrorene-fischeries","7":"product_cat-tigergarnelen","8":"product_tag-garnelen","9":"product_tag-gefrorene-fischeries","10":"product_tag-gefrorene-garnelen","11":"product_tag-tigergarnelen","13":"first","14":"instock","15":"shipping-taxable","16":"product-type-simple"},"_links":{"self":[{"href":"https:\/\/kimmyfarm.com\/de\/wp-json\/wp\/v2\/product\/34856","targetHints":{"allow":["GET"]}}],"collection":[{"href":"https:\/\/kimmyfarm.com\/de\/wp-json\/wp\/v2\/product"}],"about":[{"href":"https:\/\/kimmyfarm.com\/de\/wp-json\/wp\/v2\/types\/product"}],"version-history":[{"count":0,"href":"https:\/\/kimmyfarm.com\/de\/wp-json\/wp\/v2\/product\/34856\/revisions"}],"wp:featuredmedia":[{"embeddable":true,"href":"https:\/\/kimmyfarm.com\/de\/wp-json\/wp\/v2\/media\/20216"}],"wp:attachment":[{"href":"https:\/\/kimmyfarm.com\/de\/wp-json\/wp\/v2\/media?parent=34856"}],"wp:term":[{"taxonomy":"product_brand","embeddable":true,"href":"https:\/\/kimmyfarm.com\/de\/wp-json\/wp\/v2\/product_brand?post=34856"},{"taxonomy":"product_cat","embeddable":true,"href":"https:\/\/kimmyfarm.com\/de\/wp-json\/wp\/v2\/product_cat?post=34856"},{"taxonomy":"product_tag","embeddable":true,"href":"https:\/\/kimmyfarm.com\/de\/wp-json\/wp\/v2\/product_tag?post=34856"}],"curies":[{"name":"wp","href":"https:\/\/api.w.org\/{rel}","templated":true}]}}