{"id":34837,"date":"2020-12-31T18:27:49","date_gmt":"2020-12-31T11:27:49","guid":{"rendered":"https:\/\/kimmyfarm.com\/product\/gefrorenes-pangasius-filet-im-block"},"modified":"2020-12-31T18:27:49","modified_gmt":"2020-12-31T11:27:49","slug":"gefrorenes-pangasius-filet-im-block","status":"publish","type":"product","link":"https:\/\/kimmyfarm.com\/de\/produkt\/gefrorenes-pangasius-filet-im-block","title":{"rendered":"Gefrorenes Pangasius-Filet im Block"},"content":{"rendered":"<h2>Produktdetails: Gefrorenes Pangasius-Filet im Block<\/h2>\n<p>Pangasius-Filet ist der Fleischteil des Fisches, der l\u00e4ngs entlang einer Seite des Fisches parallel zur Wirbels\u00e4ule geschnitten wird. <strong>Unser Pangasius-Filet wird ohne Haut, ohne Gr\u00e4ten, ohne rotes Fleisch, ohne Trimmteile und ohne \u00fcbersch\u00fcssiges Fett verarbeitet<\/strong>.<\/p>\n<p>Unser Pangasius stammt aus Fischk\u00e4figen auf Fl\u00fcssen oder aus Aquakulturteichen in den vietnamesischen Provinzen <strong>An Giang, Dong Thap und Can Tho<\/strong>. Die Fische werden nach modernen Zuchtverfahren aufgezogen, um Exportstandards f\u00fcr viele internationale M\u00e4rkte zu erf\u00fcllen.<\/p>\n<p>In Vietnam wird Pangasius h\u00e4ufig mit Getreide- und Sojafutter gef\u00fcttert, um eine stabile Qualit\u00e4t, gute Fleischstruktur und einen nat\u00fcrlichen Geschmack zu gew\u00e4hrleisten.<\/p>\n<p><strong>=&gt; Mehr erfahren:<\/strong> <a href=\"https:\/\/kimmyfarm.com\/de\/was-ist-pangasiusfilet-und-arten-von-pangasiusfilets-in-vietnam\">Was ist Pangasius-Filet? Beliebte Arten von Pangasius-Filets in Vietnam<\/a><\/p>\n<p><img decoding=\"async\" class=\"size-full wp-image-12078 aligncenter\" src=\"https:\/\/kimmyfarm.com\/wp-content\/uploads\/2020\/12\/ca-tra-phi-le-dong-block.jpg\" alt=\"Gefrorenes Pangasius-Filet im Block\" width=\"600\" height=\"400\" srcset=\"https:\/\/kimmyfarm.com\/wp-content\/uploads\/2020\/12\/ca-tra-phi-le-dong-block.jpg 600w, https:\/\/kimmyfarm.com\/wp-content\/uploads\/2020\/12\/ca-tra-phi-le-dong-block-150x100.jpg 150w\" sizes=\"(max-width: 600px) 100vw, 600px\" \/><\/p>\n<table style=\"border-collapse: collapse; width: 100%; height: 208px;\">\n<tbody>\n<tr style=\"height: 23px;\">\n<td style=\"height: 23px; width: 23.4469%;\"><strong>Produktname<\/strong><\/td>\n<td style=\"height: 23px; width: 76.4529%;\">Gefrorenes Pangasius-Filet im Block<\/td>\n<\/tr>\n<tr style=\"height: 23px;\">\n<td style=\"height: 23px; width: 23.4469%;\"><strong>Herkunft<\/strong><\/td>\n<td style=\"height: 23px; width: 76.4529%;\">Vietnam<\/td>\n<\/tr>\n<tr style=\"height: 23px;\">\n<td style=\"height: 23px; width: 23.4469%;\"><strong>Zutaten<\/strong><\/td>\n<td style=\"height: 23px; width: 76.4529%;\">100% Pangasius<\/td>\n<\/tr>\n<tr style=\"height: 23px;\">\n<td style=\"height: 23px; width: 23.4469%;\"><strong>Produktzustand<\/strong><\/td>\n<td style=\"height: 23px; width: 76.4529%;\">Filet, ohne Haut, ohne Gr\u00e4ten, rotes Fleisch entfernt, Trimmteile entfernt, Fett entfernt, tiefgefroren im Block<\/td>\n<\/tr>\n<tr style=\"height: 23px;\">\n<td style=\"height: 23px; width: 23.4469%;\"><strong>Lagerung<\/strong><\/td>\n<td style=\"height: 23px; width: 76.4529%;\">Bei -18\u00b0C lagern<\/td>\n<\/tr>\n<tr style=\"height: 23px;\">\n<td style=\"height: 23px; width: 23.4469%;\"><strong>Lieferbedingungen<\/strong><\/td>\n<td style=\"height: 23px; width: 76.4529%;\">EXW, FOB, CFR, CIF, DAF oder nach Vereinbarung<\/td>\n<\/tr>\n<tr style=\"height: 23px;\">\n<td style=\"height: 23px; width: 23.4469%;\"><strong>Zahlungsbedingungen<\/strong><\/td>\n<td style=\"height: 23px; width: 76.4529%;\">L\/C, T\/T oder nach Vereinbarung<\/td>\n<\/tr>\n<\/tbody>\n<\/table>\n<h2>Herkunft des Produkts<\/h2>\n<p>Pangasius kommt vor allem im Mekong-Becken vor. Die meisten Pangasius-Farmen in Vietnam befinden sich in den Provinzen <strong>An Giang, Dong Thap und Can Tho<\/strong>.<\/p>\n<p>Nach der Aufzucht in Flussk\u00e4figen oder Aquakulturteichen werden die Fische geerntet und zu Verarbeitungsbetrieben gebracht. Dort werden sie sortiert, filetiert, tiefgefroren und f\u00fcr den Inlandsmarkt oder den Export vorbereitet.<\/p>\n<h2>Lagerung des Produkts<\/h2>\n<p><strong>Bei einer Lagertemperatur von -18\u00b0C oder niedriger<\/strong> kann das Produkt seine Frische und Qualit\u00e4t bis zu <strong>24 Monate<\/strong> bewahren.<\/p>\n<h2>Wo kann man gefrorenes Pangasius-Filet im Block kaufen?<\/h2>\n<p><strong>Kimmy Farm<\/strong> ist eine vietnamesische Marke, die sich auf die Produktion und den Export landwirtschaftlicher Produkte spezialisiert hat. Zu unseren wichtigsten Exportprodukten geh\u00f6ren Produkte aus Schwarzen Soldatenfliegen, Cashewkerne, rohe Cashewn\u00fcsse sowie Seafood-Produkte aus dem Mekong-Delta.<\/p>\n<p>Wir beliefern Partner in Spanien, Frankreich, Deutschland, den Niederlanden, Polen, Griechenland, der T\u00fcrkei, Russland, der Schweiz, den USA, Australien, S\u00fcdafrika, den Vereinigten Arabischen Emiraten, Indien, Singapur, Japan und vielen weiteren L\u00e4ndern.<\/p>\n<p>Unser Team verf\u00fcgt au\u00dferdem \u00fcber langj\u00e4hrige Erfahrung in gro\u00dfen Verarbeitungsbetrieben in Vietnam. Bitte kontaktieren Sie uns, wenn Sie Exportprodukte nach Ihren Anforderungen suchen.<\/p>\n<p><strong>&gt;&gt; Weitere Pangasius-Produkte von Kimmy Farm:<\/strong> <a href=\"https:\/\/kimmyfarm.com\/thuy-san-dong-lanh\/ca-tra\">https:\/\/kimmyfarm.com\/thuy-san-dong-lanh\/ca-tra<\/a><\/p>\n<p><strong>&gt;&gt; Verwandte Produkte:<\/strong><\/p>\n<p><a href=\"https:\/\/kimmyfarm.com\/de\/produkt\/ganzer-gefrorener-pangasius-kopf-entfernt-schwanz-eingeweide\">https:\/\/kimmyfarm.com\/san-pham\/ca-tra-dong-lanh-nguyen-con-bo-dau-bo-duoi-bo-noi-tang<\/a><\/p>\n<p><a href=\"https:\/\/kimmyfarm.com\/de\/produkt\/pangasiusfilet-mit-gefrorenem-weisem-fleisch\">https:\/\/kimmyfarm.com\/san-pham\/ca-tra-phi-le-trang-dong-lanh<\/a><\/p>\n<p><a href=\"https:\/\/kimmyfarm.com\/de\/produkt\/gefrorenes-rotes-fleisch-pangasius-filet\">https:\/\/kimmyfarm.com\/san-pham\/ca-tra-phi-le-thit-do-dong-lanh<\/a><\/p>\n<p><a href=\"https:\/\/kimmyfarm.com\/de\/produkt\/pangasiusfilet-gefrorenes-rosa-fleisch\">https:\/\/kimmyfarm.com\/san-pham\/ca-tra-phi-le-thit-hong-dong-lanh<\/a><\/p>\n","protected":false},"excerpt":{"rendered":"<p><br data-mce-bogus=\"1\"><\/p>\n","protected":false},"featured_media":20197,"template":"","meta":[],"product_brand":[],"product_cat":[263,265],"product_tag":[331,291,288],"class_list":{"0":"post-34837","1":"product","2":"type-product","3":"status-publish","4":"has-post-thumbnail","6":"product_cat-gefrorene-fischeries","7":"product_cat-pangasius","8":"product_tag-frozen-blocks","9":"product_tag-gefrorener-pangasius","10":"product_tag-pangasius-de","12":"first","13":"instock","14":"shipping-taxable","15":"product-type-simple"},"_links":{"self":[{"href":"https:\/\/kimmyfarm.com\/de\/wp-json\/wp\/v2\/product\/34837","targetHints":{"allow":["GET"]}}],"collection":[{"href":"https:\/\/kimmyfarm.com\/de\/wp-json\/wp\/v2\/product"}],"about":[{"href":"https:\/\/kimmyfarm.com\/de\/wp-json\/wp\/v2\/types\/product"}],"version-history":[{"count":0,"href":"https:\/\/kimmyfarm.com\/de\/wp-json\/wp\/v2\/product\/34837\/revisions"}],"wp:featuredmedia":[{"embeddable":true,"href":"https:\/\/kimmyfarm.com\/de\/wp-json\/wp\/v2\/media\/20197"}],"wp:attachment":[{"href":"https:\/\/kimmyfarm.com\/de\/wp-json\/wp\/v2\/media?parent=34837"}],"wp:term":[{"taxonomy":"product_brand","embeddable":true,"href":"https:\/\/kimmyfarm.com\/de\/wp-json\/wp\/v2\/product_brand?post=34837"},{"taxonomy":"product_cat","embeddable":true,"href":"https:\/\/kimmyfarm.com\/de\/wp-json\/wp\/v2\/product_cat?post=34837"},{"taxonomy":"product_tag","embeddable":true,"href":"https:\/\/kimmyfarm.com\/de\/wp-json\/wp\/v2\/product_tag?post=34837"}],"curies":[{"name":"wp","href":"https:\/\/api.w.org\/{rel}","templated":true}]}}