{"id":34821,"date":"2020-12-31T14:16:30","date_gmt":"2020-12-31T07:16:30","guid":{"rendered":"https:\/\/kimmyfarm.com\/product\/pangasius-fischnebenprodukte-und-fischverarbeitungsreste"},"modified":"2020-12-31T14:16:30","modified_gmt":"2020-12-31T07:16:30","slug":"pangasius-fischnebenprodukte-und-fischverarbeitungsreste","status":"publish","type":"product","link":"https:\/\/kimmyfarm.com\/de\/produkt\/pangasius-fischnebenprodukte-und-fischverarbeitungsreste","title":{"rendered":"Pangasius-Fischnebenprodukte und Fischverarbeitungsreste"},"content":{"rendered":"<h2>Produktdetails: Fischnebenprodukte<\/h2>\n<p>Um Nebenprodukte aus der Seafood-Verarbeitung sinnvoll zu nutzen, werden <strong>Fischnebenprodukte<\/strong> <em>(auch bekannt als Seafood-Nebenprodukte)<\/em> aus der Pangasius-Verarbeitung gesammelt und weiterverwendet. Diese Teile entstehen w\u00e4hrend der Vorverarbeitung von Pangasius in Fischverarbeitungsbetrieben.<\/p>\n<p>Sie werden h\u00e4ufig f\u00fcr <strong>Tierfutter, Fischmehl, Futter f\u00fcr Larven der Schwarzen Soldatenfliege sowie zur Herstellung von <a href=\"https:\/\/kimmyfarm.com\/de\/produkt\/dunger-aus-larven-der-schwarzen-soldatenfliege\">organischem D\u00fcnger<\/a><\/strong> genutzt.<\/p>\n<p>Unser Pangasius stammt aus Fischk\u00e4figen auf Fl\u00fcssen oder aus Aquakulturteichen in den vietnamesischen Provinzen <strong>An Giang, Dong Thap und Can Tho<\/strong>. Die Fische werden nach modernen Zuchtverfahren aufgezogen, um Exportstandards f\u00fcr viele internationale M\u00e4rkte zu erf\u00fcllen. In Vietnam wird Pangasius h\u00e4ufig mit Getreide- und Sojafutter gef\u00fcttert, um eine stabile Qualit\u00e4t, gute Fleischstruktur und einen nat\u00fcrlichen Geschmack zu gew\u00e4hrleisten.<\/p>\n<h3>Arten von Fischnebenprodukten, die wir liefern<\/h3>\n<ul>\n<li>Pangasius-Fischnebenprodukte<\/li>\n<li>Nebenprodukte von gemischten S\u00fc\u00dfwasserfischen<\/li>\n<\/ul>\n<h3>Unsere Fischnebenprodukte k\u00f6nnen enthalten:<\/h3>\n<ul>\n<li>Fischd\u00e4rme<\/li>\n<li>Fischk\u00f6pfe<\/li>\n<li>Fischgr\u00e4ten<\/li>\n<li>Fischinnereien<\/li>\n<li>Dunkles Fischfleisch<\/li>\n<li>Bauchfett vom Fisch<\/li>\n<li>Fischfleischreste<\/li>\n<li>Weitere Nebenprodukte aus der Fischverarbeitung<\/li>\n<\/ul>\n<h3>Verwendung von Fischnebenprodukten<\/h3>\n<ul>\n<li>Herstellung von Tierfutter<\/li>\n<li>Herstellung von Fischmehl<\/li>\n<li>Kompostierung zu organischem D\u00fcnger<\/li>\n<li>Futter f\u00fcr Larven der Schwarzen Soldatenfliege<\/li>\n<li>Weitere landwirtschaftliche Anwendungen<\/li>\n<\/ul>\n<div id=\"attachment_11992\" style=\"width: 810px\" class=\"wp-caption aligncenter\"><img decoding=\"async\" aria-describedby=\"caption-attachment-11992\" class=\"wp-image-11992 size-full\" src=\"https:\/\/kimmyfarm.com\/wp-content\/uploads\/2020\/12\/phe-pham-ca-tra-ruot-ca-tra-phe-phu-pham-tu-ca.jpg\" alt=\"Pangasius-Fischnebenprodukte umfassen Gr\u00e4ten, Flossen, Fischd\u00e4rme, Innereien, Schuppen, Fleischreste, Fischk\u00f6pfe, Fischschw\u00e4nze, dunkles Fleisch und Bauchfett.\" width=\"800\" height=\"800\" srcset=\"https:\/\/kimmyfarm.com\/wp-content\/uploads\/2020\/12\/phe-pham-ca-tra-ruot-ca-tra-phe-phu-pham-tu-ca.jpg 800w, https:\/\/kimmyfarm.com\/wp-content\/uploads\/2020\/12\/phe-pham-ca-tra-ruot-ca-tra-phe-phu-pham-tu-ca-600x600.jpg 600w, https:\/\/kimmyfarm.com\/wp-content\/uploads\/2020\/12\/phe-pham-ca-tra-ruot-ca-tra-phe-phu-pham-tu-ca-150x150.jpg 150w\" sizes=\"(max-width: 800px) 100vw, 800px\" \/><p id=\"caption-attachment-11992\" class=\"wp-caption-text\"><strong>Fischnebenprodukte umfassen:<\/strong> Gr\u00e4ten, Flossen, Fischd\u00e4rme, Innereien, Schuppen, kleine Fleischreste, Fischk\u00f6pfe, Fischschw\u00e4nze, dunkles Fleisch, Bauchfett und Bauchflossen.<\/p><\/div>\n<h2>Produkt\u00fcbersicht: Fischnebenprodukte<\/h2>\n<table style=\"border-collapse: collapse; width: 100%; height: 208px;\">\n<tbody>\n<tr style=\"height: 23px;\">\n<td style=\"height: 23px; width: 23.4469%;\"><strong>Produktname<\/strong><\/td>\n<td style=\"height: 23px; width: 76.4529%;\">Fischnebenprodukte<\/td>\n<\/tr>\n<tr style=\"height: 23px;\">\n<td style=\"height: 23px; width: 23.4469%;\"><strong>Herkunft<\/strong><\/td>\n<td style=\"height: 23px; width: 76.4529%;\">Vietnam<\/td>\n<\/tr>\n<tr style=\"height: 23px;\">\n<td style=\"height: 23px; width: 23.4469%;\"><strong>Zutaten<\/strong><\/td>\n<td style=\"height: 23px; width: 76.4529%;\">100% Fisch<\/td>\n<\/tr>\n<tr style=\"height: 23px;\">\n<td style=\"height: 23px; width: 23.4469%;\"><strong>Produktzustand<\/strong><\/td>\n<td style=\"height: 23px; width: 76.4529%;\">Nebenprodukt aus der Fischverarbeitung<\/td>\n<\/tr>\n<tr>\n<td style=\"width: 23.4469%;\"><strong>Lieferkapazit\u00e4t<\/strong><\/td>\n<td style=\"width: 76.4529%;\">10\u201325 Tonnen pro Tag<\/td>\n<\/tr>\n<tr style=\"height: 23px;\">\n<td style=\"height: 23px; width: 23.4469%;\"><strong>Lagerung<\/strong><\/td>\n<td style=\"height: 23px; width: 76.4529%;\">Je nach Produktzustand. Bitte kontaktieren Sie uns f\u00fcr Details.<\/td>\n<\/tr>\n<tr style=\"height: 23px;\">\n<td style=\"height: 23px; width: 23.4469%;\"><strong>Lieferbedingungen<\/strong><\/td>\n<td style=\"height: 23px; width: 76.4529%;\">Nach Vereinbarung<\/td>\n<\/tr>\n<tr style=\"height: 23px;\">\n<td style=\"height: 23px; width: 23.4469%;\"><strong>Zahlungsbedingungen<\/strong><\/td>\n<td style=\"height: 23px; width: 76.4529%;\">Nach Vereinbarung<\/td>\n<\/tr>\n<\/tbody>\n<\/table>\n<h2>Wo kann man Fischnebenprodukte kaufen?<\/h2>\n<p><strong>Kimmy Farm<\/strong> ist eine vietnamesische Marke, die sich auf die Produktion und den Export landwirtschaftlicher Produkte spezialisiert hat. Zu unseren wichtigsten Exportprodukten geh\u00f6ren Produkte aus Schwarzen Soldatenfliegen, Cashewkerne, rohe Cashewn\u00fcsse sowie Seafood-Produkte aus dem Mekong-Delta.<\/p>\n<p>Wir beliefern Partner in Spanien, Frankreich, Deutschland, den Niederlanden, Polen, Griechenland, der T\u00fcrkei, Russland, der Schweiz, den USA, Australien, S\u00fcdafrika, den Vereinigten Arabischen Emiraten, Indien, Singapur, Japan und vielen weiteren L\u00e4ndern.<\/p>\n<p>Unser Team verf\u00fcgt au\u00dferdem \u00fcber langj\u00e4hrige Erfahrung in gro\u00dfen Verarbeitungsbetrieben in Vietnam. Bitte kontaktieren Sie uns, wenn Sie Exportprodukte nach Ihren Anforderungen suchen.<\/p>\n<p><strong>Weitere Fischprodukte von Kimmy Farm:<\/strong> <a href=\"https:\/\/kimmyfarm.com\/thuy-san-dong-lanh\/ca-tra\">https:\/\/kimmyfarm.com\/thuy-san-dong-lanh\/ca-tra<\/a><\/p>\n<p><strong>Verwandte Produkte:<\/strong><\/p>\n<p><a href=\"https:\/\/kimmyfarm.com\/de\/produkt\/pangasius-rote-fleischkrucken-rote-fleischkrucke-verwenden-als-fischseidenrollen\">https:\/\/kimmyfarm.com\/san-pham\/vun-do-ca-tra-dung-de-lam-cha-ca<\/a><\/p>\n<p><a href=\"https:\/\/kimmyfarm.com\/de\/produkt\/magerer-pangasius-95-mager-verwenden-fischfrikadellen\">https:\/\/kimmyfarm.com\/san-pham\/de-nac-ca-tra-95-nac-dung-de-lam-cha-ca<\/a><\/p>\n<p><a href=\"https:\/\/kimmyfarm.com\/produkt\/phe-pham-dau-tom-vo-tom-duoi-tom\">https:\/\/kimmyfarm.com\/san-pham\/phe-pham-dau-tom-vo-tom-duoi-tom<\/a><\/p>\n<p><a href=\"https:\/\/kimmyfarm.com\/de\/produkt\/exportieren-hochwertigen-gefrorenen-pangasius-magen\">https:\/\/kimmyfarm.com\/san-pham\/bao-tu-ca-tra-dong-lanh<\/a><\/p>\n<p><a href=\"https:\/\/kimmyfarm.com\/de\/produkt\/gefrorene-pangasius-flossen\">https:\/\/kimmyfarm.com\/san-pham\/vay-vi-ca-tra-dong-lanh<\/a><\/p>\n<p><a href=\"https:\/\/kimmyfarm.com\/de\/produkt\/hochwertige-exportierte-gefrorene-pangasius-haut-oder-ungefaltet\">https:\/\/kimmyfarm.com\/san-pham\/da-ca-tra-dong-lanh<\/a><\/p>\n","protected":false},"excerpt":{"rendered":"<p><strong>Produkt\u00fcbersicht:<\/strong> <strong>Pangasius-Fischnebenprodukte und Seafood-Nebenprodukte<\/strong> sind die verbleibenden Teile nach der Fischverarbeitung. Sie werden h\u00e4ufig f\u00fcr Tierfutter, Fischmehl, Futter f\u00fcr Larven der Schwarzen Soldatenfliege, Kompostierung zu organischem D\u00fcnger und weitere landwirtschaftliche Anwendungen genutzt.<\/p>\n<ul>\n<li><strong>Produktname:<\/strong> Fischd\u00e4rme, Fischk\u00f6pfe, Fischgr\u00e4ten, Innereien, Kiemen, dunkles Fischfleisch, Bauchfett, Fischfleischreste und weitere Fischnebenprodukte.<\/li>\n<li><strong>Zutaten:<\/strong> 100% aus verschiedenen Fischarten.<\/li>\n<li><strong>Lieferkapazit\u00e4t:<\/strong> 10\u201325 Tonnen pro Tag.<\/li>\n<\/ul>\n","protected":false},"featured_media":20190,"template":"","meta":[],"product_brand":[],"product_cat":[263,265],"product_tag":[326,291,288],"class_list":{"0":"post-34821","1":"product","2":"type-product","3":"status-publish","4":"has-post-thumbnail","6":"product_cat-gefrorene-fischeries","7":"product_cat-pangasius","8":"product_tag-fish-wastes","9":"product_tag-gefrorener-pangasius","10":"product_tag-pangasius-de","12":"first","13":"instock","14":"shipping-taxable","15":"product-type-simple"},"_links":{"self":[{"href":"https:\/\/kimmyfarm.com\/de\/wp-json\/wp\/v2\/product\/34821","targetHints":{"allow":["GET"]}}],"collection":[{"href":"https:\/\/kimmyfarm.com\/de\/wp-json\/wp\/v2\/product"}],"about":[{"href":"https:\/\/kimmyfarm.com\/de\/wp-json\/wp\/v2\/types\/product"}],"version-history":[{"count":0,"href":"https:\/\/kimmyfarm.com\/de\/wp-json\/wp\/v2\/product\/34821\/revisions"}],"wp:featuredmedia":[{"embeddable":true,"href":"https:\/\/kimmyfarm.com\/de\/wp-json\/wp\/v2\/media\/20190"}],"wp:attachment":[{"href":"https:\/\/kimmyfarm.com\/de\/wp-json\/wp\/v2\/media?parent=34821"}],"wp:term":[{"taxonomy":"product_brand","embeddable":true,"href":"https:\/\/kimmyfarm.com\/de\/wp-json\/wp\/v2\/product_brand?post=34821"},{"taxonomy":"product_cat","embeddable":true,"href":"https:\/\/kimmyfarm.com\/de\/wp-json\/wp\/v2\/product_cat?post=34821"},{"taxonomy":"product_tag","embeddable":true,"href":"https:\/\/kimmyfarm.com\/de\/wp-json\/wp\/v2\/product_tag?post=34821"}],"curies":[{"name":"wp","href":"https:\/\/api.w.org\/{rel}","templated":true}]}}