{"id":34801,"date":"2020-12-30T13:24:55","date_gmt":"2020-12-30T06:24:55","guid":{"rendered":"https:\/\/kimmyfarm.com\/product\/gefrorene-vannamei-garnelen-geschaelt-mit-schwanz-gerade-ausgelegt"},"modified":"2020-12-30T13:24:55","modified_gmt":"2020-12-30T06:24:55","slug":"gefrorene-vannamei-garnelen-geschaelt-mit-schwanz-gerade-ausgelegt","status":"publish","type":"product","link":"https:\/\/kimmyfarm.com\/de\/produkt\/gefrorene-vannamei-garnelen-geschaelt-mit-schwanz-gerade-ausgelegt","title":{"rendered":"Gefrorene Vannamei-Garnelen, gesch\u00e4lt mit Schwanz, gerade ausgelegt"},"content":{"rendered":"","protected":false},"excerpt":{"rendered":"<p>Produkt\u00fcbersicht: <strong>Gefrorene Vannamei-Garnelen, gesch\u00e4lt mit Schwanz und gerade ausgelegt<\/strong>, geeignet f\u00fcr den Export sowie f\u00fcr den Inlandsmarkt.<\/p>\n<ul>\n<li><strong>Produktname:<\/strong> Gefrorene Vannamei-Garnelen, gesch\u00e4lt mit Schwanz, gerade ausgelegt<\/li>\n<li><strong>Zutaten:<\/strong> 100% Vannamei-Garnelen<\/li>\n<li><strong>Produktzustand:<\/strong> Tiefgefroren, gesch\u00e4lt, mit Schwanzschale, gerade ausgelegt<\/li>\n<li><strong>Lagerung:<\/strong> Bei Temperaturen unter -18\u00b0C lagern<\/li>\n<li><strong>Herkunft:<\/strong> Can Tho, Vietnam<\/li>\n<li><strong>Zertifizierungen:<\/strong> HACCP, ISO 22000<\/li>\n<\/ul>\n","protected":false},"featured_media":20147,"template":"","meta":[],"product_brand":[],"product_cat":[267,263],"product_tag":[309,318,319,330],"class_list":{"0":"post-34801","1":"product","2":"type-product","3":"status-publish","4":"has-post-thumbnail","6":"product_cat-garnelenkarte","7":"product_cat-gefrorene-fischeries","8":"product_tag-garnelen","9":"product_tag-garnelenkarte","10":"product_tag-gefrorene-garnelen","11":"product_tag-peeled-shrimp","13":"first","14":"instock","15":"shipping-taxable","16":"product-type-simple"},"_links":{"self":[{"href":"https:\/\/kimmyfarm.com\/de\/wp-json\/wp\/v2\/product\/34801","targetHints":{"allow":["GET"]}}],"collection":[{"href":"https:\/\/kimmyfarm.com\/de\/wp-json\/wp\/v2\/product"}],"about":[{"href":"https:\/\/kimmyfarm.com\/de\/wp-json\/wp\/v2\/types\/product"}],"version-history":[{"count":0,"href":"https:\/\/kimmyfarm.com\/de\/wp-json\/wp\/v2\/product\/34801\/revisions"}],"wp:featuredmedia":[{"embeddable":true,"href":"https:\/\/kimmyfarm.com\/de\/wp-json\/wp\/v2\/media\/20147"}],"wp:attachment":[{"href":"https:\/\/kimmyfarm.com\/de\/wp-json\/wp\/v2\/media?parent=34801"}],"wp:term":[{"taxonomy":"product_brand","embeddable":true,"href":"https:\/\/kimmyfarm.com\/de\/wp-json\/wp\/v2\/product_brand?post=34801"},{"taxonomy":"product_cat","embeddable":true,"href":"https:\/\/kimmyfarm.com\/de\/wp-json\/wp\/v2\/product_cat?post=34801"},{"taxonomy":"product_tag","embeddable":true,"href":"https:\/\/kimmyfarm.com\/de\/wp-json\/wp\/v2\/product_tag?post=34801"}],"curies":[{"name":"wp","href":"https:\/\/api.w.org\/{rel}","templated":true}]}}