{"id":27271,"date":"2022-05-03T10:02:33","date_gmt":"2022-05-03T03:02:33","guid":{"rendered":"https:\/\/kimmyfarm.com\/?post_type=product&#038;p=27271"},"modified":"2022-05-03T10:55:21","modified_gmt":"2022-05-03T03:55:21","slug":"bot-protein-au-trung-ruoi-linh-den-da-ep-dau-kl-10kg","status":"publish","type":"product","link":"https:\/\/kimmyfarm.com\/de\/produkt\/bot-protein-au-trung-ruoi-linh-den-da-ep-dau-kl-10kg","title":{"rendered":"B\u1ed9t Protein \u1ea4u Tr\u00f9ng Ru\u1ed3i L\u00ednh \u0110en (\u0110\u00e3 \u00c9p D\u1ea7u) \u2013 KL: 10kg"},"content":{"rendered":"<h2 id=\"hat-dieu-nhan-trang-ww320-vietnam\" class=\"ftwp-heading\">B\u1ed9t Protein \u1ea4u Tr\u00f9ng Ru\u1ed3i L\u00ednh \u0110en (\u0110\u00e3 \u00c9p D\u1ea7u) &#8211; 10KG<\/h2>\n<p><strong>B\u1ed9t Protein \u1ea5u tr\u00f9ng ru\u1ed3i l\u00ednh \u0111en<\/strong> <em>(hay c\u00f2n g\u1ecdi l\u00e0: b\u1ed9t s\u00e2u canxi, c\u00e1m sau canxi, c\u00e1m \u1ea5u tr\u00f9ng ru\u1ed3i l\u00ednh \u0111en<\/em><em>, ti\u1ebfng Anh:<strong>\u00a0<\/strong><a href=\"https:\/\/kimmyfarm.com\/en\/product\/black-soldier-fly-meal-10kg\">BSFL Powder<\/a>)<\/em> l\u00e0 lo\u1ea1i b\u1ed9t \u0111\u01b0\u1ee3c s\u1ea3n xu\u1ea5t t\u1eeb \u200b\u200b\u1ea5u tr\u00f9ng ru\u1ed3i l\u00ednh \u0111en kh\u00f4 \u0111\u01b0\u1ee3c x\u00e2y nhuy\u1ec5n ra. S\u1ea3n ph\u1ea9m ch\u00fang t\u00f4i s\u1eed d\u1ee5ng \u1ea5u tr\u00f9ng ru\u1ed3i l\u00ednh \u0111en th\u01b0\u01a1ng ph\u1ea9m c\u00f3 ch\u1ea5t l\u01b0\u1ee3ng t\u1ed1t v\u1edbi \u0111\u1ea7y \u0111\u1ee7 ch\u1ea5t dinh d\u01b0\u1ee1ng d\u00e0nh cho \u0111\u1ed9ng v\u1eadt, <strong>s\u1ea3n ph\u1ea9m l\u00e0m t\u1eeb 100% \u1ea5u tr\u00f9ng ru\u1ed3i l\u00ednh \u0111en kh\u00f4 nguy\u00ean ch\u1ea5t \u0111\u00e3 qua qu\u00e1 tr\u00ecnh \u00e9p d\u1ea7u.<\/strong>\u00a0T\u1ea5t c\u1ea3 \u1ea5u tr\u00f9ng c\u1ee7a s\u1ea3n ph\u1ea9m \u0111\u1ec1u \u0111\u01b0\u1ee3c nu\u00f4i t\u1ea1i Trang tr\u1ea1i c\u1ee7a ch\u00fang t\u00f4i t\u1eeb T\u00e2y Ninh Vi\u1ec7t Nam, n\u01a1i c\u00f3 th\u1ed5 nh\u01b0\u1ee1ng &amp; kh\u00ed h\u1eadu ph\u00f9 h\u1ee3p nh\u1ea5t v\u1edbi ch\u00fang.<\/p>\n<p><strong>\u1ea4u tr\u00f9ng ru\u1ed3i l\u00ednh \u0111en<\/strong> <em>(hay c\u00f2n g\u1ecdi: S\u00e2u Canxi)<\/em> l\u00e0 lo\u1ea1i th\u1ee9c \u0103n gi\u00e0u dinh d\u01b0\u1ee1ng t\u1ef1 nhi\u00ean, gi\u00e0u protein, lipid cao, gi\u00e0u canxi, t\u1ed1t cho \u0111\u1ed9ng v\u1eadt. \u1ea4u tr\u00f9ng ru\u1ed3i l\u00ednh \u0111en c\u1ee7a ch\u00fang t\u00f4i \u0111\u01b0\u1ee3c nu\u00f4i t\u1eeb <strong>T\u00e2y Ninh, B\u00ecnh Ph\u01b0\u1edbc &#8211; Vi\u1ec7t Nam<\/strong>, n\u01a1i c\u00f3 th\u1ed5 nh\u01b0\u1ee1ng v\u00e0 kh\u00ed h\u1eadu th\u00edch h\u1ee3p nh\u1ea5t cho ch\u00fang. B\u1eefa \u0103n \u1ea5u tr\u00f9ng Ru\u1ed3i l\u00ednh \u0111en r\u1ebb h\u01a1n c\u00e1c b\u1eefa \u0103n kh\u00e1c, l\u00e0 m\u1ed9t b\u1ed5 sung tuy\u1ec7t v\u1eddi cho ch\u1ebf \u0111\u1ed9 \u0103n c\u1ee7a \u0110\u1ed9ng v\u1eadt.<\/p>\n<table style=\"width: 60.2904%;\" border=\"1\" cellspacing=\"1\" cellpadding=\"1\">\n<tbody>\n<tr style=\"height: 39px;\">\n<td style=\"width: 29.8423%; height: 39px;\"><strong>T\u00ean S\u1ea3n Ph\u1ea9m<\/strong><\/td>\n<td style=\"width: 100.915%; height: 39px;\">B\u1ed9t \u1ea4u Tr\u00f9ng Ru\u1ed3i L\u00ednh \u0110en Kh\u00f4 <em>(Nguy\u00ean ch\u1ea5t)<\/em><\/td>\n<\/tr>\n<tr style=\"height: 40px;\">\n<td style=\"width: 29.8423%; height: 40px;\"><strong>L\u00e0m t\u1eeb:<\/strong><\/td>\n<td style=\"width: 100.915%; height: 40px;\">100% \u1ea4u Tr\u00f9ng Ru\u1ed3i L\u00ednh \u0110en Kh\u00f4<em> (Ch\u01b0a \u00e9p d\u1ea7u)<\/em><\/td>\n<\/tr>\n<tr style=\"height: 40px;\">\n<td style=\"width: 29.8423%; height: 40px;\"><strong>Tr\u1ea1ng Th\u00e1i:<\/strong><\/td>\n<td style=\"width: 100.915%; height: 40px;\">B\u1ed9t M\u1ecbn, Kh\u00f4, Kh\u00f4ng K\u1ebft D\u00ednh<\/td>\n<\/tr>\n<tr style=\"height: 40px;\">\n<td style=\"width: 29.8423%; height: 40px;\"><strong>S\u1eed D\u1ee5ng Cho:<\/strong><\/td>\n<td style=\"width: 100.915%; height: 40px;\">L\u00e0m th\u1ee9c \u0103n cho ch\u00f3, m\u00e8o, c\u00e1, t\u00f4m, b\u00f2 s\u00e1t&#8230;<\/td>\n<\/tr>\n<\/tbody>\n<\/table>\n<div><\/div>\n<div><strong>=&gt; Xem Th\u00eam:<\/strong> <a href=\"https:\/\/kimmyfarm.com\/anh-huong-tich-cuc-cua-bot-ruoi-linh-den-cho-he-thong-tieu-hoa-cua-heo-con\">B\u1ed9t \u1ea4u Tr\u00f9ng Ru\u1ed3i L\u00ednh \u0110en \u1ea2nh H\u01b0\u1edfng T\u1ecbch C\u1ef1c L\u00ean H\u1ec7 Ti\u00eau H\u00f3a C\u1ee7a Heo Ra Sao?<\/a><\/div>\n<div><\/div>\n<div id=\"attachment_16940\" style=\"width: 810px\" class=\"wp-caption aligncenter\"><img decoding=\"async\" aria-describedby=\"caption-attachment-16940\" class=\"wp-image-16940 size-full\" src=\"https:\/\/kimmyfarm.com\/wp-content\/uploads\/2020\/12\/Black-Soldier-Fly-Larvae-Meal-BSFL-Powder-Raw-Image-4.jpg\" alt=\"B\u1ed9t \u1ea5u tr\u00f9ng ru\u1ed3i l\u00ednh \u0111en (BSFL Powder) l\u00e0 lo\u1ea1i b\u1ed9t \u0111\u01b0\u1ee3c s\u1ea3n xu\u1ea5t t\u1eeb \u200b\u200b\u1ea5u tr\u00f9ng ru\u1ed3i l\u00ednh \u0111en kh\u00f4 \u0111\u01b0\u1ee3c x\u00e2y nhuy\u1ec5n ra\" width=\"800\" height=\"599\" srcset=\"https:\/\/kimmyfarm.com\/wp-content\/uploads\/2020\/12\/Black-Soldier-Fly-Larvae-Meal-BSFL-Powder-Raw-Image-4.jpg 800w, https:\/\/kimmyfarm.com\/wp-content\/uploads\/2020\/12\/Black-Soldier-Fly-Larvae-Meal-BSFL-Powder-Raw-Image-4-150x112.jpg 150w\" sizes=\"(max-width: 800px) 100vw, 800px\" \/><p id=\"caption-attachment-16940\" class=\"wp-caption-text\"><strong>B\u1ed9t Protein \u1ea5u tr\u00f9ng ru\u1ed3i l\u00ednh \u0111en<\/strong> <em>(BSFL Protein Powder)<\/em> l\u00e0 lo\u1ea1i b\u1ed9t \u0111\u01b0\u1ee3c s\u1ea3n xu\u1ea5t t\u1eeb \u200b\u200b\u1ea5u tr\u00f9ng ru\u1ed3i l\u00ednh \u0111en kh\u00f4 \u0111\u01b0\u1ee3c x\u00e2y nhuy\u1ec5n, <strong>\u0110\u00c3 tr\u1ea3i qua qu\u00e1 tr\u00ecnh \u00e9p d\u1ea7u.<\/strong><\/p><\/div>\n<p style=\"text-align: center;\"><iframe src=\"\/\/www.youtube.com\/embed\/ndS0iv23wiE\" width=\"860\" height=\"482\" allowfullscreen=\"allowfullscreen\" data-mce-fragment=\"1\"><\/iframe><\/p>\n<h3 class=\"ftwp-heading ftwp-heading\">Dinh D\u01b0\u1ee1ng C\u00f3 Trong S\u1ea3n Ph\u1ea9m B\u1ed9t \u1ea4u Protein Tr\u00f9ng Ru\u1ed3i L\u00ednh \u0110en<\/h3>\n<table style=\"border-collapse: collapse; width: 100%; height: 144px;\">\n<tbody>\n<tr style=\"height: 24px;\">\n<td style=\"width: 7.00164%; height: 24px; text-align: center;\"><strong>STT<\/strong><\/td>\n<td style=\"width: 16.3484%; height: 24px; text-align: left;\"><strong>T\u00ean Ch\u1ec9 Ti\u00eau\u00a0<\/strong><\/td>\n<td style=\"width: 76.6499%; height: 24px; text-align: center;\"><strong>K\u1ebft Qu\u1ea3 Dinh D\u01b0\u1ee1ng<\/strong><\/td>\n<\/tr>\n<tr style=\"height: 24px;\">\n<td style=\"width: 7.00164%; text-align: center; height: 24px;\"><strong>1<\/strong><\/td>\n<td style=\"width: 16.3484%; height: 24px; text-align: left;\">Crude Protein<\/td>\n<td style=\"width: 76.6499%; height: 24px; text-align: center;\">55,6 %<\/td>\n<\/tr>\n<tr style=\"height: 24px;\">\n<td style=\"width: 7.00164%; text-align: center; height: 24px;\"><strong>2<\/strong><\/td>\n<td style=\"width: 16.3484%; height: 24px; text-align: left;\">Crude Fat<\/td>\n<td style=\"width: 76.6499%; height: 24px; text-align: center;\">18,5 %<\/td>\n<\/tr>\n<tr style=\"height: 24px;\">\n<td style=\"width: 7.00164%; text-align: center; height: 24px;\"><strong>3<\/strong><\/td>\n<td style=\"width: 16.3484%; height: 24px; text-align: left;\">Crude Fiber<\/td>\n<td style=\"width: 76.6499%; height: 24px; text-align: center;\">6,33 %<\/td>\n<\/tr>\n<tr style=\"height: 24px;\">\n<td style=\"width: 7.00164%; text-align: center; height: 24px;\"><strong>4<\/strong><\/td>\n<td style=\"width: 16.3484%; height: 24px; text-align: left;\">Ash<\/td>\n<td style=\"width: 76.6499%; height: 24px; text-align: center;\">18 %<\/td>\n<\/tr>\n<tr style=\"height: 24px;\">\n<td style=\"width: 7.00164%; text-align: center; height: 24px;\"><strong>5<\/strong><\/td>\n<td style=\"width: 16.3484%; height: 24px; text-align: left;\">\u0110\u1ed9 \u1ea8m<\/td>\n<td style=\"width: 76.6499%; height: 24px; text-align: center;\">4,49 <strong>%<\/strong><\/td>\n<\/tr>\n<\/tbody>\n<\/table>\n<h3>B\u00e1o C\u00e1o K\u1ebft Qu\u1ea3 Test &#8211; S\u1ea3n ph\u1ea9m dinh d\u01b0\u1ee1ng c\u1ee7a B\u1ed9t Protein \u1ea4u tr\u00f9ng ru\u1ed3i l\u00ednh \u0111en!<\/h3>\n<p><img decoding=\"async\" class=\"alignnone size-full wp-image-27021\" src=\"https:\/\/kimmyfarm.com\/wp-content\/uploads\/2022\/04\/BSF-PROTEINS-TEST-REPORT.jpg\" alt=\"\" width=\"1190\" height=\"1684\" srcset=\"https:\/\/kimmyfarm.com\/wp-content\/uploads\/2022\/04\/BSF-PROTEINS-TEST-REPORT.jpg 1190w, https:\/\/kimmyfarm.com\/wp-content\/uploads\/2022\/04\/BSF-PROTEINS-TEST-REPORT-150x212.jpg 150w\" sizes=\"(max-width: 1190px) 100vw, 1190px\" \/><\/p>\n<h2 id=\"chi-tiet-hinh-anh-clip-cua-san-pham\" class=\"ftwp-heading\">Chi ti\u1ebft h\u00ecnh \u1ea3nh &amp; clip c\u1ee7a M\u1eabu S\u1ea3n Ph\u1ea9m<\/h2>\n<h3 id=\"clips-w320-cashew-nuts-sample\" class=\"ftwp-heading ftwp-heading\">Clips th\u1eadt t\u1ebf v\u1ec1 M\u1eabu B\u1ed9t Ru\u1ed3i L\u00ednh \u0110en T\u1ea1i Kimmy Farm:<\/h3>\n<p style=\"text-align: center;\"><iframe src=\"\/\/www.youtube.com\/embed\/ndS0iv23wiE\" width=\"860\" height=\"482\" allowfullscreen=\"allowfullscreen\" data-mce-fragment=\"1\"><\/iframe><\/p>\n<p style=\"text-align: center;\"><iframe src=\"\/\/www.youtube.com\/embed\/GhuGj0uHo5I\" width=\"860\" height=\"482\" allowfullscreen=\"allowfullscreen\" data-mce-fragment=\"1\"><\/iframe><\/p>\n<h3 class=\"ftwp-heading\">H\u00ecnh th\u1eadt v\u1ec1 M\u1eabu B\u1ed9t Ru\u1ed3i L\u00ednh \u0110en T\u1ea1i Kimmy Farm:<\/h3>\n<div id=\"attachment_16940\" style=\"width: 810px\" class=\"wp-caption aligncenter\"><img decoding=\"async\" aria-describedby=\"caption-attachment-16940\" class=\"wp-image-16940 size-full\" src=\"https:\/\/kimmyfarm.com\/wp-content\/uploads\/2020\/12\/Black-Soldier-Fly-Larvae-Meal-BSFL-Powder-Raw-Image-4.jpg\" alt=\"Raw Image Of Black Soldier Fly Larvae Meal From Our Farm In Tay Ninh, Vietnam \u2013 BSFL Powder image!\" width=\"800\" height=\"599\" srcset=\"https:\/\/kimmyfarm.com\/wp-content\/uploads\/2020\/12\/Black-Soldier-Fly-Larvae-Meal-BSFL-Powder-Raw-Image-4.jpg 800w, https:\/\/kimmyfarm.com\/wp-content\/uploads\/2020\/12\/Black-Soldier-Fly-Larvae-Meal-BSFL-Powder-Raw-Image-4-150x112.jpg 150w\" sizes=\"(max-width: 800px) 100vw, 800px\" \/><p id=\"caption-attachment-16940\" class=\"wp-caption-text\">H\u00ecnh th\u1eadt v\u1ec1 M\u1eabu B\u1ed9t Protein Ru\u1ed3i L\u00ednh \u0110en T\u1ea1i Kimmy Farm \u2013 BSFL Protein Powder image!<\/p><\/div>\n<div id=\"attachment_16942\" style=\"width: 810px\" class=\"wp-caption aligncenter\"><img decoding=\"async\" aria-describedby=\"caption-attachment-16942\" class=\"wp-image-16942 size-full\" src=\"https:\/\/kimmyfarm.com\/wp-content\/uploads\/2020\/12\/Black-Soldier-Fly-Larvae-Meal-BSFL-Powder-Raw-Image.jpg\" alt=\"Raw Image Of Black Soldier Fly Larvae Meal From Our Farm In Tay Ninh, Vietnam \u2013 BSFL Powder image - 1\" width=\"800\" height=\"599\" srcset=\"https:\/\/kimmyfarm.com\/wp-content\/uploads\/2020\/12\/Black-Soldier-Fly-Larvae-Meal-BSFL-Powder-Raw-Image.jpg 800w, https:\/\/kimmyfarm.com\/wp-content\/uploads\/2020\/12\/Black-Soldier-Fly-Larvae-Meal-BSFL-Powder-Raw-Image-150x112.jpg 150w\" sizes=\"(max-width: 800px) 100vw, 800px\" \/><p id=\"caption-attachment-16942\" class=\"wp-caption-text\">H\u00ecnh th\u1eadt v\u1ec1 M\u1eabu B\u1ed9t Protein Ru\u1ed3i L\u00ednh \u0110en T\u1ea1i Kimmy Farm \u2013 BSFL Protein Powder image! &#8211; 1<\/p><\/div>\n<div id=\"attachment_16944\" style=\"width: 810px\" class=\"wp-caption aligncenter\"><img decoding=\"async\" aria-describedby=\"caption-attachment-16944\" class=\"wp-image-16944 size-full\" src=\"https:\/\/kimmyfarm.com\/wp-content\/uploads\/2020\/12\/Black-Soldier-Fly-Larvae-Meal-BSFL-Powder-Raw-Image-2.jpg\" alt=\"Raw Image Of Black Soldier Fly Larvae Meal From Our Farm In Tay Ninh, Vietnam \u2013 BSFL Powder image - 2\" width=\"800\" height=\"599\" srcset=\"https:\/\/kimmyfarm.com\/wp-content\/uploads\/2020\/12\/Black-Soldier-Fly-Larvae-Meal-BSFL-Powder-Raw-Image-2.jpg 800w, https:\/\/kimmyfarm.com\/wp-content\/uploads\/2020\/12\/Black-Soldier-Fly-Larvae-Meal-BSFL-Powder-Raw-Image-2-150x112.jpg 150w\" sizes=\"(max-width: 800px) 100vw, 800px\" \/><p id=\"caption-attachment-16944\" class=\"wp-caption-text\">H\u00ecnh th\u1eadt v\u1ec1 M\u1eabu B\u1ed9t Protein Ru\u1ed3i L\u00ednh \u0110en T\u1ea1i Kimmy Farm \u2013 BSFL Protein Powder image! &#8211; 2<\/p><\/div>\n<div id=\"attachment_16946\" style=\"width: 810px\" class=\"wp-caption aligncenter\"><img decoding=\"async\" aria-describedby=\"caption-attachment-16946\" class=\"wp-image-16946 size-full\" src=\"https:\/\/kimmyfarm.com\/wp-content\/uploads\/2020\/12\/Black-Soldier-Fly-Larvae-Meal-BSFL-Powder-Raw-Image-3.jpg\" alt=\"Raw Image Of Black Soldier Fly Larvae Meal From Our Farm In Tay Ninh, Vietnam \u2013 BSFL Powder image - 3\" width=\"800\" height=\"599\" srcset=\"https:\/\/kimmyfarm.com\/wp-content\/uploads\/2020\/12\/Black-Soldier-Fly-Larvae-Meal-BSFL-Powder-Raw-Image-3.jpg 800w, https:\/\/kimmyfarm.com\/wp-content\/uploads\/2020\/12\/Black-Soldier-Fly-Larvae-Meal-BSFL-Powder-Raw-Image-3-150x112.jpg 150w\" sizes=\"(max-width: 800px) 100vw, 800px\" \/><p id=\"caption-attachment-16946\" class=\"wp-caption-text\">H\u00ecnh th\u1eadt v\u1ec1 M\u1eabu B\u1ed9t Protein Ru\u1ed3i L\u00ednh \u0110en T\u1ea1i Kimmy Farm \u2013 BSFL Protein Powder image! &#8211; 3<\/p><\/div>\n<h2 id=\"packaging-shipping\" class=\"ftwp-heading\">Quy C\u00e1ch \u0110\u00f3ng G\u00f3i<\/h2>\n<div id=\"attachment_16950\" style=\"width: 810px\" class=\"wp-caption aligncenter\"><img decoding=\"async\" aria-describedby=\"caption-attachment-16950\" class=\"wp-image-16950 size-full\" src=\"https:\/\/kimmyfarm.com\/wp-content\/uploads\/2020\/12\/500-gram-per-unit-1.10-lbs-of-Vacuum-Flexy-Pouches-1.jpg\" alt=\"BSFL Meal (Powder) packed in PE vacuum bag of 500g at our Farm.\" width=\"800\" height=\"599\" srcset=\"https:\/\/kimmyfarm.com\/wp-content\/uploads\/2020\/12\/500-gram-per-unit-1.10-lbs-of-Vacuum-Flexy-Pouches-1.jpg 800w, https:\/\/kimmyfarm.com\/wp-content\/uploads\/2020\/12\/500-gram-per-unit-1.10-lbs-of-Vacuum-Flexy-Pouches-1-150x112.jpg 150w\" sizes=\"(max-width: 800px) 100vw, 800px\" \/><p id=\"caption-attachment-16950\" class=\"wp-caption-text\">B\u1ed9t Protein Ru\u1ed3i L\u00ednh \u0110en T\u1ea1i Kimmy Farm \u0111\u01b0\u1ee3c \u0111\u00f3ng g\u00f3i v\u00e0o b\u1ecbch PE d\u00e0y h\u00fat ch\u00e2n kh\u00f4ng &#8211; Raw Image.<\/p><\/div>\n<div id=\"attachment_16948\" style=\"width: 810px\" class=\"wp-caption aligncenter\"><img decoding=\"async\" aria-describedby=\"caption-attachment-16948\" class=\"wp-image-16948 size-full\" src=\"https:\/\/kimmyfarm.com\/wp-content\/uploads\/2020\/12\/500-gram-per-unit-1.10-lbs-of-Vacuum-Flexy-Pouches.jpg\" alt=\"BSFL Meal (Powder) packed in PE vacuum bag of 500g at our Farm.\" width=\"800\" height=\"599\" srcset=\"https:\/\/kimmyfarm.com\/wp-content\/uploads\/2020\/12\/500-gram-per-unit-1.10-lbs-of-Vacuum-Flexy-Pouches.jpg 800w, https:\/\/kimmyfarm.com\/wp-content\/uploads\/2020\/12\/500-gram-per-unit-1.10-lbs-of-Vacuum-Flexy-Pouches-150x112.jpg 150w\" sizes=\"(max-width: 800px) 100vw, 800px\" \/><p id=\"caption-attachment-16948\" class=\"wp-caption-text\">B\u1ed9t Protein Ru\u1ed3i L\u00ednh \u0110en T\u1ea1i Kimmy Farm \u0111\u01b0\u1ee3c \u0111\u00f3ng g\u00f3i v\u00e0o b\u1ecbch PE d\u00e0y h\u00fat ch\u00e2n kh\u00f4ng &#8211; Raw Image &#8211; 1<\/p><\/div>\n<p id=\"black-soldier-fly-farm-in-vietnam-contact-us-for-prices\" class=\"ftwp-heading ftwp-heading\"><strong>Kimmy&#8217;s Farm Nh\u00e0 Cung C\u1ea5p S\u1ea3n Ph\u1ea9m V\u1ec1 Ru\u1ed3i L\u00ednh \u0110en Ch\u1ea5t L\u01b0\u1ee3ng T\u1ea1i Ph\u00eda Nam &#8211;<\/strong> \u00a0N\u00f4ng tr\u1ea1i Kimmy\u2019s Farm chuy\u00ean cung c\u1ea5p c\u00e1c s\u1ea3n ph\u1ea9m li\u00ean quan t\u1edbi ru\u1ed3i l\u00ednh \u0111en nh\u01b0: Tr\u1ee9ng ru\u1ed3i, \u1ea5u tr\u00f9ng ru\u1ed3i, nh\u1ed9ng ru\u1ed3i, ru\u1ed3i l\u00ednh \u0111en tr\u01b0\u1edfng th\u00e0nh, k\u00e9n y\u00ean, ph\u00e2n b\u00f3n h\u1eefu c\u01a1 t\u1eeb ru\u1ed3i l\u00ednh \u0111en\u2026\u2026 v\u00e0 nhi\u1ec1u s\u1ea3n ph\u1ea9m n\u00f4ng nghi\u1ec7p s\u1ea1ch kh\u00e1c. Ch\u00fang t\u00f4i c\u00f3 trang tr\u1ea1i ru\u1ed3i l\u00ednh \u0111en t\u1ea1i T\u00e2y Ninh v\u00e0 v\u00f9ng tr\u1ed3ng tr\u1ecdt n\u00f4ng nghi\u1ec7p s\u1ea1ch \u1edf B\u00ecnh Ph\u01b0\u1edbc, v\u0103n ph\u00f2ng \u0111\u1ea1i di\u1ec7n t\u1ea1i tphcm \u0111\u1ec3 cho c\u00e1c b\u1ea1n ti\u1ec7n li\u00ean l\u1ea1c. <span id=\"mtc-2250686318670\"> <\/span>Kimmy farm l\u00e0 n\u00f4ng tr\u1ea1i n\u00f4ng nghi\u1ec7p s\u1ea1ch v\u00e0 hi\u1ec7n \u0111\u1ea1i v\u1edbi mong mu\u1ed1n chia s\u1ebb \u0111i\u1ec1u t\u1ed1t nh\u1ea5t \u0111\u1ebfn nhi\u1ec1u ng\u01b0\u1eddi v\u00e0 ph\u00e1t tri\u1ec3n h\u1ec7 sinh th\u00e1i n\u00f4ng nghi\u1ec7p S\u1ea1ch c\u1ee7a Vi\u1ec7t Nam. H\u00e3y li\u00ean h\u1ec7 v\u1edbi ch\u00fang t\u00f4i n\u1ebfu c\u00e1c b\u1ea1n \u0111ang c\u00f3 nhu c\u1ea7u ngu\u1ed3n h\u00e0ng v\u1ec1 ru\u1ed3i l\u00ednh \u0111en.<\/p>\n<p><strong>C\u00e1c S\u1ea3n Ph\u1ea9m C\u00f3 Li\u00ean Quan:<\/strong><\/p>\n<blockquote class=\"wp-embedded-content\" data-secret=\"53Z7o80XeC\"><p><a href=\"https:\/\/kimmyfarm.com\/san-pham\/bot-au-trung-ruoi-linh-den-kho-khoi-luong-5kg\">B\u1ed9t \u1ea4u Tr\u00f9ng Ru\u1ed3i L\u00ednh \u0110en Kh\u00f4 (B\u1ed9t Nguy\u00ean Ch\u1ea5t) &#8211; KL: 5kg<\/a><\/p><\/blockquote>\n<p><iframe class=\"wp-embedded-content\" sandbox=\"allow-scripts\" security=\"restricted\" style=\"position: absolute; clip: rect(1px, 1px, 1px, 1px);\" title=\"&#8220;B\u1ed9t \u1ea4u Tr\u00f9ng Ru\u1ed3i L\u00ednh \u0110en Kh\u00f4 (B\u1ed9t Nguy\u00ean Ch\u1ea5t) &#8211; KL: 5kg&#8221; &#8212; Kimmy Farm\" src=\"https:\/\/kimmyfarm.com\/san-pham\/bot-au-trung-ruoi-linh-den-kho-khoi-luong-5kg\/embed#?secret=kdeXJVC9aG#?secret=53Z7o80XeC\" data-secret=\"53Z7o80XeC\" width=\"500\" height=\"282\" frameborder=\"0\" marginwidth=\"0\" marginheight=\"0\" scrolling=\"no\"><\/iframe><\/p>\n<blockquote class=\"wp-embedded-content\" data-secret=\"x0Uz2tOAtN\"><p><a href=\"https:\/\/kimmyfarm.com\/san-pham\/bot-au-trung-ruoi-linh-den-kho-khoi-luong-1kg\">B\u1ed9t \u1ea4u Tr\u00f9ng Ru\u1ed3i L\u00ednh \u0110en Kh\u00f4 (B\u1ed9t Nguy\u00ean Ch\u1ea5t) &#8211; KL: 1kg<\/a><\/p><\/blockquote>\n<p><iframe class=\"wp-embedded-content\" sandbox=\"allow-scripts\" security=\"restricted\" style=\"position: absolute; clip: rect(1px, 1px, 1px, 1px);\" title=\"&#8220;B\u1ed9t \u1ea4u Tr\u00f9ng Ru\u1ed3i L\u00ednh \u0110en Kh\u00f4 (B\u1ed9t Nguy\u00ean Ch\u1ea5t) &#8211; KL: 1kg&#8221; &#8212; Kimmy Farm\" src=\"https:\/\/kimmyfarm.com\/san-pham\/bot-au-trung-ruoi-linh-den-kho-khoi-luong-1kg\/embed#?secret=RkF3PQ2kH0#?secret=x0Uz2tOAtN\" data-secret=\"x0Uz2tOAtN\" width=\"500\" height=\"282\" frameborder=\"0\" marginwidth=\"0\" marginheight=\"0\" scrolling=\"no\"><\/iframe><\/p>\n","protected":false},"excerpt":{"rendered":"<p><strong>B\u1ed9t \u1ea5u Protein tr\u00f9ng ru\u1ed3i l\u00ednh \u0111en<\/strong> <em>(BSFL Protein Powder)<\/em> l\u00e0 lo\u1ea1i b\u1ed9t \u0111\u01b0\u1ee3c s\u1ea3n xu\u1ea5t t\u1eeb \u200b\u200b\u1ea5u tr\u00f9ng ru\u1ed3i l\u00ednh \u0111en \u0111\u01b0\u1ee3c x\u00e2y nhuy\u1ec5n v\u00e0 tr\u1ea3i qua qu\u00e1 tr\u00ecnh \u00e9p d\u1ea7u. <strong>S\u1ea3n ph\u1ea9m B\u1ed9t Protein \u1ea5u tr\u00f9ng ru\u1ed3i l\u00ednh<\/strong> c\u1ee7a ch\u00fang t\u00f4i s\u1eed d\u1ee5ng \u1ea5u tr\u00f9ng ru\u1ed3i l\u00ednh \u0111en th\u01b0\u01a1ng ph\u1ea9m c\u00f3 ch\u1ea5t l\u01b0\u1ee3ng t\u1ed1t v\u1edbi \u0111\u1ea7y \u0111\u1ee7 ch\u1ea5t dinh d\u01b0\u1ee1ng d\u00e0nh cho \u0111\u1ed9ng v\u1eadt.<\/p>\n<p style=\"text-align: justify;\"><strong>T\u00f3m T\u1eaft Th\u00f4ng Tin V\u1ec1S\u1ea3n Ph\u1ea9m B\u1ed9t \u1ea5u tr\u00f9ng ru\u1ed3i l\u00ednh \u0111en:<\/strong><\/p>\n<ul style=\"text-align: justify;\">\n<li><strong>\u0110\u1ed9 \u1ea8m:<\/strong> 4,49 %<\/li>\n<li><strong>Ch\u1ea5t \u0110\u1ea1m:<\/strong> 55,6%<\/li>\n<li><strong>Ch\u1ea5t B\u00e9o:<\/strong> 18,5 %<\/li>\n<li><strong>Ch\u1ea5t X\u01a1:<\/strong> 3,28%<\/li>\n<li><strong>Xu\u1ea5t X\u1ee9: <\/strong>Tay Ninh, Viet Nam<\/li>\n<li><strong>Quy C\u00e1ch \u0110\u00f3ng G\u00f3i:<\/strong> 500 gram \/ 1 bao <em>(1.10 lbs). <\/em>Bao h\u00fat ch\u00e2n kh\u00f4ng<\/li>\n<li><strong>S\u1eed d\u1ee5ng cho: <\/strong>Ch\u00f3, m\u00e8o, g\u00e0, c\u00e1, t\u00f4m, gia c\u1ea7m, b\u00f2 s\u00e1t, \u0111\u1ed9ng v\u1eadt c\u00f3 v\u00fa nh\u1ecf v\u00e0 \u0111\u1ed9ng v\u1eadt \u0103n s\u00e2u b\u1ecd&#8230;<\/li>\n<li><strong>Th\u00f4ng tin th\u00eam <\/strong>S\u1eed d\u1ee5ng 100% \u1ea5u tr\u00f9ng ru\u1ed3i l\u00ednh \u0111en nguy\u00ean ch\u1ea5t \u0111\u00e3 tr\u1ea3i qua qu\u00e1 tr\u00ecnh \u00e9p ki\u1ec7t d\u1ea7u. S\u1ea3n ph\u1ea9m ch\u1ec9 s\u1eed d\u1ee5ng cho \u0111\u1ed9ng v\u1eadt.<\/li>\n<\/ul>\n","protected":false},"featured_media":16949,"template":"","meta":[],"product_brand":[],"product_cat":[78,19],"product_tag":[124,440,121],"class_list":{"0":"post-27271","1":"product","2":"type-product","3":"status-publish","4":"has-post-thumbnail","6":"product_cat-bot-au-trung","7":"product_cat-ruoi-linh-den","8":"product_tag-bot-au-trung","9":"product_tag-bot-protein","10":"product_tag-ruoi-linh-den","12":"first","13":"instock","14":"shipping-taxable","15":"product-type-simple"},"_links":{"self":[{"href":"https:\/\/kimmyfarm.com\/de\/wp-json\/wp\/v2\/product\/27271","targetHints":{"allow":["GET"]}}],"collection":[{"href":"https:\/\/kimmyfarm.com\/de\/wp-json\/wp\/v2\/product"}],"about":[{"href":"https:\/\/kimmyfarm.com\/de\/wp-json\/wp\/v2\/types\/product"}],"version-history":[{"count":0,"href":"https:\/\/kimmyfarm.com\/de\/wp-json\/wp\/v2\/product\/27271\/revisions"}],"wp:featuredmedia":[{"embeddable":true,"href":"https:\/\/kimmyfarm.com\/de\/wp-json\/wp\/v2\/media\/16949"}],"wp:attachment":[{"href":"https:\/\/kimmyfarm.com\/de\/wp-json\/wp\/v2\/media?parent=27271"}],"wp:term":[{"taxonomy":"product_brand","embeddable":true,"href":"https:\/\/kimmyfarm.com\/de\/wp-json\/wp\/v2\/product_brand?post=27271"},{"taxonomy":"product_cat","embeddable":true,"href":"https:\/\/kimmyfarm.com\/de\/wp-json\/wp\/v2\/product_cat?post=27271"},{"taxonomy":"product_tag","embeddable":true,"href":"https:\/\/kimmyfarm.com\/de\/wp-json\/wp\/v2\/product_tag?post=27271"}],"curies":[{"name":"wp","href":"https:\/\/api.w.org\/{rel}","templated":true}]}}