{"id":26425,"date":"2022-03-08T21:04:38","date_gmt":"2022-03-08T14:04:38","guid":{"rendered":"https:\/\/kimmyfarm.com\/?post_type=product&#038;p=26425"},"modified":"2022-03-14T16:39:02","modified_gmt":"2022-03-14T09:39:02","slug":"hat-dieu-rang-bo-tui-hut-chan-khong-500g","status":"publish","type":"product","link":"https:\/\/kimmyfarm.com\/de\/produkt\/hat-dieu-rang-bo-tui-hut-chan-khong-500g","title":{"rendered":"H\u1ea1t \u0110i\u1ec1u Rang B\u01a1 \u0110\u01b0\u1eddng Nguy\u00ean H\u1ea1t T\u00fai Ch\u00e2n Kh\u00f4ng 500G"},"content":{"rendered":"","protected":false},"excerpt":{"rendered":"<p><strong>H\u1ea1t \u0111i\u1ec1u rang b\u01a1 \u0111\u01b0\u1eddng<\/strong>\u00a0l\u00e0 lo\u1ea1i h\u1ea1t \u0111i\u1ec1u c\u00f3 h\u01b0\u01a1ng v\u1ecb b\u00f9i ng\u1ecdt b\u00e9o ng\u1eady v\u1edbi<strong>\u00a0c\u00e1c lo\u1ea1i h\u1ea1t \u0111i\u1ec1u cao c\u1ea5p\u00a0\u0111\u01b0\u1ee3c ph\u1ed1i tr\u1ed9n c\u00f9ng v\u1edbi lo\u1ea1i mu\u1ed1i tinh khi\u1ebft, \u0111\u01b0\u1eddng tr\u1eafng, c\u00f9ng v\u1edbi lo\u1ea1i b\u01a1 ch\u1ea5t l\u01b0\u1ee3ng cao<\/strong>\u00a0\u0111\u1ec3 t\u1ea1o n\u00ean m\u1ed9t m\u00f3n \u0103n c\u00f3 h\u01b0\u01a1ng v\u1ecb v\u00f4 c\u00f9ng \u0111\u1eb7c bi\u1ec7t m\u00e0 ng\u01b0\u1eddi h\u01b0\u1edfng th\u1ee9c kh\u00f3 m\u00e0 qu\u00ean \u0111\u01b0\u1ee3c.\u00a0<strong>H\u1ea1t \u0111i\u1ec1u rang b\u01a1 \u0111\u01b0\u1eddng<\/strong>\u00a0l\u00e0 m\u1ed9t m\u00f3n \u0103n th\u00fa v\u1ecb cho c\u00e1c t\u00edn \u0111\u1ed3 \u0103n v\u1eb7t \u0111\u1eb7c bi\u1ec7t l\u00e0 nh\u1eefng ng\u01b0\u1eddi \u01b0a th\u00edch \u0103n b\u00e9o. Ngo\u00e0i ra, ng\u01b0\u1eddi \u0111ang c\u00f3 nhu c\u1ea7u t\u0103ng c\u00e2n th\u00ec n\u00ean th\u00eam m\u00f3n \u0103n v\u1eb7t n\u00e0y v\u00e0o th\u1ef1c \u0111\u01a1n c\u1ee7a m\u00ecnh s\u1ebd r\u1ea5t hi\u1ec7u qu\u1ea3.<\/p>\n<p><strong>T\u00f3m t\u1eaft s\u1ea3n ph\u1ea9m h\u1ea1t \u0111i\u1ec1u rang b\u01a1 500G:<\/strong><\/p>\n<ul>\n<li><strong>Quy C\u00e1ch:<\/strong> 500 grams<\/li>\n<li><strong>Th\u00e0nh Ph\u1ea7n:<\/strong>\u00a0H\u1ea1t \u0110i\u1ec1u (92%), B\u01a1 &amp; \u0110\u01b0\u1eddng (5%), Mu\u1ed1i (1%).<\/li>\n<li><strong>K\u00edch C\u1ee1 H\u1ea1t:<\/strong>\u00a0H\u1ea1t \u0110i\u1ec1u W240 cao c\u1ea5p\u00a0<em>(395 \u2013 465 h\u1ea1t \/ kg \u2013 Lo\u1ea1i L\u1edbn \u2013 Lo\u1ea1i A)<\/em><\/li>\n<li><strong>Xu\u1ea5t x\u1ee9:\u00a0<\/strong>H\u1ea1t \u0110i\u1ec1u Vi\u1ec7t Nam<\/li>\n<li><strong>\u0110\u00f3ng g\u00f3i: <\/strong>T\u00fai h\u00fat ch\u00e2n kh\u00f4ng.<\/li>\n<li><strong>Th\u1eddi h\u1ea1n s\u1eed d\u1ee5ng:\u00a0<\/strong>12 th\u00e1ng.<\/li>\n<li><strong>M\u00f4 t\u1ea3:<\/strong>\u00a0H\u1ea1t \u0111i\u1ec1u rang b\u01a1 \u0111\u01b0\u1eddng \u0111\u00e3 t\u00e1ch v\u1ecf l\u1ee5a, h\u1ea1t nguy\u00ean.<\/li>\n<\/ul>\n[su_button url=\"https:\/\/vinanuts.com.vn\/san-pham\/hat-dieu-rang-bo-500g-tui-hut-chan-khong\" background=\"#6B9F1D\" size=\"10\" center=\"yes\"]MUA L\u1eba S\u1ea2N PH\u1ea8M T\u1ea0I \u0110\u00c2Y![\/su_button]\n","protected":false},"featured_media":26436,"template":"","meta":[],"product_brand":[],"product_cat":[430,26],"product_tag":[105,428,429],"class_list":{"0":"post-26425","1":"product","2":"type-product","3":"status-publish","4":"has-post-thumbnail","6":"product_cat-rang-bo","7":"product_cat-hat-dieu","8":"product_tag-hat-dieu","9":"product_tag-hat-dieu-rang","10":"product_tag-hat-dieu-rang-bo","12":"first","13":"instock","14":"shipping-taxable","15":"product-type-simple"},"_links":{"self":[{"href":"https:\/\/kimmyfarm.com\/de\/wp-json\/wp\/v2\/product\/26425","targetHints":{"allow":["GET"]}}],"collection":[{"href":"https:\/\/kimmyfarm.com\/de\/wp-json\/wp\/v2\/product"}],"about":[{"href":"https:\/\/kimmyfarm.com\/de\/wp-json\/wp\/v2\/types\/product"}],"version-history":[{"count":0,"href":"https:\/\/kimmyfarm.com\/de\/wp-json\/wp\/v2\/product\/26425\/revisions"}],"wp:featuredmedia":[{"embeddable":true,"href":"https:\/\/kimmyfarm.com\/de\/wp-json\/wp\/v2\/media\/26436"}],"wp:attachment":[{"href":"https:\/\/kimmyfarm.com\/de\/wp-json\/wp\/v2\/media?parent=26425"}],"wp:term":[{"taxonomy":"product_brand","embeddable":true,"href":"https:\/\/kimmyfarm.com\/de\/wp-json\/wp\/v2\/product_brand?post=26425"},{"taxonomy":"product_cat","embeddable":true,"href":"https:\/\/kimmyfarm.com\/de\/wp-json\/wp\/v2\/product_cat?post=26425"},{"taxonomy":"product_tag","embeddable":true,"href":"https:\/\/kimmyfarm.com\/de\/wp-json\/wp\/v2\/product_tag?post=26425"}],"curies":[{"name":"wp","href":"https:\/\/api.w.org\/{rel}","templated":true}]}}