{"id":26376,"date":"2022-03-08T17:59:29","date_gmt":"2022-03-08T10:59:29","guid":{"rendered":"https:\/\/kimmyfarm.com\/?post_type=product&#038;p=26376"},"modified":"2022-03-14T16:58:12","modified_gmt":"2022-03-14T09:58:12","slug":"hat-dieu-rang-muoi-hu-nhua-500g","status":"publish","type":"product","link":"https:\/\/kimmyfarm.com\/de\/produkt\/hat-dieu-rang-muoi-hu-nhua-500g","title":{"rendered":"H\u1ea1t \u0110i\u1ec1u Rang Mu\u1ed1i Nguy\u00ean H\u1ea1t W240 H\u0169 Nh\u1ef1a 500G"},"content":{"rendered":"","protected":false},"excerpt":{"rendered":"<p><strong>H\u1ea1t \u0111i\u1ec1u rang mu\u1ed1i<\/strong>\u00a0Kimmy Farm l\u00e0 s\u1ea3n ph\u1ea9m h\u1ea1t \u0111i\u1ec1u \u0111\u01b0\u1ee3c tuy\u1ec3n ch\u1ecdn t\u1eeb lo\u1ea1i h\u1ea1t \u0111i\u1ec1u ch\u1ea5t l\u01b0\u1ee3ng cao c\u1ee7a Vi\u1ec7t Nam v\u1edbi h\u1ea1t c\u00f2n nguy\u00ean v\u1eb9n, c\u00f3 m\u00e0u s\u1eafc \u0111\u1ed3ng \u0111\u1ec1u, k\u00edch c\u1ee1 h\u1ea1t l\u1edbn, kh\u00f4ng nhi\u1ec5m d\u1ea7u, \u0111\u01b0\u1ee3c \u0111\u00f3ng g\u00f3i ch\u1eafc ch\u1eafn ph\u00f9 h\u1ee3p \u0111\u1ec3 \u0103n tr\u1ef1c ti\u1ebfp, l\u00e0m snack, ph\u1ed1i tr\u1ed9n v\u1edbi th\u1ee9c \u0103n kh\u00e1c, ho\u1eb7c th\u00edch h\u1ee3p l\u00e0m qu\u00e0 bi\u1ebfu, g\u1eedi \u0111i n\u01b0\u1edbc ngo\u00e0i\u2026<\/p>\n<p><strong>T\u00f3m t\u1eaft s\u1ea3n ph\u1ea9m h\u1ea1t \u0111i\u1ec1u rang mu\u1ed1i 500 g:<\/strong><\/p>\n<ul>\n<li><b>Quy C\u00e1ch:\u00a0<\/b>500 gram\u00a0<em>(kh\u00f4ng t\u00ednh bao b\u00ec)<\/em><\/li>\n<li><strong>Th\u00e0nh Ph\u1ea7n:\u00a0<\/strong>H\u1ea1t \u0110i\u1ec1u (99%), Mu\u1ed1i (1 \u2013 0,1%)<\/li>\n<li><strong>K\u00edch C\u1ee1 H\u1ea1t:<\/strong>\u00a0H\u1ea1t \u0110i\u1ec1u W240 cao c\u1ea5p\u00a0<em>(395 \u2013 465 h\u1ea1t \/ kg \u2013 Lo\u1ea1i L\u1edbn \u2013 Lo\u1ea1i A)<\/em><\/li>\n<li><strong>Xu\u1ea5t x\u1ee9:\u00a0<\/strong>H\u1ea1t \u0110i\u1ec1u Vi\u1ec7t Nam.<\/li>\n<li><strong>\u0110\u00f3ng g\u00f3i:\u00a0<\/strong>H\u0169 nh\u1ef1a PET lo\u1ea1i 1.<\/li>\n<li><strong>Th\u1eddi h\u1ea1n s\u1eed d\u1ee5ng:\u00a0<\/strong>12 th\u00e1ng.<\/li>\n<li><strong>M\u00f4 t\u1ea3 th\u00eam cho s\u1ea3n ph\u1ea9m:<\/strong>\u00a0H\u1ea1t \u0111i\u1ec1u rang mu\u1ed1i c\u00f2n v\u1ecf l\u1ee5a, ch\u1ec9 s\u1eed d\u1ee5ng h\u1ea1t c\u00f2n nguy\u00ean, lo\u1ea1i h\u1ea1t TO \u0111\u1ed3ng \u0111\u1ec1u, \u0111\u00f3ng g\u00f3i trong h\u0169 nh\u1ef1a PET lo\u1ea1i 1 An to\u00e0n.<\/li>\n<\/ul>\n[su_button url=\"https:\/\/vinanuts.com.vn\/san-pham\/hat-dieu-lua-rang-muoi-500g\" background=\"#6B9F1D\" size=\"10\" center=\"yes\"]MUA L\u1eba S\u1ea2N PH\u1ea8M T\u1ea0I \u0110\u00c2Y![\/su_button]\n","protected":false},"featured_media":26378,"template":"","meta":[],"product_brand":[],"product_cat":[26,431],"product_tag":[105,428,427],"class_list":{"0":"post-26376","1":"product","2":"type-product","3":"status-publish","4":"has-post-thumbnail","6":"product_cat-hat-dieu","7":"product_cat-rang-muoi","8":"product_tag-hat-dieu","9":"product_tag-hat-dieu-rang","10":"product_tag-hat-dieu-rang-muoi","12":"first","13":"instock","14":"shipping-taxable","15":"product-type-simple"},"_links":{"self":[{"href":"https:\/\/kimmyfarm.com\/de\/wp-json\/wp\/v2\/product\/26376","targetHints":{"allow":["GET"]}}],"collection":[{"href":"https:\/\/kimmyfarm.com\/de\/wp-json\/wp\/v2\/product"}],"about":[{"href":"https:\/\/kimmyfarm.com\/de\/wp-json\/wp\/v2\/types\/product"}],"version-history":[{"count":0,"href":"https:\/\/kimmyfarm.com\/de\/wp-json\/wp\/v2\/product\/26376\/revisions"}],"wp:featuredmedia":[{"embeddable":true,"href":"https:\/\/kimmyfarm.com\/de\/wp-json\/wp\/v2\/media\/26378"}],"wp:attachment":[{"href":"https:\/\/kimmyfarm.com\/de\/wp-json\/wp\/v2\/media?parent=26376"}],"wp:term":[{"taxonomy":"product_brand","embeddable":true,"href":"https:\/\/kimmyfarm.com\/de\/wp-json\/wp\/v2\/product_brand?post=26376"},{"taxonomy":"product_cat","embeddable":true,"href":"https:\/\/kimmyfarm.com\/de\/wp-json\/wp\/v2\/product_cat?post=26376"},{"taxonomy":"product_tag","embeddable":true,"href":"https:\/\/kimmyfarm.com\/de\/wp-json\/wp\/v2\/product_tag?post=26376"}],"curies":[{"name":"wp","href":"https:\/\/api.w.org\/{rel}","templated":true}]}}