{"id":25855,"date":"2022-02-16T08:25:23","date_gmt":"2022-02-16T01:25:23","guid":{"rendered":"https:\/\/kimmyfarm.com\/?post_type=product&#038;p=25855"},"modified":"2022-02-19T08:00:51","modified_gmt":"2022-02-19T01:00:51","slug":"hat-dieu-tho-campuchia","status":"publish","type":"product","link":"https:\/\/kimmyfarm.com\/de\/produkt\/hat-dieu-tho-campuchia","title":{"rendered":"H\u1ea1t \u0110i\u1ec1u Th\u00f4 Campuchia"},"content":{"rendered":"<p>Hi\u1ec7n nay,\u00a0<strong>Campuchia c\u00f3 h\u01a1n 500.000 h\u00e9cta tr\u1ed3ng \u0111i\u1ec1u<\/strong>\u00a0t\u1ea1i 10 t\u1ec9nh chuy\u00ean canh lo\u1ea1i c\u00e2y n\u00e0y, trong \u0111\u00f3 4 t\u1ec9nh c\u00f3 di\u1ec7n t\u00edch tr\u1ed3ng \u0111i\u1ec1u l\u1edbn nh\u1ea5t g\u1ed3m Kampong Thom kho\u1ea3ng <strong>90,959 h\u00e9cta, Kratie kho\u1ea3ng 47,858 h\u00e9cta, Ratanakiri kho\u1ea3ng 30,459 h\u00e9cta<\/strong> v\u00e0 t\u1ec9nh Kampong Cham kho\u1ea3ng <strong>24,364 h\u00e9cta. <\/strong>Quy m\u00f4 c\u00e1c \u0111\u1ed3n \u0111i\u1ec1n tr\u1ed3ng c\u00e2y \u0111i\u1ec1u \u1edf t\u1ec9nh Ratanakiri, Campuchia\u00a0\u0111\u00e3 v\u00e0 \u0111ang ti\u1ebfp t\u1ee5c m\u1edf r\u1ed9ng trong n\u0103m nay v\u00e0 d\u1ef1 ki\u1ebfn \u200b\u200bs\u1ebd ph\u00e1t tri\u1ec3n trong n\u0103m t\u1edbi v\u00ec nhu c\u1ea7u nh\u1eadp nguy\u00ean li\u1ec7u h\u1ea1t \u0111i\u1ec1u th\u00f4 t\u1eeb Vi\u1ec7t Nam ng\u00e0y c\u00e0ng t\u0103ng cao.<\/p>\n<p><img decoding=\"async\" class=\"size-full wp-image-25858 aligncenter\" src=\"https:\/\/kimmyfarm.com\/wp-content\/uploads\/2022\/02\/hat-dieu-tho-campuchia.jpg\" alt=\"\" width=\"500\" height=\"500\" srcset=\"https:\/\/kimmyfarm.com\/wp-content\/uploads\/2022\/02\/hat-dieu-tho-campuchia.jpg 500w, https:\/\/kimmyfarm.com\/wp-content\/uploads\/2022\/02\/hat-dieu-tho-campuchia-150x150.jpg 150w, https:\/\/kimmyfarm.com\/wp-content\/uploads\/2022\/02\/hat-dieu-tho-campuchia-45x45.jpg 45w\" sizes=\"(max-width: 500px) 100vw, 500px\" \/><\/p>\n","protected":false},"excerpt":{"rendered":"<p><strong>H\u1ea1t \u0110i\u1ec1u Th\u00f4 Campuchia<\/strong> hay c\u00f2n g\u1ecdi l\u00e0 h\u1ea1t \u0111i\u1ec1u h\u1ea1t trung b\u00ecnh th\u01b0\u1eddng \u0111\u01b0\u1ee3c Vi\u1ec7t Nam nh\u1eadp v\u1ec1 ch\u1ebb l\u1ea5y nh\u00e2n. Lo\u1ea1i h\u1ea1t \u0111i\u1ec1u n\u00e0y kh\u00e1c v\u1edbi h\u00e0ng h\u1ea1t \u0111i\u1ec1u A c\u1ed3 c\u1ee7a Campuchia<\/p>\n<ul>\n<li><strong>LBS:<\/strong> 50<\/li>\n<li><strong>S\u1ed1 H\u1ea1t:<\/strong> 190<\/li>\n<li><strong>T\u1ef7 L\u1ec7 Thu H\u1ed3i:<\/strong> 29<\/li>\n<li><strong>\u0110\u1ed9 \u1ea8m:<\/strong>\u00a010 \u2013 12 %<\/li>\n<li><strong>M\u00f9a V\u1ee5:<\/strong>\u00a0M\u00f9a v\u1ee5 m\u1edbi nh\u1ea5t<\/li>\n<li><strong>Gi\u00e1 b\u00e1n:<\/strong>\u00a0Li\u00ean h\u1ec7 v\u1edbi Ch\u00fang t\u00f4i nh\u1eadn b\u00e1o gi\u00e1.<\/li>\n<\/ul>\n","protected":false},"featured_media":25858,"template":"","meta":[],"product_brand":[],"product_cat":[69,26],"product_tag":[113],"class_list":{"0":"post-25855","1":"product","2":"type-product","3":"status-publish","4":"has-post-thumbnail","6":"product_cat-trai-dieu-tho","7":"product_cat-hat-dieu","8":"product_tag-hat-dieu-tho","10":"first","11":"instock","12":"shipping-taxable","13":"product-type-simple"},"_links":{"self":[{"href":"https:\/\/kimmyfarm.com\/de\/wp-json\/wp\/v2\/product\/25855","targetHints":{"allow":["GET"]}}],"collection":[{"href":"https:\/\/kimmyfarm.com\/de\/wp-json\/wp\/v2\/product"}],"about":[{"href":"https:\/\/kimmyfarm.com\/de\/wp-json\/wp\/v2\/types\/product"}],"version-history":[{"count":0,"href":"https:\/\/kimmyfarm.com\/de\/wp-json\/wp\/v2\/product\/25855\/revisions"}],"wp:featuredmedia":[{"embeddable":true,"href":"https:\/\/kimmyfarm.com\/de\/wp-json\/wp\/v2\/media\/25858"}],"wp:attachment":[{"href":"https:\/\/kimmyfarm.com\/de\/wp-json\/wp\/v2\/media?parent=25855"}],"wp:term":[{"taxonomy":"product_brand","embeddable":true,"href":"https:\/\/kimmyfarm.com\/de\/wp-json\/wp\/v2\/product_brand?post=25855"},{"taxonomy":"product_cat","embeddable":true,"href":"https:\/\/kimmyfarm.com\/de\/wp-json\/wp\/v2\/product_cat?post=25855"},{"taxonomy":"product_tag","embeddable":true,"href":"https:\/\/kimmyfarm.com\/de\/wp-json\/wp\/v2\/product_tag?post=25855"}],"curies":[{"name":"wp","href":"https:\/\/api.w.org\/{rel}","templated":true}]}}