{"id":25843,"date":"2022-02-15T19:06:38","date_gmt":"2022-02-15T12:06:38","guid":{"rendered":"https:\/\/kimmyfarm.com\/?post_type=product&#038;p=25843"},"modified":"2022-03-31T12:08:17","modified_gmt":"2022-03-31T05:08:17","slug":"hat-dieu-tho-guinea-bissau","status":"publish","type":"product","link":"https:\/\/kimmyfarm.com\/de\/produkt\/hat-dieu-tho-guinea-bissau","title":{"rendered":"H\u1ea1t \u0110i\u1ec1u Th\u00f4 Guinea Bissau"},"content":{"rendered":"<h2>H\u1ea1t \u0110i\u1ec1u Th\u00f4 Guinea Bissau<\/h2>\n<p>Guinea Bissau n\u1eb1m \u1edf T\u00e2y Phi v\u00e0 l\u00e0 nh\u00e0 s\u1ea3n xu\u1ea5t h\u1ea1t \u0111i\u1ec1u l\u1edbn th\u1ee9 hai \u1edf T\u00e2y Phi v\u00e0 n\u1eb1m trong s\u1ed1 n\u0103m n\u01b0\u1edbc h\u00e0ng \u0111\u1ea7u tr\u00ean to\u00e0n c\u1ea7u. Qu\u1ed1c gia n\u00e0y hi\u1ec7n l\u00e0 m\u1ed9t trong nh\u1eefng nh\u00e0 s\u1ea3n xu\u1ea5t h\u1ea1t \u0111i\u1ec1u th\u00f4 l\u1edbn nh\u1ea5t th\u1ebf gi\u1edbi v\u00e0 ng\u00e0nh \u0111i\u1ec1u \u0111\u00e3 c\u00f3 \u0111\u01b0\u1ee3c t\u1ea7m quan tr\u1ecdng to l\u1edbn trong n\u1ec1n kinh t\u1ebf c\u1ee7a Guinea-Bissau.<\/p>\n<p>&nbsp;<\/p>\n","protected":false},"excerpt":{"rendered":"<p><strong>H\u1ea1t \u0111i\u1ec1u th\u00f4 Guinea-Bissau:\u00a0<\/strong><\/p>\n<ul>\n<li><strong>LBS:<\/strong> 52<\/li>\n<li><strong>S\u1ed1 H\u1ea1t:<\/strong> 220<\/li>\n<li><strong>T\u1ef7 L\u1ec7 Thu H\u1ed3i:<\/strong>\u00a029 &#8211; 30%<\/li>\n<li><strong>\u0110\u1ed9 \u1ea8m:<\/strong>\u00a010 \u2013 12 %<\/li>\n<li><strong>M\u00f9a V\u1ee5:<\/strong>\u00a0M\u00f9a v\u1ee5 m\u1edbi nh\u1ea5t<\/li>\n<li><strong>Gi\u00e1 b\u00e1n:<\/strong>\u00a0Li\u00ean h\u1ec7 v\u1edbi Ch\u00fang t\u00f4i nh\u1eadn b\u00e1o gi\u00e1.<\/li>\n<\/ul>\n","protected":false},"featured_media":25846,"template":"","meta":[],"product_brand":[],"product_cat":[69,26],"product_tag":[113],"class_list":{"0":"post-25843","1":"product","2":"type-product","3":"status-publish","4":"has-post-thumbnail","6":"product_cat-trai-dieu-tho","7":"product_cat-hat-dieu","8":"product_tag-hat-dieu-tho","10":"first","11":"instock","12":"shipping-taxable","13":"product-type-simple"},"_links":{"self":[{"href":"https:\/\/kimmyfarm.com\/de\/wp-json\/wp\/v2\/product\/25843","targetHints":{"allow":["GET"]}}],"collection":[{"href":"https:\/\/kimmyfarm.com\/de\/wp-json\/wp\/v2\/product"}],"about":[{"href":"https:\/\/kimmyfarm.com\/de\/wp-json\/wp\/v2\/types\/product"}],"version-history":[{"count":0,"href":"https:\/\/kimmyfarm.com\/de\/wp-json\/wp\/v2\/product\/25843\/revisions"}],"wp:featuredmedia":[{"embeddable":true,"href":"https:\/\/kimmyfarm.com\/de\/wp-json\/wp\/v2\/media\/25846"}],"wp:attachment":[{"href":"https:\/\/kimmyfarm.com\/de\/wp-json\/wp\/v2\/media?parent=25843"}],"wp:term":[{"taxonomy":"product_brand","embeddable":true,"href":"https:\/\/kimmyfarm.com\/de\/wp-json\/wp\/v2\/product_brand?post=25843"},{"taxonomy":"product_cat","embeddable":true,"href":"https:\/\/kimmyfarm.com\/de\/wp-json\/wp\/v2\/product_cat?post=25843"},{"taxonomy":"product_tag","embeddable":true,"href":"https:\/\/kimmyfarm.com\/de\/wp-json\/wp\/v2\/product_tag?post=25843"}],"curies":[{"name":"wp","href":"https:\/\/api.w.org\/{rel}","templated":true}]}}