{"id":25834,"date":"2022-02-15T18:31:55","date_gmt":"2022-02-15T11:31:55","guid":{"rendered":"https:\/\/kimmyfarm.com\/?post_type=product&#038;p=25834"},"modified":"2022-02-17T07:35:28","modified_gmt":"2022-02-17T00:35:28","slug":"hat-dieu-tho-tanzania","status":"publish","type":"product","link":"https:\/\/kimmyfarm.com\/de\/produkt\/hat-dieu-tho-tanzania","title":{"rendered":"H\u1ea1t \u0110i\u1ec1u Th\u00f4 Tanzania"},"content":{"rendered":"<h2>H\u1ea1t \u0110i\u1ec1u Th\u00f4 Tanzania<\/h2>\n<p>Tanzania l\u00e0 m\u1ed9t qu\u1ed1c gia \u0110\u00f4ng Phi n\u1ed5i ti\u1ebfng v\u1edbi nh\u1eefng v\u00f9ng \u0111\u1ea5t t\u1ef1 nhi\u00ean r\u1ed9ng l\u1edbn. T\u1ed5ng di\u1ec7n t\u00edch tr\u1ed3ng h\u1ea1t \u0111i\u1ec1u \u1edf Tanzania l\u00e0 695,683 ha, Kho\u1ea3ng 90% di\u1ec7n t\u00edch tr\u1ed3ng \u0111i\u1ec1u \u0111\u01b0\u1ee3c t\u00ecm th\u1ea5y \u1edf ba v\u00f9ng Mtwara, Lindi v\u00e0 Pwani. V\u00f9ng Mtwara <em>(327,281 ha; chi\u1ebfm 47,0%)<\/em> l\u00e0 v\u00f9ng c\u00f3 di\u1ec7n t\u00edch tr\u1ed3ng \u0111i\u1ec1u l\u1edbn nh\u1ea5t, ti\u1ebfp theo l\u00e0 Lindi <em>(207,951 ha; 29,9%)<\/em> v\u00e0 Pwani <em>(91.815 ha; 13,2%).\u00a0<\/em>M\u00f9a h\u1ea1t \u0111i\u1ec1u Tanzania k\u00e9o d\u00e0i t\u1eeb th\u00e1ng 10 t\u1edbi th\u00e1ng 2 h\u00e0ng n\u0103m.<\/p>\n<p><strong>=&gt; Xem th\u00eam:<\/strong> <a href=\"https:\/\/kimmyfarm.com\/hat-dieu-tho-va-hat-dieu-nhan-la-gi-chung-khac-nhau-ra-sao\">H\u1ea1t \u0110i\u1ec1u Th\u00f4 v\u00e0 H\u1ea1t \u0110i\u1ec1u Nh\u00e2n L\u00e0 G\u00ec? Ch\u00fang Kh\u00e1c Nhau Ra Sao?<\/a><\/p>\n<p><img decoding=\"async\" class=\"size-full wp-image-17375 aligncenter\" src=\"https:\/\/cdn.statically.io\/img\/kimmyfarm.com\/wp-content\/uploads\/2021\/03\/Raw-cashew-nut-RCN-Cashew-Fruit-1.jpg?f=auto\" sizes=\"(max-width: 1056px) 100vw, 1056px\" srcset=\"https:\/\/cdn.statically.io\/img\/kimmyfarm.com\/wp-content\/uploads\/2021\/03\/Raw-cashew-nut-RCN-Cashew-Fruit-1.jpg?f=auto 1056w, https:\/\/cdn.statically.io\/img\/kimmyfarm.com\/wp-content\/uploads\/2021\/03\/Raw-cashew-nut-RCN-Cashew-Fruit-1-150x60.jpg?f=auto 150w, \" alt=\"The cashew apples contain: 90 % is the fruit, 10 % is the raw cashew nut.\" width=\"1056\" height=\"420\" aria-describedby=\"caption-attachment-17375\" \/><\/p>\n<p id=\"caption-attachment-17375\" class=\"wp-caption-text\">Trong Qu\u1ea3 T\u00e1o \u0110i\u1ec1u Bao G\u1ed3m: 90 % l\u00e0 qu\u1ea3, 10 % l\u00e0 h\u1ea1t \u0111i\u1ec1u th\u00f4<\/p>\n","protected":false},"excerpt":{"rendered":"<p><strong>H\u1ea1t \u0111i\u1ec1u th\u00f4 Tanzania<\/strong> l\u00e0 h\u1ea1t \u0111i\u1ec1u th\u00f4 h\u1ea1t to, c\u00f3 ch\u1ea5t l\u01b0\u1ee3ng cao, t\u1ef7 l\u1ec7 thu h\u1ed3i t\u1ed1t.<\/p>\n<ul>\n<li><strong>LBS:<\/strong> 50<\/li>\n<li><strong>S\u1ed1 H\u1ea1t:<\/strong> 200<\/li>\n<li><strong>T\u1ef7 L\u1ec7 Thu H\u1ed3i:<\/strong> 28 \u2013 29%<\/li>\n<li><strong>\u0110\u1ed9 \u1ea8m:<\/strong>\u00a010 \u2013 12 %<\/li>\n<li><strong>M\u00f9a V\u1ee5:<\/strong>\u00a0M\u00f9a v\u1ee5 m\u1edbi nh\u1ea5t<\/li>\n<li><strong>Gi\u00e1 b\u00e1n:<\/strong>\u00a0Li\u00ean h\u1ec7 v\u1edbi Ch\u00fang t\u00f4i nh\u1eadn b\u00e1o gi\u00e1.<\/li>\n<\/ul>\n","protected":false},"featured_media":25850,"template":"","meta":[],"product_brand":[],"product_cat":[69,26],"product_tag":[113],"class_list":{"0":"post-25834","1":"product","2":"type-product","3":"status-publish","4":"has-post-thumbnail","6":"product_cat-trai-dieu-tho","7":"product_cat-hat-dieu","8":"product_tag-hat-dieu-tho","10":"first","11":"instock","12":"shipping-taxable","13":"product-type-simple"},"_links":{"self":[{"href":"https:\/\/kimmyfarm.com\/de\/wp-json\/wp\/v2\/product\/25834","targetHints":{"allow":["GET"]}}],"collection":[{"href":"https:\/\/kimmyfarm.com\/de\/wp-json\/wp\/v2\/product"}],"about":[{"href":"https:\/\/kimmyfarm.com\/de\/wp-json\/wp\/v2\/types\/product"}],"version-history":[{"count":0,"href":"https:\/\/kimmyfarm.com\/de\/wp-json\/wp\/v2\/product\/25834\/revisions"}],"wp:featuredmedia":[{"embeddable":true,"href":"https:\/\/kimmyfarm.com\/de\/wp-json\/wp\/v2\/media\/25850"}],"wp:attachment":[{"href":"https:\/\/kimmyfarm.com\/de\/wp-json\/wp\/v2\/media?parent=25834"}],"wp:term":[{"taxonomy":"product_brand","embeddable":true,"href":"https:\/\/kimmyfarm.com\/de\/wp-json\/wp\/v2\/product_brand?post=25834"},{"taxonomy":"product_cat","embeddable":true,"href":"https:\/\/kimmyfarm.com\/de\/wp-json\/wp\/v2\/product_cat?post=25834"},{"taxonomy":"product_tag","embeddable":true,"href":"https:\/\/kimmyfarm.com\/de\/wp-json\/wp\/v2\/product_tag?post=25834"}],"curies":[{"name":"wp","href":"https:\/\/api.w.org\/{rel}","templated":true}]}}