{"id":24174,"date":"2020-12-30T13:48:38","date_gmt":"2020-12-30T06:48:38","guid":{"rendered":"https:\/\/kimmyfarm.com\/product\/24174"},"modified":"2021-12-31T16:46:06","modified_gmt":"2021-12-31T09:46:06","slug":"geschalte-und-geschwanzte-garnelen-in-gefrorenem-kochendem-wasser","status":"publish","type":"product","link":"https:\/\/kimmyfarm.com\/de\/produkt\/geschalte-und-geschwanzte-garnelen-in-gefrorenem-kochendem-wasser","title":{"rendered":"Gesch\u00e4lte und geschw\u00e4nzte Garnelen in gefrorenem kochendem Wasser"},"content":{"rendered":"<p class=\"tw-data-text tw-text-large tw-ta\" dir=\"ltr\" data-placeholder=\"B\u1ea3n d\u1ecbch\"><span class=\"Y2IQFc\" lang=\"de\"><span style=\"font-size: 20px;\"><strong>In Vietnam gez\u00fcchtete Vannamei-Garnelen<\/strong><\/span> <\/span><\/p>\n<p class=\"tw-data-text tw-text-large tw-ta\" dir=\"ltr\" data-placeholder=\"B\u1ea3n d\u1ecbch\"><span class=\"Y2IQFc\" lang=\"de\"><strong>Vannamei-Garnelen<\/strong> <em>(auch als Vannamei bekannt, englisch: litopenaeus vannamei, penaeus vannamei)<\/em> sind die am h\u00e4ufigsten gez\u00fcchteten Vannamei-Arten in Vietnam, einem der f\u00fcnf gr\u00f6\u00dften Erzeugerl\u00e4nder von Vannamei-Garnelen nach China, Thailand, Ecuador und Indonesien. Die drei Provinzen, die am meisten zur<strong> Produktion von Wei\u00dfkeulengarnelen in Vietnam<\/strong> beitragen, sind Ca Mau, Bac Lieu und Can Tho (im S\u00fcden Vietnams). Derzeit werden Garnelen in Vietnam mit Futter nach internationalen Standards gez\u00fcchtet. Wei\u00dfschenkelgarnelen haben einen nat\u00fcrlich mild-s\u00fc\u00dfen Geschmack und eine feste Textur.<br \/>\n<img decoding=\"async\" src=\"https:\/\/kimmyfarm.com\/wp-content\/uploads\/2020\/12\/tom-the-boc-vo-bo-duoi-trung-nuoc-soi.jpg\" \/><br \/>\n<\/span><\/p>\n<p id=\"tw-target-text\" class=\"tw-data-text tw-text-large tw-ta\" dir=\"ltr\" data-placeholder=\"B\u1ea3n d\u1ecbch\"><span class=\"Y2IQFc\" lang=\"de\" style=\"font-size: 14px;\">Gefrorene ged\u00e4mpfte Garnelen, gesch\u00e4lt und geschw\u00e4nzt &#8211; 1<\/span><\/p>\n<p id=\"tw-target-text\" class=\"tw-data-text tw-text-large tw-ta\" dir=\"ltr\" data-placeholder=\"B\u1ea3n d\u1ecbch\"><span class=\"Y2IQFc\" lang=\"de\"><span style=\"font-size: 20px;\"><strong>Formen der Vorverarbeitung von Garnelen<\/strong><\/span> <\/span><\/p>\n<p class=\"tw-data-text tw-text-large tw-ta\" dir=\"ltr\" data-placeholder=\"B\u1ea3n d\u1ecbch\"><span class=\"Y2IQFc\" lang=\"de\">Die Hauptformen unserer Produkte sind oben gesch\u00e4lt (HOSO), oben gesch\u00e4lt (SO), oben gesch\u00e4lt (PTO), ohne Gewinde (PUD), gesch\u00e4lt und unterlegt (P&amp;D), Sch\u00e4l- und Hinterf\u00e4deln (PDTO) und Schmetterlingsschwanz offen ( BTTY-TO). <\/span><\/p>\n<p class=\"tw-data-text tw-text-large tw-ta\" dir=\"ltr\" data-placeholder=\"B\u1ea3n d\u1ecbch\"><span class=\"Y2IQFc\" lang=\"de\"><strong>Die wichtigsten Exportformen von gefrorenen rohen wei\u00dfen Garnelen aus Vietnam:<\/strong> <\/span><\/p>\n<ul>\n<li id=\"tw-target-text\" class=\"tw-data-text tw-text-large tw-ta\" dir=\"ltr\" data-placeholder=\"B\u1ea3n d\u1ecbch\"><span class=\"Y2IQFc\" lang=\"de\">Urspr\u00fcnglich Headon Shellon. <\/span><\/li>\n<li class=\"tw-data-text tw-text-large tw-ta\" dir=\"ltr\" data-placeholder=\"B\u1ea3n d\u1ecbch\"><span class=\"Y2IQFc\" lang=\"de\">Kopfloser roher Shellon. <\/span><\/li>\n<li class=\"tw-data-text tw-text-large tw-ta\" dir=\"ltr\" data-placeholder=\"B\u1ea3n d\u1ecbch\"><span class=\"Y2IQFc\" lang=\"de\">P&amp;D \/ PUD Linker Schwanz.<\/span><\/li>\n<li class=\"tw-data-text tw-text-large tw-ta\" dir=\"ltr\" data-placeholder=\"B\u1ea3n d\u1ecbch\"><span class=\"Y2IQFc\" lang=\"de\">P&amp;D \/ PUD gesch\u00e4lter Schwanz. <\/span><\/li>\n<li class=\"tw-data-text tw-text-large tw-ta\" dir=\"ltr\" data-placeholder=\"B\u1ea3n d\u1ecbch\"><span class=\"Y2IQFc\" lang=\"de\">Raw Zapfwellen-Schmetterling<\/span><\/li>\n<li class=\"tw-data-text tw-text-large tw-ta\" dir=\"ltr\" data-placeholder=\"B\u1ea3n d\u1ecbch\"><span class=\"Y2IQFc\" lang=\"de\">Rohe P&amp;D\/PUD-Schwanzspie\u00dfe. <\/span><\/li>\n<li class=\"tw-data-text tw-text-large tw-ta\" dir=\"ltr\" data-placeholder=\"B\u1ea3n d\u1ecbch\"><span class=\"Y2IQFc\" lang=\"de\">Roher P &amp; D \/ PUD-Spie\u00dfschwanzschnitt.<\/span><\/li>\n<\/ul>\n<p id=\"tw-target-text\" class=\"tw-data-text tw-text-large tw-ta\" dir=\"ltr\" data-placeholder=\"B\u1ea3n d\u1ecbch\"><span class=\"Y2IQFc\" lang=\"de\"><span style=\"font-size: 20px;\"><strong>Preis von Frozen Vannamei in Vietnam &#8211; Kontaktieren Sie uns<\/strong><\/span> <\/span><\/p>\n<p class=\"tw-data-text tw-text-large tw-ta\" dir=\"ltr\" data-placeholder=\"B\u1ea3n d\u1ecbch\"><span class=\"Y2IQFc\" lang=\"de\">Kimmy Farm &#8211; ist eine Marke, die sich auf die Produktion und den Export von landwirtschaftlichen Produkten in Vietnam spezialisiert hat. Wir haben eine schwarze Soldatenfliegenfarm in Tay Ninh und ein Cashew-Anbaugebiet in Binh Phuoc. Die wichtigsten Exportprodukte des Unternehmens sind Produkte aus Mekong Delta Seafood, Cashewn\u00fcssen, BSFL&#8230; Wir sind Lieferpartner f\u00fcr eine Reihe von Kunden aus Spanien, Frankreich, Deutschland, Niederlande, Polen, Griechenland, Griechenland, T\u00fcrkei, Russland, Schweiz, USA, Australien, S\u00fcdafrika, Vereinigte Arabische Emirate, Indien, Singapur, Japan und viele weitere L\u00e4nder. Au\u00dferdem verf\u00fcgen wir \u00fcber langj\u00e4hrige Erfahrung in gro\u00dfen Verarbeitungsbetrieben in Vietnam. Bitte kontaktieren Sie uns, wenn Sie hochwertige Meeresfr\u00fcchte aus dem Mekong-Delta, Garnelen-Exporteuren in Vietnam, ben\u00f6tigen.<\/span><\/p>\n","protected":false},"excerpt":{"rendered":"<p><span class=\"Y2IQFc\" lang=\"de\">Produktzusammenfassung von <\/span><strong><span class=\"Y2IQFc\" lang=\"de\">Gesch\u00e4lte und geschw\u00e4nzte Garnelen in gefrorenem kochendem Wasser <\/span><\/strong><span class=\"Y2IQFc\" lang=\"de\">f\u00fcr den Export oder den Inlandsverbrauch. <\/span><\/p>\n<ul>\n<li class=\"tw-data-text tw-text-large tw-ta\" dir=\"ltr\" data-placeholder=\"B\u1ea3n d\u1ecbch\"><span class=\"Y2IQFc\" lang=\"de\"><strong>Produktname:<\/strong>\u00a0<\/span><span class=\"Y2IQFc\" lang=\"de\">Garnelen, gesch\u00e4lt und geschw\u00e4nzt, in kochendem Wasser eingefroren<\/span><\/li>\n<li class=\"tw-data-text tw-text-large tw-ta\" dir=\"ltr\" data-placeholder=\"B\u1ea3n d\u1ecbch\"><span class=\"Y2IQFc\" lang=\"de\"><strong>Zutaten:<\/strong> 100% wei\u00dfe Garnelen<\/span><\/li>\n<li class=\"tw-data-text tw-text-large tw-ta\" dir=\"ltr\" data-placeholder=\"B\u1ea3n d\u1ecbch\"><span class=\"Y2IQFc\" lang=\"de\"><strong>Zustand:<\/strong>\u00a0<\/span><span class=\"Y2IQFc\" lang=\"de\">gesch\u00e4lt, Schwanz entfernt, in Wasser gekocht, gefroren<\/span><\/li>\n<li class=\"tw-data-text tw-text-large tw-ta\" dir=\"ltr\" data-placeholder=\"B\u1ea3n d\u1ecbch\"><span class=\"Y2IQFc\" lang=\"de\"><strong>Lagerung:<\/strong> Temperatur unter -18 Grad Celsius. <\/span><\/li>\n<li class=\"tw-data-text tw-text-large tw-ta\" dir=\"ltr\" data-placeholder=\"B\u1ea3n d\u1ecbch\"><span class=\"Y2IQFc\" lang=\"de\"><strong>Herkunft:<\/strong> Can Tho, Vietnam. <\/span><\/li>\n<li class=\"tw-data-text tw-text-large tw-ta\" dir=\"ltr\" data-placeholder=\"B\u1ea3n d\u1ecbch\"><span class=\"Y2IQFc\" lang=\"de\"><strong>Zertifikat:<\/strong> HACCP: 2003, ISO 22000: 2018, Zertifikat der Lebensmittelsicherheit von Vietnam\u2026. (Bitte kontaktieren Sie uns f\u00fcr weitere Details).<\/span><\/li>\n<\/ul>\n","protected":false},"featured_media":20151,"template":"","meta":[],"product_brand":[],"product_cat":[267,263],"product_tag":[309,318,319,314,330],"class_list":{"0":"post-24174","1":"product","2":"type-product","3":"status-publish","4":"has-post-thumbnail","6":"product_cat-garnelenkarte","7":"product_cat-gefrorene-fischeries","8":"product_tag-garnelen","9":"product_tag-garnelenkarte","10":"product_tag-gefrorene-garnelen","11":"product_tag-gekochte-garnelen","12":"product_tag-peeled-shrimp","14":"first","15":"instock","16":"shipping-taxable","17":"product-type-simple"},"_links":{"self":[{"href":"https:\/\/kimmyfarm.com\/de\/wp-json\/wp\/v2\/product\/24174","targetHints":{"allow":["GET"]}}],"collection":[{"href":"https:\/\/kimmyfarm.com\/de\/wp-json\/wp\/v2\/product"}],"about":[{"href":"https:\/\/kimmyfarm.com\/de\/wp-json\/wp\/v2\/types\/product"}],"version-history":[{"count":0,"href":"https:\/\/kimmyfarm.com\/de\/wp-json\/wp\/v2\/product\/24174\/revisions"}],"wp:featuredmedia":[{"embeddable":true,"href":"https:\/\/kimmyfarm.com\/de\/wp-json\/wp\/v2\/media\/20151"}],"wp:attachment":[{"href":"https:\/\/kimmyfarm.com\/de\/wp-json\/wp\/v2\/media?parent=24174"}],"wp:term":[{"taxonomy":"product_brand","embeddable":true,"href":"https:\/\/kimmyfarm.com\/de\/wp-json\/wp\/v2\/product_brand?post=24174"},{"taxonomy":"product_cat","embeddable":true,"href":"https:\/\/kimmyfarm.com\/de\/wp-json\/wp\/v2\/product_cat?post=24174"},{"taxonomy":"product_tag","embeddable":true,"href":"https:\/\/kimmyfarm.com\/de\/wp-json\/wp\/v2\/product_tag?post=24174"}],"curies":[{"name":"wp","href":"https:\/\/api.w.org\/{rel}","templated":true}]}}