{"id":24149,"date":"2020-12-14T05:10:21","date_gmt":"2020-12-13T22:10:21","guid":{"rendered":"https:\/\/kimmyfarm.com\/product\/black-soldier-fly-eggs-calcium-gewicht-50g"},"modified":"2020-12-14T05:10:21","modified_gmt":"2020-12-13T22:10:21","slug":"black-soldier-fly-eggs-calcium-gewicht-50g","status":"publish","type":"product","link":"https:\/\/kimmyfarm.com\/de\/produkt\/black-soldier-fly-eggs-calcium-gewicht-50g","title":{"rendered":"Black Soldier Fly Eggs Calcium &#8211; Gewicht: 50g"},"content":{"rendered":"<p class=\"tw-data-text tw-text-large tw-ta\" dir=\"ltr\" data-placeholder=\"B\u1ea3n d\u1ecbch\"><span class=\"Y2IQFc\" lang=\"de\"><span style=\"font-size: 24px;\"><strong>Produktdetails Fliegeneier 50g<\/strong><\/span><\/span><\/p>\n<p class=\"tw-data-text tw-text-large tw-ta\" dir=\"ltr\" data-placeholder=\"B\u1ea3n d\u1ecbch\"><span class=\"Y2IQFc\" lang=\"de\">Black Soldier Flies Eggs sind von hoher Qualit\u00e4t mit garantierter Brutzeit. <strong>50 g Fliegeneier produzieren etwa 1.250.000 &#8211; 1.850.000 Larven.<\/strong> Unsere Zuchtfliegen sind gesund und unter optimalen Bedingungen zum Eierlegen aufgezogen. Der Kauf von Eiern der schwarzen Soldatenfliegen auf unserer Farm ist eine gro\u00dfartige M\u00f6glichkeit f\u00fcr Sie, mit dem Aufbau Ihrer eigenen schwarzen Soldatenfliegenfarm zu beginnen. Wir sind ein Anbieter, der sich auf den Verkauf von Produkten der schwarzen Soldatenfliege in Vietnam spezialisiert hat.<br \/>\n<img decoding=\"async\" src=\"https:\/\/kimmyfarm.com\/wp-content\/uploads\/2020\/12\/trung-ruoi-den-50g.jpg\" \/><br \/>\n<\/span><\/p>\n<p id=\"tw-target-text\" class=\"tw-data-text tw-text-large tw-ta\" dir=\"ltr\" data-placeholder=\"B\u1ea3n d\u1ecbch\"><span class=\"Y2IQFc\" lang=\"de\" style=\"font-size: 20px;\"><strong>Sie k\u00f6nnen Fliegeneier ganz einfach zu Hause ausbr\u00fcten <\/strong><\/span><\/p>\n<p class=\"tw-data-text tw-text-large tw-ta\" dir=\"ltr\" data-placeholder=\"B\u1ea3n d\u1ecbch\"><span class=\"Y2IQFc\" lang=\"de\">Das Ausbr\u00fcten von Eiern der schwarzen Soldatenfliege <em>(das Ausbr\u00fcten von Eiern der schwarzen Soldatenfliege)<\/em> ist im Allgemeinen ein ziemlich einfacher und einfacher Prozess. Wenn Sie es jedoch richtig machen und den richtigen Prozess befolgen, f\u00fchrt das Br\u00fcten der Schwarzen Soldatenfliege zu einer h\u00f6heren Schl\u00fcpfrate in die Larven der Schwarzen Soldatenfliege, wodurch viele Anfangskosten beim Z\u00fcchten der Herde eingespart werden. Die Schwarze Soldatenfliege ist eine schattenliebende Art, bevorzugt einen feuchten, bel\u00fcfteten Ort, die Temperatur betr\u00e4gt 25-30 Grad Celsius, wo sich im Verrottungsstadium viel Nahrung befindet. So legen schwarze Soldatenfliegen gerne Eier in M\u00fcllhalden, Wattenmeer, G\u00fcllegebiete\u2026\u2026. Atmungsaktiv, direkte Sonneneinstrahlung vermeiden.<\/span><\/p>\n<p id=\"tw-target-text\" class=\"tw-data-text tw-text-large tw-ta\" dir=\"ltr\" data-placeholder=\"B\u1ea3n d\u1ecbch\"><span class=\"Y2IQFc\" lang=\"de\"><strong>Es gibt 3 grundlegende Schritte, um die Eier der Schwarzen Soldatenfliege wie folgt auszubr\u00fcten:<\/strong> <\/span><\/p>\n<ol>\n<li class=\"tw-data-text tw-text-large tw-ta\" dir=\"ltr\" data-placeholder=\"B\u1ea3n d\u1ecbch\"><span class=\"Y2IQFc\" lang=\"de\">Fliegennester erstellen und vorbereiten<\/span><\/li>\n<li class=\"tw-data-text tw-text-large tw-ta\" dir=\"ltr\" data-placeholder=\"B\u1ea3n d\u1ecbch\"><span class=\"Y2IQFc\" lang=\"de\">Legen Sie die Fliegeneier richtig in den Brutkasten. <\/span><\/li>\n<li class=\"tw-data-text tw-text-large tw-ta\" dir=\"ltr\" data-placeholder=\"B\u1ea3n d\u1ecbch\"><span class=\"Y2IQFc\" lang=\"de\">Schaffen Sie eine fliegenfreundliche Inkubationsumgebung. <\/span><\/li>\n<\/ol>\n<p><span class=\"Y2IQFc\" lang=\"de\">@Allerdings: Wenn Sie nach diesem Artikel das Gef\u00fchl haben, dass das Ausbr\u00fcten von Fliegeneiern schwierig f\u00fcr Sie ist, dann kaufen Sie einen schwarzen Soldatenfliegensamen (4 Tage alte schwarze Soldatenfliegenlarven), um f\u00fcr Ihre Fliegenfarm schneller und einfacher zu z\u00fcchten.<\/span><\/p>\n<p id=\"tw-target-text\" class=\"tw-data-text tw-text-large tw-ta\" dir=\"ltr\" data-placeholder=\"B\u1ea3n d\u1ecbch\"><span class=\"Y2IQFc\" lang=\"de\"><strong><span style=\"font-size: 20px;\">Wie lange dauert es, bis aus Eiern Larven schl\u00fcpfen?<\/span><\/strong> <\/span><\/p>\n<p class=\"tw-data-text tw-text-large tw-ta\" dir=\"ltr\" data-placeholder=\"B\u1ea3n d\u1ecbch\"><span class=\"Y2IQFc\" lang=\"de\">Die von Ihnen gekauften Eier der schwarzen Soldatenfliege schl\u00fcpfen innerhalb von 1-3 Tagen nach Erhalt. Sie werden sehen, dass die Eier etwas dunkler, flauschiger und heller werden, was ein gutes Zeichen daf\u00fcr ist, dass die Eier geschl\u00fcpft sind. Wenn die Larven frisch geschl\u00fcpft sind, sind sie extrem klein und mit blo\u00dfem Auge nicht zu erkennen. Geben Sie ihnen also Futter und warten Sie noch 3 Tage ab dem Zeitpunkt, an dem die Eier schl\u00fcpfen, und Sie k\u00f6nnen sie \u00fcberall kriechen sehen. <\/span><\/p>\n<p class=\"tw-data-text tw-text-large tw-ta\" dir=\"ltr\" data-placeholder=\"B\u1ea3n d\u1ecbch\"><span class=\"Y2IQFc\" lang=\"de\"><span style=\"font-size: 20px;\"><strong>50gg Wie viel Ei wird geerntet?<\/strong><\/span><\/span><\/p>\n<p class=\"tw-data-text tw-text-large tw-ta\" dir=\"ltr\" data-placeholder=\"B\u1ea3n d\u1ecbch\"><span class=\"Y2IQFc\" lang=\"de\">Mit nur 50 Gramm Eiern ergeben sich <strong>1.250.000 &#8211; 1.850.000 Larven<\/strong>. Nach 2 Wochen Nahrungsaufnahme, wenn sie reif sind, erhalten Sie ab <strong>260 kg -&gt; 455 kg<\/strong> schwarze Soldatenfliegenlarven.<\/span><\/p>\n<p id=\"tw-target-text\" class=\"tw-data-text tw-text-large tw-ta\" dir=\"ltr\" data-placeholder=\"B\u1ea3n d\u1ecbch\"><span class=\"Y2IQFc\" lang=\"de\"><span style=\"font-size: 20px;\"><strong>Wie lange ist die Lieferzeit f\u00fcr Eier?<\/strong><\/span> <\/span><\/p>\n<p class=\"tw-data-text tw-text-large tw-ta\" dir=\"ltr\" data-placeholder=\"B\u1ea3n d\u1ecbch\"><span class=\"Y2IQFc\" lang=\"de\">Bitte erlauben Sie uns bis zu 1 Woche, um Ihre Bestellung auszuf\u00fchren, da wir nur Eier liefern k\u00f6nnen, wenn auf dem Hof \u200b\u200bein \u00dcberschuss vorhanden ist. Wenn wir w\u00e4hrend des Bestellzeitraums gen\u00fcgend Eier f\u00fcr Ihre Bestellung verf\u00fcgbar haben, rufen wir Sie an, um die Bestellung zu best\u00e4tigen und senden Ihnen die Fliegeneier am n\u00e4chsten Tag zu.<\/span><\/p>\n<p class=\"tw-data-text tw-text-large tw-ta\" dir=\"ltr\" data-placeholder=\"B\u1ea3n d\u1ecbch\"><span class=\"Y2IQFc\" lang=\"de\"><strong>Kimmy&#8217;s Farm Lieferant von hochwertigen Schwarzen Soldatenfliegenprodukten im S\u00fcden &#8211;<\/strong> Kimmy&#8217;s Farm ist spezialisiert auf die Bereitstellung von Produkten im Zusammenhang mit Schwarzen Soldatenfliegen wie: Fliegeneier, Fliegenlarven, Fliegenpuppen, ausgewachsene schwarze Soldatenfliegen, Kokon, organischer D\u00fcnger von Schwarzen Soldatenfliegen\u2026 \u2026 und viele andere saubere landwirtschaftliche Produkte. Wir haben eine schwarze Soldatenfliegenfarm in Tay Ninh und ein sauberes landwirtschaftliches Anbaugebiet in Binh Phuoc, eine Repr\u00e4sentanz in Ho-Chi-Minh-Stadt f\u00fcr Ihre Bequemlichkeit. Kimmy Farm ist eine saubere und moderne landwirtschaftliche Farm mit dem Wunsch, das Beste mit vielen Menschen zu teilen und das saubere landwirtschaftliche \u00d6kosystem Vietnams zu entwickeln. Bitte kontaktieren Sie uns, wenn Sie eine Quelle f\u00fcr Schwarze Soldatenfliegen ben\u00f6tigen.<\/span><\/p>\n","protected":false},"excerpt":{"rendered":"<p id=\"tw-target-text\" class=\"tw-data-text tw-text-large tw-ta\" dir=\"ltr\" data-placeholder=\"B\u1ea3n d\u1ecbch\"><span class=\"Y2IQFc\" lang=\"de\">Die Eier der Schwarzen Soldatenfliege werden oft von Menschen gekauft, um sie zu Larven der Schwarzen Soldatenfliege zu z\u00fcchten. Die Larven der Schwarzen Soldatenfliege werden als Futtermittel f\u00fcr Schweine, Gefl\u00fcgel, Aquakultur und zur Abfallbehandlung in der Landwirtschaft verwendet. Dar\u00fcber hinaus k\u00f6nnen die Nebenprodukte nach der Behandlung durch die Larven der Schwarzen Soldatenfliege direkt f\u00fcr den Boden verwendet werden, um den Boden zu verbessern und die Ernteproduktivit\u00e4t zu steigern. Die Eier der Schwarzen Soldatenfliege sind sehr klein, wenn sie gelegt werden, br\u00fcten die Eier 4 Tage lang und schl\u00fcpfen zu Larven. Nach 2 Wochen F\u00fctterung der Larven k\u00f6nnen Sie ernten. <\/span><\/p>\n<p class=\"tw-data-text tw-text-large tw-ta\" dir=\"ltr\" data-placeholder=\"B\u1ea3n d\u1ecbch\"><span class=\"Y2IQFc\" lang=\"de\"><strong>Zusammenfassung der schwarzen Soldatenfliegeneier 50g:<\/strong> <\/span><\/p>\n<ul>\n<li class=\"tw-data-text tw-text-large tw-ta\" dir=\"ltr\" data-placeholder=\"B\u1ea3n d\u1ecbch\"><span class=\"Y2IQFc\" lang=\"de\">50 Gramm: <strong>~1.850.000 Eier<\/strong> (0,027 mg \/ 1 Frucht). <\/span><\/li>\n<li class=\"tw-data-text tw-text-large tw-ta\" dir=\"ltr\" data-placeholder=\"B\u1ea3n d\u1ecbch\"><span class=\"Y2IQFc\" lang=\"de\">50 Gramm Eier produzieren etwa <strong>1.250.000 &#8211; 1.850.000<\/strong> Larven. <\/span><\/li>\n<li class=\"tw-data-text tw-text-large tw-ta\" dir=\"ltr\" data-placeholder=\"B\u1ea3n d\u1ecbch\"><span class=\"Y2IQFc\" lang=\"de\">Gesunde Eier, die von Fliegen gelegt werden, die sich von Eiern ern\u00e4hren. <\/span><\/li>\n<li class=\"tw-data-text tw-text-large tw-ta\" dir=\"ltr\" data-placeholder=\"B\u1ea3n d\u1ecbch\"><span class=\"Y2IQFc\" lang=\"de\">Wird verwendet, um als d\u00fcnne Rasse f\u00fcr Fliegen zu inkubieren.<\/span><\/li>\n<\/ul>\n","protected":false},"featured_media":19952,"template":"","meta":[],"product_brand":[],"product_cat":[257,261],"product_tag":[329,307],"class_list":{"0":"post-24149","1":"product","2":"type-product","3":"status-publish","4":"has-post-thumbnail","6":"product_cat-schwarze-soldatenfliegen","7":"product_cat-schwarze-soldatenfliegeneier","8":"product_tag-black-soldie-fly-egg","9":"product_tag-schwarze-soldatenfliegen","11":"first","12":"instock","13":"shipping-taxable","14":"product-type-simple"},"_links":{"self":[{"href":"https:\/\/kimmyfarm.com\/de\/wp-json\/wp\/v2\/product\/24149","targetHints":{"allow":["GET"]}}],"collection":[{"href":"https:\/\/kimmyfarm.com\/de\/wp-json\/wp\/v2\/product"}],"about":[{"href":"https:\/\/kimmyfarm.com\/de\/wp-json\/wp\/v2\/types\/product"}],"version-history":[{"count":0,"href":"https:\/\/kimmyfarm.com\/de\/wp-json\/wp\/v2\/product\/24149\/revisions"}],"wp:featuredmedia":[{"embeddable":true,"href":"https:\/\/kimmyfarm.com\/de\/wp-json\/wp\/v2\/media\/19952"}],"wp:attachment":[{"href":"https:\/\/kimmyfarm.com\/de\/wp-json\/wp\/v2\/media?parent=24149"}],"wp:term":[{"taxonomy":"product_brand","embeddable":true,"href":"https:\/\/kimmyfarm.com\/de\/wp-json\/wp\/v2\/product_brand?post=24149"},{"taxonomy":"product_cat","embeddable":true,"href":"https:\/\/kimmyfarm.com\/de\/wp-json\/wp\/v2\/product_cat?post=24149"},{"taxonomy":"product_tag","embeddable":true,"href":"https:\/\/kimmyfarm.com\/de\/wp-json\/wp\/v2\/product_tag?post=24149"}],"curies":[{"name":"wp","href":"https:\/\/api.w.org\/{rel}","templated":true}]}}