{"id":24143,"date":"2020-12-14T05:40:08","date_gmt":"2020-12-13T22:40:08","guid":{"rendered":"https:\/\/kimmyfarm.com\/product\/schwarzer-soldatenfliegenkokon-schwarzes-soldatenfliegennest-gewicht-1kg"},"modified":"2020-12-14T05:40:08","modified_gmt":"2020-12-13T22:40:08","slug":"schwarzer-soldatenfliegenkokon-schwarzes-soldatenfliegennest-gewicht-1kg","status":"publish","type":"product","link":"https:\/\/kimmyfarm.com\/de\/produkt\/schwarzer-soldatenfliegenkokon-schwarzes-soldatenfliegennest-gewicht-1kg","title":{"rendered":"Schwarzer Soldatenfliegenkokon &#8211; Schwarzes Soldatenfliegennest &#8211; Gewicht: 1kg"},"content":{"rendered":"<p id=\"tw-target-text\" class=\"tw-data-text tw-text-large tw-ta\" dir=\"ltr\" data-placeholder=\"B\u1ea3n d\u1ecbch\"><span class=\"Y2IQFc\" lang=\"de\">Schwarzer Soldatenfliegenkokon ist eine 25 Tage alte Larve der Schwarzen Soldatenfliege, die sandgro\u00dfe schwarze Puppe entwickelt sich ca. 7 Tage zu einem Kokon, zu diesem Zeitpunkt ist die schwarze Puppe nicht mehr aktiv, sondern ruht. Erwachsene schwarze Soldatenfliegen sind normalerweise schwarz, etwa 12-20 cm lang. Der Lebenszyklus der Schwarzen Soldatenfliege von der Geburt bis zum Tod reicht von 30 bis 45 Tagen mit einem Lebenszyklus durch die folgenden Stadien: <\/span><\/p>\n<p class=\"tw-data-text tw-text-large tw-ta\" dir=\"ltr\" data-placeholder=\"B\u1ea3n d\u1ecbch\"><span class=\"Y2IQFc\" lang=\"de\"><strong>Eierstadium:<\/strong> Die Eier der Schwarzen Soldatenfliege sind sehr klein, wenn sie gelegt werden, schl\u00fcpfen sie f\u00fcr 4 Tage zu Larven. <\/span><\/p>\n<p class=\"tw-data-text tw-text-large tw-ta\" dir=\"ltr\" data-placeholder=\"B\u1ea3n d\u1ecbch\"><span class=\"Y2IQFc\" lang=\"de\"><strong>Larvenstadium:<\/strong> In diesem Stadium entwickeln sich die wei\u00dfen Larven in 14 Tagen zu Kalkw\u00fcrmern und k\u00f6nnen als Futter f\u00fcr H\u00fchner, V\u00f6gel, Fische, &#8230; verwendet werden. <\/span><\/p>\n<p class=\"tw-data-text tw-text-large tw-ta\" dir=\"ltr\" data-placeholder=\"B\u1ea3n d\u1ecbch\"><span class=\"Y2IQFc\" lang=\"de\"><strong>Das Entwicklungsstadium zur schwarzen Puppe:<\/strong> Wenn Sie den Kalziumwurm etwa 14 Tage lang aufziehen, wird er von wei\u00df zu schwarz &#8211; schwarze Puppe.<\/span><\/p>\n<p class=\"tw-data-text tw-text-large tw-ta\" dir=\"ltr\" data-placeholder=\"B\u1ea3n d\u1ecbch\"><span class=\"Y2IQFc\" lang=\"de\"><strong>Das Entwicklungsstadium zum Kokon:<\/strong> Die etwa 7 Tage gro\u00dfe schwarze Puppe entwickelt sich zu einem Kokon, zu diesem Zeitpunkt ist die schwarze Puppe nicht mehr aktiv, sondern ruht.<\/span><\/p>\n<p class=\"tw-data-text tw-text-large tw-ta\" dir=\"ltr\" data-placeholder=\"B\u1ea3n d\u1ecbch\"><span class=\"Y2IQFc\" lang=\"de\"><strong>Das Laichstadium der Schwarzen Soldatenfliege<\/strong>: Der Kokon wird in den Zuchtk\u00e4fig gebracht, 5 Tage sp\u00e4ter entwickelt er sich zu einer Schwarzen Soldatenfliege und zu diesem Zeitpunkt wird die Fliege zur Fortpflanzung in eine spezielle Netzkammer gebracht. Und m\u00e4nnliche und weibliche schwarze Soldatenfliegen paaren sich, um Eier zu produzieren. Der Lebenszyklus der schwarzen Soldatenfliege ist vorbei.<\/span><\/p>\n","protected":false},"excerpt":{"rendered":"<p id=\"tw-target-text\" class=\"tw-data-text tw-text-large tw-ta\" dir=\"ltr\" data-placeholder=\"B\u1ea3n d\u1ecbch\"><span class=\"Y2IQFc\" lang=\"de\">Der Nestkokon der Schwarzen Soldatenfliege ist das Stadium der Entwicklung zu einem fast ausgewachsenen Kokon der Schwarzen Soldatenfliege.<\/span><\/p>\n<ul>\n<li class=\"tw-data-text tw-text-large tw-ta\" dir=\"ltr\" data-placeholder=\"B\u1ea3n d\u1ecbch\"><span class=\"Y2IQFc\" lang=\"de\">Nach 5-10 Tagen schl\u00fcpfen die Kokons zu schwarzen Soldatenfliegen.<\/span><\/li>\n<li class=\"tw-data-text tw-text-large tw-ta\" dir=\"ltr\" data-placeholder=\"B\u1ea3n d\u1ecbch\"><span class=\"Y2IQFc\" lang=\"de\">3-5 Tage sp\u00e4ter legen die Fliegen Eier. <\/span><\/li>\n<li class=\"tw-data-text tw-text-large tw-ta\" dir=\"ltr\" data-placeholder=\"B\u1ea3n d\u1ecbch\"><span class=\"Y2IQFc\" lang=\"de\">Aus den Eiern schl\u00fcpfen Larven.<\/span><\/li>\n<li><span class=\"Y2IQFc\" lang=\"de\">Fliegenlarven werden als Viehfutter verwendet (H\u00fchner, Enten, V\u00f6gel, Fische, Aale, Fr\u00f6sche&#8230;) <\/span><\/li>\n<\/ul>\n<p><span class=\"Y2IQFc\" lang=\"de\">Sie k\u00f6nnen es als \u00e4u\u00dferst effektiven K\u00f6der f\u00fcr Swiftlets verwenden. Jede erwachsene schwarze Soldatenfliege kann 500-800 Eier legen.<\/span><\/p>\n","protected":false},"featured_media":19955,"template":"","meta":[],"product_brand":[],"product_cat":[260,257],"product_tag":[304,404,307,305],"class_list":{"0":"post-24143","1":"product","2":"type-product","3":"status-publish","4":"has-post-thumbnail","6":"product_cat-kokonpupen-soldatenfliegen","7":"product_cat-schwarze-soldatenfliegen","8":"product_tag-kokon-schwarzer-soldatenfligen","9":"product_tag-schwalbennest","10":"product_tag-schwarze-soldatenfliegen","11":"product_tag-schwarze-soldatenfliegenpuppen","13":"first","14":"instock","15":"shipping-taxable","16":"product-type-simple"},"_links":{"self":[{"href":"https:\/\/kimmyfarm.com\/de\/wp-json\/wp\/v2\/product\/24143","targetHints":{"allow":["GET"]}}],"collection":[{"href":"https:\/\/kimmyfarm.com\/de\/wp-json\/wp\/v2\/product"}],"about":[{"href":"https:\/\/kimmyfarm.com\/de\/wp-json\/wp\/v2\/types\/product"}],"version-history":[{"count":0,"href":"https:\/\/kimmyfarm.com\/de\/wp-json\/wp\/v2\/product\/24143\/revisions"}],"wp:featuredmedia":[{"embeddable":true,"href":"https:\/\/kimmyfarm.com\/de\/wp-json\/wp\/v2\/media\/19955"}],"wp:attachment":[{"href":"https:\/\/kimmyfarm.com\/de\/wp-json\/wp\/v2\/media?parent=24143"}],"wp:term":[{"taxonomy":"product_brand","embeddable":true,"href":"https:\/\/kimmyfarm.com\/de\/wp-json\/wp\/v2\/product_brand?post=24143"},{"taxonomy":"product_cat","embeddable":true,"href":"https:\/\/kimmyfarm.com\/de\/wp-json\/wp\/v2\/product_cat?post=24143"},{"taxonomy":"product_tag","embeddable":true,"href":"https:\/\/kimmyfarm.com\/de\/wp-json\/wp\/v2\/product_tag?post=24143"}],"curies":[{"name":"wp","href":"https:\/\/api.w.org\/{rel}","templated":true}]}}