{"id":24141,"date":"2020-12-14T08:28:06","date_gmt":"2020-12-14T01:28:06","guid":{"rendered":"https:\/\/kimmyfarm.com\/product\/qualitat-w180-weise-cashewkerne"},"modified":"2021-12-31T13:58:04","modified_gmt":"2021-12-31T06:58:04","slug":"qualitat-w180-weise-cashewkerne","status":"publish","type":"product","link":"https:\/\/kimmyfarm.com\/de\/produkt\/qualitat-w180-weise-cashewkerne","title":{"rendered":"Qualit\u00e4t W180 Wei\u00dfe Cashewkerne"},"content":{"rendered":"<p><span class=\"Y2IQFc\" lang=\"de\">Cashewn\u00fcsse enthalten viele Vitamine und Mineralstoffe, Antioxidantien wie die Vitamine E, K, B6 und die Mineralstoffe Kupfer, Phosphor, Zink, Magnesium, Eisen und Selen, um gute K\u00f6rperfunktionen aufrechtzuerhalten. Daher haben viele Studien gezeigt, dass der regelm\u00e4\u00dfige t\u00e4gliche Verzehr von Cashewn\u00fcssen viele gesundheitliche Vorteile mit sich bringen kann, die auf lange Sicht die allgemeine Gesundheit der Menschen verbessern werden. Hier m\u00f6chten wir Ihnen das Produkt <strong>WW180 Cashewn\u00fcsse &#8211; Vietnam Pure Cashewn\u00fcsse<\/strong> vorstellen.<\/span><\/p>\n<p id=\"tw-target-text\" class=\"tw-data-text tw-text-large tw-ta\" dir=\"ltr\" data-placeholder=\"B\u1ea3n d\u1ecbch\"><span class=\"Y2IQFc\" lang=\"de\"><span style=\"font-size: 24px;\"><strong>Wei\u00dfe Cashewkerne WW180 <\/strong><\/span><\/span><\/p>\n<p class=\"tw-data-text tw-text-large tw-ta\" dir=\"ltr\" data-placeholder=\"B\u1ea3n d\u1ecbch\"><span class=\"Y2IQFc\" lang=\"de\"><strong>Wei\u00dfe ganze Cashewn\u00fcsse WW180<\/strong> <em>(english: wei\u00dfe ganze Cashewn\u00fcsse 180, Cashew w180, Cashewn\u00fcsse ww180, wei\u00dfe Cashewn\u00fcsse w180)<\/em> ist eine sch\u00f6ne, gro\u00dfe, ganze wei\u00dfe Cashewnuss, diese Sorte hat <em>von 140 bis 180 N\u00fcsse\/Pfund (265 &#8211; 395 .) Samen\/kg)<\/em> und ist international<strong> als King of Cashew bekannt.<\/strong> Sie sind die Cashew-N\u00fcsse mit dem h\u00f6chsten Standard der Standards, die zur Klassifizierung von Cashewn\u00fcssen verwendet werden. Ww180 Cashewkerne mit wei\u00dfem Kern sind gro\u00df und sehr teuer, daher werden sie oft verwendet zur Herstellung von<strong>: getrockneten Cashewkernen, Honig-Cashewkernen, ganzen ger\u00f6steten Cashewkernen mit Salz, ger\u00f6steten Cashewkernen mit Knoblauch und Chili, Cashew-Wasabi &#8230;..<\/strong> und vielen anderen High- Endprodukte, die den Einsatz von Premium-Vollkorn-Cashewn\u00fcssen erfordern. Im Cashewnuss-Klassifizierungssystem gilt: Je fortschrittlicher die N\u00fcsse, je gr\u00f6\u00dfer sie sind, desto besser der Geschmack, je mehr N\u00e4hrstoffe in der Nuss, desto h\u00f6her der Wert. Daher sind ww180 wei\u00dfe Kerne derzeit die beliebtesten Cashewn\u00fcsse vieler L\u00e4nder auf der ganzen Welt, und es besteht eine gro\u00dfe Nachfrage nach Bestellungen in Vietnam.<\/span><\/p>\n<p><img decoding=\"async\" src=\"https:\/\/kimmyfarm.com\/wp-content\/uploads\/2020\/12\/hat-dieu-nhan-trang-tieu-chuan-ww180-6.jpg\" alt=\"H\u1ea1t \u0111i\u1ec1u nh\u00e2n tr\u1eafng ti\u00eau chu\u1ea9n WW180 ch\u1ea5t l\u01b0\u1ee3ng cao c\u1ea5p xu\u1ea5t kh\u1ea9u\" \/><\/p>\n<p id=\"tw-target-text\" class=\"tw-data-text tw-text-large tw-ta\" dir=\"ltr\" data-placeholder=\"B\u1ea3n d\u1ecbch\"><span class=\"Y2IQFc\" lang=\"de\" style=\"font-size: 14px;\">Hochwertiger Exportstandard Cashewkerne WW180<\/span><\/p>\n<p><span style=\"font-size: 24px;\"><strong>Cashewnuss-Produktionsprozess WW180<\/strong><\/span><\/p>\n<ul>\n<li><strong>W\u00e4rmebehandlung:<\/strong> Der Zweck des D\u00e4mpfens von Cashewn\u00fcssen besteht darin, dass die Hitze die harte Schale der Cashewnuss weicher macht, sodass die \u00e4u\u00dfere Schale der Cashewnuss abgetrennt werden kann, um den wei\u00dfen Kern nach innen zu bekommen. Rohe Cashewkerne werden mit direkter Hitze, hei\u00dfem \u00d6l oder Dampf in einen Minikocher gegeben&#8230;. um die \u00e4u\u00dfere H\u00fclle durch Temperatur zu behandeln. Nach Abschluss der W\u00e4rmebehandlung m\u00fcssen die Cashewkerne etwa 12 Stunden (ein halber Tag) abgek\u00fchlt werden, bevor sie gespalten und die Kerne hineingelegt werden.<\/li>\n<li><strong>Aufteilen der Cashewschale:<\/strong> Nachdem die W\u00e4rmebehandlung abgeschlossen ist, werden Cashewn\u00fcsse genommen, um die Schale zu spalten, die Schale schnell zu schneiden, um die \u00e4u\u00dfere Schale zu entfernen und den inneren Kern zu erhalten. Dies ist ein sehr schwieriger Prozess, bei dem Facharbeiter in der Lage sind, die Schale zu spalten, ohne den Kern darin zu zerbrechen. Nach dem Aufteilen der Schale erhalten wir 3 Produkte: Raw Cashew Shell, Raw Cashew Silk Shell und Raw Cashew Kernel. In dem rohe Cashewn\u00fcsse durch die Einstufungs- und Einstufungsabteilung geleitet werden, um ihr Niveau zu ber\u00fccksichtigen.<\/li>\n<li>Sortierung und Bewertung: Der Cashew-Nuss-Bewertungsprozess wurde entwickelt, um wei\u00dfe Cashewkerne in verschiedene Qualit\u00e4ten zu klassifizieren. Wei\u00dfe Kerne werden in zwei Hauptkategorien unterteilt, &#8222;Whole Seeds&#8220; und &#8222;Broken Seeds&#8220;. Beim Export von ganzen Cashewkernen werden Whole Nuts in 15 verschiedene Sorten und Broken Nuts in 9 Sorten unterteilt. Hier ist 320 ganze wei\u00dfe Cashewnuss eine sehr beliebte Cashewnuss mit 15 verschiedenen Stufen zum Preis von Cashewkernen.<\/li>\n<\/ul>\n<p id=\"tw-target-text\" class=\"tw-data-text tw-text-large tw-ta\" dir=\"ltr\" data-placeholder=\"B\u1ea3n d\u1ecbch\"><span class=\"Y2IQFc\" lang=\"de\"><span style=\"font-size: 24px;\"><strong>Ern\u00e4hrung in Cashewn\u00fcssen WW180<\/strong><\/span><\/span><\/p>\n<p class=\"tw-data-text tw-text-large tw-ta\" dir=\"ltr\" data-placeholder=\"B\u1ea3n d\u1ecbch\"><span class=\"Y2IQFc\" lang=\"de\">Daher haben viele Studien gezeigt, dass der regelm\u00e4\u00dfige t\u00e4gliche Verzehr von Cashewn\u00fcssen viele gesundheitliche Vorteile mit sich bringen kann, die auf lange Sicht die allgemeine Gesundheit der Menschen verbessern werden. Standard Cashewnuss ww210 ist die hochwertigste Cashewnuss, die sich sehr gut zum direkten Verzehr eignet. Cashewn\u00fcsse tragen zur Vorbeugung von Herz-Kreislauf-Erkrankungen, zur Verringerung des Diabetesrisikos, zur Vorbeugung von Krebs, zur F\u00f6rderung der Erythrozytenbildung, zur F\u00f6rderung der Knochen- und Zahngesundheit, zur Verringerung des An\u00e4mierisikos, zur Vorbeugung von Gallensteinen, zur St\u00e4rkung des Immunsystems&#8230; N\u00fcsse bringen, sie werden viel konsumiert.<\/span><\/p>\n<table style=\"width: 100.277%; height: 442px;\">\n<tbody>\n<tr style=\"height: 24px;\">\n<td style=\"height: 10px; width: 49.6752%;\" width=\"53%\"><span style=\"font-family: georgia, palatino, serif;\"><strong>N\u00e4hrstoff\u00a0benennen.<\/strong><\/span><\/td>\n<td style=\"height: 10px; width: 55.3248%;\" width=\"52%\"><span style=\"font-family: georgia, palatino, serif;\"><strong>Stoffmenge in 100g.<\/strong><\/span><\/td>\n<\/tr>\n<tr style=\"height: 24px;\">\n<td style=\"height: 24px; width: 49.6752%;\" width=\"53%\"><span style=\"font-family: georgia, palatino, serif;\"><strong>Menge an Mineralien.<\/strong><\/span><\/td>\n<td style=\"height: 24px; width: 55.3248%;\" width=\"52%\"><span style=\"font-family: georgia, palatino, serif;\">2.4<\/span><\/td>\n<\/tr>\n<tr style=\"height: 24px;\">\n<td style=\"height: 24px; width: 49.6752%;\" width=\"53%\"><span style=\"font-family: georgia, palatino, serif;\"><strong>Menge an Ballaststoffen<\/strong><\/span><\/td>\n<td style=\"height: 24px; width: 55.3248%;\" width=\"52%\"><span style=\"font-family: georgia, palatino, serif;\">1.3<\/span><\/td>\n<\/tr>\n<tr style=\"height: 24px;\">\n<td style=\"height: 24px; width: 49.6752%;\" width=\"53%\"><span style=\"font-family: georgia, palatino, serif;\"><strong>Calo<\/strong><\/span><\/td>\n<td style=\"height: 24px; width: 55.3248%;\" width=\"52%\"><span style=\"font-family: georgia, palatino, serif;\">785<\/span><\/td>\n<\/tr>\n<tr style=\"height: 24px;\">\n<td style=\"height: 24px; width: 49.6752%;\" width=\"53%\"><span style=\"font-family: georgia, palatino, serif;\"><strong>Protein<\/strong><\/span><\/td>\n<td style=\"height: 24px; width: 55.3248%;\" width=\"52%\"><span style=\"font-family: georgia, palatino, serif;\">24<\/span><\/td>\n<\/tr>\n<tr style=\"height: 24px;\">\n<td style=\"height: 24px; width: 49.6752%;\" width=\"53%\"><span style=\"font-family: georgia, palatino, serif;\"><strong>Fett<\/strong><\/span><\/td>\n<td style=\"height: 24px; width: 55.3248%;\" width=\"52%\"><span style=\"font-family: georgia, palatino, serif;\">64<\/span><\/td>\n<\/tr>\n<tr style=\"height: 24px;\">\n<td style=\"height: 24px; width: 49.6752%;\" width=\"53%\"><span style=\"font-family: georgia, palatino, serif;\"><strong>Ges\u00e4ttigtes Fett<\/strong><\/span><\/td>\n<td style=\"height: 24px; width: 55.3248%;\" width=\"52%\"><span style=\"font-family: georgia, palatino, serif;\">12.9<\/span><\/td>\n<\/tr>\n<tr style=\"height: 24px;\">\n<td style=\"height: 24px; width: 49.6752%;\" width=\"53%\"><span style=\"font-family: georgia, palatino, serif;\"><strong>Unsaturated (Oleic)<\/strong><\/span><\/td>\n<td style=\"height: 24px; width: 55.3248%;\" width=\"52%\"><span style=\"font-family: georgia, palatino, serif;\">36.8<\/span><\/td>\n<\/tr>\n<tr style=\"height: 24px;\">\n<td style=\"height: 24px; width: 49.6752%;\" width=\"53%\"><span style=\"font-family: georgia, palatino, serif;\"><strong>Unsaturated (Linoleic)<\/strong><\/span><\/td>\n<td style=\"height: 24px; width: 55.3248%;\" width=\"52%\"><span style=\"font-family: georgia, palatino, serif;\">10.2<\/span><\/td>\n<\/tr>\n<tr style=\"height: 24px;\">\n<td style=\"height: 24px; width: 49.6752%;\" width=\"53%\"><span style=\"font-family: georgia, palatino, serif;\"><strong>Carbohydrate<\/strong><\/span><\/td>\n<td style=\"height: 24px; width: 55.3248%;\" width=\"52%\"><span style=\"font-family: georgia, palatino, serif;\">41<\/span><\/td>\n<\/tr>\n<tr style=\"height: 24px;\">\n<td style=\"height: 24px; width: 49.6752%;\" width=\"53%\"><span style=\"font-family: georgia, palatino, serif;\"><strong>Canxi<\/strong><\/span><\/td>\n<td style=\"height: 24px; width: 55.3248%;\" width=\"52%\"><span style=\"font-family: georgia, palatino, serif;\">53<\/span><\/td>\n<\/tr>\n<tr style=\"height: 24px;\">\n<td style=\"height: 24px; width: 49.6752%;\" width=\"53%\"><span style=\"font-family: georgia, palatino, serif;\"><strong>Phosphor<\/strong><\/span><\/td>\n<td style=\"height: 24px; width: 55.3248%;\" width=\"52%\"><span style=\"font-family: georgia, palatino, serif;\">52.2<\/span><\/td>\n<\/tr>\n<tr style=\"height: 24px;\">\n<td style=\"height: 24px; width: 49.6752%;\" width=\"53%\"><span style=\"font-family: georgia, palatino, serif;\"><strong>Eisen<\/strong><\/span><\/td>\n<td style=\"height: 24px; width: 55.3248%;\" width=\"52%\"><span style=\"font-family: georgia, palatino, serif;\">5.3<\/span><\/td>\n<\/tr>\n<tr style=\"height: 24px;\">\n<td style=\"height: 24px; width: 49.6752%;\" width=\"53%\"><span style=\"font-family: georgia, palatino, serif;\"><strong>Vitamin B1<\/strong><\/span><\/td>\n<td style=\"height: 24px; width: 55.3248%;\" width=\"52%\"><span style=\"font-family: georgia, palatino, serif;\">0.63<\/span><\/td>\n<\/tr>\n<tr style=\"height: 24px;\">\n<td style=\"height: 24px; width: 49.6752%;\" width=\"53%\"><span style=\"font-family: georgia, palatino, serif;\"><strong>Vitamin B2<\/strong><\/span><\/td>\n<td style=\"height: 24px; width: 55.3248%;\" width=\"52%\"><span style=\"font-family: georgia, palatino, serif;\">0.19<\/span><\/td>\n<\/tr>\n<tr style=\"height: 24px;\">\n<td style=\"height: 24px; width: 49.6752%;\" width=\"53%\"><span style=\"font-family: georgia, palatino, serif;\"><strong>Vitamin B3<\/strong><\/span><\/td>\n<td style=\"height: 24px; width: 55.3248%;\" width=\"52%\"><span style=\"font-family: georgia, palatino, serif;\">2.5<\/span><\/td>\n<\/tr>\n<tr style=\"height: 24px;\">\n<td style=\"height: 24px; width: 49.6752%;\" width=\"53%\"><span style=\"font-family: georgia, palatino, serif;\"><strong>Beta-carotene<\/strong><\/span><\/td>\n<td style=\"height: 24px; width: 55.3248%;\" width=\"52%\"><span style=\"font-family: georgia, palatino, serif;\">60<\/span><\/td>\n<\/tr>\n<tr style=\"height: 24px;\">\n<td style=\"height: 24px; width: 49.6752%;\" width=\"53%\"><span style=\"font-family: georgia, palatino, serif;\"><strong>Retinol Equivalent<\/strong><\/span><\/td>\n<td style=\"height: 24px; width: 55.3248%;\" width=\"52%\"><span style=\"font-family: georgia, palatino, serif;\">33 IU; 10 mcg<\/span><\/td>\n<\/tr>\n<tr style=\"height: 24px;\">\n<td style=\"height: 24px; width: 49.6752%;\" width=\"53%\"><span style=\"font-family: georgia, palatino, serif;\"><strong>Vitamin K<\/strong><\/span><\/td>\n<td style=\"height: 24px; width: 55.3248%;\" width=\"52%\"><span style=\"font-family: georgia, palatino, serif;\">650<\/span><\/td>\n<\/tr>\n<\/tbody>\n<\/table>\n<p><img decoding=\"async\" src=\"https:\/\/kimmyfarm.com\/wp-content\/uploads\/2020\/12\/Hat-dieu-nhan-trang-ww180-ww240-ww320.jpg\" \/><\/p>\n<p id=\"tw-target-text\" class=\"tw-data-text tw-text-large tw-ta\" dir=\"ltr\" data-placeholder=\"B\u1ea3n d\u1ecbch\"><span class=\"Y2IQFc\" lang=\"de\"><span style=\"font-size: 24px;\"><strong>Kontakt Einkauf<\/strong><\/span><\/span><\/p>\n<p class=\"tw-data-text tw-text-large tw-ta\" dir=\"ltr\" data-placeholder=\"B\u1ea3n d\u1ecbch\"><span class=\"Y2IQFc\" lang=\"de\"> <strong>Kimmy Farm<\/strong> &#8211; ist eine Marke, die sich auf die Produktion und den Export von landwirtschaftlichen Produkten in Vietnam spezialisiert hat. Wir haben eine schwarze Soldatenfliegenfarm in Tay Ninh und ein Cashew-Anbaugebiet in Binh Phuoc. Die wichtigsten Exportprodukte des Unternehmens sind: Produkte von Schwarzen Soldatenfliegen, Cashewn\u00fcsse aller Art, rohe Cashewn\u00fcsse&#8230;. Wir sind Lieferpartner f\u00fcr eine Reihe von Kunden aus: Spanien, Frankreich, Deutschland, Niederlande, Polen , Griechenland, T\u00fcrkei, Russland, Schweiz, USA, Australien, S\u00fcdafrika, Vereinigte Arabische Emirate, Indien, Singapur, Japan und viele mehr. Dar\u00fcber hinaus verf\u00fcgen wir \u00fcber ein Team von Mitarbeitern, die \u00fcber langj\u00e4hrige Erfahrung in gro\u00dfen Verarbeitungsbetrieben in Vietnam verf\u00fcgen. Bitte kontaktieren Sie uns, wenn Sie hochwertige Cashewkerne ben\u00f6tigen.<\/span><\/p>\n<p><img decoding=\"async\" src=\"https:\/\/kimmyfarm.com\/wp-content\/uploads\/2020\/12\/hat-dieu-duoc-dong-goi-hut-chan-khong-xuat-khau.jpg\" \/><\/p>\n","protected":false},"excerpt":{"rendered":"<p id=\"tw-target-text\" class=\"tw-data-text tw-text-large tw-ta\" dir=\"ltr\" data-placeholder=\"B\u1ea3n d\u1ecbch\"><span class=\"Y2IQFc\" lang=\"de\">Cashewkerne sind sehr nahrhaft und eine gute Quelle f\u00fcr Protein und essentielle Mineralien, darunter: Kupfer, Kalzium, Magnesium, Eisen, Phosphor, Kalium und Zink. Enth\u00e4lt 0% Cholesterin. Perfekt, um Premium-Lebensmittel f\u00fcr alle zuzubereiten. <\/span><\/p>\n<p class=\"tw-data-text tw-text-large tw-ta\" dir=\"ltr\" data-placeholder=\"B\u1ea3n d\u1ecbch\"><span class=\"Y2IQFc\" lang=\"de\"><span style=\"font-size: 16px;\"><strong>WW180-Zusammenfassungsinformationen: <\/strong><\/span><\/span><\/p>\n<ul>\n<li class=\"tw-data-text tw-text-large tw-ta\" dir=\"ltr\" data-placeholder=\"B\u1ea3n d\u1ecbch\"><span class=\"Y2IQFc\" lang=\"de\"><strong> Farbe:<\/strong> Ganz Wei\u00df <\/span><\/li>\n<li class=\"tw-data-text tw-text-large tw-ta\" dir=\"ltr\" data-placeholder=\"B\u1ea3n d\u1ecbch\"><span class=\"Y2IQFc\" lang=\"de\"><strong>Anzahl der Samen\/Pfund:<\/strong> 140-180 Samen <\/span><\/li>\n<li class=\"tw-data-text tw-text-large tw-ta\" dir=\"ltr\" data-placeholder=\"B\u1ea3n d\u1ecbch\"><span class=\"Y2IQFc\" lang=\"de\"><strong>Anzahl Samen\/kg:<\/strong> 265-395<\/span><\/li>\n<li class=\"tw-data-text tw-text-large tw-ta\" dir=\"ltr\" data-placeholder=\"B\u1ea3n d\u1ecbch\"><span class=\"Y2IQFc\" lang=\"de\"><strong>Luftfeuchtigkeit:<\/strong> bis zu 5%<\/span><\/li>\n<li class=\"tw-data-text tw-text-large tw-ta\" dir=\"ltr\" data-placeholder=\"B\u1ea3n d\u1ecbch\"><span class=\"Y2IQFc\" lang=\"de\"><strong>Defekt:<\/strong> bis zu 10 % <\/span><\/li>\n<li class=\"tw-data-text tw-text-large tw-ta\" dir=\"ltr\" data-placeholder=\"B\u1ea3n d\u1ecbch\"><span class=\"Y2IQFc\" lang=\"de\"><strong>Niedrigerer Gr\u00f6\u00dfentyp:<\/strong> bis zu 10 %<\/span><\/li>\n<li class=\"tw-data-text tw-text-large tw-ta\" dir=\"ltr\" data-placeholder=\"B\u1ea3n d\u1ecbch\"><span class=\"Y2IQFc\" lang=\"de\"><strong>Defekt:<\/strong> bis zu 8% <\/span><\/li>\n<li class=\"tw-data-text tw-text-large tw-ta\" dir=\"ltr\" data-placeholder=\"B\u1ea3n d\u1ecbch\"><span class=\"Y2IQFc\" lang=\"de\"><strong>Verpackung:<\/strong> 22,68 kg pro Beutel \/ 700 pro 20 Fu\u00df Beutel <\/span><\/li>\n<\/ul>\n<p><span class=\"Y2IQFc\" lang=\"de\"><span style=\"font-size: 16px;\"><strong>Die Klassifizierung von Cashewkernen mit wei\u00dfem Kern umfasst: <\/strong><\/span><\/span><\/p>\n<ul>\n<li><span class=\"Y2IQFc\" lang=\"de\"><strong> Cashews Typ WW180:<\/strong> King of Cashew, von 170 bis 180 N\u00fcsse\/Pfund <\/span><\/li>\n<li><span class=\"Y2IQFc\" lang=\"de\"><strong>Cashewn\u00fcsse Typ WW210:<\/strong> Gro\u00df (Jumbo), 200 \u2013 210 N\u00fcsse\/Pfund <\/span><\/li>\n<li><span class=\"Y2IQFc\" lang=\"de\"><strong>Cashewkerne Typ WW240:<\/strong> Mittlere Gr\u00f6\u00dfe 220-240 N\u00fcsse\/Pfund <\/span><\/li>\n<li><span class=\"Y2IQFc\" lang=\"de\"><strong>Cashewkerne Typ WW320:<\/strong> Mittlere Gr\u00f6\u00dfe 300 \u2013 320 N\u00fcsse\/Pfund <\/span><\/li>\n<li><span class=\"Y2IQFc\" lang=\"de\"><strong>Cashewkerne Typ WW450:<\/strong> Mittlere Gr\u00f6\u00dfe 400 \u2013 450 N\u00fcsse\/Pfund <\/span><\/li>\n<li><span class=\"Y2IQFc\" lang=\"de\"><strong>Cashewkerne Typ WW500:<\/strong> Kleine Gr\u00f6\u00dfe 450 &#8211; 500 N\u00fcsse\/Pfund<\/span><\/li>\n<\/ul>\n","protected":false},"featured_media":19963,"template":"","meta":[],"product_brand":[],"product_cat":[252,253],"product_tag":[294,299,300],"class_list":{"0":"post-24141","1":"product","2":"type-product","3":"status-publish","4":"has-post-thumbnail","6":"product_cat-binh-phuoc-cashewnusse","7":"product_cat-cashewnusse","8":"product_tag-cashewnusse","9":"product_tag-ganze-cashewnuss","10":"product_tag-weiser-cashewnusskern","12":"first","13":"instock","14":"shipping-taxable","15":"product-type-simple"},"_links":{"self":[{"href":"https:\/\/kimmyfarm.com\/de\/wp-json\/wp\/v2\/product\/24141","targetHints":{"allow":["GET"]}}],"collection":[{"href":"https:\/\/kimmyfarm.com\/de\/wp-json\/wp\/v2\/product"}],"about":[{"href":"https:\/\/kimmyfarm.com\/de\/wp-json\/wp\/v2\/types\/product"}],"version-history":[{"count":0,"href":"https:\/\/kimmyfarm.com\/de\/wp-json\/wp\/v2\/product\/24141\/revisions"}],"wp:featuredmedia":[{"embeddable":true,"href":"https:\/\/kimmyfarm.com\/de\/wp-json\/wp\/v2\/media\/19963"}],"wp:attachment":[{"href":"https:\/\/kimmyfarm.com\/de\/wp-json\/wp\/v2\/media?parent=24141"}],"wp:term":[{"taxonomy":"product_brand","embeddable":true,"href":"https:\/\/kimmyfarm.com\/de\/wp-json\/wp\/v2\/product_brand?post=24141"},{"taxonomy":"product_cat","embeddable":true,"href":"https:\/\/kimmyfarm.com\/de\/wp-json\/wp\/v2\/product_cat?post=24141"},{"taxonomy":"product_tag","embeddable":true,"href":"https:\/\/kimmyfarm.com\/de\/wp-json\/wp\/v2\/product_tag?post=24141"}],"curies":[{"name":"wp","href":"https:\/\/api.w.org\/{rel}","templated":true}]}}