{"id":24113,"date":"2020-12-30T17:25:30","date_gmt":"2020-12-30T10:25:30","guid":{"rendered":"https:\/\/kimmyfarm.com\/product\/pangasiusfilet-mit-gefrorenem-weisem-fleisch"},"modified":"2021-12-31T15:13:41","modified_gmt":"2021-12-31T08:13:41","slug":"pangasiusfilet-mit-gefrorenem-weisem-fleisch","status":"publish","type":"product","link":"https:\/\/kimmyfarm.com\/de\/produkt\/pangasiusfilet-mit-gefrorenem-weisem-fleisch","title":{"rendered":"Pangasiusfilet mit gefrorenem wei\u00dfem Fleisch"},"content":{"rendered":"<p><span class=\"Y2IQFc\" lang=\"de\"><span style=\"font-size: 24px;\"><strong>Produktdetails von Gefrorenes wei\u00dfes Fleisch<\/strong><\/span> <\/span><\/p>\n<p><span class=\"Y2IQFc\" lang=\"de\">Pangasiusfilet Pangasiusfilet ist das Fleisch des Fisches, das l\u00e4ngs einer Seite des Fisches parallel zur Wirbels\u00e4ule geschnitten wurde. <strong>Wei\u00dfes Pangasiusfiletfleisch ist eine Art von Pangasius, bei der rotes Fleisch, Fisch entfernt, Fett entfernt<\/strong> und Knochen entfernt wurden. Wenn wei\u00dfe Fischfilets gekocht werden, haben sie eine elfenbein\u00e4hnliche Farbe. Unser Pangasius ist eine Fischart, die in Fischfl\u00f6\u00dfen auf dem Fluss oder in Teichen in den Provinzen An Giang, Dong Thap und Can Tho geerntet wird. Wenden Sie bei der Aufzucht moderne landwirtschaftliche Verfahren vollst\u00e4ndig an, um Waren in viele L\u00e4nder auf der ganzen Welt zu exportieren. Pangasius in Vietnam wird mit Sojabohnengetreide aufgezogen, um die Qualit\u00e4t nach internationalen Standards, die Textur des Fleisches und den Geschmack der Fischst\u00fccke zu gew\u00e4hrleisten.<\/span><\/p>\n<p><img decoding=\"async\" src=\"https:\/\/kimmyfarm.com\/wp-content\/uploads\/2020\/12\/ca-tra-phi-le-trang-dong-lanh-1.jpg\" alt=\"S\u1ea3n Ph\u1ea9m Phi L\u00ea Tr\u1eafng C\u00e1 Tra \u0110\u00f4ng L\u1ea1nh Xu\u1ea5t Kh\u1ea9u\" \/><\/p>\n<div id=\"tw-container\" data-cp=\"1\" data-is-ver=\"false\" data-nnttsvi=\"1\" data-sm=\"1\" data-sugg-time=\"500\" data-sugg-url=\"https:\/\/clients1.google.com\/complete\/search\" data-uilc=\"vi\">\n<div id=\"tw-ob\" class=\"tw-src-ltr\">\n<div class=\"oSioSc\">\n<div id=\"tw-target\">\n<div id=\"kAz1tf\" class=\"g9WsWb\">\n<div id=\"tw-target-text-container\" class=\"tw-ta-container F0azHf tw-nfl\" tabindex=\"0\"><span class=\"Y2IQFc\" lang=\"de\" style=\"font-size: 14px;\">Gefrorene Pangasius-Wei\u00dffiletprodukte f\u00fcr den Export.<\/span><\/div>\n<div class=\"iYB33c\">\n<div id=\"tw-tmenu\" class=\"tw-menu\">\n<table style=\"border-collapse: collapse; width: 100%; height: 195px;\">\n<tbody>\n<tr style=\"height: 23px;\">\n<td style=\"height: 23px; width: 20.599%;\"><strong><span class=\"Y2IQFc\" lang=\"de\">Produktname <\/span><\/strong><\/td>\n<td style=\"height: 23px; width: 79.3008%;\">\n<p id=\"tw-target-text\" class=\"tw-data-text tw-text-large tw-ta\" dir=\"ltr\" data-placeholder=\"B\u1ea3n d\u1ecbch\"><span class=\"Y2IQFc\" lang=\"de\">Frozen Pangasius White Meat Filet<\/span><\/p>\n<\/td>\n<\/tr>\n<tr style=\"height: 23px;\">\n<td style=\"height: 23px; width: 20.599%;\"><strong>Hergestellt <\/strong><\/td>\n<td style=\"height: 23px; width: 79.3008%;\">in Vietnam<\/td>\n<\/tr>\n<tr style=\"height: 23px;\">\n<td style=\"height: 23px; width: 20.599%;\"><strong>Zutaten<\/strong><\/td>\n<td style=\"height: 23px; width: 79.3008%;\">100%<\/p>\n<p id=\"tw-target-text\" class=\"tw-data-text tw-text-large tw-ta\" dir=\"ltr\" data-placeholder=\"B\u1ea3n d\u1ecbch\"><span class=\"Y2IQFc\" lang=\"de\">Pangasius<\/span><\/p>\n<\/td>\n<\/tr>\n<tr style=\"height: 23px;\">\n<td style=\"height: 10px; width: 20.599%;\"><strong>Zustand<\/strong><\/td>\n<td style=\"height: 10px; width: 79.3008%;\">\n<p id=\"tw-target-text\" class=\"tw-data-text tw-text-large tw-ta\" dir=\"ltr\" data-placeholder=\"B\u1ea3n d\u1ecbch\"><span class=\"Y2IQFc\" lang=\"de\">Filet, ohne Haut,<br \/>\nohne Knochen, rotes Fleisch<br \/>\nentfernt,weggelassen,<br \/>\nFett entfernt<\/span><\/p>\n<\/td>\n<\/tr>\n<tr style=\"height: 23px;\">\n<td style=\"height: 23px; width: 20.599%;\">\n<p id=\"tw-target-text\" class=\"tw-data-text tw-text-large tw-ta\" dir=\"ltr\" data-placeholder=\"B\u1ea3n d\u1ecbch\"><strong><span class=\"Y2IQFc\" lang=\"de\">Gr\u00f6\u00dfen<\/span><\/strong><\/p>\n<\/td>\n<td style=\"height: 23px; width: 79.3008%;\">120-170, 170-220, 220up<\/p>\n<p id=\"tw-target-text\" class=\"tw-data-text tw-text-large tw-ta\" dir=\"ltr\" data-placeholder=\"B\u1ea3n d\u1ecbch\"><span class=\"Y2IQFc\" lang=\"de\">oder auf spezifische AnfrageIce<\/span><\/p>\n<\/td>\n<\/tr>\n<tr style=\"height: 24px;\">\n<td style=\"height: 24px; width: 20.599%;\">\n<p id=\"tw-target-text\" class=\"tw-data-text tw-text-large tw-ta\" dir=\"ltr\" data-placeholder=\"B\u1ea3n d\u1ecbch\"><strong><span class=\"Y2IQFc\" lang=\"de\">Plating Products<\/span><\/strong><\/p>\n<\/td>\n<td style=\"height: 24px; width: 79.3008%;\">5%, 10%, 15%<\/p>\n<p id=\"tw-target-text\" class=\"tw-data-text tw-text-large tw-ta\" dir=\"ltr\" data-placeholder=\"B\u1ea3n d\u1ecbch\"><span class=\"Y2IQFc\" lang=\"de\">oder nach Bedarf <\/span><\/p>\n<\/td>\n<\/tr>\n<tr style=\"height: 23px;\">\n<td style=\"height: 23px; width: 20.599%;\">\n<p id=\"tw-target-text\" class=\"tw-data-text tw-text-large tw-ta\" dir=\"ltr\" data-placeholder=\"B\u1ea3n d\u1ecbch\"><strong><span class=\"Y2IQFc\" lang=\"de\">Lagermethode <\/span><\/strong><\/p>\n<\/td>\n<td style=\"height: 23px; width: 79.3008%;\">\n<p id=\"tw-target-text\" class=\"tw-data-text tw-text-large tw-ta\" dir=\"ltr\" data-placeholder=\"B\u1ea3n d\u1ecbch\"><span class=\"Y2IQFc\" lang=\"de\">Temperatur halten -18 Grad Celsius<\/span><\/p>\n<\/td>\n<\/tr>\n<tr style=\"height: 23px;\">\n<td style=\"height: 23px; width: 20.599%;\">\n<p id=\"tw-target-text\" class=\"tw-data-text tw-text-large tw-ta\" dir=\"ltr\" data-placeholder=\"B\u1ea3n d\u1ecbch\"><strong><span class=\"Y2IQFc\" lang=\"de\">Liefermethode<\/span><\/strong><\/p>\n<\/td>\n<td style=\"height: 23px; width: 79.3008%;\">EXW, FOB, CFR, CIF, DAF,&#8230;.<\/p>\n<p id=\"tw-target-text\" class=\"tw-data-text tw-text-large tw-ta\" dir=\"ltr\" data-placeholder=\"B\u1ea3n d\u1ecbch\"><span class=\"Y2IQFc\" lang=\"de\">oder verhandelbar <\/span><\/p>\n<\/td>\n<\/tr>\n<tr style=\"height: 23px;\">\n<td style=\"height: 23px; width: 20.599%;\">\n<p id=\"tw-target-text\" class=\"tw-data-text tw-text-large tw-ta\" dir=\"ltr\" data-placeholder=\"B\u1ea3n d\u1ecbch\"><strong><span class=\"Y2IQFc\" lang=\"de\">Zahlungsmethode<\/span><\/strong><\/p>\n<\/td>\n<td style=\"height: 23px; width: 79.3008%;\">\n<p id=\"tw-target-text\" class=\"tw-data-text tw-text-large tw-ta\" dir=\"ltr\" data-placeholder=\"B\u1ea3n d\u1ecbch\"><span class=\"Y2IQFc\" lang=\"de\">L\/C, T\/T,&#8230;oder verhandelbar <\/span><\/p>\n<\/td>\n<\/tr>\n<\/tbody>\n<\/table>\n<\/div>\n<\/div>\n<\/div>\n<\/div>\n<\/div>\n<\/div>\n<div id=\"tw-images\">\n<p id=\"tw-target-text\" class=\"tw-data-text tw-text-large tw-ta\" dir=\"ltr\" data-placeholder=\"B\u1ea3n d\u1ecbch\"><strong><span class=\"Y2IQFc\" lang=\"de\" style=\"font-size: 24px;\">\u00dcber die Herkunft des Produkts.<\/span><\/strong><\/p>\n<\/div>\n<div class=\"dURPtb\">\n<p id=\"tw-target-text\" class=\"tw-data-text tw-text-large tw-ta\" dir=\"ltr\" data-placeholder=\"B\u1ea3n d\u1ecbch\"><span class=\"Y2IQFc\" lang=\"de\">Pangasius ist haupts\u00e4chlich im Mekong-Becken verbreitet, die meisten Pangasius-Farmen in Vietnam befinden sich in den Provinzen <strong>An Giang, Dong Thap und Can Tho<\/strong>. Pangasius wird geerntet, nachdem er in Fischfl\u00f6\u00dfen auf dem Fluss oder in Teichen aufgezogen wurde. Es wird dann an Fabriken geschickt, um es zu sortieren und zu Produkten f\u00fcr den h\u00e4uslichen Gebrauch und den Export zu verarbeiten. <\/span><\/p>\n<p class=\"tw-data-text tw-text-large tw-ta\" dir=\"ltr\" data-placeholder=\"B\u1ea3n d\u1ecbch\"><span class=\"Y2IQFc\" lang=\"de\"><span style=\"font-size: 20px;\"><strong>Problem mit Produktschutzbandbeschichtung<\/strong><\/span> <\/span><\/p>\n<p class=\"tw-data-text tw-text-large tw-ta\" dir=\"ltr\" data-placeholder=\"B\u1ea3n d\u1ecbch\"><span class=\"Y2IQFc\" lang=\"de\">Eisplattieren ist der Prozess des Gefrierens einer Wasserschicht auf der Oberfl\u00e4che eines Produkts. Der Zweck der Verglasung besteht darin, das Produkt zu sch\u00fctzen, das Produkt von der Luft zu trennen, um die Oxidation von Nahrungsbestandteilen durch Lufteinwirkung zu verhindern. Au\u00dferdem hilft das Coating-Eis, dass das Produkt nicht kalt wird, da das Protein sein gesamtes Wasser verloren hat. Die Glasur in Pangasiusfilets regelt nicht die Glasurrate und den Wassergehalt f\u00fcr exportierte Pangasius. Daher betr\u00e4gt die Rate der Produktschutzbandbeschichtung: 5 %, 10 %, 15 %, 20 % oder je nach Kundenanforderung. <\/span><\/p>\n<p class=\"tw-data-text tw-text-large tw-ta\" dir=\"ltr\" data-placeholder=\"B\u1ea3n d\u1ecbch\"><span class=\"Y2IQFc\" lang=\"de\"><strong><span style=\"font-size: 20px;\">\u00dcber Produktkonservierung<\/span><\/strong> <\/span><\/p>\n<p class=\"tw-data-text tw-text-large tw-ta\" dir=\"ltr\" data-placeholder=\"B\u1ea3n d\u1ecbch\"><span class=\"Y2IQFc\" lang=\"de\"><strong>Eine Produktlagerung bei -18 Grad Celsius <em>(oder darunter)<\/em><\/strong> kann das Produkt <strong>24 Monate lang frisch<\/strong> halten. Die Erhaltung der Qualit\u00e4t von Frozen Pangasius, <strong>das Einfrieren und Glasieren jedes wei\u00dfen Filetst\u00fccks sichert die Frische des Pangasius-Fleisches<\/strong> f\u00fcr lange Zeit. Die Herstellung von gefrorenem Pangasiusfilet tr\u00e4gt dazu bei, dass das Produkt w\u00e4hrend des Transports besser konserviert wird.<\/span><\/p>\n<\/div>\n<div>\n<p id=\"tw-target-text\" class=\"tw-data-text tw-text-large tw-ta\" dir=\"ltr\" data-placeholder=\"B\u1ea3n d\u1ecbch\"><span class=\"Y2IQFc\" lang=\"de\"><span style=\"font-size: 20px;\"><strong>Wo kann man gefrorenes wei\u00dfes Fleisch Pangasius Filet kaufen?<\/strong><\/span> <\/span><\/p>\n<p class=\"tw-data-text tw-text-large tw-ta\" dir=\"ltr\" data-placeholder=\"B\u1ea3n d\u1ecbch\"><span class=\"Y2IQFc\" lang=\"de\"><strong>Kimmy Farm<\/strong> \u2013 ist eine Marke, die sich auf die Produktion und den Export von landwirtschaftlichen Produkten in Vietnam spezialisiert hat. Die wichtigsten Exportprodukte des Unternehmens sind: Produkte aus der Schwarzen Soldatenfliege, Cashewn\u00fcsse, rohe Cashewn\u00fcsse, Meeresfr\u00fcchteprodukte im Mekong-Delta&#8230; Wir sind ein Lieferpartner und beliefern eine Reihe von Kunden aus: Spanien, Frankreich, Deutschland, Niederlande, Polen, Griechenland, T\u00fcrkei, Russland, Schweiz, USA, Australien, S\u00fcdafrika, Vereinigte Arabische Emirate, Indien, Singapur, Japan und viele andere L\u00e4nder. Dar\u00fcber hinaus verf\u00fcgen wir \u00fcber ein Team von Mitarbeitern, die \u00fcber langj\u00e4hrige Erfahrung in gro\u00dfen Verarbeitungsbetrieben in Vietnam verf\u00fcgen. Bitte kontaktieren Sie uns, wenn Sie Exportg\u00fcter nach Ihren Bed\u00fcrfnissen ben\u00f6tigen.<\/span><\/p>\n<\/div>\n<\/div>\n","protected":false},"excerpt":{"rendered":"<p id=\"tw-target-text\" class=\"tw-data-text tw-text-large tw-ta\" dir=\"ltr\" data-placeholder=\"B\u1ea3n d\u1ecbch\"><span class=\"Y2IQFc\" lang=\"de\">Kurze Informationen \u00fcber <strong>Pangasiusfilet mit gefrorenem wei\u00dfem Fleisch<\/strong> f\u00fcr den Export oder den Inlandsverbrauch. <\/span><\/p>\n<ul>\n<li class=\"tw-data-text tw-text-large tw-ta\" dir=\"ltr\" data-placeholder=\"B\u1ea3n d\u1ecbch\"><span class=\"Y2IQFc\" lang=\"de\"><strong>Produktname:<\/strong> Gefrorenes wei\u00dfes Pangasiusfilet <\/span><\/li>\n<li class=\"tw-data-text tw-text-large tw-ta\" dir=\"ltr\" data-placeholder=\"B\u1ea3n d\u1ecbch\"><span class=\"Y2IQFc\" lang=\"de\"><strong>Zutaten:<\/strong> Pangasius<\/span><\/li>\n<li class=\"tw-data-text tw-text-large tw-ta\" dir=\"ltr\" data-placeholder=\"B\u1ea3n d\u1ecbch\"><span class=\"Y2IQFc\" lang=\"de\"><strong>Zustand:<\/strong> Keine Haut, keine Knochen, kein rotes Fleisch, kein Fett, kein Fett <\/span><\/li>\n<li class=\"tw-data-text tw-text-large tw-ta\" dir=\"ltr\" data-placeholder=\"B\u1ea3n d\u1ecbch\"><span class=\"Y2IQFc\" lang=\"de\"><strong>Gr\u00f6\u00dfen:<\/strong> 120-170, 170-220, 220up <\/span><\/li>\n<li class=\"tw-data-text tw-text-large tw-ta\" dir=\"ltr\" data-placeholder=\"B\u1ea3n d\u1ecbch\"><span class=\"Y2IQFc\" lang=\"de\"><strong>Verpackung<\/strong>: IQF 1kg\/Beutel, 5 kg lose oder interleaved 5 kg\/Block x 2\/ctn <\/span><\/li>\n<li class=\"tw-data-text tw-text-large tw-ta\" dir=\"ltr\" data-placeholder=\"B\u1ea3n d\u1ecbch\"><span class=\"Y2IQFc\" lang=\"de\"><strong>Lagerung:<\/strong> Temperatur unter -18 Grad Celsius <\/span><\/li>\n<li class=\"tw-data-text tw-text-large tw-ta\" dir=\"ltr\" data-placeholder=\"B\u1ea3n d\u1ecbch\"><span class=\"Y2IQFc\" lang=\"de\"><strong>Herkunft:<\/strong> Dong Thap, Vietnam <\/span><\/li>\n<li class=\"tw-data-text tw-text-large tw-ta\" dir=\"ltr\" data-placeholder=\"B\u1ea3n d\u1ecbch\"><span class=\"Y2IQFc\" lang=\"de\"><strong>Zertifikate:<\/strong> ISO 9001:2000, ISO 17025, ASC, GLOBAL GAP, HACCP, IFS, BRC, GMP, HALAL&#8230;.<\/span><\/li>\n<\/ul>\n","protected":false},"featured_media":20165,"template":"","meta":[],"product_brand":[],"product_cat":[263,265],"product_tag":[291,288,306],"class_list":{"0":"post-24113","1":"product","2":"type-product","3":"status-publish","4":"has-post-thumbnail","6":"product_cat-gefrorene-fischeries","7":"product_cat-pangasius","8":"product_tag-gefrorener-pangasius","9":"product_tag-pangasius-de","10":"product_tag-pangasiusfilet","12":"first","13":"instock","14":"shipping-taxable","15":"product-type-simple"},"_links":{"self":[{"href":"https:\/\/kimmyfarm.com\/de\/wp-json\/wp\/v2\/product\/24113","targetHints":{"allow":["GET"]}}],"collection":[{"href":"https:\/\/kimmyfarm.com\/de\/wp-json\/wp\/v2\/product"}],"about":[{"href":"https:\/\/kimmyfarm.com\/de\/wp-json\/wp\/v2\/types\/product"}],"version-history":[{"count":0,"href":"https:\/\/kimmyfarm.com\/de\/wp-json\/wp\/v2\/product\/24113\/revisions"}],"wp:featuredmedia":[{"embeddable":true,"href":"https:\/\/kimmyfarm.com\/de\/wp-json\/wp\/v2\/media\/20165"}],"wp:attachment":[{"href":"https:\/\/kimmyfarm.com\/de\/wp-json\/wp\/v2\/media?parent=24113"}],"wp:term":[{"taxonomy":"product_brand","embeddable":true,"href":"https:\/\/kimmyfarm.com\/de\/wp-json\/wp\/v2\/product_brand?post=24113"},{"taxonomy":"product_cat","embeddable":true,"href":"https:\/\/kimmyfarm.com\/de\/wp-json\/wp\/v2\/product_cat?post=24113"},{"taxonomy":"product_tag","embeddable":true,"href":"https:\/\/kimmyfarm.com\/de\/wp-json\/wp\/v2\/product_tag?post=24113"}],"curies":[{"name":"wp","href":"https:\/\/api.w.org\/{rel}","templated":true}]}}