{"id":24111,"date":"2021-01-09T14:47:28","date_gmt":"2021-01-09T07:47:28","guid":{"rendered":"https:\/\/kimmyfarm.com\/product\/geschalte-gefrorene-gedunstete-black-tiger-prawn"},"modified":"2021-01-09T14:47:28","modified_gmt":"2021-01-09T07:47:28","slug":"geschalte-gefrorene-gedunstete-black-tiger-prawn","status":"publish","type":"product","link":"https:\/\/kimmyfarm.com\/de\/produkt\/geschalte-gefrorene-gedunstete-black-tiger-prawn","title":{"rendered":"Gesch\u00e4lte gefrorene ged\u00fcnstete Black Tiger Prawn"},"content":{"rendered":"<p id=\"tw-target-text\" class=\"tw-data-text tw-text-large tw-ta\" dir=\"ltr\" data-placeholder=\"B\u1ea3n d\u1ecbch\"><span style=\"font-size: 24px; font-family: 'times new roman', times, serif;\"><strong><span class=\"Y2IQFc\" lang=\"de\">Black Tiger Shrimps aufgezogen in Vietnam <\/span><\/strong><\/span><\/p>\n<p class=\"tw-data-text tw-text-large tw-ta\" dir=\"ltr\" data-placeholder=\"B\u1ea3n d\u1ecbch\"><span class=\"Y2IQFc\" lang=\"de\" style=\"font-family: 'times new roman', times, serif;\"><strong>Schwarze Tigergarnele<\/strong> <em>(Penaeus monodon, auch bekannt als schwarze Tigergarnele oder asiatische Tigergarnele)<\/em> ist eine Garnelenart, die h\u00e4ufig zu Nahrungszwecken gefangen oder aufgezogen wird. <strong>Black Tiger Shrimps gelten auf dem heutigen Fischmarkt als hochwertiges<\/strong>, geeignetes Produkt. Dies ist die beliebteste Garnele aus Farm-Zucht in Vietnam. <strong>Die meisten Schwarzen Tigergarnelen in Vietnam werden in Garnelenfarmen gez\u00fcchtet,<\/strong> obwohl ein erheblicher Teil von Trawlern in der Wildnis gefischt wird, die auf schlammigen B\u00f6den von sehr seichten Gew\u00e4ssern bis zu Tiefen von mehr als 100 Metern arbeiten.<\/span><\/p>\n<p id=\"tw-target-text\" class=\"tw-data-text tw-text-large tw-ta\" dir=\"ltr\" data-placeholder=\"B\u1ea3n d\u1ecbch\"><span class=\"Y2IQFc\" lang=\"de\" style=\"font-family: 'times new roman', times, serif;\"><strong>Black Tiger Shrimp ist die gr\u00f6\u00dfte der 300 kommerziell erh\u00e4ltlichen Garnelenarten weltweit,<\/strong>\u00a0 Black Tiger Schrimp k\u00f6nnen bis zu 13 Zoll gro\u00df werden, aber die durchschnittliche Erntegr\u00f6\u00dfe betr\u00e4gt 9 bis 11 Zoll. Die drei Provinzen, die am meisten zur Produktion von Schwarzen Tigergarnelen beitragen, sind Ca Mau, Bac Lieu und Can Tho (im S\u00fcden Vietnams). Derzeit werden schwarze Tigergarnelen in Vietnam mit Futter nach internationalen Standards gez\u00fcchtet. Black Tiger Shrimps haben einen nat\u00fcrlich mild-s\u00fc\u00dfen Geschmack und eine feste Textur.<\/span><\/p>\n<p id=\"tw-target-text\" class=\"tw-data-text tw-text-large tw-ta\" dir=\"ltr\" data-placeholder=\"B\u1ea3n d\u1ecbch\"><span class=\"Y2IQFc\" lang=\"de\" style=\"font-family: 'times new roman', times, serif;\"><span style=\"font-size: 20px;\"><strong>N\u00e4hrwert von Black Tiger Shrimps Black Tiger<\/strong><\/span> <\/span><\/p>\n<p class=\"tw-data-text tw-text-large tw-ta\" dir=\"ltr\" data-placeholder=\"B\u1ea3n d\u1ecbch\"><span class=\"Y2IQFc\" lang=\"de\" style=\"font-family: 'times new roman', times, serif;\"><strong>Shrimps<\/strong> sind fleischige Shrimps mit einer knusprigen und saftigen Textur und einem k\u00f6stlichen Geschmack. Sie sind reich an Selen, Cholin und Vitamin B12, Niacin, Zink, Vitamin E, Vitamin B6 und 20 verschiedenen Vitaminen und Mineralstoffen, darunter 50 % des t\u00e4glichen Bedarfs an Selen, einem Mineral, das Entz\u00fcndungen lindern und die Herzgesundheit f\u00f6rdern kann. <strong>Die aus Vietnam stammende Schwarze Tigergarnele<\/strong> ist eine der am h\u00e4ufigsten konsumierten und bevorzugten Garnelen der Welt.<\/span><\/p>\n<table style=\"width: 107.05%; height: 307px;\">\n<tbody>\n<tr style=\"height: 10px;\">\n<td style=\"width: 67.1264%; height: 10px;\"><span style=\"font-family: 'times new roman', times, serif;\"><strong>Calories<\/strong><\/span><\/td>\n<td style=\"width: 33.8661%; height: 10px;\"><span style=\"font-family: 'times new roman', times, serif;\">106<\/span><\/td>\n<\/tr>\n<tr style=\"height: 56px;\">\n<td style=\"width: 67.1264%; height: 56px;\"><span style=\"font-family: 'times new roman', times, serif;\"><strong>Fat Calories<\/strong><\/span><\/td>\n<td style=\"width: 33.8661%; height: 56px;\"><span style=\"font-family: 'times new roman', times, serif;\">15.3<\/span><\/td>\n<\/tr>\n<tr style=\"height: 56px;\">\n<td style=\"width: 67.1264%; height: 56px;\"><span style=\"font-family: 'times new roman', times, serif;\"><strong>Total Fat<\/strong><\/span><\/td>\n<td style=\"width: 33.8661%; height: 56px;\"><span style=\"font-family: 'times new roman', times, serif;\">1.7 g<\/span><\/td>\n<\/tr>\n<tr style=\"height: 56px;\">\n<td style=\"width: 67.1264%; height: 56px;\"><span style=\"font-family: 'times new roman', times, serif;\"><strong>Saturated Fat<\/strong><\/span><\/td>\n<td style=\"width: 33.8661%; height: 56px;\"><span style=\"font-family: 'times new roman', times, serif;\">0.3 g<\/span><\/td>\n<\/tr>\n<tr style=\"height: 10px;\">\n<td style=\"width: 67.1264%; height: 10px;\"><span style=\"font-family: 'times new roman', times, serif;\"><strong>Cholesterol<\/strong><\/span><\/td>\n<td style=\"width: 33.8661%; height: 10px;\"><span style=\"font-family: 'times new roman', times, serif;\">152 mg<\/span><\/td>\n<\/tr>\n<tr style=\"height: 56px;\">\n<td style=\"width: 67.1264%; height: 56px;\"><span style=\"font-family: 'times new roman', times, serif;\"><strong>Sodium<\/strong><\/span><\/td>\n<td style=\"width: 33.8661%; height: 56px;\"><span style=\"font-family: 'times new roman', times, serif;\">148 mg<\/span><\/td>\n<\/tr>\n<tr style=\"height: 27px;\">\n<td style=\"width: 67.1264%; height: 27px;\"><span style=\"font-family: 'times new roman', times, serif;\"><strong>Protein<\/strong><\/span><\/td>\n<td style=\"width: 33.8661%; height: 27px;\"><span style=\"font-family: 'times new roman', times, serif;\">20.3 g<\/span><\/td>\n<\/tr>\n<tr style=\"height: 36px;\">\n<td style=\"width: 67.1264%; height: 36px;\"><span style=\"font-family: 'times new roman', times, serif;\"><strong>Omega 3<\/strong><\/span><\/td>\n<td style=\"width: 33.8661%; height: 36px;\"><span style=\"font-family: georgia, palatino, serif;\">0.53 g<\/span><\/td>\n<\/tr>\n<\/tbody>\n<\/table>\n<div id=\"tw-ob\" class=\"tw-src-ltr\">\n<div class=\"oSioSc\">\n<div id=\"tw-target\">\n<div id=\"kAz1tf\" class=\"g9WsWb\">\n<div id=\"tw-target-text-container\" class=\"tw-ta-container F0azHf tw-nfl\" tabindex=\"0\">\n<p id=\"tw-target-text\" class=\"tw-data-text tw-text-large tw-ta\" dir=\"ltr\" data-placeholder=\"B\u1ea3n d\u1ecbch\"><span class=\"Y2IQFc\" lang=\"de\" style=\"font-family: 'times new roman', times, serif;\"><span style=\"font-size: 20px;\"><strong>Formen der Vorverarbeitung von Black Tiger Shrimps<\/strong><\/span> <\/span><\/p>\n<p class=\"tw-data-text tw-text-large tw-ta\" dir=\"ltr\" data-placeholder=\"B\u1ea3n d\u1ecbch\"><span class=\"Y2IQFc\" lang=\"de\" style=\"font-family: 'times new roman', times, serif;\">Die Hauptformen unserer Produkte sind oben gesch\u00e4lt (HOSO), oben gesch\u00e4lt (SO), oben gesch\u00e4lt (PTO), ungesch\u00e4lt (PUD), gesch\u00e4lt und unterlegt (P&amp;D), Sch\u00e4l- und Hinterf\u00e4deln (PDTO) und Schmetterlingsschwanz offen ( BTTY-TO). <\/span><\/p>\n<p class=\"tw-data-text tw-text-large tw-ta\" dir=\"ltr\" data-placeholder=\"B\u1ea3n d\u1ecbch\"><span style=\"font-family: 'times new roman', times, serif;\"><strong><span class=\"Y2IQFc\" lang=\"de\">Die wichtigsten Formen des Exports von gefrorenen rohen Black Tiger Shrimps aus Vietnam:<\/span><\/strong><\/span><\/p>\n<\/div>\n<div id=\"tw-target-rmn-container\" class=\"tw-target-rmn tw-ta-container F0azHf tw-nfl\">\n<ul>\n<li id=\"tw-target-rmn\" class=\"tw-data-placeholder tw-text-small tw-ta\" dir=\"ltr\">\n<p id=\"tw-target-text\" class=\"tw-data-text tw-text-large tw-ta\" dir=\"ltr\" data-placeholder=\"B\u1ea3n d\u1ecbch\"><span class=\"Y2IQFc\" lang=\"de\" style=\"font-family: 'times new roman', times, serif;\">Urspr\u00fcnglich Headon Shellon<\/span><\/p>\n<\/li>\n<li class=\"tw-data-placeholder tw-text-small tw-ta\" dir=\"ltr\">\n<p id=\"tw-target-text\" class=\"tw-data-text tw-text-large tw-ta\" dir=\"ltr\" data-placeholder=\"B\u1ea3n d\u1ecbch\"><span class=\"Y2IQFc\" lang=\"de\" style=\"font-family: 'times new roman', times, serif;\">Kopfloser roher Shellon<br \/>\n<\/span><\/p>\n<\/li>\n<li class=\"tw-data-placeholder tw-text-small tw-ta\" dir=\"ltr\">\n<p id=\"tw-target-text\" class=\"tw-data-text tw-text-large tw-ta\" dir=\"ltr\" data-placeholder=\"B\u1ea3n d\u1ecbch\"><span class=\"Y2IQFc\" lang=\"de\" style=\"font-family: 'times new roman', times, serif;\">Rohes P&amp;D \/ PUD-Endst\u00fcck<\/span><\/p>\n<\/li>\n<li class=\"tw-data-placeholder tw-text-small tw-ta\" dir=\"ltr\">\n<p id=\"tw-target-text\" class=\"tw-data-text tw-text-large tw-ta\" dir=\"ltr\" data-placeholder=\"B\u1ea3n d\u1ecbch\"><span class=\"Y2IQFc\" lang=\"de\" style=\"font-family: 'times new roman', times, serif;\">Rohes P&amp;D \/ PUD-<\/span><\/p>\n<\/li>\n<li class=\"tw-data-placeholder tw-text-small tw-ta\" dir=\"ltr\">\n<p id=\"tw-target-text\" class=\"tw-data-text tw-text-large tw-ta\" dir=\"ltr\" data-placeholder=\"B\u1ea3n d\u1ecbch\"><span class=\"Y2IQFc\" lang=\"de\" style=\"font-family: 'times new roman', times, serif;\">Endst\u00fcck Raw Zapfwellen-Schmetterling<\/span><\/p>\n<\/li>\n<li class=\"tw-data-placeholder tw-text-small tw-ta\" dir=\"ltr\">\n<p id=\"tw-target-text\" class=\"tw-data-text tw-text-large tw-ta\" dir=\"ltr\" data-placeholder=\"B\u1ea3n d\u1ecbch\"><span style=\"font-family: 'times new roman', times, serif;\"><span class=\"Y2IQFc\" lang=\"de\">Rohe <\/span><span class=\"Y2IQFc\" lang=\"de\">P&amp;D \/ PUD-Schwanzspie\u00dfe<\/span><\/span><\/p>\n<\/li>\n<li class=\"tw-data-placeholder tw-text-small tw-ta\" dir=\"ltr\">\n<p id=\"tw-target-text\" class=\"tw-data-text tw-text-large tw-ta\" dir=\"ltr\" data-placeholder=\"B\u1ea3n d\u1ecbch\"><span class=\"Y2IQFc\" lang=\"de\" style=\"font-family: 'times new roman', times, serif;\">Rohe P&amp;D \/ PUD Spie\u00dfe mit Schwanzschnitt<\/span><\/p>\n<\/li>\n<\/ul>\n<\/div>\n<div class=\"iYB33c\">\n<div class=\"dlJLJe\">\n<div data-cviv=\"false\" data-ved=\"2ahUKEwiir9Gs9Yr1AhWe8XMBHWbeC2cQz_AEegQIAhAP\">\n<p class=\"U9URNb\">\n<\/div>\n<\/div>\n<div id=\"tw-tmenu\" class=\"tw-menu\"><\/div>\n<\/div>\n<\/div>\n<\/div>\n<\/div>\n<\/div>\n<div id=\"tw-images\"><\/div>\n<div class=\"dURPtb\"><\/div>\n<div>\n<div><\/div>\n<\/div>\n<p class=\"KFFQ0c xKf9F\">\n<p dir=\"ltr\" data-placeholder=\"B\u1ea3n d\u1ecbch\">\n<p dir=\"ltr\" data-placeholder=\"B\u1ea3n d\u1ecbch\">\n<p dir=\"ltr\" data-placeholder=\"B\u1ea3n d\u1ecbch\">\n<p dir=\"ltr\" data-placeholder=\"B\u1ea3n d\u1ecbch\">\n","protected":false},"excerpt":{"rendered":"<p>Black Tiger Shrimps aufgezogen in Vietnam Schwarze Tigergarnele (Penaeus monodon, auch bekannt als schwarze Tigergarnele oder asiatische Tigergarnele) ist eine<\/p>\n","protected":false},"featured_media":20218,"template":"","meta":[],"product_brand":[],"product_cat":[263,266],"product_tag":[309,313,308,319,317],"class_list":{"0":"post-24111","1":"product","2":"type-product","3":"status-publish","4":"has-post-thumbnail","6":"product_cat-gefrorene-fischeries","7":"product_cat-tigergarnelen","8":"product_tag-garnelen","9":"product_tag-gedampfte-garnelen","10":"product_tag-gefrorene-fischeries","11":"product_tag-gefrorene-garnelen","12":"product_tag-tigergarnelen","14":"first","15":"instock","16":"shipping-taxable","17":"product-type-simple"},"_links":{"self":[{"href":"https:\/\/kimmyfarm.com\/de\/wp-json\/wp\/v2\/product\/24111","targetHints":{"allow":["GET"]}}],"collection":[{"href":"https:\/\/kimmyfarm.com\/de\/wp-json\/wp\/v2\/product"}],"about":[{"href":"https:\/\/kimmyfarm.com\/de\/wp-json\/wp\/v2\/types\/product"}],"version-history":[{"count":0,"href":"https:\/\/kimmyfarm.com\/de\/wp-json\/wp\/v2\/product\/24111\/revisions"}],"wp:featuredmedia":[{"embeddable":true,"href":"https:\/\/kimmyfarm.com\/de\/wp-json\/wp\/v2\/media\/20218"}],"wp:attachment":[{"href":"https:\/\/kimmyfarm.com\/de\/wp-json\/wp\/v2\/media?parent=24111"}],"wp:term":[{"taxonomy":"product_brand","embeddable":true,"href":"https:\/\/kimmyfarm.com\/de\/wp-json\/wp\/v2\/product_brand?post=24111"},{"taxonomy":"product_cat","embeddable":true,"href":"https:\/\/kimmyfarm.com\/de\/wp-json\/wp\/v2\/product_cat?post=24111"},{"taxonomy":"product_tag","embeddable":true,"href":"https:\/\/kimmyfarm.com\/de\/wp-json\/wp\/v2\/product_tag?post=24111"}],"curies":[{"name":"wp","href":"https:\/\/api.w.org\/{rel}","templated":true}]}}