{"id":23935,"date":"2020-12-30T17:29:54","date_gmt":"2020-12-30T10:29:54","guid":{"rendered":"https:\/\/kimmyfarm.com\/product\/pangasiusfilet-gefrorenes-rosa-fleisch"},"modified":"2020-12-30T17:29:54","modified_gmt":"2020-12-30T10:29:54","slug":"pangasiusfilet-gefrorenes-rosa-fleisch","status":"publish","type":"product","link":"https:\/\/kimmyfarm.com\/de\/produkt\/pangasiusfilet-gefrorenes-rosa-fleisch","title":{"rendered":"Pangasiusfilet gefrorenes rosa Fleisch"},"content":{"rendered":"<p><strong><span style=\"font-size: 24px;\">Ausf\u00fchrliche Produktinformationen Gefrorenes Pangasius Pangasiusfilet mit rosa Fleisch<\/span><\/strong><\/p>\n<p>Pangasiusfilet ist das Fleisch von Fischen, das der L\u00e4nge nach auf einer Seite des Fisches parallel zur Wirbels\u00e4ule geschnitten wurde. <strong>Pangasius-Rosa-Filetfleisch ist eine Art von Pangasius, die ohne Haut, ohne Knochen, rotes Fleisch und Fett entfernt wurde<\/strong>. Wenn rosa Fischfilets gekocht werden, haben sie eine elfenbein\u00e4hnliche Farbe. Unser Pangasius ist eine Fischart, die in Fischfl\u00f6\u00dfen auf dem Fluss oder in Teichen in den Provinzen An Giang, Dong Thap und Can Tho geerntet wird. Wenden Sie bei der Aufzucht moderne landwirtschaftliche Verfahren vollst\u00e4ndig an, um Waren in viele L\u00e4nder auf der ganzen Welt zu exportieren. Pangasius in Vietnam wird mit Sojabohnengetreide aufgezogen, um die Qualit\u00e4t nach internationalen Standards, die Textur des Fleisches und den Geschmack der Fischst\u00fccke zu gew\u00e4hrleisten.<\/p>\n<p><img decoding=\"async\" class=\"aligncenter\" src=\"https:\/\/kimmyfarm.com\/wp-content\/uploads\/2020\/12\/ca-tra-phi-le-thit-hong-dong-lanh-2.jpg\" alt=\"S\u1ea3n Ph\u1ea9m Phi L\u00ea H\u1ed3ng C\u00e1 Tra \u0110\u00f4ng L\u1ea1nh Xu\u1ea5t Kh\u1ea9u\" \/><\/p>\n<p style=\"text-align: left;\"><span style=\"font-size: 14px;\">Gefrorenes Pangasius Pangasius Filet f\u00fcr den Export<\/span><\/p>\n<table style=\"width: 97.8661%;\" width=\"79%\">\n<tbody>\n<tr>\n<td style=\"width: 27%;\" width=\"27%\"><strong>Produktname<\/strong><\/td>\n<td style=\"width: 95.8806%;\" width=\"72%\">Gefrorenes Pangasiusfilet mit rosa Fleisch<\/td>\n<\/tr>\n<tr>\n<td style=\"width: 27%;\" width=\"27%\"><strong>Hergestellt<\/strong><\/td>\n<td style=\"width: 95.8806%;\" width=\"72%\">in Vietnam<\/td>\n<\/tr>\n<tr>\n<td style=\"width: 27%;\" width=\"27%\"><strong>Zutaten<\/strong><\/td>\n<td style=\"width: 95.8806%;\" width=\"72%\">100% Pangasius<\/td>\n<\/tr>\n<tr>\n<td style=\"width: 27%;\" width=\"27%\"><strong>Zustand<\/strong><\/td>\n<td style=\"width: 95.8806%;\" width=\"72%\">Haut, ohne Knochen, Organentfernung, gereinigt, gefroren<\/td>\n<\/tr>\n<tr>\n<td style=\"width: 27%;\" width=\"27%\"><strong>Gr\u00f6\u00dfe<\/strong><\/td>\n<td style=\"width: 95.8806%;\" width=\"72%\">nach spezifischen Anforderungen<\/td>\n<\/tr>\n<tr>\n<td style=\"width: 27%;\" width=\"27%\"><strong>Verglasungsprodukte<\/strong><\/td>\n<td style=\"width: 95.8806%;\" width=\"72%\">Je nach spezifischer Anforderung<\/td>\n<\/tr>\n<tr>\n<td style=\"width: 27%;\" width=\"27%\"><strong>Lagermethode<\/strong><\/td>\n<td style=\"width: 95.8806%;\" width=\"72%\">Halten eine Temperatur von -18 Grad Celsius ein<\/td>\n<\/tr>\n<tr>\n<td style=\"width: 27%;\" width=\"27%\"><strong>Liefermethode<\/strong><\/td>\n<td style=\"width: 95.8806%;\" width=\"72%\">EXW, FOB, CFR, CIF, DAF,&#8230;. oder verhandelbar.<\/td>\n<\/tr>\n<tr>\n<td style=\"width: 27%;\" width=\"27%\"><strong>Zahlungsmethode<\/strong><\/td>\n<td style=\"width: 95.8806%;\" width=\"72%\">L\/C, T\/T,&#8230; oder verhandelbar.<\/td>\n<\/tr>\n<\/tbody>\n<\/table>\n<p><strong><span style=\"font-size: 24px;\">\u00dcber die Herkunft des Produkts.<\/span><\/strong><\/p>\n<p>Pangasius ist haupts\u00e4chlich im Mekong-Becken verbreitet, die meisten Pangasius-Farmen in Vietnam befinden sich in den Provinzen <strong>An Giang, Dong Thap und Can Tho.<\/strong> Pangasius wird geerntet, nachdem er in Fischfl\u00f6\u00dfen auf dem Fluss oder in Teichen aufgezogen wurde. Es wird dann an Fabriken geschickt, um es zu sortieren und zu Produkten f\u00fcr den heimischen Gebrauch und den Export zu verarbeiten.<\/p>\n<p><span style=\"font-size: 24px;\"><strong>Problem mit Produktschutzbandbeschichtung<\/strong><\/span><\/p>\n<p>Eisplattieren ist der Prozess des Gefrierens einer Wasserschicht auf der Oberfl\u00e4che eines Produkts. Der Zweck der Verglasung besteht darin, das Produkt zu sch\u00fctzen und das Produkt von der Luft zu trennen, um die Oxidation von Nahrungsbestandteilen durch Lufteinwirkung zu verhindern. Au\u00dferdem hilft das Beschichtungseis, dass das Produkt nicht kalt wird, da das Protein sein gesamtes Wasser verloren hat. Die Glasur in Pangasiusfilets regelt nicht die Glasurrate und den Wassergehalt f\u00fcr exportierte Pangasius. Daher betr\u00e4gt der Preis f\u00fcr Produktschutzband: 5 %, 10 %, 15 % oder je nach Kundenwunsch.<\/p>\n<p><span style=\"font-size: 24px;\"><strong>\u00dcber Produktkonservierung<\/strong><\/span><\/p>\n<p><strong>Um Pangasiusfiletprodukte zu konservieren, lagern Sie sie bei -18 Grad Celsius <em>(oder niedriger)<\/em><\/strong>, wodurch das Produkt <strong>24 Monate lang frisch<\/strong> bleibt. Wir bewahren die Qualit\u00e4t von gefrorenem Pangasius durch <strong>IQF-Gefrieren,<\/strong> Glasieren jedes Fischfilets sorgt f\u00fcr lange Frische des Pangasius-Fleisches. Die Herstellung von gefrorenem Pangasiusfilet tr\u00e4gt dazu bei, dass das Produkt w\u00e4hrend des Transports besser konserviert wird.<\/p>\n<p><span style=\"font-size: 24px;\"><strong>Wo kann man gefrorenes Pangasiusfilet mit<\/strong> <strong>rosa<\/strong> <strong>Fleisch kaufen?<\/strong><\/span><\/p>\n<p><strong>Kimmy Farm<\/strong> \u2013 ist eine Marke, die sich auf die Produktion und den Export von landwirtschaftlichen Produkten in Vietnam spezialisiert hat. Die wichtigsten Exportprodukte des Unternehmens sind: Produkte aus der Schwarzen Soldatenfliege, Cashewn\u00fcsse, rohe Cashewn\u00fcsse, Meeresfr\u00fcchteprodukte im Mekong-Delta&#8230; Wir sind ein Lieferpartner und beliefern eine Reihe von Kunden aus: Spanien, Frankreich, Deutschland, Niederlande, Polen, Griechenland, T\u00fcrkei, Russland, Schweiz, USA, Australien, S\u00fcdafrika, Vereinigte Arabische Emirate, Indien, Singapur, Japan und viele andere L\u00e4nder. Dar\u00fcber hinaus verf\u00fcgen wir \u00fcber ein Team von Mitarbeitern, die \u00fcber langj\u00e4hrige Erfahrung in gro\u00dfen Verarbeitungsbetrieben in Vietnam verf\u00fcgen. Bitte kontaktieren Sie uns, wenn Sie Exportg\u00fcter nach Ihren Bed\u00fcrfnissen ben\u00f6tigen.<\/p>\n","protected":false},"excerpt":{"rendered":"<p>Produktzusammenfassung von <strong>Gefrorenes Pangasiusfilet mit rotem Fleisch<\/strong> f\u00fcr den Export oder den Inlandsverbrauch.<\/p>\n<ul>\n<li><strong>Produktname:<\/strong> Gefrorenes Pangasius Pangasius Filet<\/li>\n<li><strong>Zutaten:<\/strong> Pangasius<\/li>\n<li><strong>Zustand:<\/strong> Keine Haut, keine Knochen, kein rotes Fleisch, kein Fett, kein Fett<\/li>\n<li><strong>Gr\u00f6\u00dfen:<\/strong> 120-170, 170-220, 220up<\/li>\n<li><strong>Verpackung:<\/strong> IQF 1kg\/Beutel, 5 kg lose oder interleaved 5 kg\/Block x 2\/ctn<\/li>\n<li><strong>Lagerung:<\/strong> Temperatur unter -18 Grad Celsius<\/li>\n<li><strong>Herkunft:<\/strong> Dong Thap, Vietnam<\/li>\n<li><strong>Zertifikate:<\/strong> ISO 9001:2000, ISO 17025, ASC, GLOBAL GAP, HACCP, IFS, BRC, GMP, HALAL&#8230;.<\/li>\n<\/ul>\n","protected":false},"featured_media":20167,"template":"","meta":[],"product_brand":[],"product_cat":[263,265],"product_tag":[291,288,306],"class_list":{"0":"post-23935","1":"product","2":"type-product","3":"status-publish","4":"has-post-thumbnail","6":"product_cat-gefrorene-fischeries","7":"product_cat-pangasius","8":"product_tag-gefrorener-pangasius","9":"product_tag-pangasius-de","10":"product_tag-pangasiusfilet","12":"first","13":"instock","14":"shipping-taxable","15":"product-type-simple"},"_links":{"self":[{"href":"https:\/\/kimmyfarm.com\/de\/wp-json\/wp\/v2\/product\/23935","targetHints":{"allow":["GET"]}}],"collection":[{"href":"https:\/\/kimmyfarm.com\/de\/wp-json\/wp\/v2\/product"}],"about":[{"href":"https:\/\/kimmyfarm.com\/de\/wp-json\/wp\/v2\/types\/product"}],"version-history":[{"count":0,"href":"https:\/\/kimmyfarm.com\/de\/wp-json\/wp\/v2\/product\/23935\/revisions"}],"wp:featuredmedia":[{"embeddable":true,"href":"https:\/\/kimmyfarm.com\/de\/wp-json\/wp\/v2\/media\/20167"}],"wp:attachment":[{"href":"https:\/\/kimmyfarm.com\/de\/wp-json\/wp\/v2\/media?parent=23935"}],"wp:term":[{"taxonomy":"product_brand","embeddable":true,"href":"https:\/\/kimmyfarm.com\/de\/wp-json\/wp\/v2\/product_brand?post=23935"},{"taxonomy":"product_cat","embeddable":true,"href":"https:\/\/kimmyfarm.com\/de\/wp-json\/wp\/v2\/product_cat?post=23935"},{"taxonomy":"product_tag","embeddable":true,"href":"https:\/\/kimmyfarm.com\/de\/wp-json\/wp\/v2\/product_tag?post=23935"}],"curies":[{"name":"wp","href":"https:\/\/api.w.org\/{rel}","templated":true}]}}