{"id":23930,"date":"2020-12-31T12:48:10","date_gmt":"2020-12-31T05:48:10","guid":{"rendered":"https:\/\/kimmyfarm.com\/product\/ganzer-gefrorener-pangasius-kopf-entfernt-schwanz-eingeweide"},"modified":"2021-12-27T19:19:57","modified_gmt":"2021-12-27T12:19:57","slug":"ganzer-gefrorener-pangasius-kopf-entfernt-schwanz-eingeweide","status":"publish","type":"product","link":"https:\/\/kimmyfarm.com\/de\/produkt\/ganzer-gefrorener-pangasius-kopf-entfernt-schwanz-eingeweide","title":{"rendered":"Ganzer gefrorener Pangasius, Kopf entfernt, Schwanz, Eingeweide"},"content":{"rendered":"<p><strong><span style=\"font-size: 24px;\">Produktdetails von Gefrorener Pangasius Ganzer Kopf, Schwanz, Eingeweide<\/span><\/strong><\/p>\n<p><strong>Ganzer Pangasius<\/strong> wird auf Wunsch des Kunden unversehrt gehalten, gereinigt und vorverarbeitet. Bei diesem Produkt wurden <strong>der Kopf entfernt, der Schwanz entfernt, Eingeweide entfernt und gereinigt.<\/strong> Unser Pangasius ist eine Fischart, die in Fischfl\u00f6\u00dfen auf dem Fluss oder in Teichen in den Provinzen An Giang, Dong Thap und Can Tho geerntet wird. Wenden Sie bei der Aufzucht moderne landwirtschaftliche Verfahren vollst\u00e4ndig an, um Waren in viele L\u00e4nder auf der ganzen Welt zu exportieren. Pangasius in Vietnam wird mit Sojabohnengetreide aufgezogen, um die Qualit\u00e4t nach internationalen Standards, die Textur des Fleisches und den Geschmack der Fischst\u00fccke zu gew\u00e4hrleisten. Vietnamesischer Pangasius ist auch eine reiche Quelle von Omega-3, n\u00fctzlichen N\u00e4hrstoffen f\u00fcr die Gesundheit, die dazu beitragen, das Risiko von Depressionen, Herzinfarkten und Ged\u00e4chtnisverlust zu reduzieren. Derzeit ist Pangasius ein beliebtes Produkt der amerikanischen Bev\u00f6lkerung und vieler L\u00e4nder in Europa.<\/p>\n<p><img decoding=\"async\" src=\"https:\/\/kimmyfarm.com\/wp-content\/uploads\/2020\/12\/ca-tra-dong-lanh-nguyen-con-bo-dau-bo-duoi-bo-noi-tang.jpg\" alt=\"S\u1ea3n Ph\u1ea9m C\u00e1 Tra Nguy\u00ean Con \u0110\u00e3 \u0110\u01b0\u1ee3c B\u1ecf \u0110\u1ea7u, B\u1ecf \u0110u\u00f4i, B\u1ecf N\u1ed9i T\u1ea1ng, \u0110\u00f4ng L\u1ea1nh D\u00e0nh Cho Xu\u1ea5t Kh\u1ea9u\" \/><\/p>\n<p><span style=\"font-size: 14px;\">Ganze Pangasius-Produkte mit Kopf, Schwanz, Eingeweide, gefroren f\u00fcr den Export<\/span><\/p>\n<table style=\"border-collapse: collapse; width: 101.685%; height: 195px;\">\n<tbody>\n<tr style=\"height: 23px;\">\n<td style=\"height: 23px; width: 23.4469%;\"><strong>Produktname<\/strong><\/td>\n<td style=\"height: 23px; width: 78.1305%;\">Ganzer gefrorener Fisch, bei dem Kopf, Schwanz und Organe entfernt wurden<\/td>\n<\/tr>\n<tr style=\"height: 23px;\">\n<td style=\"height: 23px; width: 23.4469%;\"><strong>Hergestellt<\/strong><\/td>\n<td style=\"height: 23px; width: 78.1305%;\">in Vietnam<\/td>\n<\/tr>\n<tr style=\"height: 23px;\">\n<td style=\"height: 23px; width: 23.4469%;\"><strong>Zutaten<\/strong><\/td>\n<td style=\"height: 23px; width: 78.1305%;\">100% Pangasius<\/td>\n<\/tr>\n<tr style=\"height: 23px;\">\n<td style=\"height: 10px; width: 23.4469%;\"><strong>Zustand<\/strong><\/td>\n<td style=\"height: 10px; width: 78.1305%;\">Haut, Knochen, Kopf entfernt, Schwanz entfernt, Organe entfernt<\/td>\n<\/tr>\n<tr style=\"height: 23px;\">\n<td style=\"height: 23px; width: 23.4469%;\"><strong>Gr\u00f6\u00dfe<\/strong><\/td>\n<td style=\"height: 23px; width: 78.1305%;\">nach spezifischen Anforderungen<\/td>\n<\/tr>\n<tr style=\"height: 24px;\">\n<td style=\"height: 24px; width: 23.4469%;\"><strong>Verglasungsprodukte<\/strong><\/td>\n<td style=\"height: 24px; width: 78.1305%;\">Je nach spezifischer Anforderung<\/td>\n<\/tr>\n<tr style=\"height: 23px;\">\n<td style=\"height: 23px; width: 23.4469%;\"><strong>Lagermethode<\/strong><\/td>\n<td style=\"height: 23px; width: 78.1305%;\">Halten eine Temperatur von -18 Grad Celsius ein<\/td>\n<\/tr>\n<tr style=\"height: 23px;\">\n<td style=\"height: 23px; width: 23.4469%;\"><strong>Liefermethode<\/strong><\/td>\n<td style=\"height: 23px; width: 78.1305%;\">EXW, FOB, CFR, CIF, DAF,&#8230; oder verhandelbar<\/td>\n<\/tr>\n<tr style=\"height: 23px;\">\n<td style=\"height: 23px; width: 23.4469%;\"><strong>Zahlungsmethode<\/strong><\/td>\n<td style=\"height: 23px; width: 78.1305%;\">L\/C, T\/T,&#8230; . oder verhandelbar<\/td>\n<\/tr>\n<\/tbody>\n<\/table>\n<p><span style=\"font-size: 24px;\"><span style=\"font-size: 16px;\"><span style=\"font-size: 24px;\"><strong>\u00dcber die Herkunft des Produkts.<\/strong><\/span><\/span><\/span><\/p>\n<p><span style=\"font-size: 24px;\"><span style=\"font-size: 16px;\">Pangasius ist haupts\u00e4chlich im Mekong-Becken verbreitet, die meisten Pangasius-Farmen in Vietnam befinden sich in den Provinzen <\/span><strong style=\"font-size: 16px;\">An Giang, Dong Thap und Can Tho.<\/strong><span style=\"font-size: 16px;\"> Pangasius wird geerntet, nachdem er in Fischfl\u00f6\u00dfen auf dem Fluss oder in Teichen aufgezogen wurde. Es wird dann an Fabriken geschickt, um es zu sortieren und zu Produkten f\u00fcr den heimischen Gebrauch und den Export zu verarbeiten.<\/span><\/span><\/p>\n<p><img decoding=\"async\" src=\"https:\/\/kimmyfarm.com\/wp-content\/uploads\/2020\/12\/ca-tra-dong-lanh-cat-khuc-theo-yeu-cau-2.jpg\" \/><\/p>\n<p><span style=\"font-size: 24px;\"><strong>Problem mit Produktschutzbandbeschichtung<\/strong><\/span><\/p>\n<p>Eisplattieren ist der Prozess des Gefrierens einer Wasserschicht auf der Oberfl\u00e4che eines Produkts. Der Zweck der Verglasung besteht darin, das Produkt zu sch\u00fctzen und das Produkt von der Luft zu trennen, um die Oxidation von Nahrungsbestandteilen durch Lufteinwirkung zu verhindern. Au\u00dferdem hilft das Beschichtungseis, dass das Produkt nicht kalt wird, da das Protein sein gesamtes Wasser verloren hat. Die Glasur in Pangasiusfilets regelt nicht die Glasurrate und den Wassergehalt f\u00fcr exportierte Pangasius. Die Beschichtungsrate des Produktschutzbandes betr\u00e4gt also: 5 %, 10 %, 15 % oder je nach Kundenwunsch. Die Produktschutz-Eisbeschichtung hilft: Pangasius Filetprodukte frisch zu halten, ohne N\u00e4hrstoffe zu verlieren, Lebensmittelsicherheit, lange Konservierungszeit, Flexibilit\u00e4t beim Transport.<\/p>\n<p><span style=\"font-size: 24px;\"><strong>\u00dcber Produktkonservierung<\/strong><\/span><\/p>\n<p><strong>Um gefrorene ganze Fischprodukte zu lagern, bei denen Kopf, Schwanz und Eingeweide entfernt wurden, lagern Sie sie bei -18 Grad Celsius <em>(oder niedriger)<\/em>,<\/strong> was das Produkt <strong>24 Monate lang frisch halten<\/strong> kann. Die Erhaltung der Qualit\u00e4t des gefrorenen Pangasius durch Einfrieren und Glasieren jedes einzelnen wird die Frische des Pangasius-Fleisches f\u00fcr sehr lange Zeit gew\u00e4hrleisten.<\/p>\n<p><span style=\"font-size: 24px;\"><strong>Wo kann man gefrorenen Pangasius ganzer Kopf, mit Schwanz, viszeral kaufen?<\/strong><\/span><\/p>\n<p><strong>Kimmy Farm<\/strong> \u2013 ist eine Marke, die sich auf die Produktion und den Export von landwirtschaftlichen Produkten in Vietnam spezialisiert hat. Die wichtigsten Exportprodukte des Unternehmens sind: Produkte aus der Schwarzen Soldatenfliege, Cashewn\u00fcsse, rohe Cashewn\u00fcsse, Meeresfr\u00fcchteprodukte im Mekong-Delta&#8230; Wir sind ein Lieferpartner und beliefern eine Reihe von Kunden aus: Spanien, Frankreich, Deutschland, Niederlande, Polen, Griechenland, T\u00fcrkei, Russland, Schweiz, USA, Australien, S\u00fcdafrika, Vereinigte Arabische Emirate, Indien, Singapur, Japan und viele andere L\u00e4nder. Dar\u00fcber hinaus verf\u00fcgen wir \u00fcber ein Team von Mitarbeitern, die \u00fcber langj\u00e4hrige Erfahrung in gro\u00dfen Verarbeitungsbetrieben in Vietnam verf\u00fcgen. Bitte kontaktieren Sie uns, wenn Sie Exportg\u00fcter nach Ihren Bed\u00fcrfnissen ben\u00f6tigen.<\/p>\n","protected":false},"excerpt":{"rendered":"<p>Produktzusammenfassung von<strong> Frozen Pangasius Whole Head, Tailed, Viszeral,<\/strong> f\u00fcr den Export oder den Inlandsverbrauch.<\/p>\n<ul>\n<li><strong>Produktname:<\/strong> Gefrorener ganzer Pangasius<\/li>\n<li><strong>Zutaten:<\/strong> Pangasius<\/li>\n<li><strong>Zustand:<\/strong> Haut, Knochen, Kopf entfernt, Schwanz entfernt, Organe entfernt<\/li>\n<li><strong>Lagerung:<\/strong> Temperatur unter -18 Grad Celsius<\/li>\n<li><strong>Herkunft:<\/strong> Dong Thap, Vietnam<\/li>\n<li><strong>Zertifikate:<\/strong> ISO 9001:2000, ISO 17025, ASC, GLOBAL GAP, HACCP, IFS, BRC, GMP, HALAL&#8230;<\/li>\n<\/ul>\n","protected":false},"featured_media":20177,"template":"","meta":[],"product_brand":[],"product_cat":[263,265],"product_tag":[290,291,288],"class_list":{"0":"post-23930","1":"product","2":"type-product","3":"status-publish","4":"has-post-thumbnail","6":"product_cat-gefrorene-fischeries","7":"product_cat-pangasius","8":"product_tag-ganzer-pangasius","9":"product_tag-gefrorener-pangasius","10":"product_tag-pangasius-de","12":"first","13":"instock","14":"shipping-taxable","15":"product-type-simple"},"_links":{"self":[{"href":"https:\/\/kimmyfarm.com\/de\/wp-json\/wp\/v2\/product\/23930","targetHints":{"allow":["GET"]}}],"collection":[{"href":"https:\/\/kimmyfarm.com\/de\/wp-json\/wp\/v2\/product"}],"about":[{"href":"https:\/\/kimmyfarm.com\/de\/wp-json\/wp\/v2\/types\/product"}],"version-history":[{"count":0,"href":"https:\/\/kimmyfarm.com\/de\/wp-json\/wp\/v2\/product\/23930\/revisions"}],"wp:featuredmedia":[{"embeddable":true,"href":"https:\/\/kimmyfarm.com\/de\/wp-json\/wp\/v2\/media\/20177"}],"wp:attachment":[{"href":"https:\/\/kimmyfarm.com\/de\/wp-json\/wp\/v2\/media?parent=23930"}],"wp:term":[{"taxonomy":"product_brand","embeddable":true,"href":"https:\/\/kimmyfarm.com\/de\/wp-json\/wp\/v2\/product_brand?post=23930"},{"taxonomy":"product_cat","embeddable":true,"href":"https:\/\/kimmyfarm.com\/de\/wp-json\/wp\/v2\/product_cat?post=23930"},{"taxonomy":"product_tag","embeddable":true,"href":"https:\/\/kimmyfarm.com\/de\/wp-json\/wp\/v2\/product_tag?post=23930"}],"curies":[{"name":"wp","href":"https:\/\/api.w.org\/{rel}","templated":true}]}}