{"id":23922,"date":"2020-12-31T13:01:48","date_gmt":"2020-12-31T06:01:48","guid":{"rendered":"https:\/\/kimmyfarm.com\/product\/ganzer-gefrorener-pangasius-mit-schmetterlingskopf"},"modified":"2021-12-27T17:54:06","modified_gmt":"2021-12-27T10:54:06","slug":"ganzer-gefrorener-pangasius-mit-schmetterlingskopf","status":"publish","type":"product","link":"https:\/\/kimmyfarm.com\/de\/produkt\/ganzer-gefrorener-pangasius-mit-schmetterlingskopf","title":{"rendered":"Ganzer gefrorener Pangasius mit Schmetterlingskopf"},"content":{"rendered":"<p><span style=\"font-size: 24px;\"><strong>Produktdetails von Gefrorener Pangasius ganzer Fisch mit Kopf auf<\/strong><\/span><\/p>\n<p><strong>Ganzer Pangasius<\/strong> wird auf Wunsch des Kunden unversehrt gehalten, gereinigt und vorverarbeitet. Dieses Produkt wurde<strong> entbeint, Innereien, gereinigt, gefroren<\/strong>. Unser Pangasius ist eine Fischart, die in Fischfl\u00f6\u00dfen auf dem Fluss oder in Teichen in den Provinzen An Giang, Dong Thap und Can Tho geerntet wird. Wenden Sie bei der Aufzucht moderne landwirtschaftliche Verfahren vollst\u00e4ndig an, um Waren in viele L\u00e4nder auf der ganzen Welt zu exportieren. Pangasius in Vietnam wird mit Sojabohnengetreide aufgezogen, um die Qualit\u00e4t nach internationalen Standards, die Textur des Fleisches und den Geschmack der Fischst\u00fccke zu gew\u00e4hrleisten. Vietnamesischer Pangasius ist auch eine reiche Quelle von Omega-3, n\u00fctzlichen N\u00e4hrstoffen f\u00fcr die Gesundheit, die dazu beitragen, das Risiko von Depressionen, Herzinfarkten und Ged\u00e4chtnisverlust zu reduzieren. Derzeit ist Pangasius ein beliebtes Produkt der amerikanischen Bev\u00f6lkerung und vieler L\u00e4nder in Europa.<\/p>\n<p><img decoding=\"async\" src=\"https:\/\/kimmyfarm.com\/wp-content\/uploads\/2020\/12\/ca-tra-xe-buom-dong-lanh-nguyen-con-1.jpg\" \/><\/p>\n<p><span style=\"font-size: 14px;\">Ganze Pangasius-Produkte mit Innereien, gereinigten, geschnittenen gefrorenen Schmetterlingen f\u00fcr den Export<\/span><\/p>\n<table style=\"border-collapse: collapse; width: 100%; height: 216px;\">\n<tbody>\n<tr style=\"height: 23px;\">\n<td style=\"height: 22px; width: 23.4469%;\"><strong>Produktname<\/strong><\/td>\n<td style=\"height: 22px; width: 76.4529%;\">Ganzer gefrorener Pangasius mit Innereien und Schmetterlingsschnitt<\/td>\n<\/tr>\n<tr style=\"height: 23px;\">\n<td style=\"height: 23px; width: 23.4469%;\"><strong>Hergestellt<\/strong><\/td>\n<td style=\"height: 23px; width: 76.4529%;\">in Vietnam<\/td>\n<\/tr>\n<tr style=\"height: 23px;\">\n<td style=\"height: 23px; width: 23.4469%;\"><b>Zutaten<\/b><\/td>\n<td style=\"height: 23px; width: 76.4529%;\">100% Pangasius<\/td>\n<\/tr>\n<tr style=\"height: 23px;\">\n<td style=\"height: 23px; width: 23.4469%;\"><b>Zustand<\/b><\/td>\n<td style=\"height: 23px; width: 76.4529%;\">Haut, ohne Knochen, Organentfernung, gereinigt, gefroren<\/td>\n<\/tr>\n<tr style=\"height: 23px;\">\n<td style=\"height: 23px; width: 23.4469%;\"><strong>Gr\u00f6\u00dfe<\/strong><\/td>\n<td style=\"height: 23px; width: 76.4529%;\">nach spezifischen Anforderungen<\/td>\n<\/tr>\n<tr style=\"height: 24px;\">\n<td style=\"height: 33px; width: 23.4469%;\"><strong>Verglasungsprodukte<\/strong><\/td>\n<td style=\"height: 33px; width: 76.4529%;\">Je nach spezifischer Anforderung<\/td>\n<\/tr>\n<tr style=\"height: 23px;\">\n<td style=\"height: 23px; width: 23.4469%;\"><strong>Lagermethode<\/strong><\/td>\n<td style=\"height: 23px; width: 76.4529%;\">Halten eine Temperatur von -18 Grad Celsius ein<\/td>\n<\/tr>\n<tr style=\"height: 23px;\">\n<td style=\"height: 23px; width: 23.4469%;\"><strong>Liefermethode<\/strong><\/td>\n<td style=\"height: 23px; width: 76.4529%;\">EXW, FOB, CFR, CIF, DAF,&#8230;. oder verhandelbar.<\/td>\n<\/tr>\n<tr style=\"height: 23px;\">\n<td style=\"height: 23px; width: 23.4469%;\"><strong>Zahlungsmethode<\/strong><\/td>\n<td style=\"height: 23px; width: 76.4529%;\">L\/C, T\/T,&#8230; oder verhandelbar.<\/td>\n<\/tr>\n<\/tbody>\n<\/table>\n<p><strong><span style=\"font-size: 24px;\">\u00dcber die Herkunft des Produkts<\/span><\/strong>.<\/p>\n<p>Pangasius ist haupts\u00e4chlich im Mekong-Becken verbreitet, die meisten Pangasius-Farmen in Vietnam befinden sich in den Provinzen <strong>An Giang, Dong Thap und Can Tho.<\/strong> Pangasius wird geerntet, nachdem er in Fischfl\u00f6\u00dfen auf dem Fluss oder in Teichen aufgezogen wurde. Es wird dann an Fabriken geschickt, um es zu sortieren und zu Produkten f\u00fcr den heimischen Gebrauch und den Export zu verarbeiten.<\/p>\n<p><img decoding=\"async\" src=\"https:\/\/kimmyfarm.com\/wp-content\/uploads\/2020\/12\/ca-tra-dong-lanh-cat-khuc-theo-yeu-cau-2.jpg\" \/><\/p>\n<p><span style=\"font-size: 24px;\"><strong>Problem mit Produktschutzbandbeschichtung<\/strong><\/span><\/p>\n<p>Eisplattieren ist der Prozess des Gefrierens einer Wasserschicht auf der Oberfl\u00e4che eines Produkts. Der Zweck der Verglasung besteht darin, das Produkt zu sch\u00fctzen und das Produkt von der Luft zu trennen, um die Oxidation von Nahrungsbestandteilen durch Lufteinwirkung zu verhindern. Au\u00dferdem hilft das Beschichtungseis, dass das Produkt nicht kalt wird, da das Protein sein gesamtes Wasser verloren hat. Die Glasur in Pangasiusfilets regelt nicht die Glasurrate und den Wassergehalt f\u00fcr exportierte Pangasius. Die Beschichtungsrate des Produktschutzbandes betr\u00e4gt also: 5 %, 10 %, 15 % oder je nach Kundenwunsch. Die Produktschutz-Eisbeschichtung hilft: Pangasius Filetprodukte frisch zu halten, ohne N\u00e4hrstoffe zu verlieren, Lebensmittelsicherheit, lange Konservierungszeit, Flexibilit\u00e4t beim Transport.<\/p>\n<p><strong><span style=\"font-size: 24px;\">\u00dcber Produktkonservierung<\/span><\/strong><\/p>\n<p><strong>Um gefrorene ganze Pangasius-Produkte zu lagern, lagern Sie sie bei -18 Grad Celsius <em>(oder niedriger)<\/em><\/strong><em>,<\/em> wodurch das Produkt <strong>24 Monate lang frisch<\/strong> bleibt. Wir bewahren die Qualit\u00e4t von gefrorenem Pangasius durch<strong> IQF-Gefrieren, glasieren jedes Produkt nach Bedarf,<\/strong> was die Frische des Pangasius-Fleisches f\u00fcr lange Zeit sichert.<\/p>\n<p><strong><span style=\"font-size: 24px;\">Wo kann man gefrorenen Pangasius ganz mit Head Cut Butterfly kaufen?<\/span><\/strong><\/p>\n<p><strong>Kimmy Farm<\/strong> \u2013 ist eine Marke, die sich auf die Produktion und den Export von landwirtschaftlichen Produkten in Vietnam spezialisiert hat. Die wichtigsten Exportprodukte des Unternehmens sind: Produkte aus der Schwarzen Soldatenfliege, Cashewn\u00fcsse, rohe Cashewn\u00fcsse, Meeresfr\u00fcchteprodukte im Mekong-Delta&#8230; Wir sind ein Lieferpartner und beliefern eine Reihe von Kunden aus: Spanien, Frankreich, Deutschland, Niederlande, Polen, Griechenland, T\u00fcrkei, Russland, Schweiz, USA, Australien, S\u00fcdafrika, Vereinigte Arabische Emirate, Indien, Singapur, Japan und viele andere L\u00e4nder. Dar\u00fcber hinaus verf\u00fcgen wir \u00fcber ein Team von Mitarbeitern, die \u00fcber langj\u00e4hrige Erfahrung in gro\u00dfen Verarbeitungsbetrieben in Vietnam verf\u00fcgen. Bitte kontaktieren Sie uns, wenn Sie Exportg\u00fcter nach Ihren Bed\u00fcrfnissen ben\u00f6tigen.<\/p>\n","protected":false},"excerpt":{"rendered":"<p>Produktzusammenfassung von <strong>Gefrorener ganzer Pangasius mit Schmetterlingen<\/strong> f\u00fcr den Export oder den Inlandsverbrauch.<\/p>\n<ul>\n<li><strong>Produktname:<\/strong> Gefrorener ganzer Schmetterling Pangasius<\/li>\n<li><strong>Zutaten:<\/strong> Pangasius<\/li>\n<li><strong>Gr\u00f6\u00dfen:<\/strong> 250-350, 350-450, 450-600.600\/up (gr\/Kopf) oder nach Kundenwunsch<\/li>\n<li><strong>Zustand:<\/strong> Haut, Knochen, ganz, gefroren<\/li>\n<li><strong>Verpackung:<\/strong> IQF 1kg\/Beutel, 5 kg lose oder interleaved 5 kg\/Block x 2\/ctn<\/li>\n<li><strong>Lagerung:<\/strong> Temperatur unter -18 Grad Celsius<\/li>\n<li><strong>Herkunft:<\/strong> Dong Thap, Vietnam<\/li>\n<li><strong>Zertifikate:<\/strong> ISO 9001:2000, ISO 17025, ASC, GLOBAL GAP, HACCP, IFS, BRC, GMP, HALAL&#8230;<\/li>\n<\/ul>\n","protected":false},"featured_media":20179,"template":"","meta":[],"product_brand":[],"product_cat":[263,265],"product_tag":[290,291,288],"class_list":{"0":"post-23922","1":"product","2":"type-product","3":"status-publish","4":"has-post-thumbnail","6":"product_cat-gefrorene-fischeries","7":"product_cat-pangasius","8":"product_tag-ganzer-pangasius","9":"product_tag-gefrorener-pangasius","10":"product_tag-pangasius-de","12":"first","13":"instock","14":"shipping-taxable","15":"product-type-simple"},"_links":{"self":[{"href":"https:\/\/kimmyfarm.com\/de\/wp-json\/wp\/v2\/product\/23922","targetHints":{"allow":["GET"]}}],"collection":[{"href":"https:\/\/kimmyfarm.com\/de\/wp-json\/wp\/v2\/product"}],"about":[{"href":"https:\/\/kimmyfarm.com\/de\/wp-json\/wp\/v2\/types\/product"}],"version-history":[{"count":0,"href":"https:\/\/kimmyfarm.com\/de\/wp-json\/wp\/v2\/product\/23922\/revisions"}],"wp:featuredmedia":[{"embeddable":true,"href":"https:\/\/kimmyfarm.com\/de\/wp-json\/wp\/v2\/media\/20179"}],"wp:attachment":[{"href":"https:\/\/kimmyfarm.com\/de\/wp-json\/wp\/v2\/media?parent=23922"}],"wp:term":[{"taxonomy":"product_brand","embeddable":true,"href":"https:\/\/kimmyfarm.com\/de\/wp-json\/wp\/v2\/product_brand?post=23922"},{"taxonomy":"product_cat","embeddable":true,"href":"https:\/\/kimmyfarm.com\/de\/wp-json\/wp\/v2\/product_cat?post=23922"},{"taxonomy":"product_tag","embeddable":true,"href":"https:\/\/kimmyfarm.com\/de\/wp-json\/wp\/v2\/product_tag?post=23922"}],"curies":[{"name":"wp","href":"https:\/\/api.w.org\/{rel}","templated":true}]}}