{"id":23885,"date":"2020-12-31T13:52:58","date_gmt":"2020-12-31T06:52:58","guid":{"rendered":"https:\/\/kimmyfarm.com\/product\/exportieren-hochwertigen-gefrorenen-pangasius-magen"},"modified":"2020-12-31T13:52:58","modified_gmt":"2020-12-31T06:52:58","slug":"exportieren-hochwertigen-gefrorenen-pangasius-magen","status":"publish","type":"product","link":"https:\/\/kimmyfarm.com\/de\/produkt\/exportieren-hochwertigen-gefrorenen-pangasius-magen","title":{"rendered":"Exportieren hochwertigen gefrorenen Pangasius-Magen"},"content":{"rendered":"<p><strong><span style=\"font-size: 24px;\">Produktdetails Gefrorener Pangasius-Magen<\/span><\/strong><\/p>\n<p>Pangasius-T\u00fcten werden vom Fisch getrennt, damit Kunden auf Anfrage kaufen k\u00f6nnen. Dieses Produkt besteht zu<strong> 100 % aus Pangasiusmagen, der zur Herstellung von Produkten<\/strong> verwendet wird, die mit Fischmagen in Verbindung stehen. Unser Pangasius ist eine Fischart, die in Fischfl\u00f6\u00dfen auf dem Fluss oder in Teichen in den Provinzen An Giang, Dong Thap und Can Tho geerntet wird. Wenden Sie bei der Aufzucht moderne landwirtschaftliche Verfahren vollst\u00e4ndig an, um Waren in viele L\u00e4nder auf der ganzen Welt zu exportieren. Pangasius in Vietnam wird mit Sojabohnengetreide aufgezogen, um die Qualit\u00e4t nach internationalen Standards, die Textur des Fleisches und den Geschmack der Fischst\u00fccke zu gew\u00e4hrleisten. Vietnamesischer Pangasius ist auch eine reiche Quelle von Omega-3, n\u00fctzlichen N\u00e4hrstoffen f\u00fcr die Gesundheit, die dazu beitragen, das Risiko von Depressionen, Herzinfarkten und Ged\u00e4chtnisverlust zu reduzieren.<\/p>\n<table style=\"border-collapse: collapse; width: 100%; height: 208px;\">\n<tbody>\n<tr style=\"height: 23px;\">\n<td style=\"height: 23px; width: 23.4469%;\"><strong>Produktname<\/strong><\/td>\n<td style=\"height: 23px; width: 76.4529%;\">Gefrorener Pangasius-Magen auf Anfrage<\/td>\n<\/tr>\n<tr style=\"height: 23px;\">\n<td style=\"height: 23px; width: 23.4469%;\"><strong>Hergestellt<\/strong><\/td>\n<td style=\"height: 23px; width: 76.4529%;\">in Vietnam<\/td>\n<\/tr>\n<tr style=\"height: 23px;\">\n<td style=\"height: 23px; width: 23.4469%;\"><b>Zutaten<\/b><\/td>\n<td style=\"height: 23px; width: 76.4529%;\">100% Pangasiusmagen<\/td>\n<\/tr>\n<tr style=\"height: 23px;\">\n<td style=\"height: 23px; width: 23.4469%;\"><strong>Zustand<\/strong><\/td>\n<td style=\"height: 23px; width: 76.4529%;\">Eingefrorener<\/td>\n<\/tr>\n<tr style=\"height: 23px;\">\n<td style=\"height: 23px; width: 23.4469%;\"><strong>Gr\u00f6\u00dfe<\/strong><\/td>\n<td style=\"height: 23px; width: 76.4529%;\">nach spezifischen Anforderungen<\/td>\n<\/tr>\n<tr style=\"height: 24px;\">\n<td style=\"height: 24px; width: 23.4469%;\"><strong>Verglasungsprodukte<\/strong><\/td>\n<td style=\"height: 24px; width: 76.4529%;\">Je nach spezifischer Anforderung<\/td>\n<\/tr>\n<tr style=\"height: 23px;\">\n<td style=\"height: 23px; width: 23.4469%;\"><strong>Lagermethode\u00a0<\/strong><\/td>\n<td style=\"height: 23px; width: 76.4529%;\">Halten Sie eine Temperatur von -18 Grad Celsius ein<\/td>\n<\/tr>\n<tr style=\"height: 23px;\">\n<td style=\"height: 23px; width: 23.4469%;\"><strong>Liefermethode<\/strong><\/td>\n<td style=\"height: 23px; width: 76.4529%;\">EXW, FOB, CFR, CIF, DAF,&#8230;oder verhandelbar<\/td>\n<\/tr>\n<tr style=\"height: 23px;\">\n<td style=\"height: 23px; width: 23.4469%;\"><strong>Zahlungsmethode <\/strong><\/td>\n<td style=\"height: 23px; width: 76.4529%;\">L\/C, T\/T,&#8230; oder verhandelbar.<\/td>\n<\/tr>\n<\/tbody>\n<\/table>\n<p><strong><span style=\"font-size: 24px;\">\u00dcber die Herkunft des Produkts.<\/span><\/strong><\/p>\n<p>Pangasius ist haupts\u00e4chlich im Mekong-Becken verbreitet, die meisten Pangasius-Farmen in Vietnam befinden sich in den Provinzen <strong>An Giang, Dong Thap und Can Tho.<\/strong> Pangasius wird geerntet, nachdem er in Fischfl\u00f6\u00dfen auf dem Fluss oder in Teichen aufgezogen wurde. Es wird dann an Fabriken geschickt, um es zu sortieren und zu Produkten f\u00fcr den heimischen Gebrauch und den Export zu verarbeiten.<\/p>\n<p><img decoding=\"async\" src=\"https:\/\/kimmyfarm.com\/wp-content\/uploads\/2020\/12\/ca-tra-dong-lanh-cat-khuc-theo-yeu-cau-2.jpg\" \/><\/p>\n<p><strong><span style=\"font-size: 24px;\">Problem mit Produktschutzbandbeschichtung<\/span><\/strong><\/p>\n<p>Eisplattieren ist der Prozess des Gefrierens einer Wasserschicht auf der Oberfl\u00e4che eines Produkts. Der Zweck der Verglasung besteht darin, das Produkt zu sch\u00fctzen, das Produkt von der Luft zu trennen, um die Oxidation von Nahrungsbestandteilen durch Lufteinwirkung zu verhindern. Au\u00dferdem tr\u00e4gt die Glasurschicht dazu bei, dass das Produkt nicht kalt wird, da das Protein sein gesamtes Wasser verloren hat. Das Glasieren von Pangasiusfilets regelt nicht die Glasurrate und den Wassergehalt f\u00fcr exportierte Pangasius. Daher betr\u00e4gt die Beschichtungsrate des Produktschutzbandes: 5 %, 10 %, 15 % oder je nach Kundenwunsch. Die Produktschutz-Eisbeschichtung hilft: Pangasius Filetprodukte frisch zu halten, ohne N\u00e4hrstoffe zu verlieren, Lebensmittelsicherheit, lange Konservierungszeit, Flexibilit\u00e4t beim Transport.<\/p>\n<p><span style=\"font-size: 24px;\"><strong>\u00dcber Produktkonservierung<\/strong><\/span><\/p>\n<p><strong>Um gefrorene Pangasius-Magenprodukte zu lagern, sollten Sie sie bei -18 Grad Celsius <em>(oder niedriger)<\/em> aufbewahren, <\/strong>wodurch<strong> das Produkt 24 Monate lang frisch bleibt.<\/strong> Wir bewahren die Qualit\u00e4t von<strong> gefrorenem Pangasius durch IQF-Gefrieren, Glasur nach Bedarf<\/strong> sichert die Frische des Pangasius-Fleisches f\u00fcr sehr lange Zeit.<\/p>\n<p><strong><span style=\"font-size: 24px;\">Wo kann man gefrorenen Pangasius-Magen kaufen?<\/span><\/strong><\/p>\n<p><strong>Kimmy Farm<\/strong> \u2013 ist eine Marke, die sich auf die Produktion und den Export von landwirtschaftlichen Produkten in Vietnam spezialisiert hat. Die wichtigsten Exportprodukte des Unternehmens sind: Produkte aus der Schwarzen Soldatenfliege, Cashewn\u00fcsse, rohe Cashewn\u00fcsse, Meeresfr\u00fcchteprodukte im Mekong-Delta&#8230; Wir sind ein Lieferpartner und beliefern eine Reihe von Kunden aus: Spanien, Frankreich, Deutschland, Niederlande, Polen, Griechenland, T\u00fcrkei, Russland, Schweiz, USA, Australien, S\u00fcdafrika, Vereinigte Arabische Emirate, Indien, Singapur, Japan und viele andere L\u00e4nder. Dar\u00fcber hinaus verf\u00fcgen wir \u00fcber ein Team von Mitarbeitern, die \u00fcber langj\u00e4hrige Erfahrung in gro\u00dfen Verarbeitungsbetrieben in Vietnam verf\u00fcgen. Bitte kontaktieren Sie uns, wenn Sie Exportg\u00fcter nach Ihren Bed\u00fcrfnissen ben\u00f6tigen.<\/p>\n","protected":false},"excerpt":{"rendered":"<p>Produktzusammenfassung von <strong>Gefrorener Pangasius-Magen<\/strong> f\u00fcr den Export oder den Inlandsverbrauch.<\/p>\n<ul>\n<li><strong>Produktname:<\/strong> Gefrorener Pangasius-Magen<\/li>\n<li><strong>Zutaten:<\/strong> Pangasius<\/li>\n<li><strong>Lagerung:<\/strong> Temperatur unter -18 Grad Celsius<\/li>\n<li><strong>Herkunft:<\/strong> Dong Thap, Vietnam<\/li>\n<li><strong>Zertifizierungen:<\/strong> ISO 9001:2000, ISO 17025, ASC, GLOBAL GAP, HACCP, IFS, BRC, GMP, HALAL.<\/li>\n<\/ul>\n","protected":false},"featured_media":20185,"template":"","meta":[],"product_brand":[],"product_cat":[263,265],"product_tag":[291,288],"class_list":{"0":"post-23885","1":"product","2":"type-product","3":"status-publish","4":"has-post-thumbnail","6":"product_cat-gefrorene-fischeries","7":"product_cat-pangasius","8":"product_tag-gefrorener-pangasius","9":"product_tag-pangasius-de","11":"first","12":"instock","13":"shipping-taxable","14":"product-type-simple"},"_links":{"self":[{"href":"https:\/\/kimmyfarm.com\/de\/wp-json\/wp\/v2\/product\/23885","targetHints":{"allow":["GET"]}}],"collection":[{"href":"https:\/\/kimmyfarm.com\/de\/wp-json\/wp\/v2\/product"}],"about":[{"href":"https:\/\/kimmyfarm.com\/de\/wp-json\/wp\/v2\/types\/product"}],"version-history":[{"count":0,"href":"https:\/\/kimmyfarm.com\/de\/wp-json\/wp\/v2\/product\/23885\/revisions"}],"wp:featuredmedia":[{"embeddable":true,"href":"https:\/\/kimmyfarm.com\/de\/wp-json\/wp\/v2\/media\/20185"}],"wp:attachment":[{"href":"https:\/\/kimmyfarm.com\/de\/wp-json\/wp\/v2\/media?parent=23885"}],"wp:term":[{"taxonomy":"product_brand","embeddable":true,"href":"https:\/\/kimmyfarm.com\/de\/wp-json\/wp\/v2\/product_brand?post=23885"},{"taxonomy":"product_cat","embeddable":true,"href":"https:\/\/kimmyfarm.com\/de\/wp-json\/wp\/v2\/product_cat?post=23885"},{"taxonomy":"product_tag","embeddable":true,"href":"https:\/\/kimmyfarm.com\/de\/wp-json\/wp\/v2\/product_tag?post=23885"}],"curies":[{"name":"wp","href":"https:\/\/api.w.org\/{rel}","templated":true}]}}