{"id":23829,"date":"2020-12-14T09:46:05","date_gmt":"2020-12-14T02:46:05","guid":{"rendered":"https:\/\/kimmyfarm.com\/product\/hochwertige-ganze-weise-cashewnusse-w320"},"modified":"2021-12-31T13:29:02","modified_gmt":"2021-12-31T06:29:02","slug":"hochwertige-ganze-weise-cashewnusse-w320","status":"publish","type":"product","link":"https:\/\/kimmyfarm.com\/de\/produkt\/hochwertige-ganze-weise-cashewnusse-w320","title":{"rendered":"Hochwertige ganze wei\u00dfe Cashewn\u00fcsse W320"},"content":{"rendered":"<p><span style=\"font-family: georgia, palatino, serif;\">Cashewn\u00fcsse enthalten viele Vitamine und Mineralstoffe, Antioxidantien wie die Vitamine E, K, B6 und die Mineralstoffe Kupfer, Phosphor, Zink, Magnesium, Eisen und Selen, um gute K\u00f6rperfunktionen aufrechtzuerhalten. Daher haben viele Studien gezeigt, dass der regelm\u00e4\u00dfige t\u00e4gliche Verzehr von Cashewn\u00fcssen viele gesundheitliche Vorteile mit sich bringen kann, die auf lange Sicht die allgemeine Gesundheit der Menschen verbessern werden. <strong>Hier m\u00f6chten wir Ihnen das Produkt WW320 Cashewn\u00fcsse &#8211; Vietnam Pure Cashewn\u00fcsse vorstellen.<\/strong><\/span><\/p>\n<p><span style=\"font-size: 24px; font-family: georgia, palatino, serif;\"><strong>Wei\u00dfe Cashewn\u00fcsse WW320 Vietnam<\/strong><\/span><\/p>\n<p><span style=\"font-family: georgia, palatino, serif;\"><strong>WW320 Cashewn\u00fcsse<\/strong> <em>(englisch: wei\u00dfe ganze Cashewn\u00fcsse 320, Cashew w320, Cashewn\u00fcsse ww320, wei\u00dfe Cashewn\u00fcsse w320)<\/em> sind ganze, wei\u00dfe Cashewn\u00fcsse, diese Sorte hat<strong> 300-320 N\u00fcsse\/Pfund <em>(660-706 N\u00fcsse)\/kg)<\/em>,<\/strong> sie sind die Standardlinie von Cashewn\u00fcssen. Ww320 Cashewkerne mit wei\u00dfem Kern ist eine Cashewnuss in Standardgr\u00f6\u00dfe, die weit verbreitet angebaut wird und ein gro\u00dfes Exportvolumen in Vietnam hat. Cashewn\u00fcsse dieser Gr\u00f6\u00dfe werden h\u00e4ufig zur Herstellung von <strong>Produkten verwendet: getrocknete Cashewn\u00fcsse, Honig-Cashewn\u00fcsse, ganze ger\u00f6stete Cashewn\u00fcsse mit Salz, ger\u00f6stete Cashewn\u00fcsse mit Knoblauch und Chilischoten, Wasabi-Cashewn\u00fcsse &#8230;..<\/strong> und viele Cashew-Produkte g\u00e4ngige Vollkornprodukte. Im Cashewnuss-Klassifizierungssystem gilt: Je fortschrittlicher die N\u00fcsse, je gr\u00f6\u00dfer sie sind, desto besser der Geschmack, je mehr N\u00e4hrstoffe in der Nuss, desto h\u00f6her der Wert. Daher ist<strong> ww320 wei\u00dfe Cashewnuss<\/strong> in vielen L\u00e4ndern der Welt eine beliebte Art von Cashewnuss, es besteht eine gro\u00dfe Nachfrage nach Bestellungen in Vietnam.<\/span><\/p>\n<p><span style=\"font-family: georgia, palatino, serif;\"><strong>Bedeutung der Abk\u00fcrzung WW320 Cashewnuss:<\/strong><\/span><\/p>\n<ul>\n<li><span style=\"font-family: georgia, palatino, serif;\"><strong>WW steht<\/strong> f\u00fcr Wholes White Whole Grain White<\/span><\/li>\n<li><span style=\"font-family: georgia, palatino, serif;\"><strong>320 bedeutet<\/strong> 320 Cashewn\u00fcsse pro Pfund<\/span><\/li>\n<\/ul>\n<p><span style=\"font-family: georgia, palatino, serif;\"><img decoding=\"async\" src=\"https:\/\/kimmyfarm.com\/wp-content\/uploads\/2020\/12\/hat-dieu-nhan-trang-tieu-chuan-ww320-hang-xuat-khau-4.jpg\" alt=\"H\u1ea1t \u0111i\u1ec1u nh\u00e2n tr\u1eafng ti\u00eau chu\u1ea9n WW320 ch\u1ea5t l\u01b0\u1ee3ng cao c\u1ea5p xu\u1ea5t kh\u1ea9u\" \/><\/span><\/p>\n<p><span style=\"font-size: 14px; font-family: georgia, palatino, serif;\"><strong>W320 Cashewn\u00fcsse<\/strong> &#8211; WW320 wei\u00dfe Cashewn\u00fcsse in Standardqualit\u00e4t f\u00fcr den Export<\/span><\/p>\n<p><span style=\"font-size: 24px; font-family: georgia, palatino, serif;\"><strong>Cashewnuss-Produktionsprozess WW320<\/strong><\/span><\/p>\n<ul>\n<li><span style=\"font-family: georgia, palatino, serif;\"><strong>W\u00e4rmebehandlung:<\/strong> Der Zweck des D\u00e4mpfens von Cashewn\u00fcssen besteht darin, dass die Hitze die harte Schale der Cashewnuss weicher macht, sodass die \u00e4u\u00dfere Schale der Cashewnuss abgetrennt werden kann, um den wei\u00dfen Kern nach innen zu bekommen. Rohe Cashewkerne werden mit direkter Hitze, hei\u00dfem \u00d6l oder Dampf in einen Minikocher gegeben&#8230;. um die \u00e4u\u00dfere H\u00fclle durch Temperatur zu behandeln. Nach Abschluss der W\u00e4rmebehandlung m\u00fcssen die Cashewkerne etwa 12 Stunden (ein halber Tag) abgek\u00fchlt werden, bevor sie gespalten und die Kerne hineingelegt werden.<\/span><\/li>\n<li><span style=\"font-family: georgia, palatino, serif;\"><strong>Aufteilen der Cashewschale:<\/strong> Nachdem die W\u00e4rmebehandlung abgeschlossen ist, werden Cashewn\u00fcsse genommen, um die Schale zu spalten, die Schale schnell zu schneiden, um die \u00e4u\u00dfere Schale zu entfernen und den inneren Kern zu erhalten. Dies ist ein sehr schwieriger Prozess, bei dem Facharbeiter in der Lage sind, die Schale zu spalten, ohne den Kern darin zu zerbrechen. Nach dem Aufteilen der Schale erhalten wir 3 Produkte: Raw Cashew Shell, Raw Cashew Silk Shell und Raw Cashew Kernel. In dem rohe Cashewn\u00fcsse durch die Einstufungs- und Einstufungsabteilung geleitet werden, um ihr Niveau zu ber\u00fccksichtigen.<\/span><\/li>\n<li>\n<p id=\"tw-target-text\" class=\"tw-data-text tw-text-large tw-ta\" dir=\"ltr\" data-placeholder=\"B\u1ea3n d\u1ecbch\"><span class=\"Y2IQFc\" lang=\"de\" style=\"font-family: georgia, palatino, serif;\">Sortierung und Bewertung: Der Cashew-Nuss-Bewertungsprozess wurde entwickelt, um wei\u00dfe Cashewkerne in verschiedene Qualit\u00e4ten zu klassifizieren. Wei\u00dfe Kerne werden in zwei Hauptkategorien unterteilt, &#8222;Whole Seeds&#8220; und &#8222;Broken Seeds&#8220;. Beim Export von ganzen Cashewkernen werden Whole Nuts in 15 verschiedene Sorten und Broken Nuts in 9 Sorten unterteilt. Hier ist 320 ganze wei\u00dfe Cashewnuss eine sehr beliebte Cashewnuss mit 15 verschiedenen Stufen zum Preis von Cashewkernen.<\/span><\/p>\n<\/li>\n<\/ul>\n<p><span style=\"font-family: georgia, palatino, serif;\"><img decoding=\"async\" src=\"https:\/\/kimmyfarm.com\/wp-content\/uploads\/2020\/12\/Raw-Image-Of-W320-Cashew-Nuts-From-Our-Cashew-Factory-In-Binh-Phuoc-Vietnam-4.jpg\" alt=\"H\u00ecnh \u1ea3nh th\u1eadt v\u1ec1 m\u1eabu h\u1ea1t \u0111i\u1ec1u W320 t\u1ea1i Kimmy Farm\" \/><\/span><\/p>\n<p id=\"tw-target-text\" class=\"tw-data-text tw-text-large tw-ta\" dir=\"ltr\" data-placeholder=\"B\u1ea3n d\u1ecbch\"><span class=\"Y2IQFc\" lang=\"de\" style=\"font-family: georgia, palatino, serif;\">Cashewn\u00fcsse W320 bei Kimmy Farm &#8211; Echte Bilder von Cashew-Proben.<\/span><\/p>\n<p id=\"tw-target-text\" class=\"tw-data-text tw-text-large tw-ta\" dir=\"ltr\" data-placeholder=\"B\u1ea3n d\u1ecbch\"><span style=\"font-size: 24px;\"><strong><span class=\"Y2IQFc\" lang=\"de\" style=\"font-family: georgia, palatino, serif;\">Ern\u00e4hrung in Cashewn\u00fcssen WW320 <\/span><\/strong><\/span><\/p>\n<p class=\"tw-data-text tw-text-large tw-ta\" dir=\"ltr\" data-placeholder=\"B\u1ea3n d\u1ecbch\"><span class=\"Y2IQFc\" lang=\"de\" style=\"font-family: georgia, palatino, serif;\">Daher haben viele Studien gezeigt, dass der regelm\u00e4\u00dfige t\u00e4gliche Verzehr von Cashewn\u00fcssen viele gesundheitliche Vorteile mit sich bringen kann, die auf lange Sicht die allgemeine Gesundheit der Menschen verbessern werden.<strong> Die Standard Cashewnuss ww320<\/strong> ist eine sehr beliebte Cashewnuss mit einem erschwinglichen Preis, die f\u00fcr viele Menschen geeignet ist, sehr gut, um jeden Tag direkt zu essen. Cashewn\u00fcsse tragen zur Vorbeugung von Herz-Kreislauf-Erkrankungen, zur Verringerung des Diabetesrisikos, zur Vorbeugung von Krebs, zur F\u00f6rderung der Erythrozytenbildung, zur F\u00f6rderung der Knochen- und Zahngesundheit, zur Verringerung des An\u00e4mierisikos, zur Vorbeugung von Gallensteinen, zur St\u00e4rkung des Immunsystems&#8230; N\u00fcsse bringen, sie werden viel konsumiert.<\/span><\/p>\n<table style=\"width: 100.277%; height: 442px;\">\n<tbody>\n<tr style=\"height: 24px;\">\n<td style=\"height: 10px; width: 49.6752%;\" width=\"53%\"><span style=\"font-family: georgia, palatino, serif;\"><strong>N\u00e4hrstoff\u00a0benennen.<\/strong><\/span><\/td>\n<td style=\"height: 10px; width: 55.3248%;\" width=\"52%\"><span style=\"font-family: georgia, palatino, serif;\"><strong>Stoffmenge in 100g.<\/strong><\/span><\/td>\n<\/tr>\n<tr style=\"height: 24px;\">\n<td style=\"height: 24px; width: 49.6752%;\" width=\"53%\"><span style=\"font-family: georgia, palatino, serif;\"><strong>Menge an Mineralien.<\/strong><\/span><\/td>\n<td style=\"height: 24px; width: 55.3248%;\" width=\"52%\"><span style=\"font-family: georgia, palatino, serif;\">2.4<\/span><\/td>\n<\/tr>\n<tr style=\"height: 24px;\">\n<td style=\"height: 24px; width: 49.6752%;\" width=\"53%\"><span style=\"font-family: georgia, palatino, serif;\"><strong>Menge an Ballaststoffen<\/strong><\/span><\/td>\n<td style=\"height: 24px; width: 55.3248%;\" width=\"52%\"><span style=\"font-family: georgia, palatino, serif;\">1.3<\/span><\/td>\n<\/tr>\n<tr style=\"height: 24px;\">\n<td style=\"height: 24px; width: 49.6752%;\" width=\"53%\"><span style=\"font-family: georgia, palatino, serif;\"><strong>Calo<\/strong><\/span><\/td>\n<td style=\"height: 24px; width: 55.3248%;\" width=\"52%\"><span style=\"font-family: georgia, palatino, serif;\">785<\/span><\/td>\n<\/tr>\n<tr style=\"height: 24px;\">\n<td style=\"height: 24px; width: 49.6752%;\" width=\"53%\"><span style=\"font-family: georgia, palatino, serif;\"><strong>Protein<\/strong><\/span><\/td>\n<td style=\"height: 24px; width: 55.3248%;\" width=\"52%\"><span style=\"font-family: georgia, palatino, serif;\">24<\/span><\/td>\n<\/tr>\n<tr style=\"height: 24px;\">\n<td style=\"height: 24px; width: 49.6752%;\" width=\"53%\"><span style=\"font-family: georgia, palatino, serif;\"><strong>Fett<\/strong><\/span><\/td>\n<td style=\"height: 24px; width: 55.3248%;\" width=\"52%\"><span style=\"font-family: georgia, palatino, serif;\">64<\/span><\/td>\n<\/tr>\n<tr style=\"height: 24px;\">\n<td style=\"height: 24px; width: 49.6752%;\" width=\"53%\"><span style=\"font-family: georgia, palatino, serif;\"><strong>Ges\u00e4ttigtes Fett<\/strong><\/span><\/td>\n<td style=\"height: 24px; width: 55.3248%;\" width=\"52%\"><span style=\"font-family: georgia, palatino, serif;\">12.9<\/span><\/td>\n<\/tr>\n<tr style=\"height: 24px;\">\n<td style=\"height: 24px; width: 49.6752%;\" width=\"53%\"><span style=\"font-family: georgia, palatino, serif;\"><strong>Unsaturated (Oleic)<\/strong><\/span><\/td>\n<td style=\"height: 24px; width: 55.3248%;\" width=\"52%\"><span style=\"font-family: georgia, palatino, serif;\">36.8<\/span><\/td>\n<\/tr>\n<tr style=\"height: 24px;\">\n<td style=\"height: 24px; width: 49.6752%;\" width=\"53%\"><span style=\"font-family: georgia, palatino, serif;\"><strong>Unsaturated (Linoleic)<\/strong><\/span><\/td>\n<td style=\"height: 24px; width: 55.3248%;\" width=\"52%\"><span style=\"font-family: georgia, palatino, serif;\">10.2<\/span><\/td>\n<\/tr>\n<tr style=\"height: 24px;\">\n<td style=\"height: 24px; width: 49.6752%;\" width=\"53%\"><span style=\"font-family: georgia, palatino, serif;\"><strong>Carbohydrate<\/strong><\/span><\/td>\n<td style=\"height: 24px; width: 55.3248%;\" width=\"52%\"><span style=\"font-family: georgia, palatino, serif;\">41<\/span><\/td>\n<\/tr>\n<tr style=\"height: 24px;\">\n<td style=\"height: 24px; width: 49.6752%;\" width=\"53%\"><span style=\"font-family: georgia, palatino, serif;\"><strong>Canxi<\/strong><\/span><\/td>\n<td style=\"height: 24px; width: 55.3248%;\" width=\"52%\"><span style=\"font-family: georgia, palatino, serif;\">53<\/span><\/td>\n<\/tr>\n<tr style=\"height: 24px;\">\n<td style=\"height: 24px; width: 49.6752%;\" width=\"53%\"><span style=\"font-family: georgia, palatino, serif;\"><strong>Phosphor<\/strong><\/span><\/td>\n<td style=\"height: 24px; width: 55.3248%;\" width=\"52%\"><span style=\"font-family: georgia, palatino, serif;\">52.2<\/span><\/td>\n<\/tr>\n<tr style=\"height: 24px;\">\n<td style=\"height: 24px; width: 49.6752%;\" width=\"53%\"><span style=\"font-family: georgia, palatino, serif;\"><strong>Eisen<\/strong><\/span><\/td>\n<td style=\"height: 24px; width: 55.3248%;\" width=\"52%\"><span style=\"font-family: georgia, palatino, serif;\">5.3<\/span><\/td>\n<\/tr>\n<tr style=\"height: 24px;\">\n<td style=\"height: 24px; width: 49.6752%;\" width=\"53%\"><span style=\"font-family: georgia, palatino, serif;\"><strong>Vitamin B1<\/strong><\/span><\/td>\n<td style=\"height: 24px; width: 55.3248%;\" width=\"52%\"><span style=\"font-family: georgia, palatino, serif;\">0.63<\/span><\/td>\n<\/tr>\n<tr style=\"height: 24px;\">\n<td style=\"height: 24px; width: 49.6752%;\" width=\"53%\"><span style=\"font-family: georgia, palatino, serif;\"><strong>Vitamin B2<\/strong><\/span><\/td>\n<td style=\"height: 24px; width: 55.3248%;\" width=\"52%\"><span style=\"font-family: georgia, palatino, serif;\">0.19<\/span><\/td>\n<\/tr>\n<tr style=\"height: 24px;\">\n<td style=\"height: 24px; width: 49.6752%;\" width=\"53%\"><span style=\"font-family: georgia, palatino, serif;\"><strong>Vitamin B3<\/strong><\/span><\/td>\n<td style=\"height: 24px; width: 55.3248%;\" width=\"52%\"><span style=\"font-family: georgia, palatino, serif;\">2.5<\/span><\/td>\n<\/tr>\n<tr style=\"height: 24px;\">\n<td style=\"height: 24px; width: 49.6752%;\" width=\"53%\"><span style=\"font-family: georgia, palatino, serif;\"><strong>Beta-carotene<\/strong><\/span><\/td>\n<td style=\"height: 24px; width: 55.3248%;\" width=\"52%\"><span style=\"font-family: georgia, palatino, serif;\">60<\/span><\/td>\n<\/tr>\n<tr style=\"height: 24px;\">\n<td style=\"height: 24px; width: 49.6752%;\" width=\"53%\"><span style=\"font-family: georgia, palatino, serif;\"><strong>Retinol Equivalent<\/strong><\/span><\/td>\n<td style=\"height: 24px; width: 55.3248%;\" width=\"52%\"><span style=\"font-family: georgia, palatino, serif;\">33 IU; 10 mcg<\/span><\/td>\n<\/tr>\n<tr style=\"height: 24px;\">\n<td style=\"height: 24px; width: 49.6752%;\" width=\"53%\"><span style=\"font-family: georgia, palatino, serif;\"><strong>Vitamin K<\/strong><\/span><\/td>\n<td style=\"height: 24px; width: 55.3248%;\" width=\"52%\"><span style=\"font-family: georgia, palatino, serif;\">650<\/span><\/td>\n<\/tr>\n<\/tbody>\n<\/table>\n<p><span style=\"font-family: georgia, palatino, serif;\"><img decoding=\"async\" src=\"https:\/\/kimmyfarm.com\/wp-content\/uploads\/2020\/12\/Hat-dieu-nhan-trang-ww180-ww240-ww320.jpg\" alt=\"M\u1ed9t S\u1ed1 Lo\u1ea1i H\u1ea1t \u0110i\u1ec1u T\u01b0\u01a1ng T\u1ef1 Nh\u01b0 H\u1ea1t \u0110i\u1ec1u W320 Bao G\u1ed3m: H\u1ea1t \u0110i\u1ec1u W180, H\u1ea1t \u0110i\u1ec1u W240...\" \/><\/span><\/p>\n<p id=\"tw-target-text\" class=\"tw-data-text tw-text-large tw-ta\" dir=\"ltr\" data-placeholder=\"B\u1ea3n d\u1ecbch\"><span class=\"Y2IQFc\" lang=\"de\" style=\"font-family: georgia, palatino, serif; font-size: 14px;\">Einige Arten von Cashewn\u00fcssen, die Cashew W320 \u00e4hnlich sind, einschlie\u00dflich: Cashew W210, Cashew W240, Cashew 450&#8230;<\/span><\/p>\n<p class=\"tw-data-text tw-text-large tw-ta\" dir=\"ltr\" data-placeholder=\"B\u1ea3n d\u1ecbch\"><span class=\"Y2IQFc\" lang=\"de\" style=\"font-family: georgia, palatino, serif;\"><span style=\"font-size: 20px;\"><strong>Echte Bilder von W320 Cashewkernen:<\/strong><\/span><br \/>\n<img decoding=\"async\" src=\"https:\/\/kimmyfarm.com\/wp-content\/uploads\/2020\/12\/w320-vietnam-cashew-nut-3.jpg\" alt=\"Raw Image Of W320 Cashew Nuts From Our Cashew Factory In Binh Phuoc, Vietnam - 2\" \/><br \/>\n<\/span><\/p>\n<p><span class=\"Y2IQFc\" lang=\"de\" style=\"font-family: georgia, palatino, serif; font-size: 14px;\"><span style=\"color: #0000ff; background-color: #ffffff;\">Cashewn\u00fcsse W320<\/span> auf der Kimmy Farm &#8211; Echte Bilder von Cashewproben &#8211; Foto 1<\/span><\/p>\n<p class=\"tw-data-text tw-text-large tw-ta\" dir=\"ltr\" data-placeholder=\"B\u1ea3n d\u1ecbch\"><span class=\"Y2IQFc\" lang=\"de\" style=\"font-family: georgia, palatino, serif;\"><img decoding=\"async\" src=\"https:\/\/kimmyfarm.com\/wp-content\/uploads\/2020\/12\/w320-vietnam-cashew-nut-4.jpg\" alt=\"Raw Image Of W320 Cashew Nuts From Our Cashew Factory In Binh Phuoc, Vietnam\" \/><br \/>\n<span style=\"color: #000000; font-size: 14px;\"><span style=\"color: #0000ff;\">Cashewn\u00fcsse W320<\/span> auf der Kimmy Farm &#8211; Echte Bilder von Cashewproben &#8211; Foto 2<\/span><br \/>\n<img decoding=\"async\" src=\"https:\/\/kimmyfarm.com\/wp-content\/uploads\/2020\/12\/Raw-Image-Of-W320-Cashew-Nuts-From-Our-Cashew-Factory-In-Binh-Phuoc-Vietnam-4.jpg\" alt=\"Raw Image Of W320 Cashew Nuts From Our Cashew Factory In Binh Phuoc, Vietnam - 3 W320 cashew image\" \/><br \/>\n<span style=\"font-size: 14px;\"><span style=\"color: #0000ff;\">Cashewn\u00fcsse W320<\/span> auf der Kimmy Farm &#8211; Echte Bilder von Cashewproben &#8211; Foto 3<\/span><br \/>\n<\/span><\/p>\n<p id=\"tw-target-text\" class=\"tw-data-text tw-text-large tw-ta\" dir=\"ltr\" data-placeholder=\"B\u1ea3n d\u1ecbch\"><span class=\"Y2IQFc\" lang=\"de\" style=\"font-family: georgia, palatino, serif;\"><strong><span style=\"font-size: 24px;\">Verpackung von Cashewnussprodukten<\/span><\/strong> <\/span><\/p>\n<p class=\"tw-data-text tw-text-large tw-ta\" dir=\"ltr\" data-placeholder=\"B\u1ea3n d\u1ecbch\"><span class=\"Y2IQFc\" lang=\"de\" style=\"font-family: georgia, palatino, serif;\"><strong>Es gibt 3 M\u00f6glichkeiten, Cashews heute zu verpacken:<\/strong> <\/span><\/p>\n<ul>\n<li class=\"tw-data-text tw-text-large tw-ta\" dir=\"ltr\" data-placeholder=\"B\u1ea3n d\u1ecbch\"><span class=\"Y2IQFc\" lang=\"de\" style=\"font-family: georgia, palatino, serif;\"><strong>Methode 1:<\/strong> Packen Sie W320 Cashews by PP Bag mit 22,68 kg \/ 1 Beutel! 700 S\u00e4cke, 1 Container 20ft <\/span><\/li>\n<li class=\"tw-data-text tw-text-large tw-ta\" dir=\"ltr\" data-placeholder=\"B\u1ea3n d\u1ecbch\"><span class=\"Y2IQFc\" lang=\"de\" style=\"font-family: georgia, palatino, serif;\"><strong>Methode 2:<\/strong> Verpacken von W320 Cashewn\u00fcssen in einer Blechdose mit 22,68 kg \/ 1 Karton! 700 Kartons erhalten 1 20-Fu\u00df-Container <\/span><\/li>\n<li class=\"tw-data-text tw-text-large tw-ta\" dir=\"ltr\" data-placeholder=\"B\u1ea3n d\u1ecbch\"><span class=\"Y2IQFc\" lang=\"de\" style=\"font-family: georgia, palatino, serif;\"><strong>Methode 3:<\/strong> Verpackung nach den Bed\u00fcrfnissen der Besteller. Besprechen Sie weitere Details bei der Bestellung.<\/span><\/li>\n<\/ul>\n<p><span class=\"Y2IQFc\" lang=\"de\" style=\"font-family: georgia, palatino, serif;\"><strong>Cashewkerne W320<\/strong> sind in T\u00fcten, Blechdosen, Kartons&#8230; verpackt, sind neu, sauber, trocken, auslaufsicher, kein Bleilot und kein Papierfutter im Inneren. Die Verpackung gew\u00e4hrleistet, dass die Ware w\u00e4hrend des normalen Transports und der Lagerung unversehrt bleibt. Die Au\u00dfenseite des PP-Beutels oder der Dose wird in einen neuen, insekten- und schimmelfreien Karton eingewickelt und ohne Klammern versiegelt, sofern in der Bestellung nicht anders angegeben. Die Kartons werden deutlich mit den folgenden Angaben gekennzeichnet: Produktname und ggf. Warenzeichen Name und Anschrift des Herstellers oder Verpackers, G\u00fcteklasse, Nettogewicht, Herstellungsland, Name oder Symbol des K\u00e4ufers, Bestimmungshafen. Andere Symbole nach Vereinbarung zwischen K\u00e4ufer und Verk\u00e4ufer.<\/span><\/p>\n<p class=\"tw-data-text tw-text-large tw-ta\" dir=\"ltr\" data-placeholder=\"B\u1ea3n d\u1ecbch\"><span style=\"font-family: georgia, palatino, serif;\"><span class=\"Y2IQFc\" lang=\"de\"><img decoding=\"async\" src=\"https:\/\/kimmyfarm.com\/wp-content\/uploads\/2021\/11\/hat-dieu-trong-tui-hut-chan-khong-vaccum-bag.jpg\" alt=\"H\u1ea1t \u0110i\u1ec1u Trong T\u00fai H\u00fat Ch\u00e2n Kh\u00f4ng, 2 T\u00fai B\u1ecf V\u00e0o 1 Th\u00f9ng Carton\" \/><br \/>\n<span style=\"font-size: 14px;\"><strong>Cashews<\/strong> in Vakuumbeuteln, 2 Beutel in 1 Karton<\/span><br \/>\n<img decoding=\"async\" src=\"https:\/\/kimmyfarm.com\/wp-content\/uploads\/2020\/12\/hat-dieu-duoc-dong-goi-hut-chan-khong-xuat-khau.jpg\" alt=\"\u0110\u00f3ng g\u00f3i h\u1ea1t \u0111i\u1ec1u W320 B\u1eb1ng Bao PP v\u1edbi 22,68kg\/ 1 bao! 700 bao th\u00ec \u0111\u01b0\u1ee3c 1 congtainner 20ft\" \/><br \/>\n<\/span><span class=\"Y2IQFc\" lang=\"de\"><span style=\"font-size: 14px;\"><strong>Methode 1<\/strong>:Packen Sie W320 Cashews by PP Bag mit 22,68 kg \/ 1 Beutel! 700 S\u00e4cke, 1 Container 20ft<\/span><br \/>\n<\/span><span class=\"Y2IQFc\" lang=\"de\"><img decoding=\"async\" src=\"https:\/\/kimmyfarm.com\/wp-content\/uploads\/2021\/11\/hat-dieu-dong-goi-thung-thiec.jpg\" \/><br \/>\n<img decoding=\"async\" src=\"https:\/\/kimmyfarm.com\/wp-content\/uploads\/2020\/12\/tin-can-of-cashew-nut-2.jpg\" alt=\"C\u00e1ch 2: \u0110\u00f3ng g\u00f3i h\u1ea1t \u0111i\u1ec1u W320 B\u1eb1ng Th\u00f9ng Thi\u1ebfc v\u1edbi 22,68kg\/ 1 Th\u00f9ng! 700 Th\u00f9ng th\u00ec \u0111\u01b0\u1ee3c 1 congtainner 20ft\" \/><br \/>\n<span style=\"font-size: 14px;\"><strong>Methode 2:<\/strong> Verpacken von W320 Cashewn\u00fcssen in einer Blechdose mit 22,68 kg \/ 1 Karton! 700 Kartons erhalten 1 20-Fu\u00df-Container<\/span><br \/>\n<\/span><\/span><\/p>\n<p id=\"tw-target-text\" class=\"tw-data-text tw-text-large tw-ta\" dir=\"ltr\" data-placeholder=\"B\u1ea3n d\u1ecbch\"><span class=\"Y2IQFc\" lang=\"de\"><span style=\"font-size: 24px;\"><strong>Kontakt Einkauf<\/strong><\/span> <\/span><\/p>\n<p class=\"tw-data-text tw-text-large tw-ta\" dir=\"ltr\" data-placeholder=\"B\u1ea3n d\u1ecbch\"><span class=\"Y2IQFc\" lang=\"de\"><strong>Kimmy Farm<\/strong> &#8211; ist eine Marke, die sich auf die Produktion und den Export von landwirtschaftlichen Produkten in Vietnam spezialisiert hat. Wir haben eine schwarze Soldatenfliegenfarm in Tay Ninh und ein Cashew-Anbaugebiet in Binh Phuoc. Die wichtigsten Exportprodukte des Unternehmens sind: <strong>Produkte aus Schwarzen Soldatenfliegen, Cashewn\u00fcssen, rohen Cashewn\u00fcssen, Wasseraufbereitungsanlagen&#8230;..<\/strong> Einige Kunden kommen aus: Spanien, Frankreich, Deutschland, Niederlande, Polen, Griechenland, T\u00fcrkei, Russland, Schweiz, USA, Australien, S\u00fcdafrika, Vereinigte Arabische Emirate, Indien, Singapur, Japan und viele andere L\u00e4nder. Dar\u00fcber hinaus verf\u00fcgen wir \u00fcber ein Team von Mitarbeitern, die \u00fcber langj\u00e4hrige Erfahrung in gro\u00dfen Verarbeitungsbetrieben in Vietnam verf\u00fcgen. Bitte kontaktieren Sie uns, wenn Sie hochwertige Cashewkerne ben\u00f6tigen.<\/span><\/p>\n","protected":false},"excerpt":{"rendered":"<p id=\"tw-target-text\" class=\"tw-data-text tw-text-large tw-ta\" dir=\"ltr\" data-placeholder=\"B\u1ea3n d\u1ecbch\"><span class=\"Y2IQFc\" lang=\"de\"><strong>Cashews W320<\/strong> ist der Name einer hochwertigen wei\u00dfen Vollkorn-Cashewnuss mit 300-320 N\u00fcssen\/Pfund (660-706 N\u00fcsse\/kg). <strong>W320 Cashews sind sehr beliebte Cashews<\/strong> und sie sind normalerweise billiger als andere Arten von Cashewn\u00fcssen. Dar\u00fcber hinaus sind W320 Cashewn\u00fcsse sehr nahrhafte N\u00fcsse, sie sind eine Quelle f\u00fcr Protein und essentielle Mineralien, darunter: Kupfer, Kalzium, Magnesium, Eisen, Phosphor, Kalium und Zink. Enth\u00e4lt 0% Cholesterin. <strong>Cashewnuss WW320<\/strong> ist das perfekte Produkt, um ein sehr nahrhaftes Lebensmittel f\u00fcr alle zuzubereiten. <\/span><\/p>\n<p class=\"tw-data-text tw-text-large tw-ta\" dir=\"ltr\" data-placeholder=\"B\u1ea3n d\u1ecbch\"><span class=\"Y2IQFc\" lang=\"de\"><strong>Zusammenfassung von Cashewn\u00fcssen WW320 Ganze wei\u00dfe Kerne: <\/strong><\/span><\/p>\n<ul>\n<li class=\"tw-data-text tw-text-large tw-ta\" dir=\"ltr\" data-placeholder=\"B\u1ea3n d\u1ecbch\"><span class=\"Y2IQFc\" lang=\"de\"><strong> Farbe:<\/strong> Ganz Wei\u00df <\/span><\/li>\n<li class=\"tw-data-text tw-text-large tw-ta\" dir=\"ltr\" data-placeholder=\"B\u1ea3n d\u1ecbch\"><span class=\"Y2IQFc\" lang=\"de\"><strong>Anzahl der Samen\/Pfund:<\/strong> 300-320 Samen <\/span><\/li>\n<li class=\"tw-data-text tw-text-large tw-ta\" dir=\"ltr\" data-placeholder=\"B\u1ea3n d\u1ecbch\"><span class=\"Y2IQFc\" lang=\"de\"><strong>Anzahl Samen\/kg:<\/strong> 660-706 Samen <\/span><\/li>\n<li class=\"tw-data-text tw-text-large tw-ta\" dir=\"ltr\" data-placeholder=\"B\u1ea3n d\u1ecbch\"><span class=\"Y2IQFc\" lang=\"de\"><strong>Herkunft:<\/strong> Binh Phuoc, Vietnam <\/span><\/li>\n<li class=\"tw-data-text tw-text-large tw-ta\" dir=\"ltr\" data-placeholder=\"B\u1ea3n d\u1ecbch\"><span class=\"Y2IQFc\" lang=\"de\"><strong>Luftfeuchtigkeit:<\/strong> bis zu 5%<\/span><\/li>\n<li class=\"tw-data-text tw-text-large tw-ta\" dir=\"ltr\" data-placeholder=\"B\u1ea3n d\u1ecbch\"><span class=\"Y2IQFc\" lang=\"de\"><strong>Defekt:<\/strong> bis zu 10 %<\/span><\/li>\n<li class=\"tw-data-text tw-text-large tw-ta\" dir=\"ltr\" data-placeholder=\"B\u1ea3n d\u1ecbch\"><span class=\"Y2IQFc\" lang=\"de\"><strong>Niedrigerer Gr\u00f6\u00dfentyp:<\/strong> bis zu 10 %<\/span><\/li>\n<li class=\"tw-data-text tw-text-large tw-ta\" dir=\"ltr\" data-placeholder=\"B\u1ea3n d\u1ecbch\"><span class=\"Y2IQFc\" lang=\"de\"><strong>Defekt:<\/strong> bis zu 8% <\/span><\/li>\n<li class=\"tw-data-text tw-text-large tw-ta\" dir=\"ltr\" data-placeholder=\"B\u1ea3n d\u1ecbch\"><span class=\"Y2IQFc\" lang=\"de\"><strong>Verpackung:<\/strong> 22,68 kg pro Beutel \/ 700 pro 20 Fu\u00df Beutel <\/span><\/li>\n<li class=\"tw-data-text tw-text-large tw-ta\" dir=\"ltr\" data-placeholder=\"B\u1ea3n d\u1ecbch\"><span class=\"Y2IQFc\" lang=\"de\"><strong>Cashewnusspreis W320:<\/strong> Kontakt f\u00fcr aktuelles Angebot<\/span><\/li>\n<\/ul>\n","protected":false},"featured_media":27062,"template":"","meta":[],"product_brand":[],"product_cat":[252,253],"product_tag":[294,299,300],"class_list":{"0":"post-23829","1":"product","2":"type-product","3":"status-publish","4":"has-post-thumbnail","6":"product_cat-binh-phuoc-cashewnusse","7":"product_cat-cashewnusse","8":"product_tag-cashewnusse","9":"product_tag-ganze-cashewnuss","10":"product_tag-weiser-cashewnusskern","12":"first","13":"instock","14":"shipping-taxable","15":"product-type-simple"},"_links":{"self":[{"href":"https:\/\/kimmyfarm.com\/de\/wp-json\/wp\/v2\/product\/23829","targetHints":{"allow":["GET"]}}],"collection":[{"href":"https:\/\/kimmyfarm.com\/de\/wp-json\/wp\/v2\/product"}],"about":[{"href":"https:\/\/kimmyfarm.com\/de\/wp-json\/wp\/v2\/types\/product"}],"version-history":[{"count":0,"href":"https:\/\/kimmyfarm.com\/de\/wp-json\/wp\/v2\/product\/23829\/revisions"}],"wp:featuredmedia":[{"embeddable":true,"href":"https:\/\/kimmyfarm.com\/de\/wp-json\/wp\/v2\/media\/27062"}],"wp:attachment":[{"href":"https:\/\/kimmyfarm.com\/de\/wp-json\/wp\/v2\/media?parent=23829"}],"wp:term":[{"taxonomy":"product_brand","embeddable":true,"href":"https:\/\/kimmyfarm.com\/de\/wp-json\/wp\/v2\/product_brand?post=23829"},{"taxonomy":"product_cat","embeddable":true,"href":"https:\/\/kimmyfarm.com\/de\/wp-json\/wp\/v2\/product_cat?post=23829"},{"taxonomy":"product_tag","embeddable":true,"href":"https:\/\/kimmyfarm.com\/de\/wp-json\/wp\/v2\/product_tag?post=23829"}],"curies":[{"name":"wp","href":"https:\/\/api.w.org\/{rel}","templated":true}]}}