{"id":23822,"date":"2020-12-15T06:34:00","date_gmt":"2020-12-14T23:34:00","guid":{"rendered":"https:\/\/kimmyfarm.com\/product\/rohe-cashewschalen-nicht-gepresst"},"modified":"2020-12-15T06:34:00","modified_gmt":"2020-12-14T23:34:00","slug":"rohe-cashewschalen-nicht-gepresst","status":"publish","type":"product","link":"https:\/\/kimmyfarm.com\/de\/produkt\/rohe-cashewschalen-nicht-gepresst","title":{"rendered":"Rohe Cashewschalen (nicht gepresst)"},"content":{"rendered":"<p>Cashewnussschale ist eines der Nebenprodukte der Cashew verarbeitenden Industrie, das als Rohstoff zur Herstellung von Cashewschalen\u00f6l und zur Energieverbrennung verwendet werden kann. Cashewb\u00e4ume (Western Anacardium) wachsen sowohl nat\u00fcrlich als auch durch geplante landwirtschaftliche Praktiken in subtropischen L\u00e4ndern wie: Brasilien, Vietnam, Nigeria, Ghana&#8230;.. Cashewn\u00fcsse bestehen zu etwa 30 % aus Samen und zu 70 % aus Schoten. W\u00e4hrend Cashewkerne auf der ganzen Welt gegessen werden, sind Cashewnussschalen sehr hart, 1 bis 2 mm dick und werden oft weggeworfen. Cashew-Schoten enthalten normalerweise: 10,8% Wasser und 2,6% Asche. Cashewnussschale hat einen Nettoheizwert von 18,9 MJ\/kg, was genau in der Mitte des Biomasse-Brennstoff-Durchschnitts (14 &#8211; 21 MJ\/kg) liegt.<\/p>\n<p><strong>Zusammenfassung der rohen Cashewnussschale:<\/strong><\/p>\n<ul>\n<li>Es ist die harte \u00e4u\u00dferste Schale der Cashewnuss.<\/li>\n<li>Diese Cashewnussschale wurde noch nie ge\u00f6lt.<\/li>\n<li>Kann als Rohstoff zum Pressen von \u00d6l f\u00fcr Presswerke verwendet werden.<\/li>\n<li>Kann als Heizelement f\u00fcr den Ofen verwendet werden (nicht empfohlen).<\/li>\n<\/ul>\n","protected":false},"excerpt":{"rendered":"<p><strong>Unge\u00f6lte Cashewnussschalen<\/strong> sind die prim\u00e4ren Einsatzstoffe f\u00fcr die Herstellung von Cashewschalen\u00f6lprodukten. Dar\u00fcber hinaus kann es mit hoher Hitze direkt als Industriebrennstoff verwendet werden.<\/p>\n<p><strong>Zusammenfassung der rohen Cashewschale<em> (nur Schale ohne Nusskern)<\/em>:<\/strong><\/p>\n<ul>\n<li><strong>Luftfeuchtigkeit:<\/strong> 12% max (auf Kundenwunsch)<\/li>\n<li><strong>Verunreinigungen:<\/strong> 2%max (auf Kundenwunsch)<\/li>\n<li><strong>Hitze:<\/strong> Min 4300 Kcal (als Kundenwunsch)<\/li>\n<li><strong>Herkunft:<\/strong> Binh Phuoc, Vietnam<\/li>\n<li><strong>Zus\u00e4tzliche Informationen:<\/strong> Die harte Au\u00dfenh\u00fclle der Cashewnuss. Kann als Rohstoff f\u00fcr \u00d6lpressen (CSNL) verwendet werden. Kann als Brennstoff verwendet werden, um die Ofenw\u00e4rme zu halten.<\/li>\n<\/ul>\n","protected":false},"featured_media":20123,"template":"","meta":[],"product_brand":[],"product_cat":[252,255],"product_tag":[310,303],"class_list":{"0":"post-23822","1":"product","2":"type-product","3":"status-publish","4":"has-post-thumbnail","6":"product_cat-binh-phuoc-cashewnusse","7":"product_cat-cashewschale","8":"product_tag-cashewschale","9":"product_tag-rohes-cashewnuss","11":"first","12":"instock","13":"shipping-taxable","14":"product-type-simple"},"_links":{"self":[{"href":"https:\/\/kimmyfarm.com\/de\/wp-json\/wp\/v2\/product\/23822","targetHints":{"allow":["GET"]}}],"collection":[{"href":"https:\/\/kimmyfarm.com\/de\/wp-json\/wp\/v2\/product"}],"about":[{"href":"https:\/\/kimmyfarm.com\/de\/wp-json\/wp\/v2\/types\/product"}],"version-history":[{"count":0,"href":"https:\/\/kimmyfarm.com\/de\/wp-json\/wp\/v2\/product\/23822\/revisions"}],"wp:featuredmedia":[{"embeddable":true,"href":"https:\/\/kimmyfarm.com\/de\/wp-json\/wp\/v2\/media\/20123"}],"wp:attachment":[{"href":"https:\/\/kimmyfarm.com\/de\/wp-json\/wp\/v2\/media?parent=23822"}],"wp:term":[{"taxonomy":"product_brand","embeddable":true,"href":"https:\/\/kimmyfarm.com\/de\/wp-json\/wp\/v2\/product_brand?post=23822"},{"taxonomy":"product_cat","embeddable":true,"href":"https:\/\/kimmyfarm.com\/de\/wp-json\/wp\/v2\/product_cat?post=23822"},{"taxonomy":"product_tag","embeddable":true,"href":"https:\/\/kimmyfarm.com\/de\/wp-json\/wp\/v2\/product_tag?post=23822"}],"curies":[{"name":"wp","href":"https:\/\/api.w.org\/{rel}","templated":true}]}}