{"id":23821,"date":"2020-12-15T06:39:39","date_gmt":"2020-12-14T23:39:39","guid":{"rendered":"https:\/\/kimmyfarm.com\/product\/ungeschalte-rohe-cashewnusse"},"modified":"2020-12-15T06:39:39","modified_gmt":"2020-12-14T23:39:39","slug":"ungeschalte-rohe-cashewnusse","status":"publish","type":"product","link":"https:\/\/kimmyfarm.com\/de\/produkt\/ungeschalte-rohe-cashewnusse","title":{"rendered":"Ungesch\u00e4lte rohe Cashewn\u00fcsse"},"content":{"rendered":"<p><strong>Raw Cashew Nuts<\/strong> <em>(auch bekannt als RCN, Raw Cashew Nuts)<\/em> ist die Bezeichnung f\u00fcr die Unternuss der Cashew-Frucht. Cashew\u00e4pfel machen 90 % der Fr\u00fcchte aus, nur 10 % sind rohe Cashewn\u00fcsse. In einer rohen Cashewnuss sind 30% Cashewkerne und 70% Cashewnussschale enthalten. Normalerweise kann bei der Cashewnussproduktion 1 Tonne rohe Cashewn\u00fcsse 250-300 kg Kerne und 700-750 kg Schale verarbeitet werden. Bisher wurden in der vietnamesischen Cashew-Industrie nur <strong>rohe Cashewn\u00fcsse (RCN) und Cashewkerne (Cashewkerne)<\/strong> als Handelsprodukte verwendet, w\u00e4hrend Cashewschalen als Abfall galten. Aber heute werden Cashewnussschalen verwendet, um <strong>CNSL Cashewnussschalen\u00f6l<\/strong> <em>(Cashewnussschalenfl\u00fcssigkeit)<\/em> herzustellen, ein Rohstoff, der in anderen Industrien verwendet wird und jedes Jahr einen Markt von Hunderten von Millionen Dollar erschlie\u00dft.<\/p>\n<p><img decoding=\"async\" src=\"https:\/\/cdn.statically.io\/img\/kimmyfarm.com\/wp-content\/uploads\/2021\/03\/Raw-cashew-nut-RCN-Cashew-Fruit-1.jpg?f=auto\" alt=\"The cashew apples contain: 90 % is the fruit, 10 % is the raw cashew nut.\" \/><\/p>\n<p>In Cashew-\u00c4pfeln enthalten: 90% sind Fr\u00fcchte, 10% sind rohe Cashews<\/p>\n","protected":false},"excerpt":{"rendered":"<p>Raw Cashew Nuts (auch bekannt als RCN, Raw Cashew Nuts) ist die Bezeichnung f\u00fcr die Unternuss der Cashew-Frucht. Cashew\u00e4pfel machen<\/p>\n","protected":false},"featured_media":20011,"template":"","meta":[],"product_brand":[],"product_cat":[252,254],"product_tag":[303],"class_list":{"0":"post-23821","1":"product","2":"type-product","3":"status-publish","4":"has-post-thumbnail","6":"product_cat-binh-phuoc-cashewnusse","7":"product_cat-rohes-cashew","8":"product_tag-rohes-cashewnuss","10":"first","11":"instock","12":"shipping-taxable","13":"product-type-simple"},"_links":{"self":[{"href":"https:\/\/kimmyfarm.com\/de\/wp-json\/wp\/v2\/product\/23821","targetHints":{"allow":["GET"]}}],"collection":[{"href":"https:\/\/kimmyfarm.com\/de\/wp-json\/wp\/v2\/product"}],"about":[{"href":"https:\/\/kimmyfarm.com\/de\/wp-json\/wp\/v2\/types\/product"}],"version-history":[{"count":0,"href":"https:\/\/kimmyfarm.com\/de\/wp-json\/wp\/v2\/product\/23821\/revisions"}],"wp:featuredmedia":[{"embeddable":true,"href":"https:\/\/kimmyfarm.com\/de\/wp-json\/wp\/v2\/media\/20011"}],"wp:attachment":[{"href":"https:\/\/kimmyfarm.com\/de\/wp-json\/wp\/v2\/media?parent=23821"}],"wp:term":[{"taxonomy":"product_brand","embeddable":true,"href":"https:\/\/kimmyfarm.com\/de\/wp-json\/wp\/v2\/product_brand?post=23821"},{"taxonomy":"product_cat","embeddable":true,"href":"https:\/\/kimmyfarm.com\/de\/wp-json\/wp\/v2\/product_cat?post=23821"},{"taxonomy":"product_tag","embeddable":true,"href":"https:\/\/kimmyfarm.com\/de\/wp-json\/wp\/v2\/product_tag?post=23821"}],"curies":[{"name":"wp","href":"https:\/\/api.w.org\/{rel}","templated":true}]}}