{"id":23820,"date":"2020-12-15T06:49:56","date_gmt":"2020-12-14T23:49:56","guid":{"rendered":"https:\/\/kimmyfarm.com\/product\/rohe-cashew-seide-schale"},"modified":"2021-12-30T23:38:14","modified_gmt":"2021-12-30T16:38:14","slug":"rohe-cashew-seide-schale","status":"publish","type":"product","link":"https:\/\/kimmyfarm.com\/de\/produkt\/rohe-cashew-seide-schale","title":{"rendered":"Rohe Cashew-Seide-Schale"},"content":{"rendered":"<p><span style=\"font-size: 24px;\"><strong>Silk Shells sind n\u00fctzliche Nebenprodukte<\/strong><\/span><\/p>\n<p>Cashewnussschale <em>(englisch: cashew husk, cashew testa)<\/em> ist ein n\u00fctzliches Nebenprodukt der Cashewnuss verarbeitenden Industrie in Vietnam, sie ist die \u00e4u\u00dfere H\u00fclle des Cashewnusskerns, getrennt vom Kern der Cashewnuss. cashews with the \u00e4u\u00dferste Schale. Cashewnuss-Seide hat eine r\u00f6tliche Farbe und wird verwendet, um viele n\u00fctzliche Verbindungen aus Rohstoffen zu gewinnen, die in der Gerberei verwendet werden, da sie gute Pigmente enthalten, die eine hervorragende Farbe verleihen.Gro\u00dfartig f\u00fcr Lederwaren. Dar\u00fcber hinaus wird Cashewnussschale auch in der F\u00e4rberei, Tierfutter, Gefl\u00fcgelfutter &#8230;&#8230; und vielen anderen Anwendungen in der Praxis verwendet.<\/p>\n<p><img decoding=\"async\" src=\"https:\/\/kimmyfarm.com\/wp-content\/uploads\/2020\/12\/vo-lua-hat-dieu-tho-1.jpg\" \/><\/p>\n<p><span style=\"font-size: 24px;\"><strong>Verfahren zum Trennen von Cashew-Seide-Schalen<\/strong><\/span><\/p>\n<p>Der Cashewnuss-Sch\u00e4lprozess findet statt, nachdem die harte Schale der Cashewnuss durch den Cashewnuss-Sch\u00e4lprozess abgetrennt wurde. Cashewkerne <em>(zu diesem Zeitpunkt ist die Haut noch befestigt)<\/em> gesch\u00e4lt und getrocknet. W\u00e4hrend des Trocknungsprozesses bei hoher Temperatur reifen die Cashewkerne und schaffen Bedingungen, damit sich die Schale <em>(Seidenschale)<\/em> leicht vom Kern l\u00f6st. Danach werden die Cashewkerne in die Seidensch\u00e4lstufe \u00fcberf\u00fchrt, wo der Arbeiter mit einem Messer die Seide von der Cashewnuss sch\u00e4lt. Dann erhalten wir eine Schicht Schale namens Cashewnussseide.<img decoding=\"async\" src=\"https:\/\/kimmyfarm.com\/wp-content\/uploads\/2020\/12\/vo-lua-hat-dieu-tho-2.jpg\" \/><\/p>\n<p><span style=\"font-size: 24px;\"><strong>Wof\u00fcr wird Cashew-Seide Shell verwendet?<\/strong><\/span><\/p>\n<p>Schalen aus Cashewseide werden h\u00e4ufig verwendet f\u00fcr: <strong>in der Gerberei, Herstellung von Pigmenten, Gew\u00fcrzen, Tierfutter, Tierfutter&#8230;.<\/strong><\/p>\n<p><span style=\"font-size: 24px;\"><strong>Cashewnuss-Seidenextrakt zum Br\u00e4unen<\/strong><\/span><\/p>\n<p>In der Seidenschale der Cashewnuss ist viel Tannin enthalten, die Menschen kaufen oft Cashewnussschalen aus Vietnam, um diese Substanz zu extrahieren, um Rohstoffe f\u00fcr die Industrie zu gewinnen.<strong> Tannine<\/strong> sind eine Klasse adstringierender Polyphenolchemikalien, die von Natur aus in der Rinde und den Bl\u00e4ttern vieler Pflanzen vorkommen. <strong>Die Tannine<\/strong> binden <strong>in der Haut<\/strong> an kollagene Proteine \u200b\u200bund umh\u00fcllen diese, wodurch das Leder weniger wasserabweisend und weniger anf\u00e4llig f\u00fcr Bakterien- und Schimmelbefall ist. Dieses Verfahren macht auch <strong>die Haut<\/strong> weicher. Die Verwendung von Tanninen, die aus Cashewnussseide gewonnen werden, hat der Cashewnussproduktion und -verarbeitung in Vietnam viele zus\u00e4tzliche Werte hinzugef\u00fcgt.<\/p>\n<p><span style=\"font-size: 24px;\"><strong>Die Vorteile von Seide und Brennholz.<\/strong><\/span><\/p>\n<p>\u00dcberall wird Cashewbaumfleisch hergestellt. Auch hochwertige Rinder und Gefl\u00fcgel profitieren vom Menschen. Cashewseide wird als Tierfutter gemischt. Cashew-Brennholz brannte gut und fiel nicht ein bisschen herunter.<\/p>\n<p><strong><span style=\"font-size: 20px;\">Seidensamenschalen gemischt mit Tierfutter<\/span><\/strong><\/p>\n<p><strong><span style=\"font-size: 20px;\">Cashewnuss-Seidenextrakt zum F\u00e4rben<\/span><\/strong><\/p>\n<p><strong><span style=\"font-size: 20px;\">Cashewnuss-Seidenextrakt zum W\u00fcrzen<\/span><\/strong><\/p>\n","protected":false},"excerpt":{"rendered":"<p>Silk Shells sind n\u00fctzliche Nebenprodukte Cashewnussschale (englisch: cashew husk, cashew testa) ist ein n\u00fctzliches Nebenprodukt der Cashewnuss verarbeitenden Industrie in<\/p>\n","protected":false},"featured_media":20010,"template":"","meta":[],"product_brand":[],"product_cat":[252,255],"product_tag":[310,303],"class_list":{"0":"post-23820","1":"product","2":"type-product","3":"status-publish","4":"has-post-thumbnail","6":"product_cat-binh-phuoc-cashewnusse","7":"product_cat-cashewschale","8":"product_tag-cashewschale","9":"product_tag-rohes-cashewnuss","11":"first","12":"instock","13":"shipping-taxable","14":"product-type-simple"},"_links":{"self":[{"href":"https:\/\/kimmyfarm.com\/de\/wp-json\/wp\/v2\/product\/23820","targetHints":{"allow":["GET"]}}],"collection":[{"href":"https:\/\/kimmyfarm.com\/de\/wp-json\/wp\/v2\/product"}],"about":[{"href":"https:\/\/kimmyfarm.com\/de\/wp-json\/wp\/v2\/types\/product"}],"version-history":[{"count":0,"href":"https:\/\/kimmyfarm.com\/de\/wp-json\/wp\/v2\/product\/23820\/revisions"}],"wp:featuredmedia":[{"embeddable":true,"href":"https:\/\/kimmyfarm.com\/de\/wp-json\/wp\/v2\/media\/20010"}],"wp:attachment":[{"href":"https:\/\/kimmyfarm.com\/de\/wp-json\/wp\/v2\/media?parent=23820"}],"wp:term":[{"taxonomy":"product_brand","embeddable":true,"href":"https:\/\/kimmyfarm.com\/de\/wp-json\/wp\/v2\/product_brand?post=23820"},{"taxonomy":"product_cat","embeddable":true,"href":"https:\/\/kimmyfarm.com\/de\/wp-json\/wp\/v2\/product_cat?post=23820"},{"taxonomy":"product_tag","embeddable":true,"href":"https:\/\/kimmyfarm.com\/de\/wp-json\/wp\/v2\/product_tag?post=23820"}],"curies":[{"name":"wp","href":"https:\/\/api.w.org\/{rel}","templated":true}]}}