{"id":22807,"date":"2020-12-14T09:29:13","date_gmt":"2020-12-14T02:29:13","guid":{"rendered":"https:\/\/kimmyfarm.com\/product\/w240-hochwertige-rohe-weise-cashewnusse"},"modified":"2020-12-14T09:29:13","modified_gmt":"2020-12-14T02:29:13","slug":"w240-hochwertige-rohe-weise-cashewnusse","status":"publish","type":"product","link":"https:\/\/kimmyfarm.com\/de\/produkt\/w240-hochwertige-rohe-weise-cashewnusse","title":{"rendered":"W240 Hochwertige rohe wei\u00dfe Cashewn\u00fcsse"},"content":{"rendered":"<p>Cashewn\u00fcsse enthalten viele Vitamine und Mineralstoffe, Antioxidantien wie die Vitamine E, K, B6 und die Mineralstoffe Kupfer, Phosphor, Zink, Magnesium, Eisen und Selen, um gute K\u00f6rperfunktionen aufrechtzuerhalten. Daher haben viele Studien gezeigt, dass der regelm\u00e4\u00dfige t\u00e4gliche Verzehr von Cashewn\u00fcssen viele gesundheitliche Vorteile mit sich bringen kann, die auf lange Sicht die allgemeine Gesundheit der Menschen verbessern. Hier m\u00f6chten wir Ihnen das Produkt<strong> W240 Cashewn\u00fcsse &#8211; Vietnam Pure Cashewn\u00fcsse<\/strong> vorstellen. Wissenschaftlich gesehen sind Cashewkerne eine ausgezeichnete Protein- und Ballaststoffquelle. Sie sind reich an einfach unges\u00e4ttigten Fetten, die das Herz sch\u00fctzen k\u00f6nnen. Cashewn\u00fcsse sind auch eine gute Quelle f\u00fcr Kalium, verschiedene B-Vitamine und Fols\u00e4ure. Sie enthalten n\u00fctzliche Mengen an Magnesium, Phosphor, Selen und Kupfer. Hier m\u00f6chten wir Ihnen das Produkt Cashew W240 &#8211; Vietnamesische reine Cashewn\u00fcsse vorstellen.<\/p>\n<p><span style=\"font-size: 24px;\"><strong>Wei\u00dfe Cashewkerne W240<\/strong><\/span><\/p>\n<p><strong>W240 wei\u00dfe Cashewnuss<\/strong> <em>(englisch: wei\u00dfe ganze Cashewn\u00fcsse 240, Cashew w240, Cashewn\u00fcsse w240, wei\u00dfe Cashewn\u00fcsse w240)<\/em> ist eine sch\u00f6ne, gro\u00dfe, ganze wei\u00dfe Cashewnuss, diese Sorte hat von <em><strong>220-240 N\u00fcsse\/Pfund (485-530 N\u00fcsse) \/kg)<\/strong><\/em> und sind international als<strong> Premium Large Nuts<\/strong> bekannt. Sie sind der dritth\u00f6chste Standard f\u00fcr Cashewn\u00fcsse in den Standardkategorien, die zur Klassifizierung von Cashewn\u00fcssen verwendet werden. W240 wei\u00dfe Cashewn\u00fcsse sind gro\u00df und teuer, daher werden sie oft zur Herstellung von <strong>Produkten verwendet: getrocknete Cashewn\u00fcsse, Honig-Cashewn\u00fcsse, ganze ger\u00f6stete Cashewn\u00fcsse mit Salz, ger\u00f6stete Cashewn\u00fcsse mit Knoblauch und Chili, Wasabi-Cashewn\u00fcsse&#8230; ..<\/strong> und viele andere hochwertige ganze Cashew-Produkte. Im Cashewnuss-Klassifizierungssystem gilt: Je fortgeschrittener die N\u00fcsse, je gr\u00f6\u00dfer sie sind, desto besser der Geschmack, je mehr N\u00e4hrstoffe in der Nuss, desto h\u00f6her der Wert. Daher ist die wei\u00dfe Cashewnuss w240 in vielen L\u00e4ndern der Welt eine beliebte Cashewnusssorte, und es besteht eine gro\u00dfe Nachfrage nach Bestellungen in Vietnam.<\/p>\n<p><strong>Was bedeutet W240 Cashew? Der Name W240 besteht aus 2 Teilen:<\/strong><\/p>\n<ul>\n<li>W steht f\u00fcr Wholes White Cashews.<\/li>\n<li>240 steht f\u00fcr 240 Cashews in 1 Pfund.<\/li>\n<\/ul>\n<table style=\"width: 77.4581%; height: 192px;\" border=\"1\" cellspacing=\"1\" cellpadding=\"1\">\n<tbody>\n<tr style=\"height: 48px;\">\n<td style=\"height: 48px;\"><strong>Produktname<\/strong>:<\/td>\n<td style=\"height: 48px;\">Wei\u00dfe Cashewkerne W240<\/td>\n<\/tr>\n<tr style=\"height: 24px;\">\n<td style=\"height: 24px;\"><strong>Grade:<\/strong><\/td>\n<td style=\"height: 24px;\">Grade W240 \u2013 AFI 1999 (Oder auf Kundenwunsch)<\/td>\n<\/tr>\n<tr style=\"height: 24px;\">\n<td style=\"height: 24px;\"><strong>Condition:<\/strong><\/td>\n<td style=\"height: 24px;\">Ganze Cashewn\u00fcsse<\/td>\n<\/tr>\n<tr style=\"height: 24px;\">\n<td style=\"height: 24px;\">\n<div><strong>Crop:<\/strong><\/div>\n<\/td>\n<td style=\"height: 24px;\">In diesem Jahr<\/td>\n<\/tr>\n<tr style=\"height: 24px;\">\n<td style=\"height: 24px;\"><strong>Use:<\/strong><\/td>\n<td style=\"height: 24px;\">Snack zubereiten, Essen zubereiten<\/td>\n<\/tr>\n<tr style=\"height: 48px;\">\n<td style=\"height: 48px;\"><strong>Certificate:<\/strong><\/td>\n<td style=\"height: 48px;\">ISO 9001:2015, HACCP Code 2003, FSPCA, FairTrade, Vietnam\u2019s Food Safety Certificate\u2026<\/td>\n<\/tr>\n<\/tbody>\n<\/table>\n<p><img decoding=\"async\" src=\"https:\/\/kimmyfarm.com\/wp-content\/uploads\/2020\/12\/hat-dieu-nhan-trang-tieu-chuan-ww240-hang-xuat-khau.jpg\" alt=\"H\u1ea1t \u0111i\u1ec1u nh\u00e2n tr\u1eafng ti\u00eau chu\u1ea9n WW240 ch\u1ea5t l\u01b0\u1ee3ng cao c\u1ea5p xu\u1ea5t kh\u1ea9u\" \/><\/p>\n<p><span style=\"font-size: 14px;\">Hochwertiger Exportstandard wei\u00dfe Cashewn\u00fcsse W240.<\/span><\/p>\n<p><img decoding=\"async\" src=\"https:\/\/kimmyfarm.com\/wp-content\/uploads\/2020\/12\/Vietnam-W240-Cashew-Nut-White-Whole-Cashews-High-Quality-Ready-For-Export-Raw-image-of-W240-From-Our-Cashew-Factory-4.jpg\" alt=\"Raw Image Of W240 Cashew Nuts From Our Cashew Factory In Binh Phuoc, Vietnam \u2013 1 W240 cashew image \" \/><\/p>\n<p><span style=\"font-size: 14px;\">Echtes Bild von W240 Cashewn\u00fcssen in der Fabrik in Binh Phuoc.<\/span><\/p>\n<p><span style=\"font-size: 24px;\"><strong>Cashewnuss-Produktionsprozess W240<\/strong><\/span><\/p>\n<ul>\n<li><strong>W\u00e4rmebehandlung:<\/strong> Der Zweck des D\u00e4mpfens von Cashewn\u00fcssen besteht darin, dass die Hitze die harte Schale der Cashewnuss weicher macht, so dass die \u00e4u\u00dfere Schale der Cashewnuss getrennt werden kann, um den wei\u00dfen Kern nach innen zu bekommen. Rohe Cashewn\u00fcsse werden mit direkter Hitze, hei\u00dfem \u00d6l oder Dampf in einen Minikocher gegeben&#8230;. um die \u00e4u\u00dfere Schale durch Temperatur zu behandeln. Nach Abschluss der W\u00e4rmebehandlung m\u00fcssen die Cashewkerne ca. 12 Stunden (ein halber Tag) abgek\u00fchlt werden, bevor sie gespalten und die Kerne hineingelegt werden.<\/li>\n<li><strong>Aufteilen der Cashewschale:<\/strong> Nachdem die W\u00e4rmebehandlung abgeschlossen ist, werden Cashewn\u00fcsse genommen, um die Schale zu spalten, die Schale schnell zu schneiden, um die \u00e4u\u00dfere Schale zu entfernen und den inneren Kern zu erhalten. Dies ist ein sehr schwieriger Prozess, bei dem Facharbeiter in der Lage sein m\u00fcssen, die Schale zu spalten, ohne den Kern im Inneren zu brechen. Nach dem Aufteilen der Schale erhalten wir 3 Produkte: Raw Cashew Shell, Raw Cashew Silk Shell und Raw Cashew Kernel. In diesem werden rohe Cashewkerne durch die Sortier- und Sortierabteilung geleitet, um ihr Niveau zu ber\u00fccksichtigen.<\/li>\n<li><strong>Sortierung und Bewertung:<\/strong> Der Cashew-Nuss-Bewertungsprozess wurde entwickelt, um wei\u00dfe Cashewkerne in verschiedene Qualit\u00e4ten zu klassifizieren. Wei\u00dfe Kerne werden in zwei Hauptkategorien unterteilt, &#8222;<strong>Whole Seeds&#8220;<\/strong> und &#8222;<strong>Broken Seeds&#8220;<\/strong>. Beim Export von ganzen Cashewkernen werden <strong>Whole Nuts<\/strong> in 15 verschiedene Sorten und<strong> Broken Nut<\/strong>s in 9 Sorten unterteilt. Die wei\u00dfe Vollkorn-Cashewnuss 240 ist hier die dritte hochwertige Cashewnuss in 15 verschiedenen Stufen zum Preis von Cashewkernen.<\/li>\n<\/ul>\n<p><img decoding=\"async\" src=\"https:\/\/kimmyfarm.com\/wp-content\/uploads\/2021\/01\/compare-w210-w240-w320-w450.jpg\" alt=\"So sanh C\u00e1c H\u1ea1ng C\u1ee7a H\u1ea1t \u0110i\u1ec1u: W210, W240, W320, W450\" \/><\/p>\n<p><span style=\"font-size: 14px;\">Vergleichen Sie Cashew-Sorten: W210, W240, W320, W450.<\/span><\/p>\n<p><span style=\"font-size: 24px;\"><strong>Ern\u00e4hrung in Cashewn\u00fcssen W240<\/strong><\/span><\/p>\n<p>Daher haben viele Studien gezeigt, dass der regelm\u00e4\u00dfige t\u00e4gliche Verzehr von Cashewn\u00fcssen viele gesundheitliche Vorteile mit sich bringen kann, die auf lange Sicht die allgemeine Gesundheit der Menschen verbessern. Standard Cashewnuss w240 ist eine Premium-Cashew-Sorte, die sich sehr gut zum direkten Verzehr eignet. Cashewn\u00fcsse tragen zur Vorbeugung von Herz-Kreislauf-Erkrankungen, zur Verringerung des Diabetesrisikos, zur Vorbeugung von Krebs, zur F\u00f6rderung der Erythrozytenbildung, zur F\u00f6rderung der Knochen- und Zahngesundheit, zur Verringerung des An\u00e4mierisikos, zur Vorbeugung von Gallensteinen, zur St\u00e4rkung des Immunsystems&#8230; N\u00fcsse bringen, sie werden viel konsumiert.<\/p>\n<p><strong>Vorteile von W240 Cashewn\u00fcssen:<\/strong><\/p>\n<ul>\n<li>Halten Sie Ihr Herz gesund.<\/li>\n<li>Kontrollieren Sie den Blutdruck.<\/li>\n<li>Herzinfarkte vorbeugen.<\/li>\n<li>Gleichen Sie den Cholesterinspiegel aus.<\/li>\n<\/ul>\n<table>\n<tbody>\n<tr>\n<td width=\"53%\"><strong>N\u00e4hrstoff\u00a0benennen.<\/strong><\/td>\n<td width=\"52%\"><strong>Stoffmenge in 100g.<\/strong><\/td>\n<\/tr>\n<tr>\n<td width=\"53%\"><strong>Menge an Mineralien.<\/strong><\/td>\n<td width=\"52%\">2.4<\/td>\n<\/tr>\n<tr>\n<td width=\"53%\"><strong>Menge an Ballaststoffen<\/strong><\/td>\n<td width=\"52%\">1.3<\/td>\n<\/tr>\n<tr>\n<td width=\"53%\"><strong>Calo<\/strong><\/td>\n<td width=\"52%\">785<\/td>\n<\/tr>\n<tr>\n<td width=\"53%\"><strong>Protein<\/strong><\/td>\n<td width=\"52%\">24<\/td>\n<\/tr>\n<tr>\n<td width=\"53%\"><strong>Fett<\/strong><\/td>\n<td width=\"52%\">64<\/td>\n<\/tr>\n<tr>\n<td width=\"53%\"><strong>Ges\u00e4ttigtes Fett<\/strong><\/td>\n<td width=\"52%\">12.9<\/td>\n<\/tr>\n<tr>\n<td width=\"53%\"><strong>Unsaturated (Oleic)<\/strong><\/td>\n<td width=\"52%\">36.8<\/td>\n<\/tr>\n<tr>\n<td width=\"53%\"><strong>Unsaturated (Linoleic)<\/strong><\/td>\n<td width=\"52%\">10.2<\/td>\n<\/tr>\n<tr>\n<td width=\"53%\"><strong>Carbohydrate<\/strong><\/td>\n<td width=\"52%\">41<\/td>\n<\/tr>\n<tr>\n<td width=\"53%\"><strong>Canxi<\/strong><\/td>\n<td width=\"52%\">53<\/td>\n<\/tr>\n<tr>\n<td width=\"53%\"><strong>Phosphor<\/strong><\/td>\n<td width=\"52%\">52.2<\/td>\n<\/tr>\n<tr>\n<td width=\"53%\"><strong>Eisen<\/strong><\/td>\n<td width=\"52%\">5.3<\/td>\n<\/tr>\n<tr>\n<td width=\"53%\"><strong>Vitamin B1<\/strong><\/td>\n<td width=\"52%\">0.63<\/td>\n<\/tr>\n<tr>\n<td width=\"53%\"><strong>Vitamin B2<\/strong><\/td>\n<td width=\"52%\">0.19<\/td>\n<\/tr>\n<tr>\n<td width=\"53%\"><strong>Vitamin B3<\/strong><\/td>\n<td width=\"52%\">2.5<\/td>\n<\/tr>\n<tr>\n<td width=\"53%\"><strong>Beta-carotene<\/strong><\/td>\n<td width=\"52%\">60<\/td>\n<\/tr>\n<tr>\n<td width=\"53%\"><strong>Retinol Equivalent<\/strong><\/td>\n<td width=\"52%\">33 IU; 10 mcg<\/td>\n<\/tr>\n<tr>\n<td width=\"53%\"><strong>Vitamin K<\/strong><\/td>\n<td width=\"52%\">650<\/td>\n<\/tr>\n<\/tbody>\n<\/table>\n<p><img decoding=\"async\" src=\"https:\/\/kimmyfarm.com\/wp-content\/uploads\/2020\/12\/Hat-dieu-nhan-trang-ww180-ww240-ww320.jpg\" \/><\/p>\n<p><span style=\"font-size: 24px;\"><strong>Echte Bilder von Cashewn\u00fcssen W240:<\/strong><\/span><\/p>\n<p><img decoding=\"async\" src=\"https:\/\/cdn.statically.io\/img\/kimmyfarm.com\/wp-content\/uploads\/2020\/12\/W240-cashew-nut-kimmy-farm.jpg?f=auto\" alt=\"Raw Image Of W240 Cashew Nuts From Our Cashew Factory In Binh Phuoc, Vietnam \u2013 2 W240 cashew image \" \/><\/p>\n<p><img decoding=\"async\" src=\"https:\/\/cdn.statically.io\/img\/kimmyfarm.com\/wp-content\/uploads\/2020\/12\/Vietnam-W240-Cashew-Nut-White-Whole-Cashews-High-Quality-Ready-For-Export-Raw-image-of-W240-From-Our-Cashew-Factory.jpg?f=auto\" alt=\"Raw Image Of W240 Cashew Nuts From Our Cashew Factory In Binh Phuoc, Vietnam \u2013 3 W240 cashew image \" \/><\/p>\n<p><img decoding=\"async\" src=\"https:\/\/cdn.statically.io\/img\/kimmyfarm.com\/wp-content\/uploads\/2020\/12\/Vietnam-W240-Cashew-Nut-White-Whole-Cashews-High-Quality-Ready-For-Export-Raw-image-of-W240-From-Our-Cashew-Factory-4.jpg?f=auto\" alt=\"Raw Image Of W240 Cashew Nuts From Our Cashew Factory In Binh Phuoc, Vietnam \u2013 4 W240 cashew image \" \/><\/p>\n<p><span style=\"font-size: 24px;\"><strong>Kontakt Kauf<\/strong><\/span><\/p>\n<p><strong>Kimmy Farm<\/strong> &#8211; ist eine Marke, die sich auf die Produktion und den Export von landwirtschaftlichen Produkten in Vietnam spezialisiert hat. Wir haben eine schwarze Soldatenfliegenfarm in Tay Ninh und ein Cashew-Anbaugebiet in Binh Phuoc. Die wichtigsten Exportprodukte des Unternehmens sind: Produkte aus Schwarzen Soldatenfliegen, Cashewn\u00fcssen, rohen Cashewn\u00fcssen, Wasseraufbereitungsanlagen&#8230;.. Einige Kunden kommen aus: Spanien, Frankreich, Deutschland, Niederlande, Polen, Griechenland, T\u00fcrkei, Russland, Schweiz, USA, Australien, S\u00fcdafrika, Vereinigte Arabische Emirate, Indien, Singapur, Japan und viele andere L\u00e4nder. Dar\u00fcber hinaus verf\u00fcgen wir \u00fcber ein Team von Mitarbeitern, die \u00fcber langj\u00e4hrige Erfahrung in gro\u00dfen Verarbeitungsbetrieben in Vietnam verf\u00fcgen. Bitte kontaktieren Sie uns, wenn Sie hochwertige Cashewkerne ben\u00f6tigen.<\/p>\n<p><img decoding=\"async\" src=\"https:\/\/kimmyfarm.com\/wp-content\/uploads\/2020\/12\/hat-dieu-duoc-dong-goi-hut-chan-khong-xuat-khau.jpg\" \/><\/p>\n","protected":false},"excerpt":{"rendered":"<p>Cashewn\u00fcsse sind sehr nahrhaft und eine gute Quelle f\u00fcr Protein und essentielle Mineralien, darunter: Kupfer, Kalzium, Magnesium, Eisen, Phosphor, Kalium und Zink. Enth\u00e4lt 0% Cholesterin. Cashewn\u00fcsse WW240 ist das perfekte Produkt, um Premium-Lebensmittel f\u00fcr jedermann zuzubereiten.<\/p>\n<p><strong>W240-Zusammenfassungsinformationen:<\/strong><\/p>\n<ul>\n<li><strong>Farbe:<\/strong> Ganzwei\u00df.<\/li>\n<li><strong>Anzahl der Samen\/Pfund:<\/strong> 220-240 Samen.<\/li>\n<li><strong>Anzahl Samen\/kg:<\/strong> 485-530 Samen.<\/li>\n<li><strong>Herkunft:<\/strong> Binh Phuoc, Vietnam.<\/li>\n<li><strong>Luftfeuchtigkeit:<\/strong> bis zu 5%.<\/li>\n<li><strong>Gebrochen:<\/strong> bis zu 10 %.<\/li>\n<li><strong>Untere Gr\u00f6\u00dfenart:<\/strong> 10 % max.<\/li>\n<li><strong>Defekt:<\/strong> bis zu 8%.<\/li>\n<li><strong>Verpackung:<\/strong> 22,68 kg pro Sack \/ 700 pro 20-Fu\u00df-Sack.<\/li>\n<\/ul>\n","protected":false},"featured_media":27107,"template":"","meta":[],"product_brand":[],"product_cat":[252,253],"product_tag":[294,299,300],"class_list":{"0":"post-22807","1":"product","2":"type-product","3":"status-publish","4":"has-post-thumbnail","6":"product_cat-binh-phuoc-cashewnusse","7":"product_cat-cashewnusse","8":"product_tag-cashewnusse","9":"product_tag-ganze-cashewnuss","10":"product_tag-weiser-cashewnusskern","12":"first","13":"instock","14":"shipping-taxable","15":"product-type-simple"},"_links":{"self":[{"href":"https:\/\/kimmyfarm.com\/de\/wp-json\/wp\/v2\/product\/22807","targetHints":{"allow":["GET"]}}],"collection":[{"href":"https:\/\/kimmyfarm.com\/de\/wp-json\/wp\/v2\/product"}],"about":[{"href":"https:\/\/kimmyfarm.com\/de\/wp-json\/wp\/v2\/types\/product"}],"version-history":[{"count":0,"href":"https:\/\/kimmyfarm.com\/de\/wp-json\/wp\/v2\/product\/22807\/revisions"}],"wp:featuredmedia":[{"embeddable":true,"href":"https:\/\/kimmyfarm.com\/de\/wp-json\/wp\/v2\/media\/27107"}],"wp:attachment":[{"href":"https:\/\/kimmyfarm.com\/de\/wp-json\/wp\/v2\/media?parent=22807"}],"wp:term":[{"taxonomy":"product_brand","embeddable":true,"href":"https:\/\/kimmyfarm.com\/de\/wp-json\/wp\/v2\/product_brand?post=22807"},{"taxonomy":"product_cat","embeddable":true,"href":"https:\/\/kimmyfarm.com\/de\/wp-json\/wp\/v2\/product_cat?post=22807"},{"taxonomy":"product_tag","embeddable":true,"href":"https:\/\/kimmyfarm.com\/de\/wp-json\/wp\/v2\/product_tag?post=22807"}],"curies":[{"name":"wp","href":"https:\/\/api.w.org\/{rel}","templated":true}]}}