{"id":22802,"date":"2020-12-14T10:30:38","date_gmt":"2020-12-14T03:30:38","guid":{"rendered":"https:\/\/kimmyfarm.com\/product\/ws-weise-cashewkerne-vertikal-gebrochen"},"modified":"2026-05-07T13:19:59","modified_gmt":"2026-05-07T06:19:59","slug":"ws-weise-cashewkerne-vertikal-gebrochen","status":"publish","type":"product","link":"https:\/\/kimmyfarm.com\/de\/produkt\/ws-weise-cashewkerne-vertikal-gebrochen","title":{"rendered":"WS Wei\u00dfe Cashewkerne vertikal gebrochen"},"content":{"rendered":"<p>Cashewn\u00fcsse enthalten viele Vitamine und Mineralstoffe, Antioxidantien wie die Vitamine E, K, B6 und die Mineralstoffe Kupfer, Phosphor, Zink, Magnesium, Eisen und Selen, um gute K\u00f6rperfunktionen aufrechtzuerhalten. Daher haben viele Studien gezeigt, dass der regelm\u00e4\u00dfige t\u00e4gliche Verzehr von Cashewn\u00fcssen viele gesundheitliche Vorteile mit sich bringen kann, die auf lange Sicht die allgemeine Gesundheit der Menschen verbessern. Hier m\u00f6chten wir Ihnen das Produkt <strong>WS Cashew &#8211; Pure Cashew of Vietnam<\/strong> vorstellen.<\/p>\n<p><span style=\"font-size: 24px;\"><strong>WS .L\u00e4ngsgebrochene Cashewkerne<\/strong><\/span><\/p>\n<p><strong>WS Cashews<\/strong> <em>(oder: White Splits Cashewnuss WS. Englisch: White Splits Cashew, Cashew White Splits , Cashew Splits N\u00fcsse, WS Cashewnuss)<\/em> ist eine Art von Wei\u00dfkern, deren Kerne w\u00e4hrend des Spaltprozesses l\u00e4ngs gespalten werden. Vertikal gebrochene Cashewn\u00fcsse werden oft zur Herstellung von <strong>Produkten verwendet: getrocknete Cashewn\u00fcsse, ger\u00f6stete ganze Cashewn\u00fcsse mit Salz, ger\u00f6stete Cashewn\u00fcsse mit Knoblauch und Chili, Cashew-Snacks, Cashewn\u00fcsse in Dosen &#8230;..<\/strong> und viele Produkte aus ganzen Cashewn\u00fcssen beliebte Samen. Im Cashewnuss-Klassifizierungssystem gilt: Je fortgeschrittener die N\u00fcsse, je gr\u00f6\u00dfer sie sind, desto besser der Geschmack, je mehr N\u00e4hrstoffe in der Nuss, desto h\u00f6her der Wert. F\u00fcr wei\u00dfe WS Cashewn\u00fcsse, die vertikal gebrochen werden, besteht jedoch in vielen L\u00e4ndern der Welt immer noch ein Bedarf, in Vietnam eine gro\u00dfe Menge dieses Artikels zu bestellen.<\/p>\n<p><img decoding=\"async\" src=\"https:\/\/kimmyfarm.com\/wp-content\/uploads\/2020\/12\/WS-Cashew-Nut-Vietnam-White-Splits-Cashews-High-Quality-Kimmy-farm-Vietnam.jpg\" alt=\"WS Cashew Nut Vietnam White Splits Cashews KIMMY FARM\" \/><\/p>\n<p><span style=\"font-size: 14px;\">WS &#8211; WS Cashewnuss Vietnam White Split Cashews KIMMY FARM.<\/span><\/p>\n<p><img decoding=\"async\" src=\"https:\/\/kimmyfarm.com\/wp-content\/uploads\/2020\/12\/hat-dieu-nhan-trang-vo-ngang-ws-cashew-ws-viet-nam-hang-xuat-khau.jpg\" alt=\"H\u1ea1t \u0111i\u1ec1u nh\u00e2n tr\u1eafng v\u1ee1 d\u1ecdc WS, theo ti\u00eau chu\u1ea9n xu\u1ea5t kh\u1ea9u.\" \/><\/p>\n<p><span style=\"font-size: 14px;\">WS vertikale gebrochene wei\u00dfe Kernel-Cashewnuss, gem\u00e4\u00df Exportstandards.<\/span><\/p>\n<p><span style=\"font-size: 24px;\"><strong>Cashewnuss-Produktionsprozess WS<\/strong><\/span><\/p>\n<ul>\n<li><strong>W\u00e4rmebehandlung:<\/strong> Der Zweck des D\u00e4mpfens von Cashewn\u00fcssen besteht darin, dass die Hitze die harte Schale der Cashewnuss weicher macht, so dass die \u00e4u\u00dfere Schale der Cashewnuss getrennt werden kann, um den wei\u00dfen Kern nach innen zu bekommen. Rohe Cashewn\u00fcsse werden mit direkter Hitze, hei\u00dfem \u00d6l oder Dampf in einen Minikocher gegeben&#8230;. um die \u00e4u\u00dfere Schale durch Temperatur zu behandeln. Nach Abschluss der W\u00e4rmebehandlung m\u00fcssen die Cashewkerne ca. 12 Stunden (ein halber Tag) abgek\u00fchlt werden, bevor sie gespalten und die Kerne hineingelegt werden.<\/li>\n<li><strong>Aufteilen der Cashewschale<\/strong>: Nachdem die W\u00e4rmebehandlung abgeschlossen ist, werden Cashewn\u00fcsse genommen, um die Schale zu spalten, die Schale schnell zu schneiden, um die \u00e4u\u00dfere Schale zu entfernen und den inneren Kern zu erhalten. Dies ist ein sehr schwieriger Prozess, bei dem Facharbeiter in der Lage sein m\u00fcssen, die Schale zu spalten, ohne den Kern im Inneren zu brechen. Nach dem Aufteilen der Schale erhalten wir 3 Produkte: Raw Cashew Shell, Raw Cashew Silk Shell und Raw Cashew Kernel. In diesem werden rohe Cashewkerne durch die Sortier- und Sortierabteilung geleitet, um ihr Niveau zu ber\u00fccksichtigen.<\/li>\n<li><strong>Sortierung und Bewertung:<\/strong> Der Cashew-Nuss-Bewertungsprozess wurde entwickelt, um wei\u00dfe Cashewkerne in verschiedene Qualit\u00e4ten zu klassifizieren. Wei\u00dfe Kerne werden in zwei Hauptkategorien unterteilt, <strong>&#8222;Whole Seeds<\/strong>&#8220; und <strong>&#8222;Broken Seeds&#8220;<\/strong>. Beim Export von ganzen Cashewkernen werden <strong>Whole Nuts<\/strong> in 15 verschiedene Sorten und <strong>Broken Nuts<\/strong> in 9 Sorten unterteilt.<\/li>\n<\/ul>\n<p><img decoding=\"async\" src=\"https:\/\/kimmyfarm.com\/wp-content\/uploads\/2020\/12\/hat-dieu-nhan-trang-vo-doc-ws-1.jpg\" \/><\/p>\n<p><span style=\"font-size: 24px;\"><strong>Ern\u00e4hrung in Cashewn\u00fcssen WS<\/strong><\/span><\/p>\n<p>Daher haben viele Studien gezeigt, dass der regelm\u00e4\u00dfige t\u00e4gliche Verzehr von Cashewn\u00fcssen viele gesundheitliche Vorteile mit sich bringen kann, die auf lange Sicht die allgemeine Gesundheit der Menschen verbessern. <strong>WS standard Cashewnuss<\/strong> ist eine sehr beliebte und g\u00fcnstige Cashewnuss, die f\u00fcr viele Menschen geeignet ist und sehr gut jeden Tag direkt gegessen werden kann. Cashewn\u00fcsse tragen zur Vorbeugung von Herz-Kreislauf-Erkrankungen, zur Verringerung des Diabetesrisikos, zur Vorbeugung von Krebs, zur F\u00f6rderung der Erythrozytenbildung, zur F\u00f6rderung der Knochen- und Zahngesundheit, zur Verringerung des An\u00e4mierisikos, zur Vorbeugung von Gallensteinen, zur St\u00e4rkung des Immunsystems&#8230; N\u00fcsse bringen, sie werden viel konsumiert.<\/p>\n<table>\n<tbody>\n<tr>\n<td width=\"53%\"><strong>N\u00e4hrstoff\u00a0benennen.<\/strong><\/td>\n<td width=\"52%\"><strong>Stoffmenge in 100g.<\/strong><\/td>\n<\/tr>\n<tr>\n<td width=\"53%\"><strong>Menge an Mineralien.<\/strong><\/td>\n<td width=\"52%\">2.4<\/td>\n<\/tr>\n<tr>\n<td width=\"53%\"><strong>Menge an Ballaststoffen<\/strong><\/td>\n<td width=\"52%\">1.3<\/td>\n<\/tr>\n<tr>\n<td width=\"53%\"><strong>Calo<\/strong><\/td>\n<td width=\"52%\">785<\/td>\n<\/tr>\n<tr>\n<td width=\"53%\"><strong>Protein<\/strong><\/td>\n<td width=\"52%\">24<\/td>\n<\/tr>\n<tr>\n<td width=\"53%\"><strong>Fett<\/strong><\/td>\n<td width=\"52%\">64<\/td>\n<\/tr>\n<tr>\n<td width=\"53%\"><strong>Ges\u00e4ttigtes Fett<\/strong><\/td>\n<td width=\"52%\">12.9<\/td>\n<\/tr>\n<tr>\n<td width=\"53%\"><strong>Unsaturated (Oleic)<\/strong><\/td>\n<td width=\"52%\">36.8<\/td>\n<\/tr>\n<tr>\n<td width=\"53%\"><strong>Unsaturated (Linoleic)<\/strong><\/td>\n<td width=\"52%\">10.2<\/td>\n<\/tr>\n<tr>\n<td width=\"53%\"><strong>Carbohydrate<\/strong><\/td>\n<td width=\"52%\">41<\/td>\n<\/tr>\n<tr>\n<td width=\"53%\"><strong>Canxi<\/strong><\/td>\n<td width=\"52%\">53<\/td>\n<\/tr>\n<tr>\n<td width=\"53%\"><strong>Phosphor<\/strong><\/td>\n<td width=\"52%\">52.2<\/td>\n<\/tr>\n<tr>\n<td width=\"53%\"><strong>Eisen<\/strong><\/td>\n<td width=\"52%\">5.3<\/td>\n<\/tr>\n<tr>\n<td width=\"53%\"><strong>Vitamin B1<\/strong><\/td>\n<td width=\"52%\">0.63<\/td>\n<\/tr>\n<tr>\n<td width=\"53%\"><strong>Vitamin B2<\/strong><\/td>\n<td width=\"52%\">0.19<\/td>\n<\/tr>\n<tr>\n<td width=\"53%\"><strong>Vitamin B3<\/strong><\/td>\n<td width=\"52%\">2.5<\/td>\n<\/tr>\n<tr>\n<td width=\"53%\"><strong>Beta-carotene<\/strong><\/td>\n<td width=\"52%\">60<\/td>\n<\/tr>\n<tr>\n<td width=\"53%\"><strong>Retinol Equivalent<\/strong><\/td>\n<td width=\"52%\">33 IU; 10 mcg<\/td>\n<\/tr>\n<tr>\n<td width=\"53%\"><strong>Vitamin K<\/strong><\/td>\n<td width=\"52%\">650<\/td>\n<\/tr>\n<\/tbody>\n<\/table>\n<h3 id=\"hinh-anh-that-hat-dieu-nhan-w320\" class=\"ftwp-heading ftwp-heading\">Echte Bilder von Cashewn\u00fcssen WS:<\/h3>\n<div id=\"attachment_15376\" class=\"wp-caption aligncenter\"><img decoding=\"async\" src=\"https:\/\/cdn.statically.io\/img\/kimmyfarm.com\/wp-content\/uploads\/2020\/12\/ws-cashew-nuts-vietnam.jpg?f=auto\" alt=\"Raw Image Of WS Cashew Nuts From Our Cashew Factory In Binh Phuoc, Vietnam \u2013 2 W320 image!\" \/><\/div>\n<p><span style=\"font-size: 14px;\">Rohbild von WS-Cashewn\u00fcssen aus unserer Cashew-Fabrik in Binh Phuoc, Vietnam \u2013 2 WS-Bild!<\/span><\/p>\n<p><img decoding=\"async\" src=\"https:\/\/cdn.statically.io\/img\/kimmyfarm.com\/wp-content\/uploads\/2020\/12\/WS-Cashew-Nut-Vietnam-White-Splits-Cashews-High-Quality-Kimmy-farm-Vietnam-3.jpg?f=auto\" alt=\"Raw Image Of WS Cashew Nuts From Our Cashew Factory In Binh Phuoc, Vietnam \u2013 3 WS image!\" \/><\/p>\n<p><span style=\"font-size: 14px;\">Rohbild von WS-Cashewn\u00fcssen aus unserer Cashew-Fabrik in Binh Phuoc, Vietnam \u2013 3 WS-Bild!<\/span><\/p>\n<p><img decoding=\"async\" src=\"https:\/\/cdn.statically.io\/img\/kimmyfarm.com\/wp-content\/uploads\/2020\/12\/WS-Cashew-Nut-Vietnam-White-Splits-Cashews-High-Quality-Kimmy-farm-Vietnam-2.jpg?f=auto\" alt=\"Raw Image Of WS Cashew Nuts From Our Cashew Factory In Binh Phuoc, Vietnam \u2013 4 WS image!\" \/><\/p>\n<p><span style=\"font-size: 14px;\">Rohbild von WS-Cashewn\u00fcssen aus unserer Cashew-Fabrik in Binh Phuoc, Vietnam \u2013 4 WS-Bild!<\/span><\/p>\n<p><strong><span style=\"font-size: 24px;\">Kontakt Kauf<\/span><\/strong><\/p>\n<p><strong>Kimmy Farm<\/strong> &#8211; ist eine Marke, die sich auf die Produktion und den Export von landwirtschaftlichen Produkten in Vietnam spezialisiert hat. Wir haben eine schwarze Soldatenfliegenfarm in Tay Ninh und ein Cashew-Anbaugebiet in Binh Phuoc. Die wichtigsten Exportprodukte des Unternehmens sind: Produkte aus Schwarzen Soldatenfliegen, Cashewn\u00fcssen, rohen Cashewn\u00fcssen, Wasseraufbereitungsanlagen&#8230;.. Einige Kunden kommen aus: Spanien, Frankreich, Deutschland, Niederlande, Polen, Griechenland, T\u00fcrkei, Russland, Schweiz, USA, Australien, S\u00fcdafrika, Vereinigte Arabische Emirate, Indien, Singapur, Japan und viele andere L\u00e4nder. Dar\u00fcber hinaus verf\u00fcgen wir \u00fcber ein Team von Mitarbeitern, die \u00fcber langj\u00e4hrige Erfahrung in gro\u00dfen Verarbeitungsbetrieben in Vietnam verf\u00fcgen. Bitte kontaktieren Sie uns, wenn Sie hochwertige Cashewkerne ben\u00f6tigen.<\/p>\n<p><img decoding=\"async\" src=\"https:\/\/kimmyfarm.com\/wp-content\/uploads\/2020\/12\/hat-dieu-duoc-dong-goi-hut-chan-khong-xuat-khau.jpg\" \/><\/p>\n","protected":false},"excerpt":{"rendered":"<p><strong>Broken Cashews WS<\/strong><em> (oder: Broken Cashews WS, White Split Cashews WS Englisch: White Split Cashews, Cashew White Splits , Cashew Splits Nuts, Cashew WS)<\/em> ist eine Art von Cashewkernen mit wei\u00dfen Kernen, die w\u00e4hrend der Verarbeitung vertikal zerbrochen sind. Vertikal gebrochene Cashewn\u00fcsse werden oft zur Herstellung von <strong>Produkten verwendet: getrocknete Cashewn\u00fcsse, ger\u00f6stete ganze Cashewn\u00fcsse mit Salz, ger\u00f6stete Cashewn\u00fcsse mit Knoblauch und Chili, Cashew-Snacks, Cashewn\u00fcsse in Dosen &#8230;..<\/strong> und viele Produkte aus ganzen Cashewn\u00fcssen beliebte Samen. Cashewn\u00fcsse sind sehr nahrhaft und eine gute Quelle f\u00fcr Protein und essentielle Mineralien, darunter: Kupfer, Kalzium, Magnesium, Eisen, Phosphor, Kalium und Zink. Enth\u00e4lt 0% Cholesterin. WS vertikale gebrochene Cashewn\u00fcsse sind das perfekte Produkt, um ein beliebtes beliebtes Essen f\u00fcr jedermann zu machen.<\/p>\n<p><strong>WS-Zusammenfassungsinformationen:<\/strong><\/p>\n<ul>\n<li><strong>Farbe:<\/strong> wei\u00df.<\/li>\n<li><strong>Zustand:<\/strong> entlang der Faser gebrochen.<\/li>\n<li><strong>Herkunft:<\/strong> Binh Phuoc, Vietnam.<\/li>\n<li><strong>Luftfeuchtigkeit:<\/strong> bis zu 5%.<\/li>\n<li><strong>Defekt:<\/strong> bis zu 10 %.<\/li>\n<li><strong>Niedrigerer Gr\u00f6\u00dfentyp:<\/strong> bis zu 10 %.<\/li>\n<li><strong>Defekt:<\/strong> bis zu 8%.<\/li>\n<\/ul>\n","protected":false},"featured_media":27089,"template":"","meta":[],"product_brand":[],"product_cat":[252,253],"product_tag":[531,295,294,532,296,403,297,300],"class_list":{"0":"post-22802","1":"product","2":"type-product","3":"status-publish","4":"has-post-thumbnail","6":"product_cat-binh-phuoc-cashewnusse","7":"product_cat-cashewnusse","8":"product_tag-cashewkerne","9":"product_tag-cashewnuskern","10":"product_tag-cashewnusse","11":"product_tag-cashewnusse-ad","12":"product_tag-gebrochene-cashewmutter","13":"product_tag-gebrochene-cashewnusse","14":"product_tag-spaltet-cashew","15":"product_tag-weiser-cashewnusskern","17":"first","18":"instock","19":"shipping-taxable","20":"product-type-simple"},"_links":{"self":[{"href":"https:\/\/kimmyfarm.com\/de\/wp-json\/wp\/v2\/product\/22802","targetHints":{"allow":["GET"]}}],"collection":[{"href":"https:\/\/kimmyfarm.com\/de\/wp-json\/wp\/v2\/product"}],"about":[{"href":"https:\/\/kimmyfarm.com\/de\/wp-json\/wp\/v2\/types\/product"}],"version-history":[{"count":0,"href":"https:\/\/kimmyfarm.com\/de\/wp-json\/wp\/v2\/product\/22802\/revisions"}],"wp:featuredmedia":[{"embeddable":true,"href":"https:\/\/kimmyfarm.com\/de\/wp-json\/wp\/v2\/media\/27089"}],"wp:attachment":[{"href":"https:\/\/kimmyfarm.com\/de\/wp-json\/wp\/v2\/media?parent=22802"}],"wp:term":[{"taxonomy":"product_brand","embeddable":true,"href":"https:\/\/kimmyfarm.com\/de\/wp-json\/wp\/v2\/product_brand?post=22802"},{"taxonomy":"product_cat","embeddable":true,"href":"https:\/\/kimmyfarm.com\/de\/wp-json\/wp\/v2\/product_cat?post=22802"},{"taxonomy":"product_tag","embeddable":true,"href":"https:\/\/kimmyfarm.com\/de\/wp-json\/wp\/v2\/product_tag?post=22802"}],"curies":[{"name":"wp","href":"https:\/\/api.w.org\/{rel}","templated":true}]}}