{"id":22716,"date":"2020-12-15T05:38:30","date_gmt":"2020-12-14T22:38:30","guid":{"rendered":"https:\/\/kimmyfarm.com\/product\/cashewnusse-lp-grose-kernfragmente"},"modified":"2021-12-31T11:57:44","modified_gmt":"2021-12-31T04:57:44","slug":"cashewnusse-lp-grose-kernfragmente","status":"publish","type":"product","link":"https:\/\/kimmyfarm.com\/de\/produkt\/cashewnusse-lp-grose-kernfragmente","title":{"rendered":"Cashewn\u00fcsse LP Gro\u00dfe Kernfragmente"},"content":{"rendered":"<p>Wissenschaftlich gesehen sind Cashewkerne eine gro\u00dfartige N\u00e4hrstoffquelle, da sie mehr Vitamin C, Kalzium, Eisen und Vitamin B1, l\u00f6sliche Ballaststoffe, Vitamine und Mineralstoffe enthalten als andere Fr\u00fcchte, Avocados und Bananen. Sie sind reich an \u201eherzfreundlichen\u201c einfach unges\u00e4ttigten Fetts\u00e4uren wie \u00d6ls\u00e4ure und Palmitoleins\u00e4ure. Sie enthalten auch diese essentiellen Fetts\u00e4uren, die dazu beitragen, das schlechte LDL-Cholesterin zu senken und gleichzeitig das gute HDL-Cholesterin zu erh\u00f6hen. Daher haben viele Studien gezeigt, dass der regelm\u00e4\u00dfige t\u00e4gliche Verzehr von Cashewn\u00fcssen viele gesundheitliche Vorteile mit sich bringen kann, die auf lange Sicht die allgemeine Gesundheit der Menschen verbessern. Hier m\u00f6chten wir Ihnen das Produkt <strong>Cashew Nuts LP &#8211; Large Pieces of Cashew<\/strong> vorstellen.<\/p>\n<p><span style=\"font-size: 24px;\"><strong>Gro\u00dfe gebrochene Cashewn\u00fcsse LP<\/strong><\/span><\/p>\n<p><strong>Cashewn\u00fcsse LP<\/strong> <em>(oder: Cashewn\u00fcsse Large Pieces, Cashew Large Pieces)<\/em> sind Cashewn\u00fcsse, die in gro\u00dfe St\u00fccke gebrochen werden. In der Cashewnuss-Klassifizierung werden N\u00fcsse klassifiziert. Je h\u00f6her die Note, desto gr\u00f6\u00dfer, desto besser der Geschmack , je mehr N\u00e4hrstoffe in den Samen sind, desto h\u00f6her ist der Wert. In gro\u00dfe Fragmente gebrochene Cashewn\u00fcsse werden immer noch zugekauft, um Produkte f\u00fcr den Konsum auf dem Markt zu bilden.<\/p>\n<p><img decoding=\"async\" src=\"https:\/\/kimmyfarm.com\/wp-content\/uploads\/2020\/12\/hat-dieu-nhan-manh-vo-nhan-lon-cashew-lp-viet-nam-1.jpg\" \/><\/p>\n<p><span style=\"font-size: 24px;\"><strong>Cashewnuss-Produktionsprozess LP<\/strong><\/span><\/p>\n<ul>\n<li><strong>W\u00e4rmebehandlung:<\/strong> Der Zweck des D\u00e4mpfens von Cashewn\u00fcssen besteht darin, dass die Hitze die harte Schale der Cashewnuss weicher macht, so dass die \u00e4u\u00dfere Schale der Cashewnuss getrennt werden kann, um den wei\u00dfen Kern nach innen zu bekommen. Rohe Cashewn\u00fcsse werden mit direkter Hitze, hei\u00dfem \u00d6l oder Dampf in einen Minikocher gegeben&#8230;. um die \u00e4u\u00dfere Schale durch Temperatur zu behandeln. Nach Abschluss der W\u00e4rmebehandlung m\u00fcssen die Cashewkerne ca. 12 Stunden (ein halber Tag) abgek\u00fchlt werden, bevor sie gespalten und die Kerne hineingelegt werden.<\/li>\n<li><strong>Aufteilen der Cashewschale:<\/strong> Nachdem die W\u00e4rmebehandlung abgeschlossen ist, werden Cashewn\u00fcsse genommen, um die Schale zu spalten, die Schale schnell zu schneiden, um die \u00e4u\u00dfere Schale zu entfernen und den inneren Kern zu erhalten. Dies ist ein sehr schwieriger Prozess, bei dem Facharbeiter in der Lage sein m\u00fcssen, die Schale zu spalten, ohne den Kern im Inneren zu brechen. Nach dem Aufteilen der Schale erhalten wir 3 Produkte: Raw Cashew Shell, Raw Cashew Silk Shell und Raw Cashew Kernel. In diesem werden rohe Cashewkerne durch die Sortier- und Sortierabteilung geleitet, um ihr Niveau zu ber\u00fccksichtigen.<\/li>\n<li><strong>Sortierung und Bewertung:<\/strong> Der Cashew-Nuss-Bewertungsprozess wurde entwickelt, um wei\u00dfe Cashewkerne in verschiedene Qualit\u00e4ten zu klassifizieren. Wei\u00dfe Kerne werden in zwei Hauptkategorien unterteilt, &#8222;<strong>Whole Seeds&#8220;<\/strong> und <strong>&#8222;Broken Seeds&#8220;<\/strong>. Beim Export von ganzen Cashewkernen werden <strong>Whole Nuts<\/strong> in 15 verschiedene Sorten und<strong> Broken Nuts<\/strong> in 9 Sorten unterteilt.<\/li>\n<\/ul>\n<p><img decoding=\"async\" src=\"https:\/\/kimmyfarm.com\/wp-content\/uploads\/2020\/12\/hat-dieu-nhan-loai-manh-vo-nhan-lon-lp-5.jpg\" \/><\/p>\n<p><span style=\"font-size: 24px;\"><strong>Ern\u00e4hrung in Cashewn\u00fcssen LP<\/strong><\/span><\/p>\n<p>Daher haben viele Studien gezeigt, dass der regelm\u00e4\u00dfige t\u00e4gliche Verzehr von Cashewn\u00fcssen viele gesundheitliche Vorteile mit sich bringen kann, die auf lange Sicht die allgemeine Gesundheit der Menschen verbessern. <strong>LP Standard Cashewnuss<\/strong> ist eine sehr beliebte und g\u00fcnstige Cashewnuss, die f\u00fcr viele Menschen geeignet ist und sehr gut jeden Tag direkt gegessen werden kann. Cashewn\u00fcsse helfen Herz-Kreislauf-Erkrankungen vorzubeugen, reduzieren das Risiko von Diabetes, helfen Krebs vorzubeugen, f\u00f6rdern die Bildung von roten Blutk\u00f6rperchen, f\u00f6rdern die Knochen- und Mundgesundheit, reduzieren das Risiko von An\u00e4mie, beugen Gallensteinen vor, st\u00e4rken das Immunsystem&#8230; Wegen der gro\u00dfen Vorteile, die Cashew N\u00fcsse bringen, sie werden viel konsumiert.<\/p>\n<table>\n<tbody>\n<tr>\n<td width=\"53%\"><strong>N\u00e4hrstoff\u00a0benennen.<\/strong><\/td>\n<td width=\"52%\"><strong>Stoffmenge in 100g.<\/strong><\/td>\n<\/tr>\n<tr>\n<td width=\"53%\"><strong>Menge an Mineralien.<\/strong><\/td>\n<td width=\"52%\">2.4<\/td>\n<\/tr>\n<tr>\n<td width=\"53%\"><strong>Menge an Ballaststoffen<\/strong><\/td>\n<td width=\"52%\">1.3<\/td>\n<\/tr>\n<tr>\n<td width=\"53%\"><strong>Calo<\/strong><\/td>\n<td width=\"52%\">785<\/td>\n<\/tr>\n<tr>\n<td width=\"53%\"><strong>Protein<\/strong><\/td>\n<td width=\"52%\">24<\/td>\n<\/tr>\n<tr>\n<td width=\"53%\"><strong>Fett<\/strong><\/td>\n<td width=\"52%\">64<\/td>\n<\/tr>\n<tr>\n<td width=\"53%\"><strong>Ges\u00e4ttigtes Fett<\/strong><\/td>\n<td width=\"52%\">12.9<\/td>\n<\/tr>\n<tr>\n<td width=\"53%\"><strong>Unsaturated (Oleic)<\/strong><\/td>\n<td width=\"52%\">36.8<\/td>\n<\/tr>\n<tr>\n<td width=\"53%\"><strong>Unsaturated (Linoleic)<\/strong><\/td>\n<td width=\"52%\">10.2<\/td>\n<\/tr>\n<tr>\n<td width=\"53%\"><strong>Carbohydrate<\/strong><\/td>\n<td width=\"52%\">41<\/td>\n<\/tr>\n<tr>\n<td width=\"53%\"><strong>Canxi<\/strong><\/td>\n<td width=\"52%\">53<\/td>\n<\/tr>\n<tr>\n<td width=\"53%\"><strong>Phosphor<\/strong><\/td>\n<td width=\"52%\">52.2<\/td>\n<\/tr>\n<tr>\n<td width=\"53%\"><strong>Eisen<\/strong><\/td>\n<td width=\"52%\">5.3<\/td>\n<\/tr>\n<tr>\n<td width=\"53%\"><strong>Vitamin B1<\/strong><\/td>\n<td width=\"52%\">0.63<\/td>\n<\/tr>\n<tr>\n<td width=\"53%\"><strong>Vitamin B2<\/strong><\/td>\n<td width=\"52%\">0.19<\/td>\n<\/tr>\n<tr>\n<td width=\"53%\"><strong>Vitamin B3<\/strong><\/td>\n<td width=\"52%\">2.5<\/td>\n<\/tr>\n<tr>\n<td width=\"53%\"><strong>Beta-carotene<\/strong><\/td>\n<td width=\"52%\">60<\/td>\n<\/tr>\n<tr>\n<td width=\"53%\"><strong>Retinol Equivalent<\/strong><\/td>\n<td width=\"52%\">33 IU; 10 mcg<\/td>\n<\/tr>\n<tr>\n<td width=\"53%\"><strong>Vitamin K<\/strong><\/td>\n<td width=\"52%\">650<\/td>\n<\/tr>\n<\/tbody>\n<\/table>\n<p><img decoding=\"async\" class=\"aligncenter\" src=\"https:\/\/kimmyfarm.com\/wp-content\/uploads\/2020\/12\/hat-dieu-nhan-loai-manh-vo-nhan-lon-lp-8.jpg\" \/><\/p>\n<p><span style=\"font-size: 24px;\"><strong>Kontakt Kauf<\/strong><\/span><\/p>\n<p><strong>Kimmy Farm<\/strong> &#8211; ist eine Marke, die sich auf die Produktion und den Export von landwirtschaftlichen Produkten in Vietnam spezialisiert hat. Wir haben eine schwarze Soldatenfliegenfarm in Tay Ninh und ein Cashew-Anbaugebiet in Binh Phuoc. Die wichtigsten Exportprodukte des Unternehmens sind: <strong>Produkte aus Schwarzen Soldatenfliegen, Cashewn\u00fcssen, rohen Cashewn\u00fcssen, Wasseraufbereitungsanlagen&#8230;..<\/strong> Einige Kunden kommen aus: Spanien, Frankreich, Deutschland, Niederlande, Polen, Griechenland, T\u00fcrkei, Russland, Schweiz, USA, Australien, S\u00fcdafrika, Vereinigte Arabische Emirate, Indien, Singapur, Japan und viele andere L\u00e4nder. Dar\u00fcber hinaus verf\u00fcgen wir \u00fcber ein Team von Mitarbeitern, die \u00fcber langj\u00e4hrige Erfahrung in gro\u00dfen Verarbeitungsbetrieben in Vietnam verf\u00fcgen. Bitte kontaktieren Sie uns, wenn Sie hochwertige Cashewkerne ben\u00f6tigen.<\/p>\n<p><strong><img decoding=\"async\" src=\"https:\/\/kimmyfarm.com\/wp-content\/uploads\/2020\/12\/hat-dieu-duoc-dong-goi-hut-chan-khong-xuat-khau.jpg\" \/><\/strong><\/p>\n","protected":false},"excerpt":{"rendered":"<p>Cashewn\u00fcsse sind sehr nahrhaft und eine gute Quelle f\u00fcr Protein und essentielle Mineralien, darunter: Kupfer, Kalzium, Magnesium, Eisen, Phosphor, Kalium und Zink. Enth\u00e4lt 0% Cholesterin, gut f\u00fcr das Herz.<\/p>\n<p><strong>Zusammenfassung von Cashewn\u00fcssen LP:<\/strong><\/p>\n<ul>\n<li><strong>Farbe:<\/strong> wei\u00df.<\/li>\n<li><strong>Zustand:<\/strong> Gro\u00dfes Kernfragment.<\/li>\n<li><strong>Herkunft:<\/strong> Binh Phuoc, Vietnam.<\/li>\n<li><strong>Luftfeuchtigkeit:<\/strong> bis zu 5%.<\/li>\n<li><strong>Gebrochen:<\/strong> bis zu 10 %.<\/li>\n<li><strong>Untere Gr\u00f6\u00dfenart:<\/strong> 10 % max.<\/li>\n<li><strong>Defekt:<\/strong> bis zu 8%.<\/li>\n<\/ul>\n","protected":false},"featured_media":27165,"template":"","meta":[],"product_brand":[],"product_cat":[252,253],"product_tag":[294,296],"class_list":{"0":"post-22716","1":"product","2":"type-product","3":"status-publish","4":"has-post-thumbnail","6":"product_cat-binh-phuoc-cashewnusse","7":"product_cat-cashewnusse","8":"product_tag-cashewnusse","9":"product_tag-gebrochene-cashewmutter","11":"first","12":"instock","13":"shipping-taxable","14":"product-type-simple"},"_links":{"self":[{"href":"https:\/\/kimmyfarm.com\/de\/wp-json\/wp\/v2\/product\/22716","targetHints":{"allow":["GET"]}}],"collection":[{"href":"https:\/\/kimmyfarm.com\/de\/wp-json\/wp\/v2\/product"}],"about":[{"href":"https:\/\/kimmyfarm.com\/de\/wp-json\/wp\/v2\/types\/product"}],"version-history":[{"count":0,"href":"https:\/\/kimmyfarm.com\/de\/wp-json\/wp\/v2\/product\/22716\/revisions"}],"wp:featuredmedia":[{"embeddable":true,"href":"https:\/\/kimmyfarm.com\/de\/wp-json\/wp\/v2\/media\/27165"}],"wp:attachment":[{"href":"https:\/\/kimmyfarm.com\/de\/wp-json\/wp\/v2\/media?parent=22716"}],"wp:term":[{"taxonomy":"product_brand","embeddable":true,"href":"https:\/\/kimmyfarm.com\/de\/wp-json\/wp\/v2\/product_brand?post=22716"},{"taxonomy":"product_cat","embeddable":true,"href":"https:\/\/kimmyfarm.com\/de\/wp-json\/wp\/v2\/product_cat?post=22716"},{"taxonomy":"product_tag","embeddable":true,"href":"https:\/\/kimmyfarm.com\/de\/wp-json\/wp\/v2\/product_tag?post=22716"}],"curies":[{"name":"wp","href":"https:\/\/api.w.org\/{rel}","templated":true}]}}