{"id":22706,"date":"2020-12-15T06:23:31","date_gmt":"2020-12-14T23:23:31","guid":{"rendered":"https:\/\/kimmyfarm.com\/product\/standard-sw320-goldene-cashewkerne"},"modified":"2021-12-31T12:09:54","modified_gmt":"2021-12-31T05:09:54","slug":"standard-sw320-goldene-cashewkerne","status":"publish","type":"product","link":"https:\/\/kimmyfarm.com\/de\/produkt\/standard-sw320-goldene-cashewkerne","title":{"rendered":"Standard SW320 Goldene Cashewkerne"},"content":{"rendered":"<p>Wissenschaftlich gesehen sind Cashewn\u00fcsse eine gro\u00dfartige N\u00e4hrstoffquelle, da Cashew\u00e4pfel 5-mal mehr Vitamin C enthalten als Orangen und mehr Kalzium, Eisen und Vitamin B1 enthalten als andere Fr\u00fcchte, Avocados und Bananen. Daher haben viele Studien gezeigt, dass der regelm\u00e4\u00dfige t\u00e4gliche Verzehr von Cashewn\u00fcssen viele gesundheitliche Vorteile mit sich bringen kann, die auf lange Sicht die allgemeine Gesundheit der Menschen verbessern. Hier m\u00f6chten wir Ihnen <strong>SW320 Cashewn\u00fcsse &#8211; Vietnam Pure Golden Cashewn\u00fcsse.<\/strong>\u00a0vorstellen.<\/p>\n<p><span style=\"font-size: 24px;\"><strong>Cashewkerne SW320<\/strong><\/span><\/p>\n<p><strong>Standard Cashewnuss SW320<\/strong><em> (oder: Scorched Whole Cashew SW320, Cashew SW320)<\/em> ist ein gelber Kern, ganz, mit <strong>300-320 N\u00fcssen\/Pfund ( 660-706 N\u00fcsse\/kg)<\/strong> , sie sind die Standardlinie der goldenen Cashews. SW320 goldene Cashewnuss ist eine Cashewnuss in Standardgr\u00f6\u00dfe, die weit verbreitet ist und ein gro\u00dfes Exportvolumen in Vietnam hat. Cashewn\u00fcsse dieser Gr\u00f6\u00dfe werden h\u00e4ufig zur Herstellung von Produkten verwendet: <strong>getrocknete Cashewn\u00fcsse, Honig-Cashewn\u00fcsse, ganze ger\u00f6stete Cashewn\u00fcsse mit Salz, ger\u00f6stete Cashewn\u00fcsse mit Knoblauch und Chili, Wasabi-Cashews, Cashew-Snacks, Cashew-Dosen&#8230;.<\/strong> und viele beliebte ganze Cashew-Produkte . Im Cashewnuss-Klassifizierungssystem gilt: Je fortgeschrittener die N\u00fcsse, je gr\u00f6\u00dfer sie sind, desto besser der Geschmack, je mehr N\u00e4hrstoffe in der Nuss, desto h\u00f6her der Wert. Daher werden SW450 goldene Cashewn\u00fcsse von vielen L\u00e4ndern auf der ganzen Welt sehr beliebt verwendet, und es besteht eine gro\u00dfe Nachfrage nach Bestellungen in Vietnam.<\/p>\n<p><img decoding=\"async\" src=\"https:\/\/kimmyfarm.com\/wp-content\/uploads\/2020\/12\/hat-dieu-nhan-vang-tieu-chuan-sw320-1.jpg\" \/><\/p>\n<p><span style=\"font-size: 24px;\"><strong>Cashewnuss-Produktionsprozess SW320<\/strong><\/span><\/p>\n<ul>\n<li><strong>W\u00e4rmebehandlung:<\/strong> Der Zweck des D\u00e4mpfens von Cashewn\u00fcssen besteht darin, dass die Hitze die harte Schale der Cashewnuss weicher macht, so dass die \u00e4u\u00dfere Schale der Cashewnuss getrennt werden kann, um den wei\u00dfen Kern nach innen zu bekommen. Rohe Cashewn\u00fcsse werden mit direkter Hitze, hei\u00dfem \u00d6l oder Dampf in einen Minikocher gegeben&#8230;. um die \u00e4u\u00dfere Schale durch Temperatur zu behandeln. Nach Abschluss der W\u00e4rmebehandlung m\u00fcssen die Cashewkerne ca. 12 Stunden (ein halber Tag) abgek\u00fchlt werden, bevor sie gespalten und die Kerne hineingelegt werden.<\/li>\n<li><strong>Aufteilen der Cashewschale:<\/strong> Nachdem die W\u00e4rmebehandlung abgeschlossen ist, werden Cashewn\u00fcsse genommen, um die Schale zu spalten, die Schale schnell zu schneiden, um die \u00e4u\u00dfere Schale zu entfernen und den inneren Kern zu erhalten. Dies ist ein sehr schwieriger Prozess, bei dem Facharbeiter in der Lage sein m\u00fcssen, die Schale zu spalten, ohne den Kern im Inneren zu brechen. Nach dem Aufteilen der Schale erhalten wir 3 Produkte: Raw Cashew Shell, Raw Cashew Silk Shell und Raw Cashew Kernel. In diesem werden rohe Cashewkerne durch die Sortier- und Sortierabteilung geleitet, um ihr Niveau zu ber\u00fccksichtigen.<\/li>\n<li><strong>Sortierung und Bewertung:<\/strong> Der Cashew-Nuss-Bewertungsprozess wurde entwickelt, um wei\u00dfe Cashewkerne in verschiedene Qualit\u00e4ten zu klassifizieren. Wei\u00dfe Kerne werden in zwei Hauptkategorien unterteilt, <strong>&#8222;Whole Seeds<\/strong>&#8220; und &#8222;<strong>Broken Seeds&#8220;<\/strong>. Beim Export von ganzen Cashewkernen werden <strong>Whole Nuts<\/strong> in 15 verschiedene Sorten und<strong> Broken Nuts<\/strong> in 9 Sorten unterteilt. Hier ist 320 Vollkorn wei\u00dfe Cashewnuss eine sehr beliebte Cashewnuss mit 15 verschiedenen Stufen zum Preis von Cashewkernen.<\/li>\n<\/ul>\n<p><span style=\"font-size: 24px;\"><strong>Ern\u00e4hrung in Cashewn\u00fcssen SW320<\/strong><\/span><\/p>\n<p>Daher haben viele Studien gezeigt, dass der regelm\u00e4\u00dfige t\u00e4gliche Verzehr von Cashewn\u00fcssen viele gesundheitliche Vorteile mit sich bringen kann, die auf lange Sicht die allgemeine Gesundheit der Menschen verbessern. <strong>Die Standard Cashewnuss sw320<\/strong> ist eine sehr beliebte Cashewnuss mit einem erschwinglichen Preis, die f\u00fcr viele Menschen geeignet ist, sehr gut jeden Tag direkt zu essen. Cashewn\u00fcsse helfen Herz-Kreislauf-Erkrankungen vorzubeugen, reduzieren das Risiko von Diabetes, helfen Krebs vorzubeugen, f\u00f6rdern die Bildung von roten Blutk\u00f6rperchen, f\u00f6rdern die Knochen- und Mundgesundheit, reduzieren das Risiko von An\u00e4mie, beugen Gallensteinen vor, st\u00e4rken das Immunsystem&#8230; Wegen der gro\u00dfen Vorteile, die Cashew N\u00fcsse bringen, sie werden viel konsumiert.<\/p>\n<table style=\"width: 100.277%; height: 456px;\">\n<tbody>\n<tr style=\"height: 24px;\">\n<td style=\"height: 24px;\" width=\"53%\"><strong>N\u00e4hrstoff\u00a0benennen.<\/strong><\/td>\n<td style=\"height: 24px;\" width=\"52%\"><strong>Stoffmenge in 100g.<\/strong><\/td>\n<\/tr>\n<tr style=\"height: 24px;\">\n<td style=\"height: 24px;\" width=\"53%\"><strong>Menge an Mineralien.<\/strong><\/td>\n<td style=\"height: 24px;\" width=\"52%\">2.4<\/td>\n<\/tr>\n<tr style=\"height: 24px;\">\n<td style=\"height: 24px;\" width=\"53%\"><strong>Menge an Ballaststoffen<\/strong><\/td>\n<td style=\"height: 24px;\" width=\"52%\">1.3<\/td>\n<\/tr>\n<tr style=\"height: 24px;\">\n<td style=\"height: 24px;\" width=\"53%\"><strong>Calo<\/strong><\/td>\n<td style=\"height: 24px;\" width=\"52%\">785<\/td>\n<\/tr>\n<tr style=\"height: 24px;\">\n<td style=\"height: 24px;\" width=\"53%\"><strong>Protein<\/strong><\/td>\n<td style=\"height: 24px;\" width=\"52%\">24<\/td>\n<\/tr>\n<tr style=\"height: 24px;\">\n<td style=\"height: 24px;\" width=\"53%\"><strong>Fett<\/strong><\/td>\n<td style=\"height: 24px;\" width=\"52%\">64<\/td>\n<\/tr>\n<tr style=\"height: 24px;\">\n<td style=\"height: 24px;\" width=\"53%\"><strong>Ges\u00e4ttigtes Fett<\/strong><\/td>\n<td style=\"height: 24px;\" width=\"52%\">12.9<\/td>\n<\/tr>\n<tr style=\"height: 24px;\">\n<td style=\"height: 24px;\" width=\"53%\"><strong>Unsaturated (Oleic)<\/strong><\/td>\n<td style=\"height: 24px;\" width=\"52%\">36.8<\/td>\n<\/tr>\n<tr style=\"height: 24px;\">\n<td style=\"height: 24px;\" width=\"53%\"><strong>Unsaturated (Linoleic)<\/strong><\/td>\n<td style=\"height: 24px;\" width=\"52%\">10.2<\/td>\n<\/tr>\n<tr style=\"height: 24px;\">\n<td style=\"height: 24px;\" width=\"53%\"><strong>Carbohydrate<\/strong><\/td>\n<td style=\"height: 24px;\" width=\"52%\">41<\/td>\n<\/tr>\n<tr style=\"height: 24px;\">\n<td style=\"height: 24px;\" width=\"53%\"><strong>Canxi<\/strong><\/td>\n<td style=\"height: 24px;\" width=\"52%\">53<\/td>\n<\/tr>\n<tr style=\"height: 24px;\">\n<td style=\"height: 24px;\" width=\"53%\"><strong>Phosphor<\/strong><\/td>\n<td style=\"height: 24px;\" width=\"52%\">52.2<\/td>\n<\/tr>\n<tr style=\"height: 24px;\">\n<td style=\"height: 24px;\" width=\"53%\"><strong>Eisen<\/strong><\/td>\n<td style=\"height: 24px;\" width=\"52%\">5.3<\/td>\n<\/tr>\n<tr style=\"height: 24px;\">\n<td style=\"height: 24px;\" width=\"53%\"><strong>Vitamin B1<\/strong><\/td>\n<td style=\"height: 24px;\" width=\"52%\">0.63<\/td>\n<\/tr>\n<tr style=\"height: 24px;\">\n<td style=\"height: 24px;\" width=\"53%\"><strong>Vitamin B2<\/strong><\/td>\n<td style=\"height: 24px;\" width=\"52%\">0.19<\/td>\n<\/tr>\n<tr style=\"height: 24px;\">\n<td style=\"height: 24px;\" width=\"53%\"><strong>Vitamin B3<\/strong><\/td>\n<td style=\"height: 24px;\" width=\"52%\">2.5<\/td>\n<\/tr>\n<tr style=\"height: 24px;\">\n<td style=\"height: 24px;\" width=\"53%\"><strong>Beta-carotene<\/strong><\/td>\n<td style=\"height: 24px;\" width=\"52%\">60<\/td>\n<\/tr>\n<tr style=\"height: 24px;\">\n<td style=\"height: 24px;\" width=\"53%\"><strong>Retinol Equivalent<\/strong><\/td>\n<td style=\"height: 24px;\" width=\"52%\">33 IU; 10 mcg<\/td>\n<\/tr>\n<tr style=\"height: 24px;\">\n<td style=\"height: 24px;\" width=\"53%\"><strong>Vitamin K<\/strong><\/td>\n<td style=\"height: 24px;\" width=\"52%\">650<\/td>\n<\/tr>\n<\/tbody>\n<\/table>\n<p><span style=\"font-size: 24px;\"><strong>Kontakt Kauf<\/strong><\/span><\/p>\n<p><strong>Kimmy Farm<\/strong> &#8211; ist eine Marke, die sich auf die Produktion und den Export von landwirtschaftlichen Produkten in Vietnam spezialisiert hat. Wir haben eine schwarze Soldatenfliegenfarm in Tay Ninh und ein Cashew-Anbaugebiet in Binh Phuoc. Die wichtigsten Exportprodukte des Unternehmens sind: <strong>Produkte aus Schwarzen Soldatenfliegen, Cashewn\u00fcssen, rohen Cashewn\u00fcssen, Wasseraufbereitungsanlagen&#8230;..<\/strong> Einige Kunden kommen aus: Spanien, Frankreich, Deutschland, Niederlande, Polen, Griechenland, T\u00fcrkei, Russland, Schweiz, USA, Australien, S\u00fcdafrika, Vereinigte Arabische Emirate, Indien, Singapur, Japan und viele andere L\u00e4nder. Dar\u00fcber hinaus verf\u00fcgen wir \u00fcber ein Team von Mitarbeitern, die \u00fcber langj\u00e4hrige Erfahrung in gro\u00dfen Verarbeitungsbetrieben in Vietnam verf\u00fcgen. Bitte kontaktieren Sie uns, wenn Sie hochwertige Cashewkerne ben\u00f6tigen.<\/p>\n<p><img decoding=\"async\" src=\"https:\/\/kimmyfarm.com\/wp-content\/uploads\/2020\/12\/hat-dieu-duoc-dong-goi-hut-chan-khong-xuat-khau.jpg\" \/><\/p>\n","protected":false},"excerpt":{"rendered":"<p>Cashewn\u00fcsse sind sehr nahrhaft und eine gute Quelle f\u00fcr Protein und essentielle Mineralien, darunter: Kupfer, Kalzium, Magnesium, Eisen, Phosphor, Kalium und Zink. Enth\u00e4lt 0% Cholesterin. SW320 Goldkerne sind Cashewnussprodukte durch \u00dcberhitzung beim \u00d6len oder Trocknen, daher sind sie dunkelelfenbein, hellgr\u00fcn oder braun bis dunkelbraun.<\/p>\n<p><span style=\"font-size: 20px;\"><strong>Kurzinfo SW320:<\/strong><\/span><\/p>\n<ul>\n<li><strong>Farbe:<\/strong> Gold<\/li>\n<li><strong>Zustand:<\/strong> Vollkorn<\/li>\n<li><strong>Anzahl der Samen\/Pfund:<\/strong> 300-320 Samen<\/li>\n<li><strong>Anzahl Samen\/kg:<\/strong> 660-706 Samen<\/li>\n<li><strong>Herkunft<\/strong>: Binh Phuoc, Vietnam<\/li>\n<li><strong>Luftfeuchtigkeit:<\/strong> bis zu 5%<\/li>\n<li><strong>Defekt:<\/strong> bis zu 10 %<\/li>\n<li><strong>Niedrigerer Gr\u00f6\u00dfentyp:<\/strong> bis zu 10 %<\/li>\n<li><strong>Defekt:<\/strong> bis zu 8%<\/li>\n<\/ul>\n","protected":false},"featured_media":20004,"template":"","meta":[],"product_brand":[],"product_cat":[252,253],"product_tag":[294,299,301],"class_list":{"0":"post-22706","1":"product","2":"type-product","3":"status-publish","4":"has-post-thumbnail","6":"product_cat-binh-phuoc-cashewnusse","7":"product_cat-cashewnusse","8":"product_tag-cashewnusse","9":"product_tag-ganze-cashewnuss","10":"product_tag-verbrannte-cashewnuss","12":"first","13":"instock","14":"shipping-taxable","15":"product-type-simple"},"_links":{"self":[{"href":"https:\/\/kimmyfarm.com\/de\/wp-json\/wp\/v2\/product\/22706","targetHints":{"allow":["GET"]}}],"collection":[{"href":"https:\/\/kimmyfarm.com\/de\/wp-json\/wp\/v2\/product"}],"about":[{"href":"https:\/\/kimmyfarm.com\/de\/wp-json\/wp\/v2\/types\/product"}],"version-history":[{"count":0,"href":"https:\/\/kimmyfarm.com\/de\/wp-json\/wp\/v2\/product\/22706\/revisions"}],"wp:featuredmedia":[{"embeddable":true,"href":"https:\/\/kimmyfarm.com\/de\/wp-json\/wp\/v2\/media\/20004"}],"wp:attachment":[{"href":"https:\/\/kimmyfarm.com\/de\/wp-json\/wp\/v2\/media?parent=22706"}],"wp:term":[{"taxonomy":"product_brand","embeddable":true,"href":"https:\/\/kimmyfarm.com\/de\/wp-json\/wp\/v2\/product_brand?post=22706"},{"taxonomy":"product_cat","embeddable":true,"href":"https:\/\/kimmyfarm.com\/de\/wp-json\/wp\/v2\/product_cat?post=22706"},{"taxonomy":"product_tag","embeddable":true,"href":"https:\/\/kimmyfarm.com\/de\/wp-json\/wp\/v2\/product_tag?post=22706"}],"curies":[{"name":"wp","href":"https:\/\/api.w.org\/{rel}","templated":true}]}}