{"id":22700,"date":"2020-12-15T06:28:13","date_gmt":"2020-12-14T23:28:13","guid":{"rendered":"https:\/\/kimmyfarm.com\/product\/sb-horizontaler-tank-gelbe-cashewkerne"},"modified":"2021-12-30T23:39:33","modified_gmt":"2021-12-30T16:39:33","slug":"sb-horizontaler-tank-gelbe-cashewkerne","status":"publish","type":"product","link":"https:\/\/kimmyfarm.com\/de\/produkt\/sb-horizontaler-tank-gelbe-cashewkerne","title":{"rendered":"SB horizontaler Tank gelbe Cashewkerne"},"content":{"rendered":"<p>Wissenschaftlich gesehen sind Cashewn\u00fcsse eine gro\u00dfartige N\u00e4hrstoffquelle, da Cashew\u00e4pfel 5-mal mehr Vitamin C enthalten als Orangen und mehr Kalzium, Eisen und Vitamin B1 enthalten als andere Fr\u00fcchte, Avocados und Bananen. Daher haben viele Studien gezeigt, dass der regelm\u00e4\u00dfige t\u00e4gliche Verzehr von Cashewn\u00fcssen viele gesundheitliche Vorteile mit sich bringen kann, die auf lange Sicht die allgemeine Gesundheit der Menschen verbessern. Hier m\u00f6chten wir Ihnen <strong>SB Cashew Nuts &#8211; Horizontal Tank Golden Cashew Nuts<\/strong> vorstellen.<\/p>\n<p><span style=\"font-size: 24px;\"><strong>Horizontale gebrochene Cashewn\u00fcsse SB.<\/strong><\/span><\/p>\n<p><strong>Standard SB Cashews<\/strong> <em>(oder: Double Broken Golden Cashews, Horizontal Broken Golden Cashews, Englisch: Scorched Butts Cashewnuss, Cashew sb, Cashewn\u00fcsse sb)<\/em> sind goldene Kerne, deren Kerne w\u00e4hrend des Prozesses horizontal gebrochen werden. Horizontal gebrochene Cashewkerne werden h\u00e4ufig zur Herstellung <strong>von Produkten verwendet: getrocknete Cashewkerne, ger\u00f6stete ganze Cashewn\u00fcsse mit Salz, ger\u00f6stete Cashewn\u00fcsse mit Knoblauch und Chili, Cashew-Snacks, Cashewn\u00fcsse in Dosen &#8230;..<\/strong> und viele Produkte aus ganzen Cashewn\u00fcssen beliebte Samen. Im Cashewnuss-Klassifizierungssystem gilt: Je fortgeschrittener die N\u00fcsse, je gr\u00f6\u00dfer sie sind, desto besser der Geschmack, je mehr N\u00e4hrstoffe in der Nuss, desto h\u00f6her der Wert. F\u00fcr SB goldene Cashews, die horizontal gebrochen werden, besteht jedoch in vielen L\u00e4ndern der Welt immer noch der Bedarf, in Vietnam eine gro\u00dfe Menge dieses Artikels zu bestellen.<\/p>\n<p><img decoding=\"async\" src=\"https:\/\/kimmyfarm.com\/wp-content\/uploads\/2020\/12\/hat-dieu-nhan-vang-be-doi-sb-cashew-nut-sb-viet-nam-1.jpg\" alt=\"H\u1ea1t \u0111i\u1ec1u SB l\u00e0 h\u1ea1t \u0111i\u1ec1u nh\u00e2n v\u00e0ng b\u1ec3 \u0111\u00f4i\" \/><\/p>\n<p><span style=\"font-size: 14px;\">Cashew SB ist ein goldener Kern, der in zwei Teile gebrochen ist.<\/span><\/p>\n<p><span style=\"font-size: 24px;\"><strong>Cashewnuss-Produktionsprozess SB<\/strong><\/span><\/p>\n<ul>\n<li><strong>W\u00e4rmebehandlung:<\/strong> Der Zweck des D\u00e4mpfens von Cashewn\u00fcssen besteht darin, dass die Hitze die harte Schale der Cashewnuss weicher macht, so dass die \u00e4u\u00dfere Schale der Cashewnuss getrennt werden kann, um den wei\u00dfen Kern nach innen zu bekommen. Rohe Cashewn\u00fcsse werden mit direkter Hitze, hei\u00dfem \u00d6l oder Dampf in einen Minikocher gegeben&#8230;. um die \u00e4u\u00dfere Schale durch Temperatur zu behandeln. Nach Abschluss der W\u00e4rmebehandlung m\u00fcssen die Cashewkerne ca. 12 Stunden (ein halber Tag) abgek\u00fchlt werden, bevor sie gespalten und die Kerne hineingelegt werden.<\/li>\n<li><strong>Aufteilen der Cashewschale:<\/strong> Nachdem die W\u00e4rmebehandlung abgeschlossen ist, werden Cashewn\u00fcsse genommen, um die Schale zu spalten, die Schale schnell zu schneiden, um die \u00e4u\u00dfere Schale zu entfernen und den inneren Kern zu erhalten. Dies ist ein sehr schwieriger Prozess, bei dem Facharbeiter in der Lage sein m\u00fcssen, die Schale zu spalten, ohne den Kern im Inneren zu brechen. Nach dem Aufteilen der Schale erhalten wir 3 Produkte: Raw Cashew Shell, Raw Cashew Silk Shell und Raw Cashew Kernel. In diesem werden rohe Cashewkerne durch die Sortier- und Sortierabteilung geleitet, um ihr Niveau zu ber\u00fccksichtigen.<\/li>\n<li><strong>Sortierung und Bewertung:<\/strong> Der Cashew-Nuss-Bewertungsprozess wurde entwickelt, um wei\u00dfe Cashewkerne in verschiedene Qualit\u00e4ten zu klassifizieren. Wei\u00dfe Kerne werden in zwei Hauptkategorien unterteilt,<strong> &#8222;Whole Seeds&#8220;<\/strong> und <strong>&#8222;Broken Seeds&#8220;<\/strong>. Beim Export von ganzen Cashewkernen werden <strong>Whole Nuts<\/strong> in 15 verschiedene Sorten und <strong>Broken Nuts<\/strong> in 9 Sorten unterteilt.<\/li>\n<\/ul>\n<p><span style=\"font-size: 24px;\"><strong>Ern\u00e4hrung in Cashewn\u00fcssen SB<\/strong><\/span><\/p>\n<p>Daher haben viele Studien gezeigt, dass der regelm\u00e4\u00dfige t\u00e4gliche Verzehr von Cashewn\u00fcssen viele gesundheitliche Vorteile mit sich bringen kann, die auf lange Sicht die allgemeine Gesundheit der Menschen verbessern. Standard SB Cashewnuss ist eine sehr beliebte und erschwingliche Cashewnuss, die f\u00fcr viele Menschen geeignet ist und sehr gut jeden Tag direkt gegessen werden kann. Cashewn\u00fcsse helfen Herz-Kreislauf-Erkrankungen vorzubeugen, reduzieren das Risiko von Diabetes, helfen Krebs vorzubeugen, f\u00f6rdern die Bildung von roten Blutk\u00f6rperchen, f\u00f6rdern die Knochen- und Mundgesundheit, reduzieren das Risiko von An\u00e4mie, beugen Gallensteinen vor, st\u00e4rken das Immunsystem&#8230; Wegen der gro\u00dfen Vorteile, die Cashew N\u00fcsse bringen, sie werden viel konsumiert.<\/p>\n<table>\n<tbody>\n<tr style=\"height: 56px;\">\n<td style=\"width: 53.066%; height: 56px;\" width=\"26%\"><strong>N\u00e4hrstoff<\/strong><strong>\u00a0benennen.<\/strong><\/td>\n<td style=\"width: 52.403%; height: 56px;\" width=\"73%\"><strong>Stoffmenge in 100g.<\/strong><\/td>\n<\/tr>\n<tr style=\"height: 80px;\">\n<td style=\"width: 53.066%; height: 80px;\" width=\"26%\"><strong>Menge an Mineralien.<\/strong><\/td>\n<td style=\"width: 52.403%; height: 80px;\" width=\"73%\">2.4<\/td>\n<\/tr>\n<tr style=\"height: 36px;\">\n<td style=\"width: 53.066%; height: 36px;\" width=\"26%\"><strong>Menge an Ballaststoffen<\/strong><\/td>\n<td style=\"width: 52.403%; height: 36px;\" width=\"73%\">1.3<\/td>\n<\/tr>\n<tr style=\"height: 56px;\">\n<td style=\"width: 53.066%; height: 56px;\" width=\"26%\"><strong>Calo<\/strong><\/td>\n<td style=\"width: 52.403%; height: 56px;\" width=\"73%\">785<\/td>\n<\/tr>\n<tr style=\"height: 56px;\">\n<td style=\"width: 53.066%; height: 56px;\" width=\"26%\"><strong>Protein<\/strong><\/td>\n<td style=\"width: 52.403%; height: 56px;\" width=\"73%\">24<\/td>\n<\/tr>\n<tr style=\"height: 56px;\">\n<td style=\"width: 53.066%; height: 56px;\" width=\"26%\"><strong>Fett<\/strong><\/td>\n<td style=\"width: 52.403%; height: 56px;\" width=\"73%\">64<\/td>\n<\/tr>\n<tr style=\"height: 56px;\">\n<td style=\"width: 53.066%; height: 56px;\" width=\"26%\"><strong>Ges\u00e4ttigtes Fett<\/strong><\/td>\n<td style=\"width: 52.403%; height: 56px;\" width=\"73%\">12.9<\/td>\n<\/tr>\n<tr style=\"height: 56px;\">\n<td style=\"width: 53.066%; height: 56px;\" width=\"26%\"><strong>Unsaturated (Oleic)<\/strong><\/td>\n<td style=\"width: 52.403%; height: 56px;\" width=\"73%\">36.8<\/td>\n<\/tr>\n<tr style=\"height: 80px;\">\n<td style=\"width: 53.066%; height: 80px;\" width=\"26%\"><strong>Unsaturated (Linoleic)<\/strong><\/td>\n<td style=\"width: 52.403%; height: 80px;\" width=\"73%\">10.2<\/td>\n<\/tr>\n<tr style=\"height: 56px;\">\n<td style=\"width: 53.066%; height: 56px;\" width=\"26%\"><strong>Carbohydrate<\/strong><\/td>\n<td style=\"width: 52.403%; height: 56px;\" width=\"73%\">41<\/td>\n<\/tr>\n<tr style=\"height: 56px;\">\n<td style=\"width: 53.066%; height: 56px;\" width=\"26%\"><strong>Canxi<\/strong><\/td>\n<td style=\"width: 52.403%; height: 56px;\" width=\"73%\">53<\/td>\n<\/tr>\n<tr style=\"height: 56px;\">\n<td style=\"width: 53.066%; height: 56px;\" width=\"26%\"><strong>Phosphor<\/strong><\/td>\n<td style=\"width: 52.403%; height: 56px;\" width=\"73%\">52.2<\/td>\n<\/tr>\n<tr style=\"height: 56px;\">\n<td style=\"width: 53.066%; height: 56px;\" width=\"26%\"><strong>Eisen<\/strong><\/td>\n<td style=\"width: 52.403%; height: 56px;\" width=\"73%\">5.3<\/td>\n<\/tr>\n<tr style=\"height: 56px;\">\n<td style=\"width: 53.066%; height: 56px;\" width=\"26%\"><strong>Vitamin B1<\/strong><\/td>\n<td style=\"width: 52.403%; height: 56px;\" width=\"73%\">0.63<\/td>\n<\/tr>\n<tr style=\"height: 56px;\">\n<td style=\"width: 53.066%; height: 56px;\" width=\"26%\"><strong>Vitamin B2<\/strong><\/td>\n<td style=\"width: 52.403%; height: 56px;\" width=\"73%\">0.19<\/td>\n<\/tr>\n<tr style=\"height: 56px;\">\n<td style=\"width: 53.066%; height: 56px;\" width=\"26%\"><strong>Vitamin B3<\/strong><\/td>\n<td style=\"width: 52.403%; height: 56px;\" width=\"73%\">2.5<\/td>\n<\/tr>\n<tr style=\"height: 56px;\">\n<td style=\"width: 53.066%; height: 56px;\" width=\"26%\"><strong>Beta-carotene<\/strong><\/td>\n<td style=\"width: 52.403%; height: 56px;\" width=\"73%\">60<\/td>\n<\/tr>\n<tr style=\"height: 10px;\">\n<td style=\"width: 53.066%; height: 10px;\" width=\"26%\"><strong>Retinol Equivalent<\/strong><\/td>\n<td style=\"width: 52.403%; height: 10px;\" width=\"73%\">33 IU; 10 mcg<\/td>\n<\/tr>\n<tr style=\"height: 10px;\">\n<td style=\"width: 53.066%; height: 10px;\" width=\"26%\"><strong>Vitamin K<\/strong><\/td>\n<td style=\"width: 52.403%; height: 10px;\" width=\"73%\">650<\/td>\n<\/tr>\n<\/tbody>\n<\/table>\n<p><span style=\"font-size: 24px;\"><strong>Kontakt Kauf<\/strong><\/span><\/p>\n<p><strong>Kimmy Farm<\/strong> &#8211; ist eine Marke, die sich auf die Produktion und den Export von landwirtschaftlichen Produkten in Vietnam spezialisiert hat. Wir haben eine schwarze Soldatenfliegenfarm in Tay Ninh und ein Cashew-Anbaugebiet in Binh Phuoc. Die wichtigsten Exportprodukte des Unternehmens sind: <strong>Produkte aus Schwarzen Soldatenfliegen, Cashewn\u00fcssen, rohen Cashewn\u00fcssen, Wasseraufbereitungsanlagen&#8230;..<\/strong> Einige Kunden kommen aus: Spanien, Frankreich, Deutschland, Niederlande, Polen, Griechenland, T\u00fcrkei, Russland, Schweiz, USA, Australien, S\u00fcdafrika, Vereinigte Arabische Emirate, Indien, Singapur, Japan und viele andere L\u00e4nder. Dar\u00fcber hinaus verf\u00fcgen wir \u00fcber ein Team von Mitarbeitern, die \u00fcber langj\u00e4hrige Erfahrung in gro\u00dfen Verarbeitungsbetrieben in Vietnam verf\u00fcgen. Bitte kontaktieren Sie uns, wenn Sie hochwertige Cashewkerne ben\u00f6tigen.<\/p>\n<p><img decoding=\"async\" src=\"https:\/\/kimmyfarm.com\/wp-content\/uploads\/2020\/12\/hat-dieu-duoc-dong-goi-hut-chan-khong-xuat-khau.jpg\" \/><\/p>\n","protected":false},"excerpt":{"rendered":"<p>Cashewn\u00fcsse sind sehr nahrhaft und eine gute Quelle f\u00fcr Protein und essentielle Mineralien, darunter: Kupfer, Kalzium, Magnesium, Eisen, Phosphor, Kalium und Zink. Enth\u00e4lt 0% Cholesterin. SB Horizontal Broken Cashew Nuts ist das perfekte Produkt, um ein beliebtes, beliebtes Essen f\u00fcr jedermann zuzubereiten.<\/p>\n<p><strong>SB-Zusammenfassungsinformationen:<\/strong><\/p>\n<ul>\n<li><strong>Farbe:<\/strong> Gold.<\/li>\n<li><strong>Bedingung:<\/strong> Doppelsaattank.<\/li>\n<li><strong>Herkunft:<\/strong> Binh Phuoc, Vietnam.<\/li>\n<li><strong>Luftfeuchtigkeit:<\/strong> bis zu 5%.<\/li>\n<li><strong>Defekt:<\/strong> bis zu 10 %.<\/li>\n<li><strong>Niedrigerer Gr\u00f6\u00dfentyp:<\/strong> bis zu 10 %.<\/li>\n<li><strong>Defekt:<\/strong> bis zu 8%.<\/li>\n<\/ul>\n","protected":false},"featured_media":20007,"template":"","meta":[],"product_brand":[],"product_cat":[252,253],"product_tag":[295,294,296,403,298,301],"class_list":{"0":"post-22700","1":"product","2":"type-product","3":"status-publish","4":"has-post-thumbnail","6":"product_cat-binh-phuoc-cashewnusse","7":"product_cat-cashewnusse","8":"product_tag-cashewnuskern","9":"product_tag-cashewnusse","10":"product_tag-gebrochene-cashewmutter","11":"product_tag-gebrochene-cashewnusse","12":"product_tag-hintern-cashew","13":"product_tag-verbrannte-cashewnuss","15":"first","16":"instock","17":"shipping-taxable","18":"product-type-simple"},"_links":{"self":[{"href":"https:\/\/kimmyfarm.com\/de\/wp-json\/wp\/v2\/product\/22700","targetHints":{"allow":["GET"]}}],"collection":[{"href":"https:\/\/kimmyfarm.com\/de\/wp-json\/wp\/v2\/product"}],"about":[{"href":"https:\/\/kimmyfarm.com\/de\/wp-json\/wp\/v2\/types\/product"}],"version-history":[{"count":0,"href":"https:\/\/kimmyfarm.com\/de\/wp-json\/wp\/v2\/product\/22700\/revisions"}],"wp:featuredmedia":[{"embeddable":true,"href":"https:\/\/kimmyfarm.com\/de\/wp-json\/wp\/v2\/media\/20007"}],"wp:attachment":[{"href":"https:\/\/kimmyfarm.com\/de\/wp-json\/wp\/v2\/media?parent=22700"}],"wp:term":[{"taxonomy":"product_brand","embeddable":true,"href":"https:\/\/kimmyfarm.com\/de\/wp-json\/wp\/v2\/product_brand?post=22700"},{"taxonomy":"product_cat","embeddable":true,"href":"https:\/\/kimmyfarm.com\/de\/wp-json\/wp\/v2\/product_cat?post=22700"},{"taxonomy":"product_tag","embeddable":true,"href":"https:\/\/kimmyfarm.com\/de\/wp-json\/wp\/v2\/product_tag?post=22700"}],"curies":[{"name":"wp","href":"https:\/\/api.w.org\/{rel}","templated":true}]}}