{"id":22511,"date":"2020-12-17T12:11:38","date_gmt":"2020-12-17T05:11:38","guid":{"rendered":"https:\/\/kimmyfarm.com\/product\/4-tage-alte-schwarze-soldatenfliegenlarve-fur-samen"},"modified":"2021-11-26T01:41:03","modified_gmt":"2021-11-25T18:41:03","slug":"4-tage-alte-schwarze-soldatenfliegenlarve-fur-samen","status":"publish","type":"product","link":"https:\/\/kimmyfarm.com\/de\/produkt\/4-tage-alte-schwarze-soldatenfliegenlarve-fur-samen","title":{"rendered":"4 Tage alte schwarze Soldatenfliegenlarve (f\u00fcr Samen)"},"content":{"rendered":"<p><strong><span style=\"font-size: 24px;\">Produktdetails 4 Tage alte Larve<\/span><\/strong><\/p>\n<p>4 Tage alte Larven der Schwarzen Soldatenfliege sind frisch geschl\u00fcpfte Larven der Schwarzen Soldatenfliege aus Eiern der Schwarzen Soldatenfliege. Diese Larven sind junge Larven, sie sind sehr klein und werden nicht als Heimtierfutter verwendet. Die Leute kaufen oft 4 Tage alte Larven der schwarzen Soldatenfliegen, um Fliegenkolonien zu z\u00fcchten und zu bauen. Unsere Fliegenlarven werden aus gesunden Eiern geschl\u00fcpft, deren Elternfliegen unter optimalen Laichbedingungen aufgezogen werden. Durch den Kauf von 4 Tage alten schwarzen Soldatenfliegenlarven von unserer Farm ist es eine gro\u00dfartige M\u00f6glichkeit f\u00fcr Sie, Ihre eigene schwarze Soldatenfliegenfarm aufzubauen, ohne den Inkubationsprozess durchlaufen zu m\u00fcssen. Wir sind ein Anbieter, der sich auf den Verkauf von Produkten der schwarzen Soldatenfliege in Vietnam spezialisiert hat. Derzeit kostet 1 kg schwarze Soldatenfliegen in Vietnam etwa 150.000 VND. Sie k\u00f6nnen viel sparen, indem Sie sie selbst zu Hause aufziehen, um Ihre Haustierv\u00f6gel langsam zu f\u00fcttern. Oder kaufen Sie Saatgut, um das Saatgut zu verd\u00fcnnen, um eine Fliegenfarm zu bauen.<\/p>\n<ul>\n<li>Super kleine Gr\u00f6\u00dfe SS: ist eine 4 Tage alte Larve.. &lt;= Wird zur Zucht verwendet.<\/li>\n<li>Kleine Gr\u00f6\u00dfe S: ist eine 6 Tage alte Larve. &lt;= Wird als Nahrung f\u00fcr Haustiere, Haustiere verwendet.<\/li>\n<li>Mittlere Gr\u00f6\u00dfe M: Larve 12-14 Tage alt. &lt;= Wird als Nahrung f\u00fcr Haustiere, Haustiere verwendet.<\/li>\n<li>Gro\u00dfe Gr\u00f6\u00dfe L: 20 &#8211; 28 Tage alte Larven &lt;= Wird als Futter f\u00fcr Haustiere und Heimtiere verwendet.<\/li>\n<\/ul>\n<p><img decoding=\"async\" src=\"https:\/\/kimmyfarm.com\/wp-content\/uploads\/2020\/12\/Trong-vong-tron-do-ben-trai-Au-Trung-Non-Moi-No-4-Ngay-Tuoi.-Ben-Phai-la-Au-Trung-14-Ngay-Tuoi..jpg\" alt=\"Trong v\u00f2ng tr\u00f2n ben tr\u00e1i: \u1ea5u tr\u00f9ng ru\u1ed3i l\u00ednh \u0111en m\u1edbi n\u1edf. B\u00ean ph\u1ea3i l\u00e0 \u1ea5u tr\u00f9ng 14 ng\u00e0y tu\u1ed5i\" \/><\/p>\n<p><span style=\"font-size: 14px;\">Im linken Kreis: frisch geschl\u00fcpfte schwarze Soldatenfliegenlarven. Rechts ist eine 14 Tage alte Larve.<\/span><\/p>\n<p><strong><span style=\"font-size: 24px;\">Produktverpackung<\/span><\/strong><\/p>\n<p>Plastikdosen werden mit einem Glasmund verschlossen. In diesem Plastikglas befinden sich: 1 wenig Futter, 1 wenig Puffer f\u00fcr die Larven, um w\u00e4hrend der Bewegung zu \u00fcberleben. Lebensmittel im Glas wie Sojabohnenreste sind v\u00f6llig ungiftig, haben keinen Geruch.<\/p>\n<p><span style=\"font-size: 24px;\"><strong>Produktpflege<\/strong><\/span><\/p>\n<p><strong>A. Bei sofortiger Verwendung:<\/strong> Bei Zimmertemperatur 25 \u00b0C &#8211; 30 \u00b0C aufbewahren!<\/p>\n<p><strong>B. Bei Nichtgebrauch:<\/strong> Bei einer Temperatur von 10 \u00b0C &#8211; 15 \u00b0C ruhen lassen! um sie im Winterschlaf zu halten und das Larvenstadium zu verl\u00e4ngern.<\/p>\n<p><span style=\"font-size: 24px;\"><strong>Produktablaufdatum<\/strong><\/span><\/p>\n<ul>\n<li><strong>Unter normalen Bedingungen:<\/strong> Ihre Haltbarkeit betr\u00e4gt ca. 2-3 Wochen ab der Bestellung von Fliegenlarven von unserer Farm. Schwarze Soldatenfliegenlarven haben einen relativ kurzen Lebenszyklus, wenn die Soldatenfliegenlarven anfangen, schwarz zu werden, sind sie fast am Ende ihrer Haltbarkeit. Es ist Zeit, sich zu verpuppen (in einen Kokon zu verwandeln) und sich auf die Phase der Verwandlung in eine erwachsene schwarze Soldatenfliege vorzubereiten.<\/li>\n<li><strong>Unter K\u00fchlbedingungen:<\/strong> Die Haltbarkeit der Larven der Schwarzen Soldatenfliege betr\u00e4gt 2 bis 3 Monate. Da es sich jedoch um frisch geschl\u00fcpfte Larven handelt, ist eine K\u00fchlung nicht zu empfehlen.<\/li>\n<\/ul>\n<p><span style=\"font-size: 20px;\"><strong>Wie lange ist die Lieferzeit von Larvensamen?<\/strong><\/span><\/p>\n<p>Bitte erlauben Sie uns bis zu 1 Woche, um Ihre Bestellung auszuf\u00fchren, da wir nur Saatgut liefern k\u00f6nnen, wenn auf dem Hof \u200b\u200bein \u00dcberschuss vorhanden ist. Sollten wir w\u00e4hrend des Bestellzeitraums <strong>gen\u00fcgend Larven f\u00fcr Ihre Bestellung zur Verf\u00fcgung<\/strong> haben, rufen wir zur Auftragsbest\u00e4tigung an und schicken Ihnen die Fliegenlarven am n\u00e4chsten Tag zu.<\/p>\n<p><span style=\"font-size: 20px;\"><strong>M\u00f6chten Sie Eier kaufen, um sich selbst auszubr\u00fcten?<\/strong><\/span><\/p>\n<p>Wenn Sie schwarze Soldatenfliegeneier zur Zucht und Selbstinkubation kaufen m\u00f6chten, besuchen Sie bitte hier:<\/p>\n<p><strong>Kimmy&#8217;s Farm Lieferant von hochwertigen Schwarzen Soldatenfliegenprodukten im S\u00fcden &#8211;<\/strong> Kimmy&#8217;s Farm ist auf die Bereitstellung von Produkten im Zusammenhang mit Schwarzen Soldatenfliegen spezialisiert, wie z. \u2026 und viele andere saubere landwirtschaftliche Produkte. Wir haben eine schwarze Soldatenfliegenfarm in Tay Ninh und ein sauberes landwirtschaftliches Anbaugebiet in Binh Phuoc, Tay Ninh und eine Repr\u00e4sentanz in Ho-Chi-Minh-Stadt f\u00fcr Ihre Bequemlichkeit. Wir sind eine saubere und moderne landwirtschaftliche Farm mit dem Wunsch, das Beste mit vielen Menschen zu teilen und Vietnams sauberes landwirtschaftliches \u00d6kosystem zu entwickeln. Bitte kontaktieren Sie uns, wenn Sie Nachschub an schwarzen Soldatenfliegen ben\u00f6tigen.<\/p>\n","protected":false},"excerpt":{"rendered":"<p>Die 4 Tage alten Larven der Schwarzen Soldatenfliege sind frisch geschl\u00fcpfte Larven der Schwarzen Soldatenfliege aus Eiern der Schwarzen Soldatenfliege. Diese Larven sind junge Larven, sie sind sehr klein und werden nicht als Heimtierfutter verwendet. Die Leute kaufen oft 4 Tage alte Larven der schwarzen Soldatenfliegen, um Fliegenkolonien zu z\u00fcchten und zu bauen.<\/p>\n<p><span style=\"font-family: 'times new roman', times, serif; font-size: 20px;\"><strong>Zusammenfassung der Produkteigenschaften 4 Tage alte Soldatenfliegenlarve:<\/strong><\/span><\/p>\n<ul>\n<li><strong>Typ:<\/strong> Schwarze Soldatenfliegen<br \/>\nStadium: Larve (anderer Name: Calcium Worm).<\/li>\n<li><strong>Status:<\/strong> Lebendig, 4 Tage alt.<\/li>\n<li><strong>Produktgr\u00f6\u00dfe:<\/strong> Klein, Gr\u00f6\u00dfe SS.<\/li>\n<li><strong>Verwendung f\u00fcr: <\/strong>Zucht.<\/li>\n<li><strong>Herkunft:<\/strong> Tay Ninh &amp; Binh Phuoc \u2013 Vietnam.<\/li>\n<\/ul>\n","protected":false},"featured_media":20228,"template":"","meta":[],"product_brand":[],"product_cat":[257,262],"product_tag":[328,311,324,327,312],"class_list":{"0":"post-22511","1":"product","2":"type-product","3":"status-publish","4":"has-post-thumbnail","6":"product_cat-schwarze-soldatenfliegen","7":"product_cat-schwarze-soldatenfliegenlaven","8":"product_tag-food-feed","9":"product_tag-larven","10":"product_tag-lebende-schwarze-soldatenfliegenlarven","11":"product_tag-pet-foods","12":"product_tag-schwarze-soldatenfliegenlarven","14":"first","15":"instock","16":"shipping-taxable","17":"product-type-simple"},"_links":{"self":[{"href":"https:\/\/kimmyfarm.com\/de\/wp-json\/wp\/v2\/product\/22511","targetHints":{"allow":["GET"]}}],"collection":[{"href":"https:\/\/kimmyfarm.com\/de\/wp-json\/wp\/v2\/product"}],"about":[{"href":"https:\/\/kimmyfarm.com\/de\/wp-json\/wp\/v2\/types\/product"}],"version-history":[{"count":0,"href":"https:\/\/kimmyfarm.com\/de\/wp-json\/wp\/v2\/product\/22511\/revisions"}],"wp:featuredmedia":[{"embeddable":true,"href":"https:\/\/kimmyfarm.com\/de\/wp-json\/wp\/v2\/media\/20228"}],"wp:attachment":[{"href":"https:\/\/kimmyfarm.com\/de\/wp-json\/wp\/v2\/media?parent=22511"}],"wp:term":[{"taxonomy":"product_brand","embeddable":true,"href":"https:\/\/kimmyfarm.com\/de\/wp-json\/wp\/v2\/product_brand?post=22511"},{"taxonomy":"product_cat","embeddable":true,"href":"https:\/\/kimmyfarm.com\/de\/wp-json\/wp\/v2\/product_cat?post=22511"},{"taxonomy":"product_tag","embeddable":true,"href":"https:\/\/kimmyfarm.com\/de\/wp-json\/wp\/v2\/product_tag?post=22511"}],"curies":[{"name":"wp","href":"https:\/\/api.w.org\/{rel}","templated":true}]}}