{"id":22502,"date":"2020-12-17T12:13:42","date_gmt":"2020-12-17T05:13:42","guid":{"rendered":"https:\/\/kimmyfarm.com\/product\/lebende-schwarze-soldatenfliegenlarve-frischer-kalziumwurm-14-tage-alt"},"modified":"2021-11-23T01:59:52","modified_gmt":"2021-11-22T18:59:52","slug":"lebende-schwarze-soldatenfliegenlarve-frischer-kalziumwurm-14-tage-alt","status":"publish","type":"product","link":"https:\/\/kimmyfarm.com\/de\/produkt\/lebende-schwarze-soldatenfliegenlarve-frischer-kalziumwurm-14-tage-alt","title":{"rendered":"Lebende schwarze Soldatenfliegenlarve (frischer Kalziumwurm) 14 Tage alt"},"content":{"rendered":"<p><span style=\"font-size: 24px;\"><strong>Herausragende Produktmerkmale<\/strong><\/span><\/p>\n<p><strong>Schwarze Soldatenfliegenlarven<\/strong> <em>(auch bekannt als: Kalkw\u00fcrmer,14 Tage alte Kalkw\u00fcrmer)<\/em> 14 Tage alt, heute lebend stellen eine hervorragende Erg\u00e4nzungsnahrung f\u00fcr die Ern\u00e4hrung von Tieren und Wassertieren dar. Nutztierprodukte (Rinder, Gefl\u00fcgel , V\u00f6gel, Reptilien, Fische, Garnelen&#8230;), Haustiere, Zierv\u00f6gel&#8230;. in vielen L\u00e4ndern der Welt sehr beliebt. Es handelt sich um Larvenprodukte, die in Tay Ninh und Binh Phuoc aufgezogen werden, wo das Klima f\u00fcr Schwarze Soldatenfliegen sehr gut ist, um zu leben und sich zu entwickeln. In unserem Betrieb werden die Larven der Schwarzen Soldatenfliege nach dem richtigen Verfahren mit hohem N\u00e4hrstoffgehalt zur Verwendung als Futter f\u00fcr andere Nutztiere aufgezogen.<\/p>\n<p>Die Larven der Schwarzen Soldatenfliege sind leicht aufzunehmen und zu verdauen, sodass sie verarbeitet und in Tierfutter gemischt oder roh verzehrt werden k\u00f6nnen. Die F\u00fctterung von lebenden Tieren mit Larven liefert mehr N\u00e4hrstoffe als das getrocknete Larvenprodukt.<\/p>\n<ul>\n<li>Lebende W\u00fcrmer wackeln und stimulieren das Gef\u00fchl von Haustieren.<\/li>\n<li>Enth\u00e4lt viel Eiwei\u00df, Fett, Kalzium, Vitamine&#8230;<\/li>\n<li>Aufgewachsen in Binh Phuoc, Tay Ninh &#8211; Vietnam.<\/li>\n<li>Aufgezogen nach dem Verfahren von gro\u00df &#8211; fetten Larven.<\/li>\n<\/ul>\n<p><span style=\"font-size: 24px;\"><strong>Schwarze Soldatenfliegen sind haustiersicher &#8211; [Wichtig]<\/strong><\/span><\/p>\n<div class=\"su-quote su-quote-style-default su-quote-has-cite\"><div class=\"su-quote-inner su-u-clearfix su-u-trim\">Normalerweise f\u00fchlen wir uns sch\u00fcchtern, wenn wir sie als Haustierfutter verwenden. Tats\u00e4chlich sind einige Haustiere jedoch nur darauf spezialisiert, Insekten als Hauptmahlzeit zu verwenden, wie zum Beispiel:<strong> Zierfische, Zierv\u00f6gel, Schildkr\u00f6ten, Schildkr\u00f6ten, Salamander, Leguane..<\/strong>. sind Insekten, die sie als eine Art Nahrungserg\u00e4nzung f\u00fcr sie fangen. Am offensichtlichsten sind Hunde und Katzen als Haustiere, sie k\u00f6nnen ohne Probleme Kakerlaken fressen\u00a0<span class=\"su-quote-cite\"><a href=\"https:\/\/kimmyfarm.com\/thuc-an-thu-cung-tu-au-trung-ruoi-linh-den-dang-tang-truong-cao-o-anh\" target=\"_blank\">B\u00e0i vi\u1ebft v\u1ec1 \u1ea5u tr\u00f9ng ru\u1ed3i l\u00ednh \u0111en l\u00e0m th\u1ee9c \u0103n cho th\u00fa c\u01b0ng t\u1ea1i UK c\u1ee7a Kimmy's farm<\/a><\/span><\/div><\/div>\n<ol style=\"list-style-type: upper-alpha;\">\n<li><strong>Sehr beliebt und beliebt bei vielen Arten:<\/strong> Es ist sehr \u00fcblich, schwarze Soldatenfliegenlarven als Nahrung zu verwenden. Sie k\u00f6nnen als Erg\u00e4nzungsfutter f\u00fcr Hunde, Katzen, Kleins\u00e4uger, Gefl\u00fcgel, Zierv\u00f6gel und Zierfische verwendet werden&#8230;. Larven werden von nat\u00fcrlichen Insektenfressern sehr bevorzugt. Was Hunde, Katzen und kleine S\u00e4ugetiere betrifft, m\u00f6gen einige die lebenden schwarzen Larven, oder Sie k\u00f6nnen Ihre eigenen herstellen und in ihre Nahrung mischen.<\/li>\n<li><strong>HOHER N\u00c4HRSTOFF:<\/strong> Schwarze Soldatenfliegenlarven liefern nachweislich ausgewogene Mengen an <strong>Protein, Aminos\u00e4uren, Kalzium<\/strong> und anderen N\u00e4hrstoffen, <strong>einschlie\u00dflich Omega-3, 6,9-Fetts\u00e4uren<\/strong>, die sich hervorragend f\u00fcr Premiumfutter f\u00fcr Haustiere eignen. Black Soldier Fly-Tierfutterprodukte werden jetzt als billigere, nachhaltigere Alternative angepriesen, die im Vergleich zu anderen herk\u00f6mmlichen Tiernahrungen besser ist.<\/li>\n<li><strong>Keine Ansammlung von Toxinen:<\/strong> Schwarze Soldatenfliegenlarven sind bekannt daf\u00fcr, dass sie nicht akkumulieren und giftige Substanzen sofort durch den Kot aus dem K\u00f6rper eliminieren, ohne sie zu absorbieren. Die Fliegenlarven k\u00f6nnen daher im Ganzen an andere Tiere verf\u00fcttert oder als Tierfutterprodukt verarbeitet werden, das aus den Larven der Schwarzen Soldatenfliege gewonnen wird.<\/li>\n<\/ol>\n<p><span style=\"font-size: 24px;\"><strong>Tierarztempfehlungen beim F\u00fcttern von Haustieren &#8211; [Wichtig]<\/strong><\/span><\/p>\n<ul>\n<li><strong>Empfehlung 1:<\/strong> Hunde, Katzen, Gefl\u00fcgel, H\u00fchner, Enten, V\u00f6gel, Reptilien, kleine S\u00e4ugetiere und essbare Insekten.<\/li>\n<li><strong>Empfehlung 2:<\/strong> Nehmen Sie 10-20% der Tagesration ein oder f\u00fcttern Sie 2-3 mal pro Woche als proteinreiche Mahlzeit.<\/li>\n<li><strong>Empfehlung 3:<\/strong> Ziehen Sie in Erw\u00e4gung, die Gr\u00f6\u00dfen K<strong>LEIN<\/strong>,<strong> MITTEL<\/strong>, <strong>GROSS<\/strong> f\u00fcr Haustiere unterschiedlicher Gr\u00f6\u00dfe zu w\u00e4hlen, um zu verhindern, dass Haustiere ersticken.<\/li>\n<\/ul>\n<p><strong><span style=\"font-size: 24px;\">N\u00e4hrwert des Produkts<\/span><\/strong><\/p>\n<p>Die Larven der Schwarzen Soldatenfliege sind ein nat\u00fcrliches, nahrhaftes, proteinreiches, lipidreiches und kalziumreiches Futter f\u00fcr Ihr Haustier. Ihr ausgewogenes Calcium-Phosphor-Verh\u00e4ltnis ist ideal f\u00fcr Reptilien, H\u00fchner, Enten usw. Die Larven der Schwarzen Soldatenfliege enthalten auch nat\u00fcrliche antibakterielle Eigenschaften, die die Immunit\u00e4t Ihres Haustieres st\u00e4rken k\u00f6nnen.<\/p>\n<p><span style=\"font-size: 24px;\"><strong>N\u00e4hrwerttabelle lebender Larven:<\/strong><\/span><\/p>\n<table>\n<tbody>\n<tr style=\"height: 23px;\">\n<td style=\"width: 53.4056%; height: 23px;\"><strong>N\u00e4hrwert (vorhanden in lebenden Larven)<\/strong><\/td>\n<td style=\"width: 45.9602%; height: 23px;\"><strong>% Wert<\/strong><\/td>\n<\/tr>\n<tr style=\"height: 23px;\">\n<td style=\"width: 53.4056%; height: 23px;\">Fl\u00fcssigkeiten (%)<\/td>\n<td style=\"width: 45.9602%; height: 23px;\">61%<\/td>\n<\/tr>\n<tr style=\"height: 23px;\">\n<td style=\"width: 53.4056%; height: 23px;\">Protein (%)<\/td>\n<td style=\"width: 45.9602%; height: 23px;\">18%<\/td>\n<\/tr>\n<tr style=\"height: 23px;\">\n<td style=\"width: 53.4056%; height: 23px;\">Fett (%)<\/td>\n<td style=\"width: 45.9602%; height: 23px;\">14%<\/td>\n<\/tr>\n<tr style=\"height: 23px;\">\n<td style=\"width: 53.4056%; height: 23px;\">Faser (%)<\/td>\n<td style=\"width: 45.9602%; height: 23px;\">3%<\/td>\n<\/tr>\n<tr style=\"height: 23px;\">\n<td style=\"width: 53.4056%; height: 23px;\">Canxi (mg\/kg)<\/td>\n<td style=\"width: 45.9602%; height: 23px;\">9,340 mg\/kg<\/td>\n<\/tr>\n<tr style=\"height: 23px;\">\n<td style=\"width: 53.4056%; height: 23px;\">Phosphor (%)<\/td>\n<td style=\"width: 45.9602%; height: 23px;\">3,5%<\/td>\n<\/tr>\n<\/tbody>\n<\/table>\n<p><span style=\"font-size: 24px;\"><strong>N\u00e4hrwerttabelle bei getrockneten Larven:<\/strong><\/span><\/p>\n<p><img decoding=\"async\" src=\"https:\/\/kimmyfarm.com\/wp-content\/uploads\/2021\/01\/Nutritional-value-of-black-soldier-fly-larvae-in-viet-nam.jpg\" alt=\"K\u1ebft qu\u1ea3 Ki\u1ec3m Tra Ph\u00e2n T\u00edch H\u00e0m L\u01b0\u1ee3ng Dinh D\u01b0\u1ee1ng C\u00f3 Trong S\u1ea3n Ph\u1ea9m Ru\u1ed3i L\u00ednh \u0110en Sau Khi \u0110\u00e3 \u0110\u01b0\u1ee3c S\u1ea5y Kh\u00f4\" \/><\/p>\n<p><span style=\"font-size: 14px;\">N\u00e4hrwertanalyse-Testergebnisse von Black Soldier Fly-Produkten nach dem Trocknen.<\/span><\/p>\n<p><span style=\"font-size: 24px;\"><strong>GR\u00d6SSE Larven je nach Alter<\/strong><\/span><\/p>\n<p>Je nach Tier f\u00fcttern wir sie mit unterschiedlich gro\u00dfen Larven. Sie haben die Wahl zwischen SMALL, MEDIUM und LARGE. Nehmen Sie ein Beispiel f\u00fcr den Salamander, der von Freunden in Vietnam zu Hause gehalten wird: Sie sind Allesfresser, aber ihre Kiefer sind sehr schwach und es ist schwierig, harte Gegenst\u00e4nde zu kauen. So f\u00fcttern wir den Salamander als sinnvolle Wahl mit mittelgro\u00dfen Larven der Schwarzen Soldatenfliege (SizeM &#8211; 12-14 Tage alt).<\/p>\n<ul>\n<li><strong>Super kleine Gr\u00f6\u00dfe SS:<\/strong> ist eine 4 Tage alte Larve.<\/li>\n<li><strong>Kleine Gr\u00f6\u00dfe S:<\/strong> ist eine 6 Tage alte Larve.<\/li>\n<li><strong>Mittlere Gr\u00f6\u00dfe M:<\/strong> Larve 12-14 Tage alt.<\/li>\n<li><strong>Gro\u00dfe Gr\u00f6\u00dfe L Gr\u00f6\u00dfe:<\/strong> 20-28 Tage alte Larven.<\/li>\n<\/ul>\n<p><span style=\"font-size: 24px;\"><strong>Produktversandzeit<\/strong><\/span><\/p>\n<p>Da die Bestellmenge gro\u00df ist, kann es bis zu 1 Woche dauern, bis wir Ihre Bestellung abschlie\u00dfen. Denn wir k\u00f6nnen Ihnen die Larven der Schwarzen Soldatenfliege nur dann liefern, wenn ein \u00dcberschuss an Larven auf der Farm vorhanden ist. Innerhalb der Bestellfrist rufen wir Sie an, um die Bestellung zu best\u00e4tigen. Sind gen\u00fcgend Larven f\u00fcr Ihre Bestellung vorhanden, werden wir Sie \u00fcber Ihre Bestellung informieren und die Larven am n\u00e4chsten Tag versenden.<\/p>\n<p><strong>=&gt; Bitte kontaktieren Sie uns um Details zu besprechen: <span style=\"font-size: 20px;\">Bestellzeit ist nach Vereinbarung!<\/span><\/strong><\/p>\n<p><span style=\"font-size: 24px;\"><strong>Produktverpackung<\/strong><\/span><\/p>\n<ul>\n<li><strong>A. Wenn Sie kleine Mengen kaufen:<\/strong> Das Produkt wird <strong>in einem PE-Beutel oder einem Netzbeutel<\/strong> mit Siegel verpackt. In der T\u00fcte befinden sich: 1 wenig Futter, 1 kleine Menge Puffer, damit die Larven w\u00e4hrend der Bewegung \u00fcberleben k\u00f6nnen. Die Lebensmittel im Beutel sind v\u00f6llig ungiftige Sojareste.<\/li>\n<li><strong>B. Wenn Sie in gro\u00dfen Mengen kaufen<\/strong>: Der Artikel wird <strong>in Netzfolie verpackt.<\/strong> Darunter: ein wenig Nahrung, ein wenig Puffer f\u00fcr die Larven, um w\u00e4hrend der Wanderung zu \u00fcberleben. Lebensmittel im Glas wie Sojabohnenreste sind v\u00f6llig ungiftig.<\/li>\n<\/ul>\n<p><img decoding=\"async\" src=\"https:\/\/kimmyfarm.com\/wp-content\/uploads\/2020\/12\/sau-canxi-duoc-dong-goi-trong-bao-luoi-rotated.jpg\" alt=\"\u1ea4u tr\u00f9ng ru\u1ed3i l\u00ednh \u0111en, S\u00e2u Canxi \u0110\u00e3 \u0110\u01b0\u1ee3c \u0110\u00f3ng G\u00f3i Trong Bao L\u01b0\u1edbi Ti\u1ec7n D\u1ee5ng\" \/><\/p>\n<p><span style=\"font-size: 14px;\">Schwarze Soldatenfliegenlarve, Kalziumwurm, verpackt in praktischen Netztaschen.<\/span><\/p>\n<p><span style=\"font-size: 24px;\"><strong>Produktkonservierung<\/strong><\/span><\/p>\n<ul>\n<li><strong>A. Bei sofortiger Verwendung:<\/strong> Bewahren Sie das Produkt bei Raumtemperatur <strong>25 \u00b0C &#8211; 30 \u00b0C<\/strong> auf!<\/li>\n<li><strong>B. Bei Nichtgebrauch:<\/strong> Lassen Sie das Produkt bei einer Temperatur von <strong>10 \u00b0C &#8211; 15 \u00b0C<\/strong> stehen! um die Larven in einem Ruhezustand zu halten, das Larvenstadium zu verl\u00e4ngern, damit sie l\u00e4nger gelagert werden k\u00f6nnen.<\/li>\n<\/ul>\n<p><span style=\"font-size: 24px;\"><strong>Produktablaufdatum<\/strong><\/span><\/p>\n<ul>\n<li><strong>Unter normalen Bedingungen:<\/strong> Ihre Haltbarkeit betr\u00e4gt ca. 2-3 Wochen ab der Bestellung von Fliegenlarven von unserer Farm. Schwarze Soldatenfliegenlarven haben einen relativ kurzen Lebenszyklus, wenn die Soldatenfliegenlarven anfangen, schwarz zu werden, sind sie fast am Ende ihrer Haltbarkeit. Es ist Zeit, sich zu verpuppen (in einen Kokon zu verwandeln) und sich auf die Phase der Verwandlung in eine erwachsene schwarze Soldatenfliege vorzubereiten.<\/li>\n<li><strong>Unter K\u00fchlbedingungen:<\/strong> Die Haltbarkeit der Larven der Schwarzen Soldatenfliege betr\u00e4gt 2 bis 3 Monate. Da es sich jedoch um frisch geschl\u00fcpfte Larven handelt, ist eine K\u00fchlung nicht zu empfehlen.<\/li>\n<\/ul>\n<p><span style=\"font-size: 24px;\"><strong>Kimmy&#8217;s Farm Lieferant von hochwertigen Southern Soldier Flies-Produkten<\/strong><\/span><\/p>\n<p>Kimmy&#8217;s Farm ist auf die Bereitstellung von Produkten im Zusammenhang mit Schwarzen Soldatenfliegen spezialisiert, wie zum Beispiel: Fliegeneier, Fliegenlarven, Fliegenpuppen, erwachsene Schwarze Soldatenfliegen, Sattelkokons, organischer D\u00fcnger von Schwarzen Soldatenfliegen &#8230; und viele andere Produkte. Wir haben eine schwarze Soldatenfliegenfarm in Tay Ninh und ein sauberes landwirtschaftliches Anbaugebiet in Binh Phuoc, eine Repr\u00e4sentanz in Ho-Chi-Minh-Stadt f\u00fcr Ihre Bequemlichkeit. Kimmy Farm ist eine saubere und moderne landwirtschaftliche Farm mit dem Wunsch, das Beste mit vielen Menschen zu teilen und das saubere landwirtschaftliche \u00d6kosystem Vietnams zu entwickeln. Bitte kontaktieren Sie uns, wenn Sie eine Quelle f\u00fcr Schwarze Soldatenfliegen ben\u00f6tigen.<\/p>\n","protected":false},"excerpt":{"rendered":"<p>Die Larven der Schwarzen Soldatenfliege sind ein nat\u00fcrliches, nahrhaftes, proteinreiches, lipidreiches und kalziumreiches Futter f\u00fcr Ihr Haustier. Ihr ausgewogenes Calcium-Phosphor-Verh\u00e4ltnis ist ideal f\u00fcr Reptilien, H\u00fchner, Enten usw. Dar\u00fcber hinaus enthalten die Larven der Schwarzen Soldatenfliege nat\u00fcrliche antibakterielle Eigenschaften, die dazu beitragen k\u00f6nnen, die Immunit\u00e4t von Haustieren zu st\u00e4rken.<\/p>\n<p><span style=\"font-size: 20px;\"><strong>Zusammenfassung der Produkteigenschaften Soldatenfliegenlarven 12-14 Tage alt:<\/strong><\/span><\/p>\n<ul>\n<li><strong>Typ:<\/strong> Schwarze Soldatenfliegen<\/li>\n<li><strong>Stadium:<\/strong> Larve (anderer Name: Calcium Worm).<\/li>\n<li><strong>Status:<\/strong> Lebendig, 12 &#8211; 14 Tage alt<\/li>\n<li><strong>Produktgr\u00f6\u00dfe:<\/strong> Mittel, US-Gr\u00f6\u00dfe<\/li>\n<li><strong>Verwendung<\/strong>: Herstellung von Tiernahrung f\u00fcr Haustiere.<\/li>\n<li><strong>Herkunft:<\/strong> Tay Ninh &amp; Binh Phuoc \u2013 Vietnam.<\/li>\n<li><strong>Weitere Informationen:<\/strong> Gro\u00dfe Fettlarven, enthalten viel Kalzium, nat\u00fcrliches Eiwei\u00df. Kann verwendet werden, w\u00e4hrend die Larven leben oder verarbeitet werden. Integrieren Sie Larven in 10-20% der t\u00e4glichen Ern\u00e4hrung Ihres Haustieres oder f\u00fcttern Sie sie 2-3 Mal pro Woche als proteinreiche, kalziumreiche Mahlzeit. Unsere Larven der Schwarzen Soldatenfliege werden auf Farmen in Tay Ninh &amp; Binh Phuoc aufgezogen, wo das Klima in Vietnam am besten f\u00fcr diese Fliege geeignet ist. Gro\u00dfe und fette Fliegenlarven voller N\u00e4hrstoffe sind bereit f\u00fcr den Versand an Sie.<\/li>\n<\/ul>\n","protected":false},"featured_media":20219,"template":"","meta":[],"product_brand":[],"product_cat":[257,262],"product_tag":[328,311,324,327,312],"class_list":{"0":"post-22502","1":"product","2":"type-product","3":"status-publish","4":"has-post-thumbnail","6":"product_cat-schwarze-soldatenfliegen","7":"product_cat-schwarze-soldatenfliegenlaven","8":"product_tag-food-feed","9":"product_tag-larven","10":"product_tag-lebende-schwarze-soldatenfliegenlarven","11":"product_tag-pet-foods","12":"product_tag-schwarze-soldatenfliegenlarven","14":"first","15":"instock","16":"shipping-taxable","17":"product-type-simple"},"_links":{"self":[{"href":"https:\/\/kimmyfarm.com\/de\/wp-json\/wp\/v2\/product\/22502","targetHints":{"allow":["GET"]}}],"collection":[{"href":"https:\/\/kimmyfarm.com\/de\/wp-json\/wp\/v2\/product"}],"about":[{"href":"https:\/\/kimmyfarm.com\/de\/wp-json\/wp\/v2\/types\/product"}],"version-history":[{"count":0,"href":"https:\/\/kimmyfarm.com\/de\/wp-json\/wp\/v2\/product\/22502\/revisions"}],"wp:featuredmedia":[{"embeddable":true,"href":"https:\/\/kimmyfarm.com\/de\/wp-json\/wp\/v2\/media\/20219"}],"wp:attachment":[{"href":"https:\/\/kimmyfarm.com\/de\/wp-json\/wp\/v2\/media?parent=22502"}],"wp:term":[{"taxonomy":"product_brand","embeddable":true,"href":"https:\/\/kimmyfarm.com\/de\/wp-json\/wp\/v2\/product_brand?post=22502"},{"taxonomy":"product_cat","embeddable":true,"href":"https:\/\/kimmyfarm.com\/de\/wp-json\/wp\/v2\/product_cat?post=22502"},{"taxonomy":"product_tag","embeddable":true,"href":"https:\/\/kimmyfarm.com\/de\/wp-json\/wp\/v2\/product_tag?post=22502"}],"curies":[{"name":"wp","href":"https:\/\/api.w.org\/{rel}","templated":true}]}}