{"id":22495,"date":"2020-12-17T12:32:05","date_gmt":"2020-12-17T05:32:05","guid":{"rendered":"https:\/\/kimmyfarm.com\/product\/getrocknete-schwarze-soldatenfliegenlarve-getrockneter-kalziumwurm-6-tage-alt"},"modified":"2021-11-23T01:11:54","modified_gmt":"2021-11-22T18:11:54","slug":"getrocknete-schwarze-soldatenfliegenlarve-getrockneter-kalziumwurm-6-tage-alt","status":"publish","type":"product","link":"https:\/\/kimmyfarm.com\/de\/produkt\/getrocknete-schwarze-soldatenfliegenlarve-getrockneter-kalziumwurm-6-tage-alt","title":{"rendered":"Getrocknete Schwarze Soldatenfliegenlarve (getrockneter Kalziumwurm) 6 Tage alt"},"content":{"rendered":"<p><span style=\"font-size: 24px;\"><strong>Produkthighlights setzen<\/strong><\/span><\/p>\n<p><strong>Getrocknete Larven der Schwarzen Soldatenfliege<\/strong> <em>(auch bekannt als: Calciumwurm, 6 Tage alter Calciumwurm)<\/em> vom 6 Tage alten Typ getrocknet ist jetzt eine ausgezeichnete Nahrungserg\u00e4nzung f\u00fcr Haustiere und Haustiere. Sie sind weit verbreitet und werden h\u00e4ufig in der Lebensmittelverarbeitung oder beim Rohkonsum verwendet.<strong> Dies sind schwarze Soldatenfliegenlarven, die maschinell getrocknet werden, damit sie ein geschwollenes Aussehen haben.<\/strong><\/p>\n<p>Larvenprodukte auf unserem Hof \u200b\u200bsind lebende, sich windende, fette schwarze Soldatenfliegenlarven, die nach dem richtigen Verfahren aufgezogen wurden. Die F\u00fctterung von lebenden Tieren mit Larven liefert mehr N\u00e4hrstoffe als das getrocknete Larvenprodukt. Wenn Sie W\u00fcrmer kaufen m\u00f6chten, aber nicht wissen, <strong>wo Sie Kalziumw\u00fcrmer kaufen k\u00f6nnen?<\/strong><\/p>\n<ul>\n<li>Lebende W\u00fcrmer wackeln und stimulieren das Gef\u00fchl von Haustieren.<\/li>\n<li>Enth\u00e4lt viel Eiwei\u00df, Fett, Kalzium, Vitamine&#8230;<\/li>\n<li>Aufgewachsen in Binh Phuoc, in Tay Ninh in Ho-Chi-Minh-Stadt<\/li>\n<li>Aufgezogen nach dem Verfahren von gro\u00dfen und fetten Larven.<\/li>\n<\/ul>\n<p><span style=\"font-size: 20px;\"><strong>Schwarze Soldatenfliegen sind sicher f\u00fcr Haustiere \u2013 [Wichtig]<\/strong><\/span><\/p>\n<p>Nahrungsquellen aus Insekten wie Larven, Insekteneiern, erwachsenen Insekten&#8230; machen uns oft wirklich Angst. Tats\u00e4chlich sind einige Haustiere jedoch nur darauf spezialisiert, Insekten als Hauptmahlzeit zu verwenden, wie z. B. Zierfische, Zierv\u00f6gel, Schildkr\u00f6ten, Schildkr\u00f6ten, Salamander, Leguane&#8230; sind Insekten, die sie als eine Art Nahrungserg\u00e4nzung f\u00fcr sie fangen. Am offensichtlichsten sind Hunde und Katzen als Haustiere, sie k\u00f6nnen ohne Probleme Kakerlaken fressen.<\/p>\n<p><strong>A \u2013 Larven k\u00f6nnen als Erg\u00e4nzungsfutter<\/strong> f\u00fcr Hunde, Katzen, kleine S\u00e4ugetiere, Gefl\u00fcgel, Zierv\u00f6gel und Zierfische verwendet werden\u2026\u2026. Larven werden von nat\u00fcrlichen Insektenfressern sehr bevorzugt. Was Hunde, Katzen und kleine S\u00e4ugetiere betrifft, m\u00f6gen einige die lebenden schwarzen Larven, oder Sie k\u00f6nnen Ihre eigenen herstellen und in ihre Nahrung mischen.<\/p>\n<p><strong>B \u2013 N\u00e4hrstoffgehalt Schwarze Soldatenfliegenlarven<\/strong> liefern nachweislich ausgewogene Mengen an Proteinen, Aminos\u00e4uren, Kalzium und anderen N\u00e4hrstoffen, einschlie\u00dflich Omega-3-Fetts\u00e4uren 6 9, die sich hervorragend f\u00fcr die Tierf\u00fctterung Babe eignen. Black Soldier Fly-Tierfutterprodukte werden jetzt als billigere, nachhaltigere Alternative angepriesen, die im Vergleich zu anderen herk\u00f6mmlichen Tiernahrungen besser ist.<\/p>\n<p><strong>C \u2013<\/strong> <strong>Dar\u00fcber hinaus ist bekannt, dass die Larven der Schwarzen Soldatenfliege keine Giftstoffe ansammeln<\/strong>, sie entfernen giftige Substanzen sofort \u00fcber den Kot aus dem K\u00f6rper, ohne sie aufzunehmen. Die Fliegenlarven k\u00f6nnen daher im Ganzen an andere Tiere verf\u00fcttert oder als Tierfutterprodukt verarbeitet werden, das aus den Larven der Schwarzen Soldatenfliege gewonnen wird.<\/p>\n<p><span style=\"font-size: 24px;\"><strong>3 tier\u00e4rztliche Empfehlungen beim F\u00fcttern von Haustieren \u2013 [Wichtig]<\/strong><\/span><\/p>\n<ol>\n<li>Empfohlen f\u00fcr: Hunde, Katzen, Gefl\u00fcgel, Reptilien, kleine S\u00e4ugetiere und essbare Insekten.<\/li>\n<li>Nehmen Sie 10-20% der Tagesration ein oder f\u00fcttern Sie 2-3 mal pro Woche als proteinreiche Mahlzeit.<\/li>\n<li>Ziehen Sie in Erw\u00e4gung, die Gr\u00f6\u00dfen SMALL, MEDIUM, LARGE f\u00fcr Haustiere unterschiedlicher Gr\u00f6\u00dfe zu w\u00e4hlen.<\/li>\n<\/ol>\n<p><span style=\"font-size: 20px;\"><strong>N\u00e4hrwert des Produkts<\/strong><\/span><\/p>\n<p>Die Larven der Schwarzen Soldatenfliege sind ein nat\u00fcrliches, nahrhaftes, proteinreiches, lipidreiches und kalziumreiches Futter f\u00fcr Ihr Haustier. Ihr ausgewogenes Calcium-Phosphor-Verh\u00e4ltnis ist ideal f\u00fcr Reptilien, H\u00fchner, Enten usw. Die Larven der Schwarzen Soldatenfliege enthalten auch nat\u00fcrliche antibakterielle Eigenschaften, die die Immunit\u00e4t Ihres Haustieres st\u00e4rken k\u00f6nnen.<\/p>\n<table style=\"width: 87.4574%; height: 167px;\">\n<tbody>\n<tr style=\"height: 71px;\">\n<td style=\"height: 71px;\"><strong>N\u00e4hrwert (in getrocknetem Calciumwurm gefunden)<\/strong><\/td>\n<td style=\"height: 71px;\"><strong>% Wert<\/strong><\/td>\n<\/tr>\n<tr style=\"height: 24px;\">\n<td style=\"height: 24px;\">DAS PROTEIN (%)<\/td>\n<td style=\"height: 24px;\">36,8%<\/td>\n<\/tr>\n<tr style=\"height: 24px;\">\n<td style=\"height: 24px;\">FETT (%)<\/td>\n<td style=\"height: 24px;\">38,1%<\/td>\n<\/tr>\n<tr style=\"height: 24px;\">\n<td style=\"height: 24px;\">CALCIUM (%)<\/td>\n<td style=\"height: 24px;\">3,28%<\/td>\n<\/tr>\n<tr style=\"height: 24px;\">\n<td style=\"height: 24px;\">PHOSPHOR (%)<\/td>\n<td style=\"height: 24px;\">0,58%<\/td>\n<\/tr>\n<\/tbody>\n<\/table>\n<p><strong><span style=\"font-size: 20px;\">N\u00e4hrwerttabelle bei getrockneten Larven:<\/span><\/strong><\/p>\n<p><img decoding=\"async\" src=\"https:\/\/cdn.statically.io\/img\/kimmyfarm.com\/wp-content\/uploads\/2021\/01\/Nutritional-value-of-black-soldier-fly-larvae-in-viet-nam.jpg?f=auto\" alt=\"K\u1ebft qu\u1ea3 Ki\u1ec3m Tra Ph\u00e2n T\u00edch H\u00e0m L\u01b0\u1ee3ng Dinh D\u01b0\u1ee1ng C\u00f3 Trong S\u1ea3n Ph\u1ea9m Ru\u1ed3i L\u00ednh \u0110en Sau Khi \u0110\u00e3 \u0110\u01b0\u1ee3c S\u1ea5y Kh\u00f4\" \/><\/p>\n<p><span style=\"font-size: 14px;\">N\u00e4hrwertanalyse-Testergebnisse von Black Soldier Fly-Produkten nach dem Trocknen.<\/span><\/p>\n<p><span style=\"font-size: 24px;\"><strong>GR\u00d6SSE Larven Je Nach Alter<\/strong><\/span><\/p>\n<p>Je nach Tier f\u00fcttern wir sie mit unterschiedlich gro\u00dfen Larven. Sie haben die Wahl zwischen SMALL, MEDIUM und LARGE. Nehmen Sie ein Beispiel f\u00fcr den Salamander, der von Freunden in Vietnam zu Hause gehalten wird: Sie sind Allesfresser, aber ihre Kiefer sind sehr schwach und es ist schwierig, harte Gegenst\u00e4nde zu kauen. Daher f\u00fcttern wir den Salamander als sinnvolle Wahl mit mittelgro\u00dfen Larven der Schwarzen Soldatenfliege (SizeM \u2013 12-14 Tage alt).<\/p>\n<ul>\n<li><strong>Super kleine Gr\u00f6\u00dfe SS:<\/strong> ist eine 4 Tage alte Larve.<\/li>\n<li><strong>Kleine Gr\u00f6\u00dfe S:<\/strong> ist eine 6 Tage alte Larve.<\/li>\n<li><strong>Mittlere Gr\u00f6\u00dfe M:<\/strong> 12-14 Tage alte Larven.<\/li>\n<li><strong>Gro\u00dfe Gr\u00f6\u00dfe L<\/strong>: 20-28 Tage alte Larven.<\/li>\n<\/ul>\n<p><strong>@HINWEIS:<\/strong> Dies ist das Verpuppungsstadium der Larve, also seien Sie vorsichtig, wenn Sie in diesem Stadium Larven kaufen. In diesem Stadium haben die Larven der Schwarzen Soldatenfliege jedoch den h\u00f6chsten N\u00e4hrstoffgehalt.<\/p>\n<p><strong>Kimmy&#8217;s Farm Lieferant f\u00fcr qualitativ hochwertige Produkte der Schwarzen Soldatenfliege im S\u00fcden &#8211;<\/strong> Kimmy&#8217;s Farm ist spezialisiert auf die Bereitstellung von Produkten im Zusammenhang mit Schwarzen Soldatenfliegen wie: Fliegeneier, Fliegenlarven, Fliegenpuppen, erwachsene schwarze Soldatenfliegen, Kokon, organischer D\u00fcnger von Schwarzen Soldatenfliegen\u2026 \u2026 und viele andere saubere landwirtschaftliche Produkte. Wir haben eine schwarze Soldatenfliegenfarm in Tay Ninh und ein sauberes landwirtschaftliches Anbaugebiet in Binh Phuoc, eine Repr\u00e4sentanz in Ho-Chi-Minh-Stadt f\u00fcr Ihre Bequemlichkeit. Kimmy Farm ist eine saubere und moderne landwirtschaftliche Farm mit dem Wunsch, das Beste mit vielen Menschen zu teilen und das saubere landwirtschaftliche \u00d6kosystem Vietnams zu entwickeln. Bitte kontaktieren Sie uns, wenn Sie eine Quelle f\u00fcr Schwarze Soldatenfliegen ben\u00f6tigen.<\/p>\n","protected":false},"excerpt":{"rendered":"<p><strong>Getrocknete Larve der Schwarzen Soldatenfliege<\/strong><em> (getrockneter Kalziumwurm)<\/em> ist ein gro\u00dfartiges Produkt, um die Ern\u00e4hrung von Tieren, Haustieren und Haustieren zu erg\u00e4nzen. Sie werden gerne von V\u00f6geln, Gefl\u00fcgel, Reptilien oder Fischen verzehrt. Unsere Larven der Schwarzen Soldatenfliege werden auf Farmen in Tay Ninh &amp; Binh Phuoc aufgezogen, wo das Klima in Vietnam am besten f\u00fcr diese Fliege geeignet ist. Gro\u00df &#8211; Fette Fliegenlarven sind voller N\u00e4hrstoffe. Kaufen Sie diesen k\u00f6stlichen und nahrhaften Leckerbissen f\u00fcr Ihre Haustiere und Haustiere! Ich bin sicher, sie werden sich sehr freuen.<\/p>\n<p><span style=\"font-size: 20px;\"><strong>Zusammenfassung Produkteigenschaften:<\/strong><\/span><\/p>\n<ul>\n<li><strong>Name:<\/strong> Getrocknete Larven der schwarzen Soldatenfliege (getrockneter Kalziumwurm)<\/li>\n<li><strong>Stadium:<\/strong> Larve.<\/li>\n<li><strong>Zustand:<\/strong> Ganze 6 Tage alte Larve maschinell getrocknet.<\/li>\n<li><strong>Gr\u00f6\u00dfe:<\/strong> Klein, GR\u00d6SSE<\/li>\n<li><strong>Verwendung f\u00fcr:<\/strong> Herstellung von Tierfutter, Tiernahrung.<\/li>\n<li><strong>Herkunft:<\/strong> Tay Ninh, Binh Phuoc \u2013 Vietnam<\/li>\n<li><strong>Zus\u00e4tzliche Informationen:<\/strong> Getrocknete Calciumw\u00fcrmer enthalten viel nat\u00fcrliches Calcium und Eiwei\u00df. Tolles Erg\u00e4nzungsfutter f\u00fcr Geckos, Cham\u00e4leons, Schildkr\u00f6ten und alle Reptilien- oder Amphibien-Haustiere, Gefl\u00fcgel, Vieh, Haustiere&#8230; Getrocknete Larven der Schwarzen Soldatenfliege sind verpackt.<\/li>\n<\/ul>\n","protected":false},"featured_media":20026,"template":"","meta":[],"product_brand":[],"product_cat":[257,262],"product_tag":[323,307],"class_list":{"0":"post-22495","1":"product","2":"type-product","3":"status-publish","4":"has-post-thumbnail","6":"product_cat-schwarze-soldatenfliegen","7":"product_cat-schwarze-soldatenfliegenlaven","8":"product_tag-getrocknete-schwarze-soldatenfliegenlarven","9":"product_tag-schwarze-soldatenfliegen","11":"first","12":"instock","13":"shipping-taxable","14":"product-type-simple"},"_links":{"self":[{"href":"https:\/\/kimmyfarm.com\/de\/wp-json\/wp\/v2\/product\/22495","targetHints":{"allow":["GET"]}}],"collection":[{"href":"https:\/\/kimmyfarm.com\/de\/wp-json\/wp\/v2\/product"}],"about":[{"href":"https:\/\/kimmyfarm.com\/de\/wp-json\/wp\/v2\/types\/product"}],"version-history":[{"count":0,"href":"https:\/\/kimmyfarm.com\/de\/wp-json\/wp\/v2\/product\/22495\/revisions"}],"wp:featuredmedia":[{"embeddable":true,"href":"https:\/\/kimmyfarm.com\/de\/wp-json\/wp\/v2\/media\/20026"}],"wp:attachment":[{"href":"https:\/\/kimmyfarm.com\/de\/wp-json\/wp\/v2\/media?parent=22495"}],"wp:term":[{"taxonomy":"product_brand","embeddable":true,"href":"https:\/\/kimmyfarm.com\/de\/wp-json\/wp\/v2\/product_brand?post=22495"},{"taxonomy":"product_cat","embeddable":true,"href":"https:\/\/kimmyfarm.com\/de\/wp-json\/wp\/v2\/product_cat?post=22495"},{"taxonomy":"product_tag","embeddable":true,"href":"https:\/\/kimmyfarm.com\/de\/wp-json\/wp\/v2\/product_tag?post=22495"}],"curies":[{"name":"wp","href":"https:\/\/api.w.org\/{rel}","templated":true}]}}