{"id":22272,"date":"2020-12-28T11:45:33","date_gmt":"2020-12-28T04:45:33","guid":{"rendered":"https:\/\/kimmyfarm.com\/product\/cashewschalenabfalle-cashewreste-ol-gepresst"},"modified":"2020-12-28T11:45:33","modified_gmt":"2020-12-28T04:45:33","slug":"cashewschalenabfalle-cashewreste-ol-gepresst","status":"publish","type":"product","link":"https:\/\/kimmyfarm.com\/de\/produkt\/cashewschalenabfalle-cashewreste-ol-gepresst","title":{"rendered":"Cashewschalenabf\u00e4lle, Cashewreste (\u00d6l gepresst)"},"content":{"rendered":"<p><span style=\"font-size: 24px;\"><strong>Was sind Cashew-R\u00fcckst\u00e4nde?<\/strong><\/span><\/p>\n<p><span style=\"font-family: 'times new roman', times, serif;\"><strong>Cashewschalenreste<\/strong><em> (engl.: cashew shell rests)<\/em> ist der verbleibende Teil der \u00e4u\u00dferen Schale der Cashewnuss, nachdem das <strong>Cashewnussschalen\u00f6l<\/strong> gepresst wurde (Cnsl). Cashewreste gelten als billige Brennstoffquelle f\u00fcr die Verbrennung in Zeiten knapper Brennstoffressourcen.<strong> Cashew-R\u00fcckst\u00e4nde<\/strong> sind ein sehr brennbares Material, das leicht mit Sp\u00e4nen und einigen anderen traditionellen Brennmaterialien vermischt werden kann, um die Hitze des Kessels zu beschleunigen.<\/span><\/p>\n<p><img decoding=\"async\" src=\"https:\/\/kimmyfarm.com\/wp-content\/uploads\/2020\/12\/vo-dieu-tho-cashew-nut-shell-viet-nam.jpg\" alt=\"B\u00e3 v\u1ecf \u0111i\u1ec1u \u0111\u00e3 \u00e9p d\u1ea7u\" \/><\/p>\n<p><span style=\"font-size: 20px;\"><strong>Cashew-R\u00fcckst\u00e4nde sind einfach als Brennstoff zu mischen.<\/strong><\/span><\/p>\n<p>Das Unternehmen verf\u00fcgt \u00fcber eine Verbrennungsanlage, die den Brennstoff vollst\u00e4ndig aus <strong>Cashewresten<\/strong> verwenden oder <strong>Cashewschalenr\u00fcckst\u00e4nde<\/strong> mit <strong>Kleiekohle<\/strong> und <strong>Sekund\u00e4rkohle<\/strong> kombinieren kann, um eine Brennstoffmischung zu bilden, die gute W\u00e4rme und niedrige Kosten liefert. Dar\u00fcber hinaus werden Cashewreste oft als Brennstoff verwendet, um andere Brennstoffe wie Kohle, Brennholz, Reish\u00fclsen &#8230; Gegenw\u00e4rtig werden auch mit <strong>Cashewn\u00fcssen befeuerte<\/strong> Kessel aufgrund ihrer geringen Kosten und des ganzj\u00e4hrigen reichlichen Angebots sehr h\u00e4ufig verwendet. Unser Unternehmen ist darauf <strong>spezialisiert, Cashewn\u00fcsse in gro\u00dfen Mengen zu liefern<\/strong>, um den langfristigen Bedarf der Kunden zu decken, die das ganze Jahr \u00fcber eine stabile Warenquelle zu wettbewerbsf\u00e4higen Preisen haben. Bitte kontaktieren Sie uns.<\/p>\n<p><img decoding=\"async\" src=\"https:\/\/kimmyfarm.com\/wp-content\/uploads\/2020\/12\/Ba-Dieu-De-Pha-Tron-Lam-Chat-Dot.jpg\" alt=\"H\u1ed7n H\u1ee3p B\u00e3 \u0110i\u1ec1u \u0110\u00e3 \u0110\u01b0\u1ee3c Pha Tr\u1ed9n Th\u00e0nh H\u1ed7n H\u1ee3p Ch\u1ea5t \u0110\u1ed1t L\u00f2 Nhi\u1ec7t L\u01b0\u1ee3ng Cao\" \/><\/p>\n<p><span style=\"font-size: 14px;\">Cashew-R\u00fcckstandsmischung wurde in Hochtemperaturofen-Compound gemischt.<\/span><\/p>\n<p>&nbsp;<\/p>\n<p><span style=\"font-size: 20px;\"><strong>Wof\u00fcr werden Cashew-Abf\u00e4lle verwendet?<\/strong><\/span><\/p>\n<p><strong>Cashew-R\u00fcckst\u00e4nde<\/strong> werden oft verwendet, um <strong>billige Kessel<\/strong> mit hoher Hitze von bis zu <strong>4.400 &#8211; 4.600 KCAL\/Kg<\/strong> <strong>zu verbrennen.<\/strong> <strong>Cashew-Asche f\u00fcr billige Kessel<\/strong> ist brennbar und kann leicht mit Sp\u00e4nen und einigen anderen brennenden Materialien vermischt werden, um die Hitze des Kessels zu beschleunigen, wenn der Kessel W\u00e4rme verliert. Ein Nachteil bei der Verwendung von Cashew-R\u00fcckst\u00e4nden ist die Sorge um Dampf, der Kessel wird schneller besch\u00e4digt, da der Cashew-Kunststoff sehr giftig ist, lange Zeit am Rost, Ofenstab, Eisenrohr haftet und die Hitze im Kessel reduziert. Daher wird es nur eingeschr\u00e4nkt zum Zwecke des schnellen Aufheizens verwendet. Dar\u00fcber hinaus ist der Transport von <strong>Cashewn\u00fcssen<\/strong> zum Auto sehr schmutzig und kann zu Umweltbelastungen f\u00fchren.<\/p>\n<p><img decoding=\"async\" src=\"https:\/\/kimmyfarm.com\/wp-content\/uploads\/2020\/12\/ba-hat-dieu-dung-de-dot-lo-hoi.jpg\" alt=\"B\u00e3 \u0111i\u1ec1u th\u01b0\u1eddng d\u00f9ng \u0111\u1ec3 \u0111\u1ed1t l\u00f2 h\u01a1i gi\u00e1 r\u1ebb v\u1edbi nhi\u1ec7t l\u01b0\u1ee3ng cao l\u00ean \u0111\u1ebfn 4.400 - 4.600 KCAL\/Kg\" \/><\/p>\n<p><span style=\"font-size: 14px;\">Cashew-R\u00fcckst\u00e4nde werden oft verwendet, um billige Kessel mit hoher Hitze von bis zu <strong>4.400 &#8211; 4.600 KCAL\/Kg<\/strong> zu verbrennen.<\/span><\/p>\n","protected":false},"excerpt":{"rendered":"<p><span style=\"font-family: 'times new roman', times, serif;\"><strong>Cashewnussschale<\/strong><em> (auch bekannt als: Abfall-Cashewnussschale, Cashewnussschale, Cashewnussschale)<\/em> ist der Rest der <strong>Cashewnussschale<\/strong>, der den Prozess des Zusammendr\u00fcckens des gesamten Inhalts durchlaufen hat. Dieser Typ wird oft in gro\u00dfen Mengen zur Verwendung als Brennstoff oder Biobrennstoffpellets gesammelt.<\/span><\/p>\n<table style=\"width: 98.0773%; height: 228px;\">\n<tbody>\n<tr style=\"height: 27px;\">\n<td style=\"height: 27px; width: 33.3683%;\"><strong>Produktname<\/strong><\/td>\n<td style=\"height: 27px; width: 65.8972%;\">Cashew-Schale wurde mit \u00d6l gepresst (Cashew-Beutel)<\/td>\n<\/tr>\n<tr style=\"height: 27px;\">\n<td style=\"height: 27px; width: 33.3683%;\"><strong>Herkunft<\/strong><\/td>\n<td style=\"height: 27px; width: 65.8972%;\">Binh Phuoc, Viet Nam.<\/td>\n<\/tr>\n<tr style=\"height: 27px;\">\n<td style=\"height: 27px; width: 33.3683%;\"><strong>Zutat<\/strong><\/td>\n<td style=\"height: 27px; width: 65.8972%;\">Haupts\u00e4chlich Cashew-Schalen.<\/td>\n<\/tr>\n<tr style=\"height: 28px;\">\n<td style=\"height: 28px; width: 33.3683%;\"><strong>Zustand<\/strong><\/td>\n<td style=\"height: 28px; width: 65.8972%;\">Wurde f\u00fcr \u00d6l gepresst und Cashews \u00fcbrig.<\/td>\n<\/tr>\n<tr style=\"height: 28px;\">\n<td style=\"height: 28px; width: 33.3683%;\"><strong>Feuchtigkeit<\/strong><\/td>\n<td style=\"height: 28px; width: 65.8972%;\">10 &#8211; 12%<\/td>\n<\/tr>\n<tr>\n<td style=\"width: 33.3683%;\"><strong>Verunreinigungen<\/strong><\/td>\n<td style=\"width: 65.8972%;\">&lt; 3%<\/td>\n<\/tr>\n<tr>\n<td style=\"width: 33.3683%;\"><strong>Hitze<\/strong><\/td>\n<td style=\"width: 65.8972%;\">4.400 &#8211; 4.600 KCAL\/Kg<\/td>\n<\/tr>\n<\/tbody>\n<\/table>\n","protected":false},"featured_media":25876,"template":"","meta":[],"product_brand":[],"product_cat":[252,255],"product_tag":[310,303],"class_list":{"0":"post-22272","1":"product","2":"type-product","3":"status-publish","4":"has-post-thumbnail","6":"product_cat-binh-phuoc-cashewnusse","7":"product_cat-cashewschale","8":"product_tag-cashewschale","9":"product_tag-rohes-cashewnuss","11":"first","12":"instock","13":"shipping-taxable","14":"product-type-simple"},"_links":{"self":[{"href":"https:\/\/kimmyfarm.com\/de\/wp-json\/wp\/v2\/product\/22272","targetHints":{"allow":["GET"]}}],"collection":[{"href":"https:\/\/kimmyfarm.com\/de\/wp-json\/wp\/v2\/product"}],"about":[{"href":"https:\/\/kimmyfarm.com\/de\/wp-json\/wp\/v2\/types\/product"}],"version-history":[{"count":0,"href":"https:\/\/kimmyfarm.com\/de\/wp-json\/wp\/v2\/product\/22272\/revisions"}],"wp:featuredmedia":[{"embeddable":true,"href":"https:\/\/kimmyfarm.com\/de\/wp-json\/wp\/v2\/media\/25876"}],"wp:attachment":[{"href":"https:\/\/kimmyfarm.com\/de\/wp-json\/wp\/v2\/media?parent=22272"}],"wp:term":[{"taxonomy":"product_brand","embeddable":true,"href":"https:\/\/kimmyfarm.com\/de\/wp-json\/wp\/v2\/product_brand?post=22272"},{"taxonomy":"product_cat","embeddable":true,"href":"https:\/\/kimmyfarm.com\/de\/wp-json\/wp\/v2\/product_cat?post=22272"},{"taxonomy":"product_tag","embeddable":true,"href":"https:\/\/kimmyfarm.com\/de\/wp-json\/wp\/v2\/product_tag?post=22272"}],"curies":[{"name":"wp","href":"https:\/\/api.w.org\/{rel}","templated":true}]}}