{"id":22262,"date":"2020-12-26T14:28:37","date_gmt":"2020-12-26T07:28:37","guid":{"rendered":"https:\/\/kimmyfarm.com\/product\/ww500-standard-weise-cashewkerne"},"modified":"2021-11-19T00:56:59","modified_gmt":"2021-11-18T17:56:59","slug":"ww500-standard-weise-cashewkerne","status":"publish","type":"product","link":"https:\/\/kimmyfarm.com\/de\/produkt\/ww500-standard-weise-cashewkerne","title":{"rendered":"WW500 Standard wei\u00dfe Cashewkerne"},"content":{"rendered":"<p>Wissenschaftlich gesehen sind Cashewkerne eine gro\u00dfartige N\u00e4hrstoffquelle, da sie 5-mal mehr Vitamin C als Orangen enthalten und mehr Kalzium, Eisen und Vitamin B1 enthalten als andere Fr\u00fcchte, Avocados und Bananen. Daher haben viele Studien gezeigt, dass der regelm\u00e4\u00dfige t\u00e4gliche Verzehr von Cashewn\u00fcssen viele gesundheitliche Vorteile mit sich bringen kann, die auf lange Sicht die allgemeine Gesundheit der Menschen verbessern. Hier m\u00f6chten wir Ihnen das Produkt <strong>WW500 Cashewn\u00fcsse &#8211; Vietnam Pure Cashew<\/strong> vorstellen.<\/p>\n<p><strong><span style=\"font-size: 24px;\">Cashewkerne WW500<\/span><\/strong><\/p>\n<p><strong>Standard Cashewn\u00fcsse WW500<\/strong> <em>(englisch: white full cashew 500, cashew w500, cashewn\u00fcsse ww500, white cashew nut w500)<\/em> sind ganze, wei\u00dfe Kerne der Cashewnuss, diese Sorte hat<strong><em> 460-500 N\u00fcsse\/Pfund (1022-1120 Samen\/kg)<\/em><\/strong>, sie sind kleine Cashew-Sorten. Ww500 Cashewkerne mit wei\u00dfem Kern ist eine kleine Cashewnuss, die weit verbreitet angebaut wird und ein gro\u00dfes Exportvolumen in Vietnam hat. Cashewn\u00fcsse dieser Gr\u00f6\u00dfe werden h\u00e4ufig zur Herstellung von<strong> Produkten verwendet: getrocknete Cashewn\u00fcsse, ganze ger\u00f6stete Cashewn\u00fcsse mit Salz, ger\u00f6stete Cashewn\u00fcsse mit Knoblauch und Chili, Cashew-Snacks, Cashewn\u00fcsse in Dosen&#8230;..\u00a0<\/strong>und viele beliebte und beliebte Vollkorn-Cashew-Produkte. Im Cashewnuss-Klassifizierungssystem gilt: Je fortgeschrittener die N\u00fcsse, je gr\u00f6\u00dfer sie sind, desto besser der Geschmack, je mehr N\u00e4hrstoffe in der Nuss, desto h\u00f6her der Wert. Daher ist ww500 wei\u00dfe Cashewnuss eine kleine Art von Cashewnuss, die von vielen L\u00e4ndern auf der ganzen Welt verwendet wird, mit einer gro\u00dfen Nachfrage nach Bestellungen in Vietnam.<\/p>\n<p><img decoding=\"async\" src=\"https:\/\/kimmyfarm.com\/wp-content\/uploads\/2020\/12\/hat-dieu-nhan-trang-tieu-chuan-ww500.jpg\" alt=\"H\u1ea1t \u0111i\u1ec1u nh\u00e2n ww500 ch\u1ea5t l\u01b0\u1ee3ng cao xu\u1ea5t kh\u1ea9u\" \/><\/p>\n<p>Exportieren Sie hochwertige ww500 Cashewkerne.<\/p>\n<p><span style=\"font-size: 24px;\"><strong>Cashewnuss-Produktionsprozess WW500.<\/strong><\/span><\/p>\n<ul>\n<li><strong>W\u00e4rmebehandlung:<\/strong> Der Zweck des D\u00e4mpfens von Cashewkernen besteht darin, dass die Hitze die harte Schale der Cashewnuss weicher macht, so dass die \u00e4u\u00dfere Schale der Cashewnuss getrennt werden kann, um den wei\u00dfen Kern nach innen zu bekommen. Rohe Cashewn\u00fcsse werden mit direkter Hitze, hei\u00dfem \u00d6l oder Dampf in einen Minikocher gegeben&#8230;. um die \u00e4u\u00dfere Schale durch Temperatur zu behandeln. Nach Abschluss der W\u00e4rmebehandlung m\u00fcssen die Cashewkerne etwa 12 Stunden (ein halber Tag) abgek\u00fchlt werden, bevor sie gespalten und die Kerne hineingelegt werden.<\/li>\n<li><strong>Aufspalten von Cashewschalen:<\/strong> Nachdem die W\u00e4rmebehandlung abgeschlossen ist, werden Cashews zum Spalten der Schalen genommen, die Schalen schnell geschnitten, um die \u00e4u\u00dfere Schale zu entfernen und den inneren Kern zu erhalten. Dies ist ein sehr schwieriger Prozess, bei dem Facharbeiter in der Lage sein m\u00fcssen, die Schale zu spalten, ohne den Kern im Inneren zu brechen. Nach dem Aufteilen der Schale erhalten wir 3 Produkte: Raw Cashew Shell, Raw Cashew Silk Shell und Raw Cashew Kernel. In diesem werden rohe Cashewkerne durch die Sortier- und Sortierabteilung geleitet, um ihr Niveau zu ber\u00fccksichtigen.<\/li>\n<li><strong>Sortierung und Bewertung:<\/strong> Der Cashew-Nuss-Bewertungsprozess wurde entwickelt, um wei\u00dfe Cashewkerne in verschiedene Qualit\u00e4ten zu klassifizieren. Wei\u00dfe Kerne werden in zwei Hauptkategorien unterteilt, <strong>&#8222;Whole Seeds&#8220;<\/strong> und<strong> &#8222;Broken Seeds&#8220;<\/strong>. Beim Export von ganzen Cashewkernen werden <strong>Whole Nuts<\/strong> in 15 verschiedene Sorten und<strong> Broken Nuts<\/strong> in 9 Sorten unterteilt. Hier ist die 500 ganze wei\u00dfe Cashewnuss eine sehr beliebte Cashewnusssorte mit 15 verschiedenen Stufen zum Preis von Cashewkernen.<\/li>\n<\/ul>\n<p><img decoding=\"async\" src=\"https:\/\/kimmyfarm.com\/wp-content\/uploads\/2020\/12\/hat-dieu-nhan-trang-tieu-chuan-ww500-1.jpg\" \/><\/p>\n<p><img decoding=\"async\" src=\"https:\/\/kimmyfarm.com\/wp-content\/uploads\/2021\/01\/compare-w210-w240-w320-w450.jpg\" alt=\"So sanh C\u00e1c H\u1ea1ng C\u1ee7a H\u1ea1t \u0110i\u1ec1u: W210, W240, W320, W450\" \/><\/p>\n<p>Cashew-Sorten vergleichen: W210, W240, W320, W450.<\/p>\n<p><span style=\"font-size: 24px;\"><strong>Ern\u00e4hrung in Cashewn\u00fcssen WW500<\/strong><\/span><\/p>\n<p>Daher haben viele Studien gezeigt, dass der regelm\u00e4\u00dfige t\u00e4gliche Verzehr von Cashewn\u00fcssen viele gesundheitliche Vorteile mit sich bringen kann, die auf lange Sicht die allgemeine Gesundheit der Menschen verbessern. Die ww500 Standard Cashewnuss ist eine sehr beliebte Cashewnuss mit einem erschwinglichen Preis, die f\u00fcr viele Menschen geeignet ist, sehr gut jeden Tag direkt zu essen. Cashewn\u00fcsse tragen zur Vorbeugung von Herz-Kreislauf-Erkrankungen, zur Verringerung des Diabetesrisikos, zur Vorbeugung von Krebs, zur F\u00f6rderung der Erythrozytenbildung, zur F\u00f6rderung der Knochen- und Zahngesundheit, zur Verringerung des An\u00e4mierisikos, zur Vorbeugung von Gallensteinen, zur St\u00e4rkung des Immunsystems&#8230; N\u00fcsse bringen, sie werden viel konsumiert.<\/p>\n<table style=\"border-collapse: collapse; width: 100%; height: 437px;\">\n<tbody>\n<tr style=\"height: 23px;\">\n<td style=\"width: 26.6533%; height: 23px;\"><strong>N\u00e4hrstoffe benennen.<\/strong><\/td>\n<td style=\"width: 73.3467%; text-align: center; height: 23px;\"><strong>Stoffmenge in 100g.<\/strong><\/td>\n<\/tr>\n<tr style=\"height: 23px;\" valign=\"TOP\">\n<td style=\"text-align: left; width: 26.6533%; height: 23px;\" valign=\"TOP\"><strong>Menge an Mineralien.<\/strong><\/td>\n<td style=\"width: 73.3467%; text-align: center; height: 23px;\">2.4<\/td>\n<\/tr>\n<tr style=\"height: 23px;\" valign=\"TOP\">\n<td style=\"text-align: left; width: 26.6533%; height: 23px;\" valign=\"TOP\"><strong>Menge an Ballaststoffen<\/strong><\/td>\n<td style=\"width: 73.3467%; text-align: center; height: 23px;\">1.3<\/td>\n<\/tr>\n<tr style=\"height: 23px;\" valign=\"TOP\">\n<td style=\"text-align: left; width: 26.6533%; height: 23px;\" valign=\"TOP\"><strong>Calo<\/strong><\/td>\n<td style=\"width: 73.3467%; text-align: center; height: 23px;\">785<\/td>\n<\/tr>\n<tr style=\"height: 23px;\" valign=\"TOP\">\n<td style=\"text-align: left; width: 26.6533%; height: 23px;\" valign=\"TOP\"><strong>Protein<\/strong><\/td>\n<td style=\"width: 73.3467%; text-align: center; height: 23px;\">24<\/td>\n<\/tr>\n<tr style=\"height: 23px;\" valign=\"TOP\">\n<td style=\"text-align: left; width: 26.6533%; height: 23px;\" valign=\"TOP\"><strong>Fett<\/strong><\/td>\n<td style=\"width: 73.3467%; text-align: center; height: 23px;\">64<\/td>\n<\/tr>\n<tr style=\"height: 23px;\" valign=\"TOP\">\n<td style=\"text-align: left; width: 26.6533%; height: 23px;\" valign=\"TOP\"><strong>Ges\u00e4ttigtes Fett<\/strong><\/td>\n<td style=\"width: 73.3467%; text-align: center; height: 23px;\">12.9<\/td>\n<\/tr>\n<tr style=\"height: 23px;\" valign=\"TOP\">\n<td style=\"text-align: left; width: 26.6533%; height: 23px;\" valign=\"TOP\"><strong>Unsaturated (Oleic)<\/strong><\/td>\n<td style=\"width: 73.3467%; text-align: center; height: 23px;\">36.8<\/td>\n<\/tr>\n<tr style=\"height: 23px;\" valign=\"TOP\">\n<td style=\"text-align: left; width: 26.6533%; height: 23px;\" valign=\"TOP\"><strong>Unsaturated (Linoleic)<\/strong><\/td>\n<td style=\"width: 73.3467%; text-align: center; height: 23px;\">10.2<\/td>\n<\/tr>\n<tr style=\"height: 23px;\" valign=\"TOP\">\n<td style=\"text-align: left; width: 26.6533%; height: 23px;\" valign=\"TOP\"><strong>Carbohydrate<\/strong><\/td>\n<td style=\"width: 73.3467%; text-align: center; height: 23px;\">41<\/td>\n<\/tr>\n<tr style=\"height: 23px;\" valign=\"TOP\">\n<td style=\"text-align: left; width: 26.6533%; height: 23px;\" valign=\"TOP\"><strong>Canxi<\/strong><\/td>\n<td style=\"width: 73.3467%; text-align: center; height: 23px;\">53<\/td>\n<\/tr>\n<tr style=\"height: 23px;\" valign=\"TOP\">\n<td style=\"text-align: left; width: 26.6533%; height: 23px;\" valign=\"TOP\"><strong>Phosphor<\/strong><\/td>\n<td style=\"width: 73.3467%; text-align: center; height: 23px;\">52.2<\/td>\n<\/tr>\n<tr style=\"height: 23px;\" valign=\"TOP\">\n<td style=\"text-align: left; width: 26.6533%; height: 23px;\" valign=\"TOP\"><b>Eisen<\/b><\/td>\n<td style=\"width: 73.3467%; text-align: center; height: 23px;\">5.3<\/td>\n<\/tr>\n<tr style=\"height: 23px;\" valign=\"TOP\">\n<td style=\"text-align: left; width: 26.6533%; height: 23px;\" valign=\"TOP\"><strong>Vitamin B1<\/strong><\/td>\n<td style=\"width: 73.3467%; text-align: center; height: 23px;\">0.63<\/td>\n<\/tr>\n<tr style=\"height: 23px;\" valign=\"TOP\">\n<td style=\"text-align: left; width: 26.6533%; height: 23px;\" valign=\"TOP\"><strong>Vitamin B2<\/strong><\/td>\n<td style=\"width: 73.3467%; text-align: center; height: 23px;\">0.19<\/td>\n<\/tr>\n<tr style=\"height: 23px;\" valign=\"TOP\">\n<td style=\"text-align: left; width: 26.6533%; height: 23px;\" valign=\"TOP\"><strong>Vitamin B3<\/strong><\/td>\n<td style=\"width: 73.3467%; text-align: center; height: 23px;\">2.5<\/td>\n<\/tr>\n<tr style=\"height: 23px;\" valign=\"TOP\">\n<td style=\"text-align: left; width: 26.6533%; height: 23px;\" valign=\"TOP\"><strong>Beta-carotene<\/strong><\/td>\n<td style=\"width: 73.3467%; text-align: center; height: 23px;\">60<\/td>\n<\/tr>\n<tr style=\"height: 23px;\" valign=\"TOP\">\n<td style=\"text-align: left; width: 26.6533%; height: 23px;\" valign=\"TOP\"><strong>Retinol Equivalent<\/strong><\/td>\n<td style=\"width: 73.3467%; text-align: center; height: 23px;\">33 IU; 10 mcg<\/td>\n<\/tr>\n<tr style=\"height: 23px;\" valign=\"TOP\">\n<td style=\"text-align: left; width: 26.6533%; height: 23px;\" valign=\"TOP\"><strong>Vitamin K<\/strong><\/td>\n<td style=\"width: 73.3467%; text-align: center; height: 23px;\">650<\/td>\n<\/tr>\n<\/tbody>\n<\/table>\n<p><img decoding=\"async\" src=\"https:\/\/kimmyfarm.com\/wp-content\/uploads\/2020\/12\/hat-dieu-nhan-trang-tieu-chuan-ww180-7.jpg\" \/><\/p>\n<p><span style=\"font-size: 24px;\"><strong>Kontakt Kauf<\/strong><\/span><\/p>\n<p><strong>Kimmy Farm<\/strong> &#8211; ist eine Marke, die sich auf die Produktion und den Export von landwirtschaftlichen Produkten in Vietnam spezialisiert hat. Wir haben eine schwarze Soldatenfliegenfarm in Tay Ninh und ein Cashew-Anbaugebiet in Binh Phuoc. Die wichtigsten Exportprodukte des Unternehmens sind: <strong>Produkte aus Schwarzen Soldatenfliegen, Cashewn\u00fcssen, rohen Cashewn\u00fcssen, Wasseraufbereitungsanlagen&#8230;.. <\/strong>Wir sind Lieferant f\u00fcr eine Reihe von Kunden aus: Spanien, Frankreich, Deutschland, Niederlande, Polen, Griechenland, T\u00fcrkei, Russland, Schweiz, USA, Australien, S\u00fcdafrika, VAE, Indien, Singapur, Japan und vielen anderen L\u00e4ndern. Dar\u00fcber hinaus verf\u00fcgen wir \u00fcber ein Team von Mitarbeitern, die \u00fcber langj\u00e4hrige Erfahrung in gro\u00dfen Verarbeitungsbetrieben in Vietnam verf\u00fcgen. Bitte kontaktieren Sie uns, wenn Sie hochwertige Cashewkerne ben\u00f6tigen.<\/p>\n<p><img decoding=\"async\" src=\"https:\/\/kimmyfarm.com\/wp-content\/uploads\/2020\/12\/hat-dieu-duoc-dong-goi-hut-chan-khong-xuat-khau.jpg\" \/><\/p>\n","protected":false},"excerpt":{"rendered":"<p>Cashewn\u00fcsse sind sehr nahrhaft und eine gute Quelle f\u00fcr Protein und essentielle Mineralien, darunter: Kupfer, Kalzium, Magnesium, Eisen, Phosphor, Kalium und Zink. Enth\u00e4lt 0% Cholesterin. Cashewn\u00fcsse WW450 ist das perfekte Produkt, um beliebtes Essen f\u00fcr alle zu machen.<\/p>\n<p><strong>WW500-Zusammenfassungsinformationen:<\/strong><\/p>\n<ul>\n<li><strong>Farbe:<\/strong> Ganz Wei\u00df.<\/li>\n<li><strong>Anzahl der Samen\/Pfund:<\/strong> 460-500 Samen\/Pfund.<\/li>\n<li><strong>Anzahl Samen\/kg:<\/strong> 1.022-1120 Samen\/kg.<\/li>\n<li><strong>Herkunft:<\/strong> Binh Phuoc, Vietnam.<\/li>\n<li><strong>Luftfeuchtigkeit:<\/strong> bis zu 5%.<\/li>\n<li><strong>Defekt:<\/strong> bis zu 10 %.<\/li>\n<li><strong>Niedrigerer Gr\u00f6\u00dfentyp:<\/strong> bis zu 10 %.<\/li>\n<li><strong>Defekt:<\/strong> bis zu 8%.<\/li>\n<\/ul>\n","protected":false},"featured_media":20092,"template":"","meta":[],"product_brand":[],"product_cat":[252,253],"product_tag":[294,299,300],"class_list":{"0":"post-22262","1":"product","2":"type-product","3":"status-publish","4":"has-post-thumbnail","6":"product_cat-binh-phuoc-cashewnusse","7":"product_cat-cashewnusse","8":"product_tag-cashewnusse","9":"product_tag-ganze-cashewnuss","10":"product_tag-weiser-cashewnusskern","12":"first","13":"instock","14":"shipping-taxable","15":"product-type-simple"},"_links":{"self":[{"href":"https:\/\/kimmyfarm.com\/de\/wp-json\/wp\/v2\/product\/22262","targetHints":{"allow":["GET"]}}],"collection":[{"href":"https:\/\/kimmyfarm.com\/de\/wp-json\/wp\/v2\/product"}],"about":[{"href":"https:\/\/kimmyfarm.com\/de\/wp-json\/wp\/v2\/types\/product"}],"version-history":[{"count":0,"href":"https:\/\/kimmyfarm.com\/de\/wp-json\/wp\/v2\/product\/22262\/revisions"}],"wp:featuredmedia":[{"embeddable":true,"href":"https:\/\/kimmyfarm.com\/de\/wp-json\/wp\/v2\/media\/20092"}],"wp:attachment":[{"href":"https:\/\/kimmyfarm.com\/de\/wp-json\/wp\/v2\/media?parent=22262"}],"wp:term":[{"taxonomy":"product_brand","embeddable":true,"href":"https:\/\/kimmyfarm.com\/de\/wp-json\/wp\/v2\/product_brand?post=22262"},{"taxonomy":"product_cat","embeddable":true,"href":"https:\/\/kimmyfarm.com\/de\/wp-json\/wp\/v2\/product_cat?post=22262"},{"taxonomy":"product_tag","embeddable":true,"href":"https:\/\/kimmyfarm.com\/de\/wp-json\/wp\/v2\/product_tag?post=22262"}],"curies":[{"name":"wp","href":"https:\/\/api.w.org\/{rel}","templated":true}]}}