{"id":22256,"date":"2020-12-30T12:37:32","date_gmt":"2020-12-30T05:37:32","guid":{"rendered":"https:\/\/kimmyfarm.com\/product\/ganze-gefrorene-vannamei-garnelen"},"modified":"2020-12-30T12:37:32","modified_gmt":"2020-12-30T05:37:32","slug":"ganze-gefrorene-vannamei-garnelen","status":"publish","type":"product","link":"https:\/\/kimmyfarm.com\/de\/produkt\/ganze-gefrorene-vannamei-garnelen","title":{"rendered":"Ganze gefrorene Vannamei-Garnelen"},"content":{"rendered":"<p><span style=\"font-size: 20px;\"><strong>In Vietnam gez\u00fcchtete Vannamei-Garnelen.<\/strong><\/span><\/p>\n<p><strong>Vannamei-Garnelen<\/strong> <em>(auch bekannt als Vannamei, litopenaeus vannamei, penaeus vannamei)<\/em> sind die am h\u00e4ufigsten gez\u00fcchteten Vannamei-Arten in Vietnam, einem der f\u00fcnf f\u00fchrenden Produktionsl\u00e4nder f\u00fcr wei\u00dfe Garnelen nach China, Thailand, Ecuador und Indonesien. Die drei Provinzen, die am meisten zur Produktion von Wei\u00dfkeulengarnelen in Vietnam beitragen, sind Ca Mau, Bac Lieu und Can Tho (im S\u00fcden Vietnams). Derzeit werden Garnelen in Vietnam mit Futter nach internationalen Standards gez\u00fcchtet. Whiteleg Shrimps haben einen nat\u00fcrlich mild-s\u00fc\u00dfen Geschmack und eine feste Textur.<\/p>\n<p><img decoding=\"async\" src=\"https:\/\/kimmyfarm.com\/wp-content\/uploads\/2020\/12\/tom-the-nguyen-con-dong-lanh-3.jpg\" alt=\"T\u00f4m Th\u1ebb Ch\u00e2n Tr\u1eafng \u0110\u00f4ng L\u1ea1nh Nguy\u00ean Con\" \/><\/p>\n<p><span style=\"font-size: 14px;\">Ganze gefrorene Whiteleg Shrimps<\/span>.<\/p>\n<p><span style=\"font-size: 20px;\"><strong>Formen der Vorverarbeitung von Garnelen:<\/strong><\/span><\/p>\n<p>Die Hauptformen unserer Produkte sind oben gesch\u00e4lt (HOSO), oben gesch\u00e4lt (SO), oben gesch\u00e4lt (PTO), ungesch\u00e4lt (PUD), gesch\u00e4lt und unterlegt (P&amp;D), Sch\u00e4l- und R\u00fcckenf\u00e4den (PDTO) und Schmetterlingsschwanz offen ( BTTY-TO).<\/p>\n<p><strong>Die wichtigsten Exportformen von gefrorenen rohen wei\u00dfen Garnelen aus Vietnam:<\/strong><\/p>\n<ul>\n<li>Urspr\u00fcnglich Headon Shellon<\/li>\n<li>Kopfloser roher Shellon<\/li>\n<li>Rohes P&amp;D \/ PUD-Endst\u00fcck<\/li>\n<li>Rohes P&amp;D \/ PUD-Endst\u00fcck<\/li>\n<li>Roher Zapfwellen-Schmetterling<\/li>\n<li>Rohe P&amp;D \/ PUD-Schwanzspie\u00dfe<\/li>\n<li>Rohe P&amp;D \/ PUD Tail Cut Spie\u00dfe<\/li>\n<\/ul>\n<p><img decoding=\"async\" src=\"https:\/\/kimmyfarm.com\/wp-content\/uploads\/2020\/12\/tom-the-nguyen-con-dong-lanh-4.jpg\" \/><\/p>\n<p><span style=\"font-size: 20px;\"><strong>Preis von Frozen Vannamei in Vietnam &#8211; Kontaktieren Sie uns.<\/strong><\/span><\/p>\n<p>Kimmy Farm &#8211; ist eine Marke, die sich auf die Produktion und den Export von landwirtschaftlichen Produkten in Vietnam spezialisiert hat. Wir haben eine schwarze Soldatenfliegenfarm in Tay Ninh und ein Cashew-Anbaugebiet in Binh Phuoc. Die wichtigsten Exportprodukte des Unternehmens sind Produkte aus Mekong Delta Seafood, Cashewn\u00fcssen, BSFL&#8230;Wir sind Lieferpartner f\u00fcr eine Reihe von Kunden aus Spanien, Frankreich, Deutschland, Niederlande, Polen, Griechenland, T\u00fcrkei, Russland, Schweiz, USA, Australien, S\u00fcdafrika, VAE, Indien, Singapur, Japan und vielen anderen L\u00e4ndern. Au\u00dferdem verf\u00fcgen wir \u00fcber langj\u00e4hrige Erfahrung in gro\u00dfen Verarbeitungsbetrieben in Vietnam. Bitte kontaktieren Sie uns, wenn Sie eine Quelle f\u00fcr erstklassige Meeresfr\u00fcchte aus dem Mekong-Delta, einem Garnelenexporteur in Vietnam, ben\u00f6tigen.<\/p>\n<p><span style=\"font-size: 24px;\"><strong>Einige verwandte Garnelenprodukte.<\/strong><\/span><\/p>\n","protected":false},"excerpt":{"rendered":"<p><strong>Ganze gefrorene Vannamei<\/strong> &#8211; Produktzusammenfassung von <strong>gefrorenen ganzen Vannamei-Garnelen<\/strong> f\u00fcr den Export oder den Inlandsverbrauch.<\/p>\n<ul>\n<li><strong>Produktname:<\/strong> Gefrorene ganze wei\u00dfe Garnelen.<\/li>\n<li><strong>Zutaten:<\/strong> 100% wei\u00dfe Garnelen.<\/li>\n<li><strong>Zustand:<\/strong> gefroren, ganz.<\/li>\n<li><strong>Lagerung:<\/strong> Temperatur unter -18 Grad Celsius.<\/li>\n<li><strong>Herkunft:<\/strong> Can Tho, Vietnam.<\/li>\n<li><strong>Zertifikat:<\/strong> HACCP: 2003, ISO 22000: 2018, Lebensmittelsicherheitszertifikat von Vietnam\u2026. (Bitte kontaktieren Sie uns f\u00fcr weitere Details).<\/li>\n<\/ul>\n","protected":false},"featured_media":20143,"template":"","meta":[],"product_brand":[],"product_cat":[267,263],"product_tag":[309,318,319,330],"class_list":{"0":"post-22256","1":"product","2":"type-product","3":"status-publish","4":"has-post-thumbnail","6":"product_cat-garnelenkarte","7":"product_cat-gefrorene-fischeries","8":"product_tag-garnelen","9":"product_tag-garnelenkarte","10":"product_tag-gefrorene-garnelen","11":"product_tag-peeled-shrimp","13":"first","14":"instock","15":"shipping-taxable","16":"product-type-simple"},"_links":{"self":[{"href":"https:\/\/kimmyfarm.com\/de\/wp-json\/wp\/v2\/product\/22256","targetHints":{"allow":["GET"]}}],"collection":[{"href":"https:\/\/kimmyfarm.com\/de\/wp-json\/wp\/v2\/product"}],"about":[{"href":"https:\/\/kimmyfarm.com\/de\/wp-json\/wp\/v2\/types\/product"}],"version-history":[{"count":0,"href":"https:\/\/kimmyfarm.com\/de\/wp-json\/wp\/v2\/product\/22256\/revisions"}],"wp:featuredmedia":[{"embeddable":true,"href":"https:\/\/kimmyfarm.com\/de\/wp-json\/wp\/v2\/media\/20143"}],"wp:attachment":[{"href":"https:\/\/kimmyfarm.com\/de\/wp-json\/wp\/v2\/media?parent=22256"}],"wp:term":[{"taxonomy":"product_brand","embeddable":true,"href":"https:\/\/kimmyfarm.com\/de\/wp-json\/wp\/v2\/product_brand?post=22256"},{"taxonomy":"product_cat","embeddable":true,"href":"https:\/\/kimmyfarm.com\/de\/wp-json\/wp\/v2\/product_cat?post=22256"},{"taxonomy":"product_tag","embeddable":true,"href":"https:\/\/kimmyfarm.com\/de\/wp-json\/wp\/v2\/product_tag?post=22256"}],"curies":[{"name":"wp","href":"https:\/\/api.w.org\/{rel}","templated":true}]}}