{"id":22064,"date":"2020-12-17T12:56:54","date_gmt":"2020-12-17T05:56:54","guid":{"rendered":"https:\/\/kimmyfarm.com\/product\/getrocknete-schwarze-soldatenfliegenlarven-pulver-gewicht-5kg"},"modified":"2021-11-21T02:46:20","modified_gmt":"2021-11-20T19:46:20","slug":"getrocknete-schwarze-soldatenfliegenlarven-pulver-gewicht-5kg","status":"publish","type":"product","link":"https:\/\/kimmyfarm.com\/de\/produkt\/getrocknete-schwarze-soldatenfliegenlarven-pulver-gewicht-5kg","title":{"rendered":"Getrocknete schwarze Soldatenfliegenlarven Pulver &#8211; Gewicht: 5kg"},"content":{"rendered":"<p><strong><span style=\"font-size: 24px;\">Schwarzer Soldatenfliegenlarvenpulver &#8211; 5kg<\/span><\/strong><\/p>\n<p><strong>Schwarze Soldatenfliegenlarvenmehl<\/strong> <em>(auch bekannt als: Calciumwurmmehl, Postcalciumkleie, Schwarze Soldatenfliegenlarvenkleie, Englisch: BSFL Powder)<\/em> ist ein Pulver, das aus getrockneten schwarzen Soldatenfliegenlarven hergestellt wird, die aus P\u00fcree hergestellt werden. Unsere Produkte verwenden hochwertige kommerzielle schwarze Soldatenfliegenlarven mit vollst\u00e4ndiger Tierern\u00e4hrung. Das Produkt wird aus 100% reinen getrockneten schwarzen Soldatenfliegenlarven hergestellt. Alle Larven des Produkts werden auf unserer Farm von Tay Ninh Vietnam aufgezogen, wo der Boden und das Klima am besten f\u00fcr sie geeignet sind.<\/p>\n<p>Larven der Schwarzen Soldatenfliege <em>(auch bekannt als: Calciumraupen)<\/em> sind Nahrungsmittel reich an nat\u00fcrlichen N\u00e4hrstoffen, reich an Proteinen, reich an Lipiden, reich an Kalzium, gut f\u00fcr Tiere. Unsere Larven der Schwarzen Soldatenfliege werden in Tay Ninh, Binh Phuoc &#8211; Vietnam aufgezogen, wo der Boden und das Klima am besten f\u00fcr sie geeignet sind. Das Larvenmehl der Schwarzen Soldatenfliege ist billiger als andere Mahlzeiten und ist eine gro\u00dfartige Erg\u00e4nzung f\u00fcr die Ern\u00e4hrung des Tieres.<\/p>\n<p><strong>Empfehlungen des Tierarztes bei der Verwendung von Tiernahrungsprodukten:<\/strong><\/p>\n<ul>\n<li><strong>Produktsicher f\u00fcr:<\/strong> Hunde, Katzen, H\u00fchner, Fische, Garnelen, Gefl\u00fcgel, Reptilien, kleine S\u00e4ugetiere und essbare Insektenfresser&#8230;<\/li>\n<li><strong>F\u00fcr die t\u00e4gliche Ern\u00e4hrung:<\/strong> Mischen Sie 15-20% des Larvenmehls in das t\u00e4gliche Futter.<\/li>\n<li><strong>F\u00fcr eine proteinreiche Ern\u00e4hrung:<\/strong> Verwenden Sie 2-3 Mal pro Woche 100% Larvenmehl als proteinreiche Mahlzeit.<\/li>\n<\/ul>\n<table style=\"width: 60.2904%;\" border=\"1\" cellspacing=\"1\" cellpadding=\"1\">\n<tbody>\n<tr style=\"height: 39px;\">\n<td style=\"width: 29.8423%; height: 39px;\"><strong>Produktname:<\/strong><\/td>\n<td style=\"width: 100.915%; height: 39px;\">Getrocknetes Pulver der Schwarzen Soldatenfliegenlarven (rein).<\/td>\n<\/tr>\n<tr style=\"height: 40px;\">\n<td style=\"width: 29.8423%; height: 40px;\"><strong>Hergestellt aus:<\/strong><\/td>\n<td style=\"width: 100.915%; height: 40px;\">100% getrocknete Larve der Schwarzen Soldatenfliegen<\/td>\n<\/tr>\n<tr style=\"height: 40px;\">\n<td style=\"width: 29.8423%; height: 40px;\"><strong>Status:<\/strong><\/td>\n<td style=\"width: 100.915%; height: 40px;\">Glattes, trockenes Antihaftpulver<\/td>\n<\/tr>\n<tr style=\"height: 40px;\">\n<td style=\"width: 29.8423%; height: 40px;\"><strong>Verwenden f\u00fcr:<\/strong><\/td>\n<td style=\"width: 100.915%; height: 40px;\">Machen Sie Futter f\u00fcr Hunde, Katzen, Fische, Garnelen, Reptilien&#8230;<\/td>\n<\/tr>\n<\/tbody>\n<\/table>\n<p><img decoding=\"async\" src=\"https:\/\/kimmyfarm.com\/wp-content\/uploads\/2020\/12\/Black-Soldier-Fly-Larvae-Meal-BSFL-Powder-Raw-Image-4.jpg\" alt=\"B\u1ed9t \u1ea5u tr\u00f9ng ru\u1ed3i l\u00ednh \u0111en (BSFL Powder) l\u00e0 lo\u1ea1i b\u1ed9t \u0111\u01b0\u1ee3c s\u1ea3n xu\u1ea5t t\u1eeb \u200b\u200b\u1ea5u tr\u00f9ng ru\u1ed3i l\u00ednh \u0111en kh\u00f4 \u0111\u01b0\u1ee3c x\u00e2y nhuy\u1ec5n ra\" \/><\/p>\n<p><span style=\"font-size: 14px;\">Das Pulver der Schwarzen Soldatenfliegenlarven (BSFL-Pulver) ist ein Pulver, das aus getrockneten, fein gemahlenen Schwarzen Soldatenfliegenlarven hergestellt wird.<\/span><\/p>\n<p><span style=\"font-size: 20px;\"><strong>Ern\u00e4hrung im Pulverprodukt der Schwarzen Soldatenfliegenlarve<\/strong><\/span><\/p>\n<table style=\"width: 98.6541%; height: 198px;\">\n<tbody>\n<tr>\n<td style=\"width: 63.0138%;\"><strong>ERN\u00c4HRUNG<\/strong><\/td>\n<td style=\"width: 36.2364%;\"><strong>% N\u00e4hrstoffe<\/strong><\/td>\n<\/tr>\n<tr>\n<td style=\"width: 63.0138%;\"><strong>DAS PROTEIN (%)<\/strong><\/td>\n<td style=\"width: 36.2364%;\">36,8%<\/td>\n<\/tr>\n<tr>\n<td style=\"width: 63.0138%;\"><strong>FETT (%)<\/strong><\/td>\n<td style=\"width: 36.2364%;\">38,1%<\/td>\n<\/tr>\n<tr>\n<td style=\"width: 63.0138%;\"><strong>KALZIUM(%)<\/strong><\/td>\n<td style=\"width: 36.2364%;\">3,28%<\/td>\n<\/tr>\n<tr>\n<td style=\"width: 63.0138%;\"><strong>PHOSPHO(%)<\/strong><\/td>\n<td style=\"width: 36.2364%;\">0,58%<\/td>\n<\/tr>\n<\/tbody>\n<\/table>\n<p><span style=\"font-size: 20px;\"><strong>Testbericht &#8211; Nahrungserg\u00e4nzungsmittel von DRY Black Soldier Fly Larve!<\/strong><\/span><\/p>\n<p><img decoding=\"async\" src=\"https:\/\/kimmyfarm.com\/wp-content\/uploads\/2021\/01\/Nutritional-value-of-black-soldier-fly-larvae-in-viet-nam.jpg\" alt=\"Testing Reports - Nutrition Products DRIED Black Soldier Fly Larvae From Kimmy Farm Vietnam\" \/><\/p>\n<p><span style=\"font-size: 14px;\">N\u00e4hrwert-Testblatt<\/span><\/p>\n<p><strong><span style=\"font-size: 20px;\">Echte Bilder von Black Soldier Fly Powder Samples auf der Kimmy Farm:<\/span><\/strong><\/p>\n<p><img decoding=\"async\" src=\"https:\/\/kimmyfarm.com\/wp-content\/uploads\/2020\/12\/Black-Soldier-Fly-Larvae-Meal-BSFL-Powder-Raw-Image-4.jpg\" alt=\"Raw Image Of Black Soldier Fly Larvae Meal From Our Farm In Tay Ninh, Vietnam \u2013 BSFL Powder image!\" \/><\/p>\n<p><span style=\"font-size: 14px;\">Echtes Bild von Schwarzen Soldatenfliegen auf der Kimmy Farm \u2013 BSFL-Pulverbild!<\/span><\/p>\n<p><img decoding=\"async\" src=\"https:\/\/kimmyfarm.com\/wp-content\/uploads\/2020\/12\/Black-Soldier-Fly-Larvae-Meal-BSFL-Powder-Raw-Image.jpg\" alt=\"Raw Image Of Black Soldier Fly Larvae Meal From Our Farm In Tay Ninh, Vietnam \u2013 BSFL Powder image - 1\" \/><\/p>\n<p><span style=\"font-size: 14px;\">Echtes Bild von Schwarzen Soldatenfliegen auf der Kimmy Farm \u2013 BSFL-Pulverbild -1<\/span><\/p>\n<p><img decoding=\"async\" src=\"https:\/\/kimmyfarm.com\/wp-content\/uploads\/2020\/12\/Black-Soldier-Fly-Larvae-Meal-BSFL-Powder-Raw-Image-2.jpg\" alt=\"Raw Image Of Black Soldier Fly Larvae Meal From Our Farm In Tay Ninh, Vietnam \u2013 BSFL Powder image - 2\" \/><\/p>\n<p><span style=\"font-size: 14px;\">Echtes Bild von Schwarzen Soldatenfliegen auf der Kimmy Farm \u2013 BSFL-Pulverbild -2<\/span><\/p>\n<p><img decoding=\"async\" src=\"https:\/\/kimmyfarm.com\/wp-content\/uploads\/2020\/12\/Black-Soldier-Fly-Larvae-Meal-BSFL-Powder-Raw-Image-3.jpg\" alt=\"Raw Image Of Black Soldier Fly Larvae Meal From Our Farm In Tay Ninh, Vietnam \u2013 BSFL Powder image - 3\" \/><\/p>\n<p><span style=\"font-size: 14px;\">Echtes Bild von Schwarzen Soldatenfliegen auf der Kimmy Farm \u2013 BSFL-Pulverbild -3<\/span><\/p>\n<p><span style=\"font-size: 20px;\"><strong>Verpackung<\/strong><\/span><\/p>\n<p><img decoding=\"async\" src=\"https:\/\/kimmyfarm.com\/wp-content\/uploads\/2020\/12\/500-gram-per-unit-1.10-lbs-of-Vacuum-Flexy-Pouches-1.jpg\" alt=\"BSFL Meal (Powder) packed in PE vacuum bag of 500g at our Farm.\" \/><\/p>\n<p><span style=\"font-size: 14px;\">Black Soldier Flies Powder auf der Kimmy Farm ist in dicken vakuumversiegelten PE-Beuteln verpackt &#8211; Raw Image.<\/span><\/p>\n<p><img decoding=\"async\" src=\"https:\/\/kimmyfarm.com\/wp-content\/uploads\/2020\/12\/500-gram-per-unit-1.10-lbs-of-Vacuum-Flexy-Pouches.jpg\" alt=\"BSFL Meal (Powder) packed in PE vacuum bag of 500g at our Farm.\" \/><\/p>\n<p><span style=\"font-size: 14px;\">Black Soldier Flies Powder auf der Kimmy Farm ist in dicken vakuumversiegelten PE-Beuteln verpackt &#8211; Raw Image-1<\/span><\/p>\n<p><strong>Kimmy&#8217;s Farm Lieferant von hochwertigen Schwarzen Soldatenfliegenprodukten im S\u00fcden<\/strong> &#8211; Kimmy&#8217;s Farm ist auf die Bereitstellung von Produkten im Zusammenhang mit Schwarzen Soldatenfliegen spezialisiert, wie z. \u2026 und viele andere saubere landwirtschaftliche Produkte. Wir haben eine schwarze Soldatenfliegenfarm in Tay Ninh und ein sauberes landwirtschaftliches Anbaugebiet in Binh Phuoc, eine Repr\u00e4sentanz in Ho-Chi-Minh-Stadt f\u00fcr Ihre Bequemlichkeit. Kimmy Farm ist eine saubere und moderne landwirtschaftliche Farm mit dem Wunsch, das Beste mit vielen Menschen zu teilen und das saubere landwirtschaftliche \u00d6kosystem Vietnams zu entwickeln. Bitte kontaktieren Sie uns, wenn Sie eine Quelle f\u00fcr schwarze Soldatenfliegen ben\u00f6tigen.<\/p>\n","protected":false},"excerpt":{"rendered":"<p><span style=\"font-family: georgia, palatino, serif; font-size: 16px;\"><strong>Das Pulver der Schwarzen Soldatenfliegenlarven<\/strong> <em>(BSFL-Pulver, Calciumwurmpulver)<\/em> ist ein Pulver, das aus getrockneten, fein gemahlenen Schwarzen Soldatenfliegenlarven hergestellt wird. Unser Pulverprodukt verwendet hochwertige kommerzielle schwarze Soldatenfliegenlarven mit vollst\u00e4ndiger Tierern\u00e4hrung.<\/span><\/p>\n<p><span style=\"font-family: georgia, palatino, serif;\"><strong>Zusammenfassung der Produktinformationen Schwarze Soldatenfliegenlarvenpulver (Calciumwurm):<\/strong><\/span><\/p>\n<ul>\n<li><strong>Eiwei\u00df:<\/strong> 36,8%<\/li>\n<li><strong>Fett:<\/strong> 38,1%<\/li>\n<li><strong>Kalzium:<\/strong> 3,28%<\/li>\n<li><strong>Phosphor:<\/strong> 0,58 %<\/li>\n<li><strong>Verwendung f\u00fcr:<\/strong> Hunde, Katzen, H\u00fchner, Fische, Garnelen, Gefl\u00fcgel, Reptilien, kleine S\u00e4ugetiere und Insektenfresser&#8230;<\/li>\n<li><strong>Verpackung:<\/strong> 500 Gramm \/ 1 Beutel (1,10 lbs). Staubsaugerbeutel<\/li>\n<li><strong>Herkunft:<\/strong> Tay Ninh, Vietnam<\/li>\n<li><strong>Weitere Informationen:<\/strong> Verwendung von 100% reinen schwarzen Soldatenfliegenlarven, Nur f\u00fcr den Tiergebrauch.<\/li>\n<\/ul>\n","protected":false},"featured_media":20030,"template":"","meta":[],"product_brand":[],"product_cat":[258,257],"product_tag":[287,307],"class_list":{"0":"post-22064","1":"product","2":"type-product","3":"status-publish","4":"has-post-thumbnail","6":"product_cat-pulver-von-soldatenfliegenlarven","7":"product_cat-schwarze-soldatenfliegen","8":"product_tag-pulver-schwarzen-soldatenfliegenlarven","9":"product_tag-schwarze-soldatenfliegen","11":"first","12":"instock","13":"shipping-taxable","14":"product-type-simple"},"_links":{"self":[{"href":"https:\/\/kimmyfarm.com\/de\/wp-json\/wp\/v2\/product\/22064","targetHints":{"allow":["GET"]}}],"collection":[{"href":"https:\/\/kimmyfarm.com\/de\/wp-json\/wp\/v2\/product"}],"about":[{"href":"https:\/\/kimmyfarm.com\/de\/wp-json\/wp\/v2\/types\/product"}],"version-history":[{"count":0,"href":"https:\/\/kimmyfarm.com\/de\/wp-json\/wp\/v2\/product\/22064\/revisions"}],"wp:featuredmedia":[{"embeddable":true,"href":"https:\/\/kimmyfarm.com\/de\/wp-json\/wp\/v2\/media\/20030"}],"wp:attachment":[{"href":"https:\/\/kimmyfarm.com\/de\/wp-json\/wp\/v2\/media?parent=22064"}],"wp:term":[{"taxonomy":"product_brand","embeddable":true,"href":"https:\/\/kimmyfarm.com\/de\/wp-json\/wp\/v2\/product_brand?post=22064"},{"taxonomy":"product_cat","embeddable":true,"href":"https:\/\/kimmyfarm.com\/de\/wp-json\/wp\/v2\/product_cat?post=22064"},{"taxonomy":"product_tag","embeddable":true,"href":"https:\/\/kimmyfarm.com\/de\/wp-json\/wp\/v2\/product_tag?post=22064"}],"curies":[{"name":"wp","href":"https:\/\/api.w.org\/{rel}","templated":true}]}}